{"id":26435,"date":"2020-06-08T18:12:39","date_gmt":"2020-06-08T17:12:39","guid":{"rendered":"https:\/\/eureka-tp.com\/product\/13virtualopencloseactivities-2\/"},"modified":"2023-01-31T08:45:39","modified_gmt":"2023-01-31T08:45:39","slug":"adfonline","status":"publish","type":"product","link":"https:\/\/eureka-tp.com\/fr\/product\/adfonline\/","title":{"rendered":"Une approche diff\u00e9rente de la formation"},"content":{"rendered":"<div class=\"pbs-main-wrapper\"><p>&#8220;Une approche diff\u00e9rente de la formation&#8221; &#8211; <em>Transformer de bons formateurs en d\u2019excellents facilitateurs de formation<\/em><\/p>\n<p><strong>9 &amp; 10 octobre 2023<\/strong> de 9h \u00e0 midi (FR) en ligne et en direct.<\/p>\n<p><strong>11 &amp; 12 octobre 2023<\/strong> en pr\u00e9sentiel \u00e0 PARIS.<\/p>\n<p><strong>13 octobre 2023<\/strong> de 9h \u00e0 midi (FR) en ligne et en direct.<\/p>\n<\/div>","protected":false},"excerpt":{"rendered":"<p><strong>Take Away &amp; B\u00e9n\u00e9fices Apprenants<\/strong><\/p>\n<ul>\n<li>11 techniques de pr\u00e9 communication pour pr\u00e9parer, surprendre et rendre curieux ses futurs apprenants.<\/li>\n<li>16 activit\u00e9s p\u00e9dagogiques d&#8217;ouverture de formation pour connecter les apprenants entre eux et au programme.<\/li>\n<li>35 activit\u00e9s de r\u00e9activation pour renforcer l\u2019apprentissage.<\/li>\n<li>16 activit\u00e9s de cl\u00f4tures pour c\u00e9l\u00e9brer l\u2019apprentissage et pour cr\u00e9er un plan d\u2019action.<\/li>\n<li>20 techniques pour travailler avec un audience difficile.<\/li>\n<li>1 approche p\u00e9dagogique UNIQUE pour r\u00e9duire son temps de conception.<\/li>\n<li>1 m\u00e9thodologie de conception jamais \u00e9gal\u00e9 pour combler des \u00e9carts de performance identifi\u00e9s.<\/li>\n<li>1 suivi personnalis\u00e9 avec Christophe.<\/li>\n<li>Et pleins d&#8217;autres surprises.<\/li>\n<\/ul>\n<p>&nbsp;<\/p>\n","protected":false},"featured_media":15269,"template":"","meta":{"_genesis_hide_title":false,"_genesis_hide_breadcrumbs":false,"_genesis_hide_singular_image":false,"_genesis_hide_footer_widgets":false,"_genesis_custom_body_class":"","_genesis_custom_post_class":"","_genesis_layout":"","episode_type":"","audio_file":"","cover_image":"","cover_image_id":"","duration":"","filesize":"","date_recorded":"","explicit":"","block":"","itunes_episode_number":"","itunes_title":"","itunes_season_number":"","itunes_episode_type":"","filesize_raw":""},"product_cat":[184],"product_tag":[],"class_list":{"0":"post-26435","1":"product","2":"type-product","3":"status-publish","4":"has-post-thumbnail","6":"product_cat-frenchworkshop","7":"entry"},"yoast_head":"<!-- This site is optimized with the Yoast SEO plugin v23.9 - https:\/\/yoast.com\/wordpress\/plugins\/seo\/ -->\n<title>Une approche diff\u00e9rente de la formation - Eureka - Train the Trainer<\/title>\n<meta name=\"robots\" content=\"index, follow, max-snippet:-1, max-image-preview:large, max-video-preview:-1\" \/>\n<link rel=\"canonical\" href=\"https:\/\/eureka-tp.com\/fr\/product\/adfonline\/\" \/>\n<meta property=\"og:locale\" content=\"fr_FR\" \/>\n<meta property=\"og:type\" content=\"article\" \/>\n<meta property=\"og:title\" content=\"Une approche diff\u00e9rente de la formation - Eureka - Train the Trainer\" \/>\n<meta property=\"og:description\" content=\"Take Away &amp; B\u00e9n\u00e9fices Apprenants   11 techniques de pr\u00e9 communication pour pr\u00e9parer, surprendre et rendre curieux ses futurs apprenants.  16 activit\u00e9s p\u00e9dagogiques d&#039;ouverture de formation pour connecter les apprenants entre eux et au programme.  35 activit\u00e9s de r\u00e9activation pour renforcer l\u2019apprentissage.  16 activit\u00e9s de cl\u00f4tures pour c\u00e9l\u00e9brer l\u2019apprentissage et pour cr\u00e9er un plan d\u2019action.  20 techniques pour travailler avec un audience difficile.  1 approche p\u00e9dagogique UNIQUE pour r\u00e9duire son temps de conception.  1 m\u00e9thodologie de conception jamais \u00e9gal\u00e9 pour combler des \u00e9carts de performance identifi\u00e9s.  1 suivi personnalis\u00e9 avec Christophe.  Et pleins d&#039;autres surprises.  &nbsp;\" \/>\n<meta property=\"og:url\" content=\"https:\/\/eureka-tp.com\/fr\/product\/adfonline\/\" \/>\n<meta property=\"og:site_name\" content=\"Eureka - Train the Trainer\" \/>\n<meta property=\"article:modified_time\" content=\"2023-01-31T08:45:39+00:00\" \/>\n<meta property=\"og:image\" content=\"https:\/\/eureka-tp.com\/wp-content\/uploads\/2017\/03\/Team-Randstad.jpg\" \/>\n\t<meta property=\"og:image:width\" content=\"2016\" \/>\n\t<meta property=\"og:image:height\" content=\"1512\" \/>\n\t<meta property=\"og:image:type\" content=\"image\/jpeg\" \/>\n<meta name=\"twitter:label1\" content=\"Est. reading time\" \/>\n\t<meta name=\"twitter:data1\" content=\"1 minute\" \/>\n<script type=\"application\/ld+json\" class=\"yoast-schema-graph\">{\"@context\":\"https:\/\/schema.org\",\"@graph\":[{\"@type\":\"WebPage\",\"@id\":\"https:\/\/eureka-tp.com\/fr\/product\/adfonline\/\",\"url\":\"https:\/\/eureka-tp.com\/fr\/product\/adfonline\/\",\"name\":\"Une approche diff\u00e9rente de la formation - Eureka - Train the Trainer\",\"isPartOf\":{\"@id\":\"https:\/\/eureka-tp.com\/#website\"},\"primaryImageOfPage\":{\"@id\":\"https:\/\/eureka-tp.com\/fr\/product\/adfonline\/#primaryimage\"},\"image\":{\"@id\":\"https:\/\/eureka-tp.com\/fr\/product\/adfonline\/#primaryimage\"},\"thumbnailUrl\":\"https:\/\/eureka-tp.com\/wp-content\/uploads\/2017\/03\/Team-Randstad.jpg\",\"datePublished\":\"2020-06-08T17:12:39+00:00\",\"dateModified\":\"2023-01-31T08:45:39+00:00\",\"breadcrumb\":{\"@id\":\"https:\/\/eureka-tp.com\/fr\/product\/adfonline\/#breadcrumb\"},\"inLanguage\":\"fr-FR\",\"potentialAction\":[{\"@type\":\"ReadAction\",\"target\":[\"https:\/\/eureka-tp.com\/fr\/product\/adfonline\/\"]}]},{\"@type\":\"ImageObject\",\"inLanguage\":\"fr-FR\",\"@id\":\"https:\/\/eureka-tp.com\/fr\/product\/adfonline\/#primaryimage\",\"url\":\"https:\/\/eureka-tp.com\/wp-content\/uploads\/2017\/03\/Team-Randstad.jpg\",\"contentUrl\":\"https:\/\/eureka-tp.com\/wp-content\/uploads\/2017\/03\/Team-Randstad.jpg\",\"width\":2016,\"height\":1512},{\"@type\":\"BreadcrumbList\",\"@id\":\"https:\/\/eureka-tp.com\/fr\/product\/adfonline\/#breadcrumb\",\"itemListElement\":[{\"@type\":\"ListItem\",\"position\":1,\"name\":\"Home\",\"item\":\"https:\/\/eureka-tp.com\/fr\/\"},{\"@type\":\"ListItem\",\"position\":2,\"name\":\"Une approche diff\u00e9rente de la formation\"}]},{\"@type\":\"WebSite\",\"@id\":\"https:\/\/eureka-tp.com\/#website\",\"url\":\"https:\/\/eureka-tp.com\/\",\"name\":\"Eureka - Train the Trainer\",\"description\":\"Training for Trainers\",\"potentialAction\":[{\"@type\":\"SearchAction\",\"target\":{\"@type\":\"EntryPoint\",\"urlTemplate\":\"https:\/\/eureka-tp.com\/?s={search_term_string}\"},\"query-input\":{\"@type\":\"PropertyValueSpecification\",\"valueRequired\":true,\"valueName\":\"search_term_string\"}}],\"inLanguage\":\"fr-FR\"}]}<\/script>\n<!-- \/ Yoast SEO plugin. -->","yoast_head_json":{"title":"Une approche diff\u00e9rente de la formation - Eureka - Train the Trainer","robots":{"index":"index","follow":"follow","max-snippet":"max-snippet:-1","max-image-preview":"max-image-preview:large","max-video-preview":"max-video-preview:-1"},"canonical":"https:\/\/eureka-tp.com\/fr\/product\/adfonline\/","og_locale":"fr_FR","og_type":"article","og_title":"Une approche diff\u00e9rente de la formation - Eureka - Train the Trainer","og_description":"Take Away &amp; B\u00e9n\u00e9fices Apprenants   11 techniques de pr\u00e9 communication pour pr\u00e9parer, surprendre et rendre curieux ses futurs apprenants.  16 activit\u00e9s p\u00e9dagogiques d'ouverture de formation pour connecter les apprenants entre eux et au programme.  35 activit\u00e9s de r\u00e9activation pour renforcer l\u2019apprentissage.  16 activit\u00e9s de cl\u00f4tures pour c\u00e9l\u00e9brer l\u2019apprentissage et pour cr\u00e9er un plan d\u2019action.  20 techniques pour travailler avec un audience difficile.  1 approche p\u00e9dagogique UNIQUE pour r\u00e9duire son temps de conception.  1 m\u00e9thodologie de conception jamais \u00e9gal\u00e9 pour combler des \u00e9carts de performance identifi\u00e9s.  1 suivi personnalis\u00e9 avec Christophe.  Et pleins d'autres surprises.  &nbsp;","og_url":"https:\/\/eureka-tp.com\/fr\/product\/adfonline\/","og_site_name":"Eureka - Train the Trainer","article_modified_time":"2023-01-31T08:45:39+00:00","og_image":[{"width":2016,"height":1512,"url":"https:\/\/eureka-tp.com\/wp-content\/uploads\/2017\/03\/Team-Randstad.jpg","type":"image\/jpeg"}],"twitter_misc":{"Est. reading time":"1 minute"},"schema":{"@context":"https:\/\/schema.org","@graph":[{"@type":"WebPage","@id":"https:\/\/eureka-tp.com\/fr\/product\/adfonline\/","url":"https:\/\/eureka-tp.com\/fr\/product\/adfonline\/","name":"Une approche diff\u00e9rente de la formation - Eureka - Train the Trainer","isPartOf":{"@id":"https:\/\/eureka-tp.com\/#website"},"primaryImageOfPage":{"@id":"https:\/\/eureka-tp.com\/fr\/product\/adfonline\/#primaryimage"},"image":{"@id":"https:\/\/eureka-tp.com\/fr\/product\/adfonline\/#primaryimage"},"thumbnailUrl":"https:\/\/eureka-tp.com\/wp-content\/uploads\/2017\/03\/Team-Randstad.jpg","datePublished":"2020-06-08T17:12:39+00:00","dateModified":"2023-01-31T08:45:39+00:00","breadcrumb":{"@id":"https:\/\/eureka-tp.com\/fr\/product\/adfonline\/#breadcrumb"},"inLanguage":"fr-FR","potentialAction":[{"@type":"ReadAction","target":["https:\/\/eureka-tp.com\/fr\/product\/adfonline\/"]}]},{"@type":"ImageObject","inLanguage":"fr-FR","@id":"https:\/\/eureka-tp.com\/fr\/product\/adfonline\/#primaryimage","url":"https:\/\/eureka-tp.com\/wp-content\/uploads\/2017\/03\/Team-Randstad.jpg","contentUrl":"https:\/\/eureka-tp.com\/wp-content\/uploads\/2017\/03\/Team-Randstad.jpg","width":2016,"height":1512},{"@type":"BreadcrumbList","@id":"https:\/\/eureka-tp.com\/fr\/product\/adfonline\/#breadcrumb","itemListElement":[{"@type":"ListItem","position":1,"name":"Home","item":"https:\/\/eureka-tp.com\/fr\/"},{"@type":"ListItem","position":2,"name":"Une approche diff\u00e9rente de la formation"}]},{"@type":"WebSite","@id":"https:\/\/eureka-tp.com\/#website","url":"https:\/\/eureka-tp.com\/","name":"Eureka - Train the Trainer","description":"Training for Trainers","potentialAction":[{"@type":"SearchAction","target":{"@type":"EntryPoint","urlTemplate":"https:\/\/eureka-tp.com\/?s={search_term_string}"},"query-input":{"@type":"PropertyValueSpecification","valueRequired":true,"valueName":"search_term_string"}}],"inLanguage":"fr-FR"}]}},"_links":{"self":[{"href":"https:\/\/eureka-tp.com\/fr\/wp-json\/wp\/v2\/product\/26435"}],"collection":[{"href":"https:\/\/eureka-tp.com\/fr\/wp-json\/wp\/v2\/product"}],"about":[{"href":"https:\/\/eureka-tp.com\/fr\/wp-json\/wp\/v2\/types\/product"}],"wp:featuredmedia":[{"embeddable":true,"href":"https:\/\/eureka-tp.com\/fr\/wp-json\/wp\/v2\/media\/15269"}],"wp:attachment":[{"href":"https:\/\/eureka-tp.com\/fr\/wp-json\/wp\/v2\/media?parent=26435"}],"wp:term":[{"taxonomy":"product_cat","embeddable":true,"href":"https:\/\/eureka-tp.com\/fr\/wp-json\/wp\/v2\/product_cat?post=26435"},{"taxonomy":"product_tag","embeddable":true,"href":"https:\/\/eureka-tp.com\/fr\/wp-json\/wp\/v2\/product_tag?post=26435"}],"curies":[{"name":"wp","href":"https:\/\/api.w.org\/{rel}","templated":true}]}}