{"id":26450,"date":"2020-06-08T18:12:39","date_gmt":"2020-06-08T17:12:39","guid":{"rendered":"https:\/\/eureka-tp.com\/product\/cvmai21-2\/"},"modified":"2022-09-15T11:30:36","modified_gmt":"2022-09-15T10:30:36","slug":"conceptioncv","status":"publish","type":"product","link":"https:\/\/eureka-tp.com\/fr\/product\/conceptioncv\/","title":{"rendered":"Concevoir un \u00e9pisode de 75 minutes (Classe Virtuelle)"},"content":{"rendered":"<div class=\"pbs-main-wrapper\"><p>Cette s\u00e9rie s\u2019adresse aux personnes d\u00e9sireuses de faire la diff\u00e9rence gr\u00e2ce \u00e0 une conception ou une refonte adapt\u00e9e \u00e0 la formation en ligne &#8211; en classe virtuelle.<\/p>\n<p>Ces 5 \u00e9pisodes de 120 minutes se concentrent sur la conception digitale d\u2019un processus de formation \u00e0 distance avec en priorit\u00e9 le s\u00e9quen\u00e7age et le mod\u00e8le de conception intitul\u00e9 C.P.A (Contenu, Participation, Action).\u00a0 Mais aussi, vous compl\u00e9terez votre boite \u00e0 outils p\u00e9dagogiques avec des activit\u00e9s pr\u00eates \u00e0 l&#8217;emploi pour pr\u00e9server du temps pour l\u2019interactivit\u00e9, connecter les apprenants imm\u00e9diatement au contenu et s\u2019assurer de maintenir l\u2019enthousiasme jusqu\u2019\u00e0 la derni\u00e8re minute (20 activit\u00e9s p\u00e9dagogiques pr\u00eates \u00e0 l\u2019emploi).<\/p>\n<p><strong>Take away :<\/strong> 18 activit\u00e9s p\u00e9dagogiques, 22 techniques de transfert et de pratique, 1 approche diff\u00e9rente et une m\u00e9thodologie de conception Eureka ! in\u00e9galable..<\/p>\n<\/div>","protected":false},"excerpt":{"rendered":"<p>5 Episodes \u2013 5 Jours \u2013 10 Heures \u2013 14 au 18 novembre 2022 de 10h30 \u00e0 12h30 (FR)<\/p>\n","protected":false},"featured_media":26452,"template":"","meta":{"_genesis_hide_title":false,"_genesis_hide_breadcrumbs":false,"_genesis_hide_singular_image":false,"_genesis_hide_footer_widgets":false,"_genesis_custom_body_class":"","_genesis_custom_post_class":"","_genesis_layout":"","episode_type":"","audio_file":"","cover_image":"","cover_image_id":"","duration":"","filesize":"","date_recorded":"","explicit":"","block":"","itunes_episode_number":"","itunes_title":"","itunes_season_number":"","itunes_episode_type":"","filesize_raw":""},"product_cat":[184],"product_tag":[],"class_list":{"0":"post-26450","1":"product","2":"type-product","3":"status-publish","4":"has-post-thumbnail","6":"product_cat-frenchworkshop","7":"entry"},"yoast_head":"<!-- This site is optimized with the Yoast SEO plugin v23.9 - https:\/\/yoast.com\/wordpress\/plugins\/seo\/ -->\n<title>Concevoir un \u00e9pisode de 75 minutes (Classe Virtuelle) - Eureka - Train the Trainer<\/title>\n<meta name=\"robots\" content=\"index, follow, max-snippet:-1, max-image-preview:large, max-video-preview:-1\" \/>\n<link rel=\"canonical\" href=\"https:\/\/eureka-tp.com\/fr\/product\/conceptioncv\/\" \/>\n<meta property=\"og:locale\" content=\"fr_FR\" \/>\n<meta property=\"og:type\" content=\"article\" \/>\n<meta property=\"og:title\" content=\"Concevoir un \u00e9pisode de 75 minutes (Classe Virtuelle) - Eureka - Train the Trainer\" \/>\n<meta property=\"og:description\" content=\"5 Episodes \u2013 5 Jours \u2013 10 Heures \u2013 14 au 18 novembre 2022 de 10h30 \u00e0 12h30 (FR)\" \/>\n<meta property=\"og:url\" content=\"https:\/\/eureka-tp.com\/fr\/product\/conceptioncv\/\" \/>\n<meta property=\"og:site_name\" content=\"Eureka - Train the Trainer\" \/>\n<meta property=\"article:modified_time\" content=\"2022-09-15T10:30:36+00:00\" \/>\n<meta property=\"og:image\" content=\"https:\/\/eureka-tp.com\/wp-content\/uploads\/2020\/06\/Advert1mai2021.jpg\" \/>\n\t<meta property=\"og:image:width\" content=\"1725\" \/>\n\t<meta property=\"og:image:height\" content=\"845\" \/>\n\t<meta property=\"og:image:type\" content=\"image\/jpeg\" \/>\n<meta name=\"twitter:label1\" content=\"Est. reading time\" \/>\n\t<meta name=\"twitter:data1\" content=\"1 minute\" \/>\n<script type=\"application\/ld+json\" class=\"yoast-schema-graph\">{\"@context\":\"https:\/\/schema.org\",\"@graph\":[{\"@type\":\"WebPage\",\"@id\":\"https:\/\/eureka-tp.com\/fr\/product\/conceptioncv\/\",\"url\":\"https:\/\/eureka-tp.com\/fr\/product\/conceptioncv\/\",\"name\":\"Concevoir un \u00e9pisode de 75 minutes (Classe Virtuelle) - Eureka - Train the Trainer\",\"isPartOf\":{\"@id\":\"https:\/\/eureka-tp.com\/#website\"},\"primaryImageOfPage\":{\"@id\":\"https:\/\/eureka-tp.com\/fr\/product\/conceptioncv\/#primaryimage\"},\"image\":{\"@id\":\"https:\/\/eureka-tp.com\/fr\/product\/conceptioncv\/#primaryimage\"},\"thumbnailUrl\":\"https:\/\/eureka-tp.com\/wp-content\/uploads\/2020\/06\/Advert1mai2021.jpg\",\"datePublished\":\"2020-06-08T17:12:39+00:00\",\"dateModified\":\"2022-09-15T10:30:36+00:00\",\"breadcrumb\":{\"@id\":\"https:\/\/eureka-tp.com\/fr\/product\/conceptioncv\/#breadcrumb\"},\"inLanguage\":\"fr-FR\",\"potentialAction\":[{\"@type\":\"ReadAction\",\"target\":[\"https:\/\/eureka-tp.com\/fr\/product\/conceptioncv\/\"]}]},{\"@type\":\"ImageObject\",\"inLanguage\":\"fr-FR\",\"@id\":\"https:\/\/eureka-tp.com\/fr\/product\/conceptioncv\/#primaryimage\",\"url\":\"https:\/\/eureka-tp.com\/wp-content\/uploads\/2020\/06\/Advert1mai2021.jpg\",\"contentUrl\":\"https:\/\/eureka-tp.com\/wp-content\/uploads\/2020\/06\/Advert1mai2021.jpg\",\"width\":1725,\"height\":845},{\"@type\":\"BreadcrumbList\",\"@id\":\"https:\/\/eureka-tp.com\/fr\/product\/conceptioncv\/#breadcrumb\",\"itemListElement\":[{\"@type\":\"ListItem\",\"position\":1,\"name\":\"Home\",\"item\":\"https:\/\/eureka-tp.com\/fr\/\"},{\"@type\":\"ListItem\",\"position\":2,\"name\":\"Concevoir un \u00e9pisode de 75 minutes (Classe Virtuelle)\"}]},{\"@type\":\"WebSite\",\"@id\":\"https:\/\/eureka-tp.com\/#website\",\"url\":\"https:\/\/eureka-tp.com\/\",\"name\":\"Eureka - Train the Trainer\",\"description\":\"Training for Trainers\",\"potentialAction\":[{\"@type\":\"SearchAction\",\"target\":{\"@type\":\"EntryPoint\",\"urlTemplate\":\"https:\/\/eureka-tp.com\/?s={search_term_string}\"},\"query-input\":{\"@type\":\"PropertyValueSpecification\",\"valueRequired\":true,\"valueName\":\"search_term_string\"}}],\"inLanguage\":\"fr-FR\"}]}<\/script>\n<!-- \/ Yoast SEO plugin. -->","yoast_head_json":{"title":"Concevoir un \u00e9pisode de 75 minutes (Classe Virtuelle) - Eureka - Train the Trainer","robots":{"index":"index","follow":"follow","max-snippet":"max-snippet:-1","max-image-preview":"max-image-preview:large","max-video-preview":"max-video-preview:-1"},"canonical":"https:\/\/eureka-tp.com\/fr\/product\/conceptioncv\/","og_locale":"fr_FR","og_type":"article","og_title":"Concevoir un \u00e9pisode de 75 minutes (Classe Virtuelle) - Eureka - Train the Trainer","og_description":"5 Episodes \u2013 5 Jours \u2013 10 Heures \u2013 14 au 18 novembre 2022 de 10h30 \u00e0 12h30 (FR)","og_url":"https:\/\/eureka-tp.com\/fr\/product\/conceptioncv\/","og_site_name":"Eureka - Train the Trainer","article_modified_time":"2022-09-15T10:30:36+00:00","og_image":[{"width":1725,"height":845,"url":"https:\/\/eureka-tp.com\/wp-content\/uploads\/2020\/06\/Advert1mai2021.jpg","type":"image\/jpeg"}],"twitter_misc":{"Est. reading time":"1 minute"},"schema":{"@context":"https:\/\/schema.org","@graph":[{"@type":"WebPage","@id":"https:\/\/eureka-tp.com\/fr\/product\/conceptioncv\/","url":"https:\/\/eureka-tp.com\/fr\/product\/conceptioncv\/","name":"Concevoir un \u00e9pisode de 75 minutes (Classe Virtuelle) - Eureka - Train the Trainer","isPartOf":{"@id":"https:\/\/eureka-tp.com\/#website"},"primaryImageOfPage":{"@id":"https:\/\/eureka-tp.com\/fr\/product\/conceptioncv\/#primaryimage"},"image":{"@id":"https:\/\/eureka-tp.com\/fr\/product\/conceptioncv\/#primaryimage"},"thumbnailUrl":"https:\/\/eureka-tp.com\/wp-content\/uploads\/2020\/06\/Advert1mai2021.jpg","datePublished":"2020-06-08T17:12:39+00:00","dateModified":"2022-09-15T10:30:36+00:00","breadcrumb":{"@id":"https:\/\/eureka-tp.com\/fr\/product\/conceptioncv\/#breadcrumb"},"inLanguage":"fr-FR","potentialAction":[{"@type":"ReadAction","target":["https:\/\/eureka-tp.com\/fr\/product\/conceptioncv\/"]}]},{"@type":"ImageObject","inLanguage":"fr-FR","@id":"https:\/\/eureka-tp.com\/fr\/product\/conceptioncv\/#primaryimage","url":"https:\/\/eureka-tp.com\/wp-content\/uploads\/2020\/06\/Advert1mai2021.jpg","contentUrl":"https:\/\/eureka-tp.com\/wp-content\/uploads\/2020\/06\/Advert1mai2021.jpg","width":1725,"height":845},{"@type":"BreadcrumbList","@id":"https:\/\/eureka-tp.com\/fr\/product\/conceptioncv\/#breadcrumb","itemListElement":[{"@type":"ListItem","position":1,"name":"Home","item":"https:\/\/eureka-tp.com\/fr\/"},{"@type":"ListItem","position":2,"name":"Concevoir un \u00e9pisode de 75 minutes (Classe Virtuelle)"}]},{"@type":"WebSite","@id":"https:\/\/eureka-tp.com\/#website","url":"https:\/\/eureka-tp.com\/","name":"Eureka - Train the Trainer","description":"Training for Trainers","potentialAction":[{"@type":"SearchAction","target":{"@type":"EntryPoint","urlTemplate":"https:\/\/eureka-tp.com\/?s={search_term_string}"},"query-input":{"@type":"PropertyValueSpecification","valueRequired":true,"valueName":"search_term_string"}}],"inLanguage":"fr-FR"}]}},"_links":{"self":[{"href":"https:\/\/eureka-tp.com\/fr\/wp-json\/wp\/v2\/product\/26450"}],"collection":[{"href":"https:\/\/eureka-tp.com\/fr\/wp-json\/wp\/v2\/product"}],"about":[{"href":"https:\/\/eureka-tp.com\/fr\/wp-json\/wp\/v2\/types\/product"}],"wp:featuredmedia":[{"embeddable":true,"href":"https:\/\/eureka-tp.com\/fr\/wp-json\/wp\/v2\/media\/26452"}],"wp:attachment":[{"href":"https:\/\/eureka-tp.com\/fr\/wp-json\/wp\/v2\/media?parent=26450"}],"wp:term":[{"taxonomy":"product_cat","embeddable":true,"href":"https:\/\/eureka-tp.com\/fr\/wp-json\/wp\/v2\/product_cat?post=26450"},{"taxonomy":"product_tag","embeddable":true,"href":"https:\/\/eureka-tp.com\/fr\/wp-json\/wp\/v2\/product_tag?post=26450"}],"curies":[{"name":"wp","href":"https:\/\/api.w.org\/{rel}","templated":true}]}}