{"id":26587,"date":"2020-06-08T18:12:39","date_gmt":"2020-06-08T17:12:39","guid":{"rendered":"https:\/\/eureka-tp.com\/product\/conceptioncv-2\/"},"modified":"2022-09-15T11:26:27","modified_gmt":"2022-09-15T10:26:27","slug":"microlearning","status":"publish","type":"product","link":"https:\/\/eureka-tp.com\/fr\/product\/microlearning\/","title":{"rendered":"Concevoir des modules de formation MicroLearning"},"content":{"rendered":"<div class=\"pbs-main-wrapper\"><p>C\u2019est la solution pour engager et pour maintenir l\u2019enthousiasme des apprenants entre 2 sessions d\u2019une formation hybride ou d\u2019un parcours Blended Learning. Un module Micro Learning permet de garder le contact avec les apprenants tout en renfor\u00e7ant et r\u00e9activant les messages des modules pr\u00e9c\u00e9dents. Ils sont aussi utiles pour introduire les indispensables d&#8217;un prochain module et\/ou pour \u00e9valuer les acquis.<\/p>\n<\/div>","protected":false},"excerpt":{"rendered":"<p>5 Episodes \u2013\u00a0 Semaine du 17 au 21 octobre 22 de 11h30 \u00e0 13h30 (FR)<\/p>\n","protected":false},"featured_media":21144,"template":"","meta":{"_genesis_hide_title":false,"_genesis_hide_breadcrumbs":false,"_genesis_hide_singular_image":false,"_genesis_hide_footer_widgets":false,"_genesis_custom_body_class":"","_genesis_custom_post_class":"","_genesis_layout":"","episode_type":"","audio_file":"","cover_image":"","cover_image_id":"","duration":"","filesize":"","date_recorded":"","explicit":"","block":"","itunes_episode_number":"","itunes_title":"","itunes_season_number":"","itunes_episode_type":"","filesize_raw":""},"product_cat":[184],"product_tag":[],"class_list":{"0":"post-26587","1":"product","2":"type-product","3":"status-publish","4":"has-post-thumbnail","6":"product_cat-frenchworkshop","7":"entry"},"yoast_head":"<!-- This site is optimized with the Yoast SEO plugin v23.9 - https:\/\/yoast.com\/wordpress\/plugins\/seo\/ -->\n<title>Concevoir des modules de formation MicroLearning - Eureka - Train the Trainer<\/title>\n<meta name=\"robots\" content=\"index, follow, max-snippet:-1, max-image-preview:large, max-video-preview:-1\" \/>\n<link rel=\"canonical\" href=\"https:\/\/eureka-tp.com\/fr\/product\/microlearning\/\" \/>\n<meta property=\"og:locale\" content=\"fr_FR\" \/>\n<meta property=\"og:type\" content=\"article\" \/>\n<meta property=\"og:title\" content=\"Concevoir des modules de formation MicroLearning - Eureka - Train the Trainer\" \/>\n<meta property=\"og:description\" content=\"5 Episodes \u2013\u00a0 Semaine du 17 au 21 octobre 22 de 11h30 \u00e0 13h30 (FR)\" \/>\n<meta property=\"og:url\" content=\"https:\/\/eureka-tp.com\/fr\/product\/microlearning\/\" \/>\n<meta property=\"og:site_name\" content=\"Eureka - Train the Trainer\" \/>\n<meta property=\"article:modified_time\" content=\"2022-09-15T10:26:27+00:00\" \/>\n<meta property=\"og:image\" content=\"https:\/\/eureka-tp.com\/wp-content\/uploads\/2020\/10\/cropped-view-of-ux-developer-using-laptop-beside-d.jpg\" \/>\n\t<meta property=\"og:image:width\" content=\"999\" \/>\n\t<meta property=\"og:image:height\" content=\"667\" \/>\n\t<meta property=\"og:image:type\" content=\"image\/jpeg\" \/>\n<script type=\"application\/ld+json\" class=\"yoast-schema-graph\">{\"@context\":\"https:\/\/schema.org\",\"@graph\":[{\"@type\":\"WebPage\",\"@id\":\"https:\/\/eureka-tp.com\/fr\/product\/microlearning\/\",\"url\":\"https:\/\/eureka-tp.com\/fr\/product\/microlearning\/\",\"name\":\"Concevoir des modules de formation MicroLearning - Eureka - Train the Trainer\",\"isPartOf\":{\"@id\":\"https:\/\/eureka-tp.com\/#website\"},\"primaryImageOfPage\":{\"@id\":\"https:\/\/eureka-tp.com\/fr\/product\/microlearning\/#primaryimage\"},\"image\":{\"@id\":\"https:\/\/eureka-tp.com\/fr\/product\/microlearning\/#primaryimage\"},\"thumbnailUrl\":\"https:\/\/eureka-tp.com\/wp-content\/uploads\/2020\/10\/cropped-view-of-ux-developer-using-laptop-beside-d.jpg\",\"datePublished\":\"2020-06-08T17:12:39+00:00\",\"dateModified\":\"2022-09-15T10:26:27+00:00\",\"breadcrumb\":{\"@id\":\"https:\/\/eureka-tp.com\/fr\/product\/microlearning\/#breadcrumb\"},\"inLanguage\":\"fr-FR\",\"potentialAction\":[{\"@type\":\"ReadAction\",\"target\":[\"https:\/\/eureka-tp.com\/fr\/product\/microlearning\/\"]}]},{\"@type\":\"ImageObject\",\"inLanguage\":\"fr-FR\",\"@id\":\"https:\/\/eureka-tp.com\/fr\/product\/microlearning\/#primaryimage\",\"url\":\"https:\/\/eureka-tp.com\/wp-content\/uploads\/2020\/10\/cropped-view-of-ux-developer-using-laptop-beside-d.jpg\",\"contentUrl\":\"https:\/\/eureka-tp.com\/wp-content\/uploads\/2020\/10\/cropped-view-of-ux-developer-using-laptop-beside-d.jpg\",\"width\":999,\"height\":667},{\"@type\":\"BreadcrumbList\",\"@id\":\"https:\/\/eureka-tp.com\/fr\/product\/microlearning\/#breadcrumb\",\"itemListElement\":[{\"@type\":\"ListItem\",\"position\":1,\"name\":\"Home\",\"item\":\"https:\/\/eureka-tp.com\/fr\/\"},{\"@type\":\"ListItem\",\"position\":2,\"name\":\"Concevoir des modules de formation MicroLearning\"}]},{\"@type\":\"WebSite\",\"@id\":\"https:\/\/eureka-tp.com\/#website\",\"url\":\"https:\/\/eureka-tp.com\/\",\"name\":\"Eureka - Train the Trainer\",\"description\":\"Training for Trainers\",\"potentialAction\":[{\"@type\":\"SearchAction\",\"target\":{\"@type\":\"EntryPoint\",\"urlTemplate\":\"https:\/\/eureka-tp.com\/?s={search_term_string}\"},\"query-input\":{\"@type\":\"PropertyValueSpecification\",\"valueRequired\":true,\"valueName\":\"search_term_string\"}}],\"inLanguage\":\"fr-FR\"}]}<\/script>\n<!-- \/ Yoast SEO plugin. -->","yoast_head_json":{"title":"Concevoir des modules de formation MicroLearning - Eureka - Train the Trainer","robots":{"index":"index","follow":"follow","max-snippet":"max-snippet:-1","max-image-preview":"max-image-preview:large","max-video-preview":"max-video-preview:-1"},"canonical":"https:\/\/eureka-tp.com\/fr\/product\/microlearning\/","og_locale":"fr_FR","og_type":"article","og_title":"Concevoir des modules de formation MicroLearning - Eureka - Train the Trainer","og_description":"5 Episodes \u2013\u00a0 Semaine du 17 au 21 octobre 22 de 11h30 \u00e0 13h30 (FR)","og_url":"https:\/\/eureka-tp.com\/fr\/product\/microlearning\/","og_site_name":"Eureka - Train the Trainer","article_modified_time":"2022-09-15T10:26:27+00:00","og_image":[{"width":999,"height":667,"url":"https:\/\/eureka-tp.com\/wp-content\/uploads\/2020\/10\/cropped-view-of-ux-developer-using-laptop-beside-d.jpg","type":"image\/jpeg"}],"schema":{"@context":"https:\/\/schema.org","@graph":[{"@type":"WebPage","@id":"https:\/\/eureka-tp.com\/fr\/product\/microlearning\/","url":"https:\/\/eureka-tp.com\/fr\/product\/microlearning\/","name":"Concevoir des modules de formation MicroLearning - Eureka - Train the Trainer","isPartOf":{"@id":"https:\/\/eureka-tp.com\/#website"},"primaryImageOfPage":{"@id":"https:\/\/eureka-tp.com\/fr\/product\/microlearning\/#primaryimage"},"image":{"@id":"https:\/\/eureka-tp.com\/fr\/product\/microlearning\/#primaryimage"},"thumbnailUrl":"https:\/\/eureka-tp.com\/wp-content\/uploads\/2020\/10\/cropped-view-of-ux-developer-using-laptop-beside-d.jpg","datePublished":"2020-06-08T17:12:39+00:00","dateModified":"2022-09-15T10:26:27+00:00","breadcrumb":{"@id":"https:\/\/eureka-tp.com\/fr\/product\/microlearning\/#breadcrumb"},"inLanguage":"fr-FR","potentialAction":[{"@type":"ReadAction","target":["https:\/\/eureka-tp.com\/fr\/product\/microlearning\/"]}]},{"@type":"ImageObject","inLanguage":"fr-FR","@id":"https:\/\/eureka-tp.com\/fr\/product\/microlearning\/#primaryimage","url":"https:\/\/eureka-tp.com\/wp-content\/uploads\/2020\/10\/cropped-view-of-ux-developer-using-laptop-beside-d.jpg","contentUrl":"https:\/\/eureka-tp.com\/wp-content\/uploads\/2020\/10\/cropped-view-of-ux-developer-using-laptop-beside-d.jpg","width":999,"height":667},{"@type":"BreadcrumbList","@id":"https:\/\/eureka-tp.com\/fr\/product\/microlearning\/#breadcrumb","itemListElement":[{"@type":"ListItem","position":1,"name":"Home","item":"https:\/\/eureka-tp.com\/fr\/"},{"@type":"ListItem","position":2,"name":"Concevoir des modules de formation MicroLearning"}]},{"@type":"WebSite","@id":"https:\/\/eureka-tp.com\/#website","url":"https:\/\/eureka-tp.com\/","name":"Eureka - Train the Trainer","description":"Training for Trainers","potentialAction":[{"@type":"SearchAction","target":{"@type":"EntryPoint","urlTemplate":"https:\/\/eureka-tp.com\/?s={search_term_string}"},"query-input":{"@type":"PropertyValueSpecification","valueRequired":true,"valueName":"search_term_string"}}],"inLanguage":"fr-FR"}]}},"_links":{"self":[{"href":"https:\/\/eureka-tp.com\/fr\/wp-json\/wp\/v2\/product\/26587"}],"collection":[{"href":"https:\/\/eureka-tp.com\/fr\/wp-json\/wp\/v2\/product"}],"about":[{"href":"https:\/\/eureka-tp.com\/fr\/wp-json\/wp\/v2\/types\/product"}],"wp:featuredmedia":[{"embeddable":true,"href":"https:\/\/eureka-tp.com\/fr\/wp-json\/wp\/v2\/media\/21144"}],"wp:attachment":[{"href":"https:\/\/eureka-tp.com\/fr\/wp-json\/wp\/v2\/media?parent=26587"}],"wp:term":[{"taxonomy":"product_cat","embeddable":true,"href":"https:\/\/eureka-tp.com\/fr\/wp-json\/wp\/v2\/product_cat?post=26587"},{"taxonomy":"product_tag","embeddable":true,"href":"https:\/\/eureka-tp.com\/fr\/wp-json\/wp\/v2\/product_tag?post=26587"}],"curies":[{"name":"wp","href":"https:\/\/api.w.org\/{rel}","templated":true}]}}