{"id":27755,"date":"2021-08-26T16:36:04","date_gmt":"2021-08-26T15:36:04","guid":{"rendered":"https:\/\/eureka-tp.com\/product\/designanycontent-2\/"},"modified":"2023-12-03T04:20:17","modified_gmt":"2023-12-03T04:20:17","slug":"7outilspeda","status":"publish","type":"product","link":"https:\/\/eureka-tp.com\/fr\/product\/7outilspeda\/","title":{"rendered":"REPLAY &#8211; Capsule P\u00e9dagogique<br><br><h4><p style=\"color:blue;\">7 outils p\u00e9dagogiques pour optimiser l&#8217;engagement et l&#8217;implication<\/p><\/h4>"},"content":{"rendered":"<div class=\"pbs-main-wrapper\"><p>D\u00e9buter, Transf\u00e9rer, R\u00e9activer, Impliquer, Engager, Surprendre dans la bonne humeur et le fun mais toujours en lien avec le programme !<\/p>\n<\/div>","protected":false},"excerpt":{"rendered":"<h3><strong>Ressource P\u00e9dagogique : Capsule P<\/strong><strong>\u00e9<\/strong><strong>dagogique participative !<\/strong><\/h3>\n<p><strong>7 outils p\u00e9dagogiques adaptables quelle que soit la modalit\u00e9 (pr\u00e9sentiel ou distanciel) et\/ou son contenu\u00a0!<\/strong><\/p>\n<p><strong>Take Away\u00a0:<\/strong><\/p>\n<ul>\n<li>Outils p\u00e9dagogiques pour d\u00e9buter, pour r\u00e9activer et pour transf\u00e9rer un contenu peu ou pas \u00ab\u00a0sexy\u00a0\u00bb.<\/li>\n<li>Outils p\u00e9dagogiques pour impliquer physiquement les apprenants au processus d&#8217;apprentissage (en salle comme \u00e0 distance).<\/li>\n<li>Outils p\u00e9dagogiques funs et diff\u00e9rents pour surprendre et pour rendre curieux son audience quelle que soit la th\u00e9matique.<\/li>\n<\/ul>\n","protected":false},"featured_media":28075,"template":"","meta":{"_genesis_hide_title":false,"_genesis_hide_breadcrumbs":false,"_genesis_hide_singular_image":false,"_genesis_hide_footer_widgets":false,"_genesis_custom_body_class":"","_genesis_custom_post_class":"","_genesis_layout":"","episode_type":"","audio_file":"","cover_image":"","cover_image_id":"","duration":"","filesize":"","date_recorded":"","explicit":"","block":"","itunes_episode_number":"","itunes_title":"","itunes_season_number":"","itunes_episode_type":"","filesize_raw":""},"product_cat":[197],"product_tag":[],"class_list":{"0":"post-27755","1":"product","2":"type-product","3":"status-publish","4":"has-post-thumbnail","6":"product_cat-club-formateurs","7":"entry"},"yoast_head":"<!-- This site is optimized with the Yoast SEO plugin v23.9 - https:\/\/yoast.com\/wordpress\/plugins\/seo\/ -->\n<title>REPLAY - Capsule P\u00e9dagogique7 outils p\u00e9dagogiques pour optimiser l&#039;engagement et l&#039;implication - Eureka - Train the Trainer<\/title>\n<meta name=\"robots\" content=\"index, follow, max-snippet:-1, max-image-preview:large, max-video-preview:-1\" \/>\n<link rel=\"canonical\" href=\"https:\/\/eureka-tp.com\/fr\/product\/7outilspeda\/\" \/>\n<meta property=\"og:locale\" content=\"fr_FR\" \/>\n<meta property=\"og:type\" content=\"article\" \/>\n<meta property=\"og:title\" content=\"REPLAY - Capsule P\u00e9dagogique7 outils p\u00e9dagogiques pour optimiser l&#039;engagement et l&#039;implication - Eureka - Train the Trainer\" \/>\n<meta property=\"og:description\" content=\"Ressource P\u00e9dagogique : Capsule P\u00e9dagogique participative ! 7 outils p\u00e9dagogiques adaptables quelle que soit la modalit\u00e9 (pr\u00e9sentiel ou distanciel) et\/ou son contenu\u00a0!  Take Away\u00a0:   Outils p\u00e9dagogiques pour d\u00e9buter, pour r\u00e9activer et pour transf\u00e9rer un contenu peu ou pas \u00ab\u00a0sexy\u00a0\u00bb.  Outils p\u00e9dagogiques pour impliquer physiquement les apprenants au processus d&#039;apprentissage (en salle comme \u00e0 distance).  Outils p\u00e9dagogiques funs et diff\u00e9rents pour surprendre et pour rendre curieux son audience quelle que soit la th\u00e9matique.\" \/>\n<meta property=\"og:url\" content=\"https:\/\/eureka-tp.com\/fr\/product\/7outilspeda\/\" \/>\n<meta property=\"og:site_name\" content=\"Eureka - Train the Trainer\" \/>\n<meta property=\"article:modified_time\" content=\"2023-12-03T04:20:17+00:00\" \/>\n<meta property=\"og:image\" content=\"https:\/\/eureka-tp.com\/wp-content\/uploads\/2021\/08\/Imagesocial.jpg\" \/>\n\t<meta property=\"og:image:width\" content=\"1000\" \/>\n\t<meta property=\"og:image:height\" content=\"523\" \/>\n\t<meta property=\"og:image:type\" content=\"image\/jpeg\" \/>\n<meta name=\"twitter:label1\" content=\"Est. reading time\" \/>\n\t<meta name=\"twitter:data1\" content=\"1 minute\" \/>\n<script type=\"application\/ld+json\" class=\"yoast-schema-graph\">{\"@context\":\"https:\/\/schema.org\",\"@graph\":[{\"@type\":\"WebPage\",\"@id\":\"https:\/\/eureka-tp.com\/fr\/product\/7outilspeda\/\",\"url\":\"https:\/\/eureka-tp.com\/fr\/product\/7outilspeda\/\",\"name\":\"REPLAY - Capsule P\u00e9dagogique 7 outils p\u00e9dagogiques pour optimiser l'engagement et l'implication - Eureka - Train the Trainer\",\"isPartOf\":{\"@id\":\"https:\/\/eureka-tp.com\/#website\"},\"primaryImageOfPage\":{\"@id\":\"https:\/\/eureka-tp.com\/fr\/product\/7outilspeda\/#primaryimage\"},\"image\":{\"@id\":\"https:\/\/eureka-tp.com\/fr\/product\/7outilspeda\/#primaryimage\"},\"thumbnailUrl\":\"https:\/\/eureka-tp.com\/wp-content\/uploads\/2021\/08\/Imagesocial.jpg\",\"datePublished\":\"2021-08-26T15:36:04+00:00\",\"dateModified\":\"2023-12-03T04:20:17+00:00\",\"breadcrumb\":{\"@id\":\"https:\/\/eureka-tp.com\/fr\/product\/7outilspeda\/#breadcrumb\"},\"inLanguage\":\"fr-FR\",\"potentialAction\":[{\"@type\":\"ReadAction\",\"target\":[\"https:\/\/eureka-tp.com\/fr\/product\/7outilspeda\/\"]}]},{\"@type\":\"ImageObject\",\"inLanguage\":\"fr-FR\",\"@id\":\"https:\/\/eureka-tp.com\/fr\/product\/7outilspeda\/#primaryimage\",\"url\":\"https:\/\/eureka-tp.com\/wp-content\/uploads\/2021\/08\/Imagesocial.jpg\",\"contentUrl\":\"https:\/\/eureka-tp.com\/wp-content\/uploads\/2021\/08\/Imagesocial.jpg\",\"width\":1000,\"height\":523},{\"@type\":\"BreadcrumbList\",\"@id\":\"https:\/\/eureka-tp.com\/fr\/product\/7outilspeda\/#breadcrumb\",\"itemListElement\":[{\"@type\":\"ListItem\",\"position\":1,\"name\":\"Home\",\"item\":\"https:\/\/eureka-tp.com\/fr\/\"},{\"@type\":\"ListItem\",\"position\":2,\"name\":\"REPLAY &#8211; Capsule P\u00e9dagogique7 outils p\u00e9dagogiques pour optimiser l&#8217;engagement et l&#8217;implication\"}]},{\"@type\":\"WebSite\",\"@id\":\"https:\/\/eureka-tp.com\/#website\",\"url\":\"https:\/\/eureka-tp.com\/\",\"name\":\"Eureka - Train the Trainer\",\"description\":\"Training for Trainers\",\"potentialAction\":[{\"@type\":\"SearchAction\",\"target\":{\"@type\":\"EntryPoint\",\"urlTemplate\":\"https:\/\/eureka-tp.com\/?s={search_term_string}\"},\"query-input\":{\"@type\":\"PropertyValueSpecification\",\"valueRequired\":true,\"valueName\":\"search_term_string\"}}],\"inLanguage\":\"fr-FR\"}]}<\/script>\n<!-- \/ Yoast SEO plugin. -->","yoast_head_json":{"title":"REPLAY - Capsule P\u00e9dagogique7 outils p\u00e9dagogiques pour optimiser l'engagement et l'implication - Eureka - Train the Trainer","robots":{"index":"index","follow":"follow","max-snippet":"max-snippet:-1","max-image-preview":"max-image-preview:large","max-video-preview":"max-video-preview:-1"},"canonical":"https:\/\/eureka-tp.com\/fr\/product\/7outilspeda\/","og_locale":"fr_FR","og_type":"article","og_title":"REPLAY - Capsule P\u00e9dagogique7 outils p\u00e9dagogiques pour optimiser l'engagement et l'implication - Eureka - Train the Trainer","og_description":"Ressource P\u00e9dagogique : Capsule P\u00e9dagogique participative ! 7 outils p\u00e9dagogiques adaptables quelle que soit la modalit\u00e9 (pr\u00e9sentiel ou distanciel) et\/ou son contenu\u00a0!  Take Away\u00a0:   Outils p\u00e9dagogiques pour d\u00e9buter, pour r\u00e9activer et pour transf\u00e9rer un contenu peu ou pas \u00ab\u00a0sexy\u00a0\u00bb.  Outils p\u00e9dagogiques pour impliquer physiquement les apprenants au processus d'apprentissage (en salle comme \u00e0 distance).  Outils p\u00e9dagogiques funs et diff\u00e9rents pour surprendre et pour rendre curieux son audience quelle que soit la th\u00e9matique.","og_url":"https:\/\/eureka-tp.com\/fr\/product\/7outilspeda\/","og_site_name":"Eureka - Train the Trainer","article_modified_time":"2023-12-03T04:20:17+00:00","og_image":[{"width":1000,"height":523,"url":"https:\/\/eureka-tp.com\/wp-content\/uploads\/2021\/08\/Imagesocial.jpg","type":"image\/jpeg"}],"twitter_misc":{"Est. reading time":"1 minute"},"schema":{"@context":"https:\/\/schema.org","@graph":[{"@type":"WebPage","@id":"https:\/\/eureka-tp.com\/fr\/product\/7outilspeda\/","url":"https:\/\/eureka-tp.com\/fr\/product\/7outilspeda\/","name":"REPLAY - Capsule P\u00e9dagogique 7 outils p\u00e9dagogiques pour optimiser l'engagement et l'implication - Eureka - Train the Trainer","isPartOf":{"@id":"https:\/\/eureka-tp.com\/#website"},"primaryImageOfPage":{"@id":"https:\/\/eureka-tp.com\/fr\/product\/7outilspeda\/#primaryimage"},"image":{"@id":"https:\/\/eureka-tp.com\/fr\/product\/7outilspeda\/#primaryimage"},"thumbnailUrl":"https:\/\/eureka-tp.com\/wp-content\/uploads\/2021\/08\/Imagesocial.jpg","datePublished":"2021-08-26T15:36:04+00:00","dateModified":"2023-12-03T04:20:17+00:00","breadcrumb":{"@id":"https:\/\/eureka-tp.com\/fr\/product\/7outilspeda\/#breadcrumb"},"inLanguage":"fr-FR","potentialAction":[{"@type":"ReadAction","target":["https:\/\/eureka-tp.com\/fr\/product\/7outilspeda\/"]}]},{"@type":"ImageObject","inLanguage":"fr-FR","@id":"https:\/\/eureka-tp.com\/fr\/product\/7outilspeda\/#primaryimage","url":"https:\/\/eureka-tp.com\/wp-content\/uploads\/2021\/08\/Imagesocial.jpg","contentUrl":"https:\/\/eureka-tp.com\/wp-content\/uploads\/2021\/08\/Imagesocial.jpg","width":1000,"height":523},{"@type":"BreadcrumbList","@id":"https:\/\/eureka-tp.com\/fr\/product\/7outilspeda\/#breadcrumb","itemListElement":[{"@type":"ListItem","position":1,"name":"Home","item":"https:\/\/eureka-tp.com\/fr\/"},{"@type":"ListItem","position":2,"name":"REPLAY &#8211; Capsule P\u00e9dagogique7 outils p\u00e9dagogiques pour optimiser l&#8217;engagement et l&#8217;implication"}]},{"@type":"WebSite","@id":"https:\/\/eureka-tp.com\/#website","url":"https:\/\/eureka-tp.com\/","name":"Eureka - Train the Trainer","description":"Training for Trainers","potentialAction":[{"@type":"SearchAction","target":{"@type":"EntryPoint","urlTemplate":"https:\/\/eureka-tp.com\/?s={search_term_string}"},"query-input":{"@type":"PropertyValueSpecification","valueRequired":true,"valueName":"search_term_string"}}],"inLanguage":"fr-FR"}]}},"_links":{"self":[{"href":"https:\/\/eureka-tp.com\/fr\/wp-json\/wp\/v2\/product\/27755"}],"collection":[{"href":"https:\/\/eureka-tp.com\/fr\/wp-json\/wp\/v2\/product"}],"about":[{"href":"https:\/\/eureka-tp.com\/fr\/wp-json\/wp\/v2\/types\/product"}],"wp:featuredmedia":[{"embeddable":true,"href":"https:\/\/eureka-tp.com\/fr\/wp-json\/wp\/v2\/media\/28075"}],"wp:attachment":[{"href":"https:\/\/eureka-tp.com\/fr\/wp-json\/wp\/v2\/media?parent=27755"}],"wp:term":[{"taxonomy":"product_cat","embeddable":true,"href":"https:\/\/eureka-tp.com\/fr\/wp-json\/wp\/v2\/product_cat?post=27755"},{"taxonomy":"product_tag","embeddable":true,"href":"https:\/\/eureka-tp.com\/fr\/wp-json\/wp\/v2\/product_tag?post=27755"}],"curies":[{"name":"wp","href":"https:\/\/api.w.org\/{rel}","templated":true}]}}