{"id":28082,"date":"2021-08-26T16:36:04","date_gmt":"2021-08-26T15:36:04","guid":{"rendered":"https:\/\/eureka-tp.com\/product\/7outilspeda-2\/"},"modified":"2023-01-09T11:07:16","modified_gmt":"2023-01-09T11:07:16","slug":"jeuppt","status":"publish","type":"product","link":"https:\/\/eureka-tp.com\/fr\/product\/jeuppt\/","title":{"rendered":"REPLAY &#8211; Capsule P\u00e9dagogique<br><br><h4><p style=\"color:blue;\">Cr\u00e9er des Jeux P\u00e9dagogiques sur Powerpoint pour rendre l\u2019apprentissage fun, plaisant et m\u00e9morable<\/p><\/h4>"},"content":{"rendered":"<div class=\"pbs-main-wrapper\"><h3><strong>Take Away\u00a0:<\/strong><\/h3>\n<ul>\n<li>5 jeux p\u00e9dagogiques pr\u00eats \u00e0 l&#8217;emploi pour ouvrir &amp; cl\u00f4turer une formation, pour r\u00e9activer du contenu, mais aussi, pour changer les \u00e9tats d\u2019apprentissage et pour redynamiser un groupe lors des baisses d\u2019\u00e9nergie en salle comme \u00e0 distance.<\/li>\n<\/ul>\n<\/div>","protected":false},"excerpt":{"rendered":"<h3><strong>Ressource P\u00e9dagogique : Capsule P<\/strong><strong>\u00e9<\/strong><strong>dagogique participative !<\/strong><\/h3>\n<h3><strong>Cr\u00e9er des jeux p\u00e9dagogiques sur PowerPoint pour :<\/strong><\/h3>\n<ul>\n<li>Ouvrir et cl\u00f4turer une formation.<\/li>\n<li>R\u00e9activer du contenu.<\/li>\n<li>Impliquer et pour engager les apprenants au processus d&#8217;apprentissage.<\/li>\n<li>Changer les \u00e9tats d&#8217;apprentissage et redynamiser un groupe lors des pertes d\u2019\u00e9nergie.<\/li>\n<li>Rendre l\u2019apprentissage fun, plaisant et m\u00e9morable.<\/li>\n<li>Ajouter de la diversite en lien avec le programme de formation.<\/li>\n<\/ul>\n","protected":false},"featured_media":28225,"template":"","meta":{"_genesis_hide_title":false,"_genesis_hide_breadcrumbs":false,"_genesis_hide_singular_image":false,"_genesis_hide_footer_widgets":false,"_genesis_custom_body_class":"","_genesis_custom_post_class":"","_genesis_layout":"","episode_type":"","audio_file":"","cover_image":"","cover_image_id":"","duration":"","filesize":"","date_recorded":"","explicit":"","block":"","itunes_episode_number":"","itunes_title":"","itunes_season_number":"","itunes_episode_type":"","filesize_raw":""},"product_cat":[197],"product_tag":[],"class_list":{"0":"post-28082","1":"product","2":"type-product","3":"status-publish","4":"has-post-thumbnail","6":"product_cat-club-formateurs","7":"entry"},"yoast_head":"<!-- This site is optimized with the Yoast SEO plugin v23.9 - https:\/\/yoast.com\/wordpress\/plugins\/seo\/ -->\n<title>REPLAY - Capsule P\u00e9dagogiqueCr\u00e9er des Jeux P\u00e9dagogiques sur Powerpoint pour rendre l\u2019apprentissage fun, plaisant et m\u00e9morable - Eureka - Train the Trainer<\/title>\n<meta name=\"robots\" content=\"index, follow, max-snippet:-1, max-image-preview:large, max-video-preview:-1\" \/>\n<link rel=\"canonical\" href=\"https:\/\/eureka-tp.com\/fr\/product\/jeuppt\/\" \/>\n<meta property=\"og:locale\" content=\"fr_FR\" \/>\n<meta property=\"og:type\" content=\"article\" \/>\n<meta property=\"og:title\" content=\"REPLAY - Capsule P\u00e9dagogiqueCr\u00e9er des Jeux P\u00e9dagogiques sur Powerpoint pour rendre l\u2019apprentissage fun, plaisant et m\u00e9morable - Eureka - Train the Trainer\" \/>\n<meta property=\"og:description\" content=\"Ressource P\u00e9dagogique : Capsule P\u00e9dagogique participative ! Cr\u00e9er des jeux p\u00e9dagogiques sur PowerPoint pour :   Ouvrir et cl\u00f4turer une formation.  R\u00e9activer du contenu.  Impliquer et pour engager les apprenants au processus d&#039;apprentissage.  Changer les \u00e9tats d&#039;apprentissage et redynamiser un groupe lors des pertes d\u2019\u00e9nergie.  Rendre l\u2019apprentissage fun, plaisant et m\u00e9morable.  Ajouter de la diversite en lien avec le programme de formation.\" \/>\n<meta property=\"og:url\" content=\"https:\/\/eureka-tp.com\/fr\/product\/jeuppt\/\" \/>\n<meta property=\"og:site_name\" content=\"Eureka - Train the Trainer\" \/>\n<meta property=\"article:modified_time\" content=\"2023-01-09T11:07:16+00:00\" \/>\n<meta property=\"og:image\" content=\"https:\/\/eureka-tp.com\/wp-content\/uploads\/2021\/08\/Games-Compressed.jpg\" \/>\n\t<meta property=\"og:image:width\" content=\"1000\" \/>\n\t<meta property=\"og:image:height\" content=\"665\" \/>\n\t<meta property=\"og:image:type\" content=\"image\/jpeg\" \/>\n<script type=\"application\/ld+json\" class=\"yoast-schema-graph\">{\"@context\":\"https:\/\/schema.org\",\"@graph\":[{\"@type\":\"WebPage\",\"@id\":\"https:\/\/eureka-tp.com\/fr\/product\/jeuppt\/\",\"url\":\"https:\/\/eureka-tp.com\/fr\/product\/jeuppt\/\",\"name\":\"REPLAY - Capsule P\u00e9dagogique Cr\u00e9er des Jeux P\u00e9dagogiques sur Powerpoint pour rendre l\u2019apprentissage fun, plaisant et m\u00e9morable - Eureka - Train the Trainer\",\"isPartOf\":{\"@id\":\"https:\/\/eureka-tp.com\/#website\"},\"primaryImageOfPage\":{\"@id\":\"https:\/\/eureka-tp.com\/fr\/product\/jeuppt\/#primaryimage\"},\"image\":{\"@id\":\"https:\/\/eureka-tp.com\/fr\/product\/jeuppt\/#primaryimage\"},\"thumbnailUrl\":\"https:\/\/eureka-tp.com\/wp-content\/uploads\/2021\/08\/Games-Compressed.jpg\",\"datePublished\":\"2021-08-26T15:36:04+00:00\",\"dateModified\":\"2023-01-09T11:07:16+00:00\",\"breadcrumb\":{\"@id\":\"https:\/\/eureka-tp.com\/fr\/product\/jeuppt\/#breadcrumb\"},\"inLanguage\":\"fr-FR\",\"potentialAction\":[{\"@type\":\"ReadAction\",\"target\":[\"https:\/\/eureka-tp.com\/fr\/product\/jeuppt\/\"]}]},{\"@type\":\"ImageObject\",\"inLanguage\":\"fr-FR\",\"@id\":\"https:\/\/eureka-tp.com\/fr\/product\/jeuppt\/#primaryimage\",\"url\":\"https:\/\/eureka-tp.com\/wp-content\/uploads\/2021\/08\/Games-Compressed.jpg\",\"contentUrl\":\"https:\/\/eureka-tp.com\/wp-content\/uploads\/2021\/08\/Games-Compressed.jpg\",\"width\":1000,\"height\":665},{\"@type\":\"BreadcrumbList\",\"@id\":\"https:\/\/eureka-tp.com\/fr\/product\/jeuppt\/#breadcrumb\",\"itemListElement\":[{\"@type\":\"ListItem\",\"position\":1,\"name\":\"Home\",\"item\":\"https:\/\/eureka-tp.com\/fr\/\"},{\"@type\":\"ListItem\",\"position\":2,\"name\":\"REPLAY &#8211; Capsule P\u00e9dagogiqueCr\u00e9er des Jeux P\u00e9dagogiques sur Powerpoint pour rendre l\u2019apprentissage fun, plaisant et m\u00e9morable\"}]},{\"@type\":\"WebSite\",\"@id\":\"https:\/\/eureka-tp.com\/#website\",\"url\":\"https:\/\/eureka-tp.com\/\",\"name\":\"Eureka - Train the Trainer\",\"description\":\"Training for Trainers\",\"potentialAction\":[{\"@type\":\"SearchAction\",\"target\":{\"@type\":\"EntryPoint\",\"urlTemplate\":\"https:\/\/eureka-tp.com\/?s={search_term_string}\"},\"query-input\":{\"@type\":\"PropertyValueSpecification\",\"valueRequired\":true,\"valueName\":\"search_term_string\"}}],\"inLanguage\":\"fr-FR\"}]}<\/script>\n<!-- \/ Yoast SEO plugin. -->","yoast_head_json":{"title":"REPLAY - Capsule P\u00e9dagogiqueCr\u00e9er des Jeux P\u00e9dagogiques sur Powerpoint pour rendre l\u2019apprentissage fun, plaisant et m\u00e9morable - Eureka - Train the Trainer","robots":{"index":"index","follow":"follow","max-snippet":"max-snippet:-1","max-image-preview":"max-image-preview:large","max-video-preview":"max-video-preview:-1"},"canonical":"https:\/\/eureka-tp.com\/fr\/product\/jeuppt\/","og_locale":"fr_FR","og_type":"article","og_title":"REPLAY - Capsule P\u00e9dagogiqueCr\u00e9er des Jeux P\u00e9dagogiques sur Powerpoint pour rendre l\u2019apprentissage fun, plaisant et m\u00e9morable - Eureka - Train the Trainer","og_description":"Ressource P\u00e9dagogique : Capsule P\u00e9dagogique participative ! Cr\u00e9er des jeux p\u00e9dagogiques sur PowerPoint pour :   Ouvrir et cl\u00f4turer une formation.  R\u00e9activer du contenu.  Impliquer et pour engager les apprenants au processus d'apprentissage.  Changer les \u00e9tats d'apprentissage et redynamiser un groupe lors des pertes d\u2019\u00e9nergie.  Rendre l\u2019apprentissage fun, plaisant et m\u00e9morable.  Ajouter de la diversite en lien avec le programme de formation.","og_url":"https:\/\/eureka-tp.com\/fr\/product\/jeuppt\/","og_site_name":"Eureka - Train the Trainer","article_modified_time":"2023-01-09T11:07:16+00:00","og_image":[{"width":1000,"height":665,"url":"https:\/\/eureka-tp.com\/wp-content\/uploads\/2021\/08\/Games-Compressed.jpg","type":"image\/jpeg"}],"schema":{"@context":"https:\/\/schema.org","@graph":[{"@type":"WebPage","@id":"https:\/\/eureka-tp.com\/fr\/product\/jeuppt\/","url":"https:\/\/eureka-tp.com\/fr\/product\/jeuppt\/","name":"REPLAY - Capsule P\u00e9dagogique Cr\u00e9er des Jeux P\u00e9dagogiques sur Powerpoint pour rendre l\u2019apprentissage fun, plaisant et m\u00e9morable - Eureka - Train the Trainer","isPartOf":{"@id":"https:\/\/eureka-tp.com\/#website"},"primaryImageOfPage":{"@id":"https:\/\/eureka-tp.com\/fr\/product\/jeuppt\/#primaryimage"},"image":{"@id":"https:\/\/eureka-tp.com\/fr\/product\/jeuppt\/#primaryimage"},"thumbnailUrl":"https:\/\/eureka-tp.com\/wp-content\/uploads\/2021\/08\/Games-Compressed.jpg","datePublished":"2021-08-26T15:36:04+00:00","dateModified":"2023-01-09T11:07:16+00:00","breadcrumb":{"@id":"https:\/\/eureka-tp.com\/fr\/product\/jeuppt\/#breadcrumb"},"inLanguage":"fr-FR","potentialAction":[{"@type":"ReadAction","target":["https:\/\/eureka-tp.com\/fr\/product\/jeuppt\/"]}]},{"@type":"ImageObject","inLanguage":"fr-FR","@id":"https:\/\/eureka-tp.com\/fr\/product\/jeuppt\/#primaryimage","url":"https:\/\/eureka-tp.com\/wp-content\/uploads\/2021\/08\/Games-Compressed.jpg","contentUrl":"https:\/\/eureka-tp.com\/wp-content\/uploads\/2021\/08\/Games-Compressed.jpg","width":1000,"height":665},{"@type":"BreadcrumbList","@id":"https:\/\/eureka-tp.com\/fr\/product\/jeuppt\/#breadcrumb","itemListElement":[{"@type":"ListItem","position":1,"name":"Home","item":"https:\/\/eureka-tp.com\/fr\/"},{"@type":"ListItem","position":2,"name":"REPLAY &#8211; Capsule P\u00e9dagogiqueCr\u00e9er des Jeux P\u00e9dagogiques sur Powerpoint pour rendre l\u2019apprentissage fun, plaisant et m\u00e9morable"}]},{"@type":"WebSite","@id":"https:\/\/eureka-tp.com\/#website","url":"https:\/\/eureka-tp.com\/","name":"Eureka - Train the Trainer","description":"Training for Trainers","potentialAction":[{"@type":"SearchAction","target":{"@type":"EntryPoint","urlTemplate":"https:\/\/eureka-tp.com\/?s={search_term_string}"},"query-input":{"@type":"PropertyValueSpecification","valueRequired":true,"valueName":"search_term_string"}}],"inLanguage":"fr-FR"}]}},"_links":{"self":[{"href":"https:\/\/eureka-tp.com\/fr\/wp-json\/wp\/v2\/product\/28082"}],"collection":[{"href":"https:\/\/eureka-tp.com\/fr\/wp-json\/wp\/v2\/product"}],"about":[{"href":"https:\/\/eureka-tp.com\/fr\/wp-json\/wp\/v2\/types\/product"}],"wp:featuredmedia":[{"embeddable":true,"href":"https:\/\/eureka-tp.com\/fr\/wp-json\/wp\/v2\/media\/28225"}],"wp:attachment":[{"href":"https:\/\/eureka-tp.com\/fr\/wp-json\/wp\/v2\/media?parent=28082"}],"wp:term":[{"taxonomy":"product_cat","embeddable":true,"href":"https:\/\/eureka-tp.com\/fr\/wp-json\/wp\/v2\/product_cat?post=28082"},{"taxonomy":"product_tag","embeddable":true,"href":"https:\/\/eureka-tp.com\/fr\/wp-json\/wp\/v2\/product_tag?post=28082"}],"curies":[{"name":"wp","href":"https:\/\/api.w.org\/{rel}","templated":true}]}}