{"id":28338,"date":"2021-08-26T16:36:04","date_gmt":"2021-08-26T15:36:04","guid":{"rendered":"https:\/\/eureka-tp.com\/product\/jeuppt-2\/"},"modified":"2022-11-20T06:54:42","modified_gmt":"2022-11-20T06:54:42","slug":"22idees","status":"publish","type":"product","link":"https:\/\/eureka-tp.com\/fr\/product\/22idees\/","title":{"rendered":"REPLAY &#8211; Capsule P\u00e9dagogique<br><br><h4><p style=\"color:blue;\">STOP aux \u00ab\u00a0BORING\u00a0\u00bb formations et classes virtuelles !<\/p><\/h4>"},"content":{"rendered":"<div class=\"pbs-main-wrapper\"><p><strong>Ajouter du panache gr\u00e2ce \u00e0 22 id\u00e9es p\u00e9dagogiques<\/strong><\/p>\n<ul>\n<li>22 id\u00e9es p\u00e9dagogiques pour rendre le processus d&#8217;apprentissage fun et plaisant pour les apprenant.<\/li>\n<li>E-book personnalis\u00e9 &#8220;22 id\u00e9es\/activit\u00e9s\/techniques p\u00e9dagogiques pr\u00eates \u00e0 l&#8217;emploi&#8221;.<\/li>\n<\/ul>\n<\/div>","protected":false},"excerpt":{"rendered":"<h3>REPLAY &#8211; Capsule P\u00e9dagogique<\/h3>\n<h3><strong>22 id\u00e9es\/activit\u00e9s\/techniques p\u00e9dagogiques pr\u00eates \u00e0 l&#8217;emploi<\/strong><\/h3>\n<ul>\n<li>3 nouvelles activit\u00e9s d&#8217;ouverture.<\/li>\n<li>5 techniques de transfert pour engager les apprenants au moment des d\u00e9couvertes.<\/li>\n<li>14 activit\u00e9s de pratique pour impliquer les apprenants avec le contenu d\u00e9couvert.<\/li>\n<li>Technique pour faire la diff\u00e9rence entre une r\u00e9activation et une \u00e9valuation.<\/li>\n<li>Activit\u00e9s de r\u00e9activation et de cl\u00f4ture.<\/li>\n<\/ul>\n","protected":false},"featured_media":5099,"template":"","meta":{"_genesis_hide_title":false,"_genesis_hide_breadcrumbs":false,"_genesis_hide_singular_image":false,"_genesis_hide_footer_widgets":false,"_genesis_custom_body_class":"","_genesis_custom_post_class":"","_genesis_layout":"","episode_type":"","audio_file":"","cover_image":"","cover_image_id":"","duration":"","filesize":"","date_recorded":"","explicit":"","block":"","itunes_episode_number":"","itunes_title":"","itunes_season_number":"","itunes_episode_type":"","filesize_raw":""},"product_cat":[197],"product_tag":[],"class_list":{"0":"post-28338","1":"product","2":"type-product","3":"status-publish","4":"has-post-thumbnail","6":"product_cat-club-formateurs","7":"entry"},"yoast_head":"<!-- This site is optimized with the Yoast SEO plugin v23.9 - https:\/\/yoast.com\/wordpress\/plugins\/seo\/ -->\n<title>REPLAY - Capsule P\u00e9dagogiqueSTOP aux \u00ab\u00a0BORING\u00a0\u00bb formations et classes virtuelles ! - Eureka - Train the Trainer<\/title>\n<meta name=\"robots\" content=\"index, follow, max-snippet:-1, max-image-preview:large, max-video-preview:-1\" \/>\n<link rel=\"canonical\" href=\"https:\/\/eureka-tp.com\/fr\/product\/22idees\/\" \/>\n<meta property=\"og:locale\" content=\"fr_FR\" \/>\n<meta property=\"og:type\" content=\"article\" \/>\n<meta property=\"og:title\" content=\"REPLAY - Capsule P\u00e9dagogiqueSTOP aux \u00ab\u00a0BORING\u00a0\u00bb formations et classes virtuelles ! - Eureka - Train the Trainer\" \/>\n<meta property=\"og:description\" content=\"REPLAY - Capsule P\u00e9dagogique 22 id\u00e9es\/activit\u00e9s\/techniques p\u00e9dagogiques pr\u00eates \u00e0 l&#039;emploi   3 nouvelles activit\u00e9s d&#039;ouverture.  5 techniques de transfert pour engager les apprenants au moment des d\u00e9couvertes.  14 activit\u00e9s de pratique pour impliquer les apprenants avec le contenu d\u00e9couvert.  Technique pour faire la diff\u00e9rence entre une r\u00e9activation et une \u00e9valuation.  Activit\u00e9s de r\u00e9activation et de cl\u00f4ture.\" \/>\n<meta property=\"og:url\" content=\"https:\/\/eureka-tp.com\/fr\/product\/22idees\/\" \/>\n<meta property=\"og:site_name\" content=\"Eureka - Train the Trainer\" \/>\n<meta property=\"article:modified_time\" content=\"2022-11-20T06:54:42+00:00\" \/>\n<meta property=\"og:image\" content=\"https:\/\/eureka-tp.com\/wp-content\/uploads\/2017\/12\/Boring4.jpg\" \/>\n\t<meta property=\"og:image:width\" content=\"744\" \/>\n\t<meta property=\"og:image:height\" content=\"1117\" \/>\n\t<meta property=\"og:image:type\" content=\"image\/jpeg\" \/>\n<meta name=\"twitter:label1\" content=\"Est. reading time\" \/>\n\t<meta name=\"twitter:data1\" content=\"1 minute\" \/>\n<script type=\"application\/ld+json\" class=\"yoast-schema-graph\">{\"@context\":\"https:\/\/schema.org\",\"@graph\":[{\"@type\":\"WebPage\",\"@id\":\"https:\/\/eureka-tp.com\/fr\/product\/22idees\/\",\"url\":\"https:\/\/eureka-tp.com\/fr\/product\/22idees\/\",\"name\":\"REPLAY - Capsule P\u00e9dagogique STOP aux \u00ab\u00a0BORING\u00a0\u00bb formations et classes virtuelles ! - Eureka - Train the Trainer\",\"isPartOf\":{\"@id\":\"https:\/\/eureka-tp.com\/#website\"},\"primaryImageOfPage\":{\"@id\":\"https:\/\/eureka-tp.com\/fr\/product\/22idees\/#primaryimage\"},\"image\":{\"@id\":\"https:\/\/eureka-tp.com\/fr\/product\/22idees\/#primaryimage\"},\"thumbnailUrl\":\"https:\/\/eureka-tp.com\/wp-content\/uploads\/2017\/12\/Boring4.jpg\",\"datePublished\":\"2021-08-26T15:36:04+00:00\",\"dateModified\":\"2022-11-20T06:54:42+00:00\",\"breadcrumb\":{\"@id\":\"https:\/\/eureka-tp.com\/fr\/product\/22idees\/#breadcrumb\"},\"inLanguage\":\"fr-FR\",\"potentialAction\":[{\"@type\":\"ReadAction\",\"target\":[\"https:\/\/eureka-tp.com\/fr\/product\/22idees\/\"]}]},{\"@type\":\"ImageObject\",\"inLanguage\":\"fr-FR\",\"@id\":\"https:\/\/eureka-tp.com\/fr\/product\/22idees\/#primaryimage\",\"url\":\"https:\/\/eureka-tp.com\/wp-content\/uploads\/2017\/12\/Boring4.jpg\",\"contentUrl\":\"https:\/\/eureka-tp.com\/wp-content\/uploads\/2017\/12\/Boring4.jpg\",\"width\":744,\"height\":1117},{\"@type\":\"BreadcrumbList\",\"@id\":\"https:\/\/eureka-tp.com\/fr\/product\/22idees\/#breadcrumb\",\"itemListElement\":[{\"@type\":\"ListItem\",\"position\":1,\"name\":\"Home\",\"item\":\"https:\/\/eureka-tp.com\/fr\/\"},{\"@type\":\"ListItem\",\"position\":2,\"name\":\"REPLAY &#8211; Capsule P\u00e9dagogiqueSTOP aux \u00ab\u00a0BORING\u00a0\u00bb formations et classes virtuelles !\"}]},{\"@type\":\"WebSite\",\"@id\":\"https:\/\/eureka-tp.com\/#website\",\"url\":\"https:\/\/eureka-tp.com\/\",\"name\":\"Eureka - Train the Trainer\",\"description\":\"Training for Trainers\",\"potentialAction\":[{\"@type\":\"SearchAction\",\"target\":{\"@type\":\"EntryPoint\",\"urlTemplate\":\"https:\/\/eureka-tp.com\/?s={search_term_string}\"},\"query-input\":{\"@type\":\"PropertyValueSpecification\",\"valueRequired\":true,\"valueName\":\"search_term_string\"}}],\"inLanguage\":\"fr-FR\"}]}<\/script>\n<!-- \/ Yoast SEO plugin. -->","yoast_head_json":{"title":"REPLAY - Capsule P\u00e9dagogiqueSTOP aux \u00ab\u00a0BORING\u00a0\u00bb formations et classes virtuelles ! - Eureka - Train the Trainer","robots":{"index":"index","follow":"follow","max-snippet":"max-snippet:-1","max-image-preview":"max-image-preview:large","max-video-preview":"max-video-preview:-1"},"canonical":"https:\/\/eureka-tp.com\/fr\/product\/22idees\/","og_locale":"fr_FR","og_type":"article","og_title":"REPLAY - Capsule P\u00e9dagogiqueSTOP aux \u00ab\u00a0BORING\u00a0\u00bb formations et classes virtuelles ! - Eureka - Train the Trainer","og_description":"REPLAY - Capsule P\u00e9dagogique 22 id\u00e9es\/activit\u00e9s\/techniques p\u00e9dagogiques pr\u00eates \u00e0 l'emploi   3 nouvelles activit\u00e9s d'ouverture.  5 techniques de transfert pour engager les apprenants au moment des d\u00e9couvertes.  14 activit\u00e9s de pratique pour impliquer les apprenants avec le contenu d\u00e9couvert.  Technique pour faire la diff\u00e9rence entre une r\u00e9activation et une \u00e9valuation.  Activit\u00e9s de r\u00e9activation et de cl\u00f4ture.","og_url":"https:\/\/eureka-tp.com\/fr\/product\/22idees\/","og_site_name":"Eureka - Train the Trainer","article_modified_time":"2022-11-20T06:54:42+00:00","og_image":[{"width":744,"height":1117,"url":"https:\/\/eureka-tp.com\/wp-content\/uploads\/2017\/12\/Boring4.jpg","type":"image\/jpeg"}],"twitter_misc":{"Est. reading time":"1 minute"},"schema":{"@context":"https:\/\/schema.org","@graph":[{"@type":"WebPage","@id":"https:\/\/eureka-tp.com\/fr\/product\/22idees\/","url":"https:\/\/eureka-tp.com\/fr\/product\/22idees\/","name":"REPLAY - Capsule P\u00e9dagogique STOP aux \u00ab\u00a0BORING\u00a0\u00bb formations et classes virtuelles ! - Eureka - Train the Trainer","isPartOf":{"@id":"https:\/\/eureka-tp.com\/#website"},"primaryImageOfPage":{"@id":"https:\/\/eureka-tp.com\/fr\/product\/22idees\/#primaryimage"},"image":{"@id":"https:\/\/eureka-tp.com\/fr\/product\/22idees\/#primaryimage"},"thumbnailUrl":"https:\/\/eureka-tp.com\/wp-content\/uploads\/2017\/12\/Boring4.jpg","datePublished":"2021-08-26T15:36:04+00:00","dateModified":"2022-11-20T06:54:42+00:00","breadcrumb":{"@id":"https:\/\/eureka-tp.com\/fr\/product\/22idees\/#breadcrumb"},"inLanguage":"fr-FR","potentialAction":[{"@type":"ReadAction","target":["https:\/\/eureka-tp.com\/fr\/product\/22idees\/"]}]},{"@type":"ImageObject","inLanguage":"fr-FR","@id":"https:\/\/eureka-tp.com\/fr\/product\/22idees\/#primaryimage","url":"https:\/\/eureka-tp.com\/wp-content\/uploads\/2017\/12\/Boring4.jpg","contentUrl":"https:\/\/eureka-tp.com\/wp-content\/uploads\/2017\/12\/Boring4.jpg","width":744,"height":1117},{"@type":"BreadcrumbList","@id":"https:\/\/eureka-tp.com\/fr\/product\/22idees\/#breadcrumb","itemListElement":[{"@type":"ListItem","position":1,"name":"Home","item":"https:\/\/eureka-tp.com\/fr\/"},{"@type":"ListItem","position":2,"name":"REPLAY &#8211; Capsule P\u00e9dagogiqueSTOP aux \u00ab\u00a0BORING\u00a0\u00bb formations et classes virtuelles !"}]},{"@type":"WebSite","@id":"https:\/\/eureka-tp.com\/#website","url":"https:\/\/eureka-tp.com\/","name":"Eureka - Train the Trainer","description":"Training for Trainers","potentialAction":[{"@type":"SearchAction","target":{"@type":"EntryPoint","urlTemplate":"https:\/\/eureka-tp.com\/?s={search_term_string}"},"query-input":{"@type":"PropertyValueSpecification","valueRequired":true,"valueName":"search_term_string"}}],"inLanguage":"fr-FR"}]}},"_links":{"self":[{"href":"https:\/\/eureka-tp.com\/fr\/wp-json\/wp\/v2\/product\/28338"}],"collection":[{"href":"https:\/\/eureka-tp.com\/fr\/wp-json\/wp\/v2\/product"}],"about":[{"href":"https:\/\/eureka-tp.com\/fr\/wp-json\/wp\/v2\/types\/product"}],"wp:featuredmedia":[{"embeddable":true,"href":"https:\/\/eureka-tp.com\/fr\/wp-json\/wp\/v2\/media\/5099"}],"wp:attachment":[{"href":"https:\/\/eureka-tp.com\/fr\/wp-json\/wp\/v2\/media?parent=28338"}],"wp:term":[{"taxonomy":"product_cat","embeddable":true,"href":"https:\/\/eureka-tp.com\/fr\/wp-json\/wp\/v2\/product_cat?post=28338"},{"taxonomy":"product_tag","embeddable":true,"href":"https:\/\/eureka-tp.com\/fr\/wp-json\/wp\/v2\/product_tag?post=28338"}],"curies":[{"name":"wp","href":"https:\/\/api.w.org\/{rel}","templated":true}]}}