{"id":29196,"date":"2021-08-26T16:36:04","date_gmt":"2021-08-26T15:36:04","guid":{"rendered":"https:\/\/eureka-tp.com\/product\/7moyens-2\/"},"modified":"2022-11-20T06:32:28","modified_gmt":"2022-11-20T06:32:28","slug":"slidesinters","status":"publish","type":"product","link":"https:\/\/eureka-tp.com\/fr\/product\/slidesinters\/","title":{"rendered":"REPLAY &#8211; Capsule P\u00e9dagogique<br><br><h4><p style=\"color:blue;\">Cr\u00e9er et utiliser des slides interactives lors d&#8217;une animation sur MS TEAMS<\/p><\/h4>"},"content":{"rendered":"<div class=\"pbs-main-wrapper\"><p>Id\u00e9al pour une e.formation classe virtuelle ou une e.r\u00e9union (r\u00e9union virtuelle) facilit\u00e9es sur TEAMS<\/p>\n<h3><strong>Bonus :<\/strong><\/h3>\n<p>Cr\u00e9er des documents interactifs dans PowerPoint avec des zones de texte cliquables pour que vos participants puissent les compl\u00e9ter au fur et \u00e0 mesure de la e.formation ou d&#8217;une e.r\u00e9union.<\/p>\n<\/div>","protected":false},"excerpt":{"rendered":"<h3>REPLAY &#8211; Capsule P\u00e9dagogique !<\/h3>\n<h3><strong>Cr\u00e9er et utiliser des slides interactives lors d&#8217;une animation sur MS TEAMS :<\/strong><\/h3>\n<ul>\n<li>Partager des slides sur lesquelles tous les apprenants peuvent collaborer en m\u00eame temps.<\/li>\n<li>Cr\u00e9er des slides interactives avec des zones \u00ab fixes \u00bb et \u00ab immobiles \u00bb pour que les apprenants puissent ajouter leurs id\u00e9es via du texte et des formes.<\/li>\n<li>Cr\u00e9er des slides interactives avec des \u00e9l\u00e9ments \u00ab fixes \u00bb et \u00ab mobiles \u00bb qui permettent aux apprenants de d\u00e9placer des objets pour les classer, les s\u00e9quencer, etc<\/li>\n<\/ul>\n","protected":false},"featured_media":29119,"template":"","meta":{"_genesis_hide_title":false,"_genesis_hide_breadcrumbs":false,"_genesis_hide_singular_image":false,"_genesis_hide_footer_widgets":false,"_genesis_custom_body_class":"","_genesis_custom_post_class":"","_genesis_layout":"","episode_type":"","audio_file":"","cover_image":"","cover_image_id":"","duration":"","filesize":"","date_recorded":"","explicit":"","block":"","itunes_episode_number":"","itunes_title":"","itunes_season_number":"","itunes_episode_type":"","filesize_raw":""},"product_cat":[197],"product_tag":[],"class_list":{"0":"post-29196","1":"product","2":"type-product","3":"status-publish","4":"has-post-thumbnail","6":"product_cat-club-formateurs","7":"entry"},"yoast_head":"<!-- This site is optimized with the Yoast SEO plugin v23.9 - https:\/\/yoast.com\/wordpress\/plugins\/seo\/ -->\n<title>REPLAY - Capsule P\u00e9dagogiqueCr\u00e9er et utiliser des slides interactives lors d&#039;une animation sur MS TEAMS - Eureka - Train the Trainer<\/title>\n<meta name=\"robots\" content=\"index, follow, max-snippet:-1, max-image-preview:large, max-video-preview:-1\" \/>\n<link rel=\"canonical\" href=\"https:\/\/eureka-tp.com\/fr\/product\/slidesinters\/\" \/>\n<meta property=\"og:locale\" content=\"fr_FR\" \/>\n<meta property=\"og:type\" content=\"article\" \/>\n<meta property=\"og:title\" content=\"REPLAY - Capsule P\u00e9dagogiqueCr\u00e9er et utiliser des slides interactives lors d&#039;une animation sur MS TEAMS - Eureka - Train the Trainer\" \/>\n<meta property=\"og:description\" content=\"REPLAY - Capsule P\u00e9dagogique ! Cr\u00e9er et utiliser des slides interactives lors d&#039;une animation sur MS TEAMS :   Partager des slides sur lesquelles tous les apprenants peuvent collaborer en m\u00eame temps.  Cr\u00e9er des slides interactives avec des zones \u00ab fixes \u00bb et \u00ab immobiles \u00bb pour que les apprenants puissent ajouter leurs id\u00e9es via du texte et des formes.  Cr\u00e9er des slides interactives avec des \u00e9l\u00e9ments \u00ab fixes \u00bb et \u00ab mobiles \u00bb qui permettent aux apprenants de d\u00e9placer des objets pour les classer, les s\u00e9quencer, etc\" \/>\n<meta property=\"og:url\" content=\"https:\/\/eureka-tp.com\/fr\/product\/slidesinters\/\" \/>\n<meta property=\"og:site_name\" content=\"Eureka - Train the Trainer\" \/>\n<meta property=\"article:modified_time\" content=\"2022-11-20T06:32:28+00:00\" \/>\n<meta property=\"og:image\" content=\"https:\/\/eureka-tp.com\/wp-content\/uploads\/2022\/02\/InteractiveSlides-Teams-smallboarder.jpg\" \/>\n\t<meta property=\"og:image:width\" content=\"843\" \/>\n\t<meta property=\"og:image:height\" content=\"826\" \/>\n\t<meta property=\"og:image:type\" content=\"image\/jpeg\" \/>\n<meta name=\"twitter:label1\" content=\"Est. reading time\" \/>\n\t<meta name=\"twitter:data1\" content=\"1 minute\" \/>\n<script type=\"application\/ld+json\" class=\"yoast-schema-graph\">{\"@context\":\"https:\/\/schema.org\",\"@graph\":[{\"@type\":\"WebPage\",\"@id\":\"https:\/\/eureka-tp.com\/fr\/product\/slidesinters\/\",\"url\":\"https:\/\/eureka-tp.com\/fr\/product\/slidesinters\/\",\"name\":\"REPLAY - Capsule P\u00e9dagogique Cr\u00e9er et utiliser des slides interactives lors d'une animation sur MS TEAMS - Eureka - Train the Trainer\",\"isPartOf\":{\"@id\":\"https:\/\/eureka-tp.com\/#website\"},\"primaryImageOfPage\":{\"@id\":\"https:\/\/eureka-tp.com\/fr\/product\/slidesinters\/#primaryimage\"},\"image\":{\"@id\":\"https:\/\/eureka-tp.com\/fr\/product\/slidesinters\/#primaryimage\"},\"thumbnailUrl\":\"https:\/\/eureka-tp.com\/wp-content\/uploads\/2022\/02\/InteractiveSlides-Teams-smallboarder.jpg\",\"datePublished\":\"2021-08-26T15:36:04+00:00\",\"dateModified\":\"2022-11-20T06:32:28+00:00\",\"breadcrumb\":{\"@id\":\"https:\/\/eureka-tp.com\/fr\/product\/slidesinters\/#breadcrumb\"},\"inLanguage\":\"fr-FR\",\"potentialAction\":[{\"@type\":\"ReadAction\",\"target\":[\"https:\/\/eureka-tp.com\/fr\/product\/slidesinters\/\"]}]},{\"@type\":\"ImageObject\",\"inLanguage\":\"fr-FR\",\"@id\":\"https:\/\/eureka-tp.com\/fr\/product\/slidesinters\/#primaryimage\",\"url\":\"https:\/\/eureka-tp.com\/wp-content\/uploads\/2022\/02\/InteractiveSlides-Teams-smallboarder.jpg\",\"contentUrl\":\"https:\/\/eureka-tp.com\/wp-content\/uploads\/2022\/02\/InteractiveSlides-Teams-smallboarder.jpg\",\"width\":843,\"height\":826},{\"@type\":\"BreadcrumbList\",\"@id\":\"https:\/\/eureka-tp.com\/fr\/product\/slidesinters\/#breadcrumb\",\"itemListElement\":[{\"@type\":\"ListItem\",\"position\":1,\"name\":\"Home\",\"item\":\"https:\/\/eureka-tp.com\/fr\/\"},{\"@type\":\"ListItem\",\"position\":2,\"name\":\"REPLAY &#8211; Capsule P\u00e9dagogiqueCr\u00e9er et utiliser des slides interactives lors d&#8217;une animation sur MS TEAMS\"}]},{\"@type\":\"WebSite\",\"@id\":\"https:\/\/eureka-tp.com\/#website\",\"url\":\"https:\/\/eureka-tp.com\/\",\"name\":\"Eureka - Train the Trainer\",\"description\":\"Training for Trainers\",\"potentialAction\":[{\"@type\":\"SearchAction\",\"target\":{\"@type\":\"EntryPoint\",\"urlTemplate\":\"https:\/\/eureka-tp.com\/?s={search_term_string}\"},\"query-input\":{\"@type\":\"PropertyValueSpecification\",\"valueRequired\":true,\"valueName\":\"search_term_string\"}}],\"inLanguage\":\"fr-FR\"}]}<\/script>\n<!-- \/ Yoast SEO plugin. -->","yoast_head_json":{"title":"REPLAY - Capsule P\u00e9dagogiqueCr\u00e9er et utiliser des slides interactives lors d'une animation sur MS TEAMS - Eureka - Train the Trainer","robots":{"index":"index","follow":"follow","max-snippet":"max-snippet:-1","max-image-preview":"max-image-preview:large","max-video-preview":"max-video-preview:-1"},"canonical":"https:\/\/eureka-tp.com\/fr\/product\/slidesinters\/","og_locale":"fr_FR","og_type":"article","og_title":"REPLAY - Capsule P\u00e9dagogiqueCr\u00e9er et utiliser des slides interactives lors d'une animation sur MS TEAMS - Eureka - Train the Trainer","og_description":"REPLAY - Capsule P\u00e9dagogique ! Cr\u00e9er et utiliser des slides interactives lors d'une animation sur MS TEAMS :   Partager des slides sur lesquelles tous les apprenants peuvent collaborer en m\u00eame temps.  Cr\u00e9er des slides interactives avec des zones \u00ab fixes \u00bb et \u00ab immobiles \u00bb pour que les apprenants puissent ajouter leurs id\u00e9es via du texte et des formes.  Cr\u00e9er des slides interactives avec des \u00e9l\u00e9ments \u00ab fixes \u00bb et \u00ab mobiles \u00bb qui permettent aux apprenants de d\u00e9placer des objets pour les classer, les s\u00e9quencer, etc","og_url":"https:\/\/eureka-tp.com\/fr\/product\/slidesinters\/","og_site_name":"Eureka - Train the Trainer","article_modified_time":"2022-11-20T06:32:28+00:00","og_image":[{"width":843,"height":826,"url":"https:\/\/eureka-tp.com\/wp-content\/uploads\/2022\/02\/InteractiveSlides-Teams-smallboarder.jpg","type":"image\/jpeg"}],"twitter_misc":{"Est. reading time":"1 minute"},"schema":{"@context":"https:\/\/schema.org","@graph":[{"@type":"WebPage","@id":"https:\/\/eureka-tp.com\/fr\/product\/slidesinters\/","url":"https:\/\/eureka-tp.com\/fr\/product\/slidesinters\/","name":"REPLAY - Capsule P\u00e9dagogique Cr\u00e9er et utiliser des slides interactives lors d'une animation sur MS TEAMS - Eureka - Train the Trainer","isPartOf":{"@id":"https:\/\/eureka-tp.com\/#website"},"primaryImageOfPage":{"@id":"https:\/\/eureka-tp.com\/fr\/product\/slidesinters\/#primaryimage"},"image":{"@id":"https:\/\/eureka-tp.com\/fr\/product\/slidesinters\/#primaryimage"},"thumbnailUrl":"https:\/\/eureka-tp.com\/wp-content\/uploads\/2022\/02\/InteractiveSlides-Teams-smallboarder.jpg","datePublished":"2021-08-26T15:36:04+00:00","dateModified":"2022-11-20T06:32:28+00:00","breadcrumb":{"@id":"https:\/\/eureka-tp.com\/fr\/product\/slidesinters\/#breadcrumb"},"inLanguage":"fr-FR","potentialAction":[{"@type":"ReadAction","target":["https:\/\/eureka-tp.com\/fr\/product\/slidesinters\/"]}]},{"@type":"ImageObject","inLanguage":"fr-FR","@id":"https:\/\/eureka-tp.com\/fr\/product\/slidesinters\/#primaryimage","url":"https:\/\/eureka-tp.com\/wp-content\/uploads\/2022\/02\/InteractiveSlides-Teams-smallboarder.jpg","contentUrl":"https:\/\/eureka-tp.com\/wp-content\/uploads\/2022\/02\/InteractiveSlides-Teams-smallboarder.jpg","width":843,"height":826},{"@type":"BreadcrumbList","@id":"https:\/\/eureka-tp.com\/fr\/product\/slidesinters\/#breadcrumb","itemListElement":[{"@type":"ListItem","position":1,"name":"Home","item":"https:\/\/eureka-tp.com\/fr\/"},{"@type":"ListItem","position":2,"name":"REPLAY &#8211; Capsule P\u00e9dagogiqueCr\u00e9er et utiliser des slides interactives lors d&#8217;une animation sur MS TEAMS"}]},{"@type":"WebSite","@id":"https:\/\/eureka-tp.com\/#website","url":"https:\/\/eureka-tp.com\/","name":"Eureka - Train the Trainer","description":"Training for Trainers","potentialAction":[{"@type":"SearchAction","target":{"@type":"EntryPoint","urlTemplate":"https:\/\/eureka-tp.com\/?s={search_term_string}"},"query-input":{"@type":"PropertyValueSpecification","valueRequired":true,"valueName":"search_term_string"}}],"inLanguage":"fr-FR"}]}},"_links":{"self":[{"href":"https:\/\/eureka-tp.com\/fr\/wp-json\/wp\/v2\/product\/29196"}],"collection":[{"href":"https:\/\/eureka-tp.com\/fr\/wp-json\/wp\/v2\/product"}],"about":[{"href":"https:\/\/eureka-tp.com\/fr\/wp-json\/wp\/v2\/types\/product"}],"wp:featuredmedia":[{"embeddable":true,"href":"https:\/\/eureka-tp.com\/fr\/wp-json\/wp\/v2\/media\/29119"}],"wp:attachment":[{"href":"https:\/\/eureka-tp.com\/fr\/wp-json\/wp\/v2\/media?parent=29196"}],"wp:term":[{"taxonomy":"product_cat","embeddable":true,"href":"https:\/\/eureka-tp.com\/fr\/wp-json\/wp\/v2\/product_cat?post=29196"},{"taxonomy":"product_tag","embeddable":true,"href":"https:\/\/eureka-tp.com\/fr\/wp-json\/wp\/v2\/product_tag?post=29196"}],"curies":[{"name":"wp","href":"https:\/\/api.w.org\/{rel}","templated":true}]}}