{"id":32396,"date":"2021-08-26T16:36:04","date_gmt":"2021-08-26T15:36:04","guid":{"rendered":"https:\/\/eureka-tp.com\/product\/7outilspeda-2\/"},"modified":"2023-12-06T05:30:56","modified_gmt":"2023-12-06T05:30:56","slug":"21ideesonline","status":"publish","type":"product","link":"https:\/\/eureka-tp.com\/fr\/product\/21ideesonline\/","title":{"rendered":"21 id\u00e9es, activit\u00e9s et techniques p\u00e9dagogiques pr\u00eates \u00e0 l&#8217;emploi<br><br><h4><p style=\"color:blue;\">3 heures en ligne et en direct pour compl\u00e9ter sa boite \u00e0 outils<\/p><\/h4>"},"content":{"rendered":"<div class=\"pbs-main-wrapper\"><\/div>","protected":false},"excerpt":{"rendered":"<p><strong>RESSOURCE PEDAGOGIQUE &#8211; REPLAY<\/strong> <strong>Classe Virtuelle participative et collaborative.<\/strong><\/p>\n<p><strong>21 nouvelles id\u00e9es, activit\u00e9s et techniques p\u00e9dagogiques pr\u00eates \u00e0 l&#8217;emploi<\/strong> pour capter et maintenir l&#8217;attention, pour engager et impliquer les apprenants avec son contenu, pour les surprendre et les rendre curieux tout au long d&#8217;un programme p\u00e9dagogique en ligne et en direct &#8211; Classe Virtuelle.<\/p>\n","protected":false},"featured_media":34001,"template":"","meta":{"_genesis_hide_title":false,"_genesis_hide_breadcrumbs":false,"_genesis_hide_singular_image":false,"_genesis_hide_footer_widgets":false,"_genesis_custom_body_class":"","_genesis_custom_post_class":"","_genesis_layout":"","episode_type":"","audio_file":"","cover_image":"","cover_image_id":"","duration":"","filesize":"","date_recorded":"","explicit":"","block":"","itunes_episode_number":"","itunes_title":"","itunes_season_number":"","itunes_episode_type":"","filesize_raw":""},"product_cat":[197],"product_tag":[],"class_list":{"0":"post-32396","1":"product","2":"type-product","3":"status-publish","4":"has-post-thumbnail","6":"product_cat-club-formateurs","7":"entry"},"yoast_head":"<!-- This site is optimized with the Yoast SEO plugin v23.9 - https:\/\/yoast.com\/wordpress\/plugins\/seo\/ -->\n<title>21 id\u00e9es, activit\u00e9s et techniques p\u00e9dagogiques pr\u00eates \u00e0 l&#039;emploi3 heures en ligne et en direct pour compl\u00e9ter sa boite \u00e0 outils - Eureka - Train the Trainer<\/title>\n<meta name=\"robots\" content=\"index, follow, max-snippet:-1, max-image-preview:large, max-video-preview:-1\" \/>\n<link rel=\"canonical\" href=\"https:\/\/eureka-tp.com\/fr\/product\/21ideesonline\/\" \/>\n<meta property=\"og:locale\" content=\"fr_FR\" \/>\n<meta property=\"og:type\" content=\"article\" \/>\n<meta property=\"og:title\" content=\"21 id\u00e9es, activit\u00e9s et techniques p\u00e9dagogiques pr\u00eates \u00e0 l&#039;emploi3 heures en ligne et en direct pour compl\u00e9ter sa boite \u00e0 outils - Eureka - Train the Trainer\" \/>\n<meta property=\"og:description\" content=\"RESSOURCE PEDAGOGIQUE - REPLAY Classe Virtuelle participative et collaborative.  21 nouvelles id\u00e9es, activit\u00e9s et techniques p\u00e9dagogiques pr\u00eates \u00e0 l&#039;emploi pour capter et maintenir l&#039;attention, pour engager et impliquer les apprenants avec son contenu, pour les surprendre et les rendre curieux tout au long d&#039;un programme p\u00e9dagogique en ligne et en direct - Classe Virtuelle.\" \/>\n<meta property=\"og:url\" content=\"https:\/\/eureka-tp.com\/fr\/product\/21ideesonline\/\" \/>\n<meta property=\"og:site_name\" content=\"Eureka - Train the Trainer\" \/>\n<meta property=\"article:modified_time\" content=\"2023-12-06T05:30:56+00:00\" \/>\n<meta property=\"og:image\" content=\"https:\/\/eureka-tp.com\/wp-content\/uploads\/2022\/11\/photocvnov22-1.jpg\" \/>\n\t<meta property=\"og:image:width\" content=\"1000\" \/>\n\t<meta property=\"og:image:height\" content=\"667\" \/>\n\t<meta property=\"og:image:type\" content=\"image\/jpeg\" \/>\n<script type=\"application\/ld+json\" class=\"yoast-schema-graph\">{\"@context\":\"https:\/\/schema.org\",\"@graph\":[{\"@type\":\"WebPage\",\"@id\":\"https:\/\/eureka-tp.com\/fr\/product\/21ideesonline\/\",\"url\":\"https:\/\/eureka-tp.com\/fr\/product\/21ideesonline\/\",\"name\":\"21 id\u00e9es, activit\u00e9s et techniques p\u00e9dagogiques pr\u00eates \u00e0 l'emploi 3 heures en ligne et en direct pour compl\u00e9ter sa boite \u00e0 outils - Eureka - Train the Trainer\",\"isPartOf\":{\"@id\":\"https:\/\/eureka-tp.com\/#website\"},\"primaryImageOfPage\":{\"@id\":\"https:\/\/eureka-tp.com\/fr\/product\/21ideesonline\/#primaryimage\"},\"image\":{\"@id\":\"https:\/\/eureka-tp.com\/fr\/product\/21ideesonline\/#primaryimage\"},\"thumbnailUrl\":\"https:\/\/eureka-tp.com\/wp-content\/uploads\/2022\/11\/photocvnov22-1.jpg\",\"datePublished\":\"2021-08-26T15:36:04+00:00\",\"dateModified\":\"2023-12-06T05:30:56+00:00\",\"breadcrumb\":{\"@id\":\"https:\/\/eureka-tp.com\/fr\/product\/21ideesonline\/#breadcrumb\"},\"inLanguage\":\"fr-FR\",\"potentialAction\":[{\"@type\":\"ReadAction\",\"target\":[\"https:\/\/eureka-tp.com\/fr\/product\/21ideesonline\/\"]}]},{\"@type\":\"ImageObject\",\"inLanguage\":\"fr-FR\",\"@id\":\"https:\/\/eureka-tp.com\/fr\/product\/21ideesonline\/#primaryimage\",\"url\":\"https:\/\/eureka-tp.com\/wp-content\/uploads\/2022\/11\/photocvnov22-1.jpg\",\"contentUrl\":\"https:\/\/eureka-tp.com\/wp-content\/uploads\/2022\/11\/photocvnov22-1.jpg\",\"width\":1000,\"height\":667},{\"@type\":\"BreadcrumbList\",\"@id\":\"https:\/\/eureka-tp.com\/fr\/product\/21ideesonline\/#breadcrumb\",\"itemListElement\":[{\"@type\":\"ListItem\",\"position\":1,\"name\":\"Home\",\"item\":\"https:\/\/eureka-tp.com\/fr\/\"},{\"@type\":\"ListItem\",\"position\":2,\"name\":\"21 id\u00e9es, activit\u00e9s et techniques p\u00e9dagogiques pr\u00eates \u00e0 l&#8217;emploi3 heures en ligne et en direct pour compl\u00e9ter sa boite \u00e0 outils\"}]},{\"@type\":\"WebSite\",\"@id\":\"https:\/\/eureka-tp.com\/#website\",\"url\":\"https:\/\/eureka-tp.com\/\",\"name\":\"Eureka - Train the Trainer\",\"description\":\"Training for Trainers\",\"potentialAction\":[{\"@type\":\"SearchAction\",\"target\":{\"@type\":\"EntryPoint\",\"urlTemplate\":\"https:\/\/eureka-tp.com\/?s={search_term_string}\"},\"query-input\":{\"@type\":\"PropertyValueSpecification\",\"valueRequired\":true,\"valueName\":\"search_term_string\"}}],\"inLanguage\":\"fr-FR\"}]}<\/script>\n<!-- \/ Yoast SEO plugin. -->","yoast_head_json":{"title":"21 id\u00e9es, activit\u00e9s et techniques p\u00e9dagogiques pr\u00eates \u00e0 l'emploi3 heures en ligne et en direct pour compl\u00e9ter sa boite \u00e0 outils - Eureka - Train the Trainer","robots":{"index":"index","follow":"follow","max-snippet":"max-snippet:-1","max-image-preview":"max-image-preview:large","max-video-preview":"max-video-preview:-1"},"canonical":"https:\/\/eureka-tp.com\/fr\/product\/21ideesonline\/","og_locale":"fr_FR","og_type":"article","og_title":"21 id\u00e9es, activit\u00e9s et techniques p\u00e9dagogiques pr\u00eates \u00e0 l'emploi3 heures en ligne et en direct pour compl\u00e9ter sa boite \u00e0 outils - Eureka - Train the Trainer","og_description":"RESSOURCE PEDAGOGIQUE - REPLAY Classe Virtuelle participative et collaborative.  21 nouvelles id\u00e9es, activit\u00e9s et techniques p\u00e9dagogiques pr\u00eates \u00e0 l'emploi pour capter et maintenir l'attention, pour engager et impliquer les apprenants avec son contenu, pour les surprendre et les rendre curieux tout au long d'un programme p\u00e9dagogique en ligne et en direct - Classe Virtuelle.","og_url":"https:\/\/eureka-tp.com\/fr\/product\/21ideesonline\/","og_site_name":"Eureka - Train the Trainer","article_modified_time":"2023-12-06T05:30:56+00:00","og_image":[{"width":1000,"height":667,"url":"https:\/\/eureka-tp.com\/wp-content\/uploads\/2022\/11\/photocvnov22-1.jpg","type":"image\/jpeg"}],"schema":{"@context":"https:\/\/schema.org","@graph":[{"@type":"WebPage","@id":"https:\/\/eureka-tp.com\/fr\/product\/21ideesonline\/","url":"https:\/\/eureka-tp.com\/fr\/product\/21ideesonline\/","name":"21 id\u00e9es, activit\u00e9s et techniques p\u00e9dagogiques pr\u00eates \u00e0 l'emploi 3 heures en ligne et en direct pour compl\u00e9ter sa boite \u00e0 outils - Eureka - Train the Trainer","isPartOf":{"@id":"https:\/\/eureka-tp.com\/#website"},"primaryImageOfPage":{"@id":"https:\/\/eureka-tp.com\/fr\/product\/21ideesonline\/#primaryimage"},"image":{"@id":"https:\/\/eureka-tp.com\/fr\/product\/21ideesonline\/#primaryimage"},"thumbnailUrl":"https:\/\/eureka-tp.com\/wp-content\/uploads\/2022\/11\/photocvnov22-1.jpg","datePublished":"2021-08-26T15:36:04+00:00","dateModified":"2023-12-06T05:30:56+00:00","breadcrumb":{"@id":"https:\/\/eureka-tp.com\/fr\/product\/21ideesonline\/#breadcrumb"},"inLanguage":"fr-FR","potentialAction":[{"@type":"ReadAction","target":["https:\/\/eureka-tp.com\/fr\/product\/21ideesonline\/"]}]},{"@type":"ImageObject","inLanguage":"fr-FR","@id":"https:\/\/eureka-tp.com\/fr\/product\/21ideesonline\/#primaryimage","url":"https:\/\/eureka-tp.com\/wp-content\/uploads\/2022\/11\/photocvnov22-1.jpg","contentUrl":"https:\/\/eureka-tp.com\/wp-content\/uploads\/2022\/11\/photocvnov22-1.jpg","width":1000,"height":667},{"@type":"BreadcrumbList","@id":"https:\/\/eureka-tp.com\/fr\/product\/21ideesonline\/#breadcrumb","itemListElement":[{"@type":"ListItem","position":1,"name":"Home","item":"https:\/\/eureka-tp.com\/fr\/"},{"@type":"ListItem","position":2,"name":"21 id\u00e9es, activit\u00e9s et techniques p\u00e9dagogiques pr\u00eates \u00e0 l&#8217;emploi3 heures en ligne et en direct pour compl\u00e9ter sa boite \u00e0 outils"}]},{"@type":"WebSite","@id":"https:\/\/eureka-tp.com\/#website","url":"https:\/\/eureka-tp.com\/","name":"Eureka - Train the Trainer","description":"Training for Trainers","potentialAction":[{"@type":"SearchAction","target":{"@type":"EntryPoint","urlTemplate":"https:\/\/eureka-tp.com\/?s={search_term_string}"},"query-input":{"@type":"PropertyValueSpecification","valueRequired":true,"valueName":"search_term_string"}}],"inLanguage":"fr-FR"}]}},"_links":{"self":[{"href":"https:\/\/eureka-tp.com\/fr\/wp-json\/wp\/v2\/product\/32396"}],"collection":[{"href":"https:\/\/eureka-tp.com\/fr\/wp-json\/wp\/v2\/product"}],"about":[{"href":"https:\/\/eureka-tp.com\/fr\/wp-json\/wp\/v2\/types\/product"}],"wp:featuredmedia":[{"embeddable":true,"href":"https:\/\/eureka-tp.com\/fr\/wp-json\/wp\/v2\/media\/34001"}],"wp:attachment":[{"href":"https:\/\/eureka-tp.com\/fr\/wp-json\/wp\/v2\/media?parent=32396"}],"wp:term":[{"taxonomy":"product_cat","embeddable":true,"href":"https:\/\/eureka-tp.com\/fr\/wp-json\/wp\/v2\/product_cat?post=32396"},{"taxonomy":"product_tag","embeddable":true,"href":"https:\/\/eureka-tp.com\/fr\/wp-json\/wp\/v2\/product_tag?post=32396"}],"curies":[{"name":"wp","href":"https:\/\/api.w.org\/{rel}","templated":true}]}}