{"id":32414,"date":"2021-08-26T16:36:04","date_gmt":"2021-08-26T15:36:04","guid":{"rendered":"https:\/\/eureka-tp.com\/product\/21ideespresentiel-2\/"},"modified":"2022-11-15T07:25:39","modified_gmt":"2022-11-15T07:25:39","slug":"21ideesmarseille","status":"publish","type":"product","link":"https:\/\/eureka-tp.com\/fr\/product\/21ideesmarseille\/","title":{"rendered":"MARSEILLE &#8211; Ajouter du panache \u00e0 ses formation gr\u00e2ce \u00e0 21 id\u00e9es, activit\u00e9s et techniques p\u00e9dagogiques pr\u00eates \u00e0 l&#8217;emploi<br><br><h4><p style=\"color:blue;\">3 heures en pr\u00e9sentiel pour compl\u00e9ter sa boite \u00e0 outils<\/p><\/h4>"},"content":{"rendered":"<div class=\"pbs-main-wrapper\"><\/div>","protected":false},"excerpt":{"rendered":"<p><span class=\"cf0\"><strong>MARSEILLE<\/strong> &#8211; Mardi 20 d\u00e9cembre 22 de 9h \u00e0 midi<\/span><\/p>\n<p><strong>21 nouvelles id\u00e9es, activit\u00e9s et techniques p\u00e9dagogiques pr\u00eates \u00e0 l&#8217;emploi<\/strong> pour capter et maintenir l&#8217;attention, pour engager et impliquer les apprenants avec son contenu, pour les surprendre et les rendre curieux tout au long d&#8217;un programme p\u00e9dagogique en pr<span class=\"cf0\">\u00e9<\/span>sentiel &#8211; Face to Face.<\/p>\n","protected":false},"featured_media":0,"template":"","meta":{"_genesis_hide_title":false,"_genesis_hide_breadcrumbs":false,"_genesis_hide_singular_image":false,"_genesis_hide_footer_widgets":false,"_genesis_custom_body_class":"","_genesis_custom_post_class":"","_genesis_layout":"","episode_type":"","audio_file":"","cover_image":"","cover_image_id":"","duration":"","filesize":"","date_recorded":"","explicit":"","block":"","itunes_episode_number":"","itunes_title":"","itunes_season_number":"","itunes_episode_type":"","filesize_raw":""},"product_cat":[184],"product_tag":[],"class_list":{"0":"post-32414","1":"product","2":"type-product","3":"status-publish","5":"product_cat-frenchworkshop","6":"entry"},"yoast_head":"<!-- This site is optimized with the Yoast SEO plugin v23.9 - https:\/\/yoast.com\/wordpress\/plugins\/seo\/ -->\n<title>MARSEILLE - Ajouter du panache \u00e0 ses formation gr\u00e2ce \u00e0 21 id\u00e9es, activit\u00e9s et techniques p\u00e9dagogiques pr\u00eates \u00e0 l&#039;emploi3 heures en pr\u00e9sentiel pour compl\u00e9ter sa boite \u00e0 outils - Eureka - Train the Trainer<\/title>\n<meta name=\"robots\" content=\"index, follow, max-snippet:-1, max-image-preview:large, max-video-preview:-1\" \/>\n<link rel=\"canonical\" href=\"https:\/\/eureka-tp.com\/fr\/product\/21ideesmarseille\/\" \/>\n<meta property=\"og:locale\" content=\"fr_FR\" \/>\n<meta property=\"og:type\" content=\"article\" \/>\n<meta property=\"og:title\" content=\"MARSEILLE - Ajouter du panache \u00e0 ses formation gr\u00e2ce \u00e0 21 id\u00e9es, activit\u00e9s et techniques p\u00e9dagogiques pr\u00eates \u00e0 l&#039;emploi3 heures en pr\u00e9sentiel pour compl\u00e9ter sa boite \u00e0 outils - Eureka - Train the Trainer\" \/>\n<meta property=\"og:description\" content=\"MARSEILLE - Mardi 20 d\u00e9cembre 22 de 9h \u00e0 midi  21 nouvelles id\u00e9es, activit\u00e9s et techniques p\u00e9dagogiques pr\u00eates \u00e0 l&#039;emploi pour capter et maintenir l&#039;attention, pour engager et impliquer les apprenants avec son contenu, pour les surprendre et les rendre curieux tout au long d&#039;un programme p\u00e9dagogique en pr\u00e9sentiel - Face to Face.\" \/>\n<meta property=\"og:url\" content=\"https:\/\/eureka-tp.com\/fr\/product\/21ideesmarseille\/\" \/>\n<meta property=\"og:site_name\" content=\"Eureka - Train the Trainer\" \/>\n<meta property=\"article:modified_time\" content=\"2022-11-15T07:25:39+00:00\" \/>\n<script type=\"application\/ld+json\" class=\"yoast-schema-graph\">{\"@context\":\"https:\/\/schema.org\",\"@graph\":[{\"@type\":\"WebPage\",\"@id\":\"https:\/\/eureka-tp.com\/fr\/product\/21ideesmarseille\/\",\"url\":\"https:\/\/eureka-tp.com\/fr\/product\/21ideesmarseille\/\",\"name\":\"MARSEILLE - Ajouter du panache \u00e0 ses formation gr\u00e2ce \u00e0 21 id\u00e9es, activit\u00e9s et techniques p\u00e9dagogiques pr\u00eates \u00e0 l'emploi 3 heures en pr\u00e9sentiel pour compl\u00e9ter sa boite \u00e0 outils - Eureka - Train the Trainer\",\"isPartOf\":{\"@id\":\"https:\/\/eureka-tp.com\/#website\"},\"datePublished\":\"2021-08-26T15:36:04+00:00\",\"dateModified\":\"2022-11-15T07:25:39+00:00\",\"breadcrumb\":{\"@id\":\"https:\/\/eureka-tp.com\/fr\/product\/21ideesmarseille\/#breadcrumb\"},\"inLanguage\":\"fr-FR\",\"potentialAction\":[{\"@type\":\"ReadAction\",\"target\":[\"https:\/\/eureka-tp.com\/fr\/product\/21ideesmarseille\/\"]}]},{\"@type\":\"BreadcrumbList\",\"@id\":\"https:\/\/eureka-tp.com\/fr\/product\/21ideesmarseille\/#breadcrumb\",\"itemListElement\":[{\"@type\":\"ListItem\",\"position\":1,\"name\":\"Home\",\"item\":\"https:\/\/eureka-tp.com\/fr\/\"},{\"@type\":\"ListItem\",\"position\":2,\"name\":\"MARSEILLE &#8211; Ajouter du panache \u00e0 ses formation gr\u00e2ce \u00e0 21 id\u00e9es, activit\u00e9s et techniques p\u00e9dagogiques pr\u00eates \u00e0 l&#8217;emploi3 heures en pr\u00e9sentiel pour compl\u00e9ter sa boite \u00e0 outils\"}]},{\"@type\":\"WebSite\",\"@id\":\"https:\/\/eureka-tp.com\/#website\",\"url\":\"https:\/\/eureka-tp.com\/\",\"name\":\"Eureka - Train the Trainer\",\"description\":\"Training for Trainers\",\"potentialAction\":[{\"@type\":\"SearchAction\",\"target\":{\"@type\":\"EntryPoint\",\"urlTemplate\":\"https:\/\/eureka-tp.com\/?s={search_term_string}\"},\"query-input\":{\"@type\":\"PropertyValueSpecification\",\"valueRequired\":true,\"valueName\":\"search_term_string\"}}],\"inLanguage\":\"fr-FR\"}]}<\/script>\n<!-- \/ Yoast SEO plugin. -->","yoast_head_json":{"title":"MARSEILLE - Ajouter du panache \u00e0 ses formation gr\u00e2ce \u00e0 21 id\u00e9es, activit\u00e9s et techniques p\u00e9dagogiques pr\u00eates \u00e0 l'emploi3 heures en pr\u00e9sentiel pour compl\u00e9ter sa boite \u00e0 outils - Eureka - Train the Trainer","robots":{"index":"index","follow":"follow","max-snippet":"max-snippet:-1","max-image-preview":"max-image-preview:large","max-video-preview":"max-video-preview:-1"},"canonical":"https:\/\/eureka-tp.com\/fr\/product\/21ideesmarseille\/","og_locale":"fr_FR","og_type":"article","og_title":"MARSEILLE - Ajouter du panache \u00e0 ses formation gr\u00e2ce \u00e0 21 id\u00e9es, activit\u00e9s et techniques p\u00e9dagogiques pr\u00eates \u00e0 l'emploi3 heures en pr\u00e9sentiel pour compl\u00e9ter sa boite \u00e0 outils - Eureka - Train the Trainer","og_description":"MARSEILLE - Mardi 20 d\u00e9cembre 22 de 9h \u00e0 midi  21 nouvelles id\u00e9es, activit\u00e9s et techniques p\u00e9dagogiques pr\u00eates \u00e0 l'emploi pour capter et maintenir l'attention, pour engager et impliquer les apprenants avec son contenu, pour les surprendre et les rendre curieux tout au long d'un programme p\u00e9dagogique en pr\u00e9sentiel - Face to Face.","og_url":"https:\/\/eureka-tp.com\/fr\/product\/21ideesmarseille\/","og_site_name":"Eureka - Train the Trainer","article_modified_time":"2022-11-15T07:25:39+00:00","schema":{"@context":"https:\/\/schema.org","@graph":[{"@type":"WebPage","@id":"https:\/\/eureka-tp.com\/fr\/product\/21ideesmarseille\/","url":"https:\/\/eureka-tp.com\/fr\/product\/21ideesmarseille\/","name":"MARSEILLE - Ajouter du panache \u00e0 ses formation gr\u00e2ce \u00e0 21 id\u00e9es, activit\u00e9s et techniques p\u00e9dagogiques pr\u00eates \u00e0 l'emploi 3 heures en pr\u00e9sentiel pour compl\u00e9ter sa boite \u00e0 outils - Eureka - Train the Trainer","isPartOf":{"@id":"https:\/\/eureka-tp.com\/#website"},"datePublished":"2021-08-26T15:36:04+00:00","dateModified":"2022-11-15T07:25:39+00:00","breadcrumb":{"@id":"https:\/\/eureka-tp.com\/fr\/product\/21ideesmarseille\/#breadcrumb"},"inLanguage":"fr-FR","potentialAction":[{"@type":"ReadAction","target":["https:\/\/eureka-tp.com\/fr\/product\/21ideesmarseille\/"]}]},{"@type":"BreadcrumbList","@id":"https:\/\/eureka-tp.com\/fr\/product\/21ideesmarseille\/#breadcrumb","itemListElement":[{"@type":"ListItem","position":1,"name":"Home","item":"https:\/\/eureka-tp.com\/fr\/"},{"@type":"ListItem","position":2,"name":"MARSEILLE &#8211; Ajouter du panache \u00e0 ses formation gr\u00e2ce \u00e0 21 id\u00e9es, activit\u00e9s et techniques p\u00e9dagogiques pr\u00eates \u00e0 l&#8217;emploi3 heures en pr\u00e9sentiel pour compl\u00e9ter sa boite \u00e0 outils"}]},{"@type":"WebSite","@id":"https:\/\/eureka-tp.com\/#website","url":"https:\/\/eureka-tp.com\/","name":"Eureka - Train the Trainer","description":"Training for Trainers","potentialAction":[{"@type":"SearchAction","target":{"@type":"EntryPoint","urlTemplate":"https:\/\/eureka-tp.com\/?s={search_term_string}"},"query-input":{"@type":"PropertyValueSpecification","valueRequired":true,"valueName":"search_term_string"}}],"inLanguage":"fr-FR"}]}},"_links":{"self":[{"href":"https:\/\/eureka-tp.com\/fr\/wp-json\/wp\/v2\/product\/32414"}],"collection":[{"href":"https:\/\/eureka-tp.com\/fr\/wp-json\/wp\/v2\/product"}],"about":[{"href":"https:\/\/eureka-tp.com\/fr\/wp-json\/wp\/v2\/types\/product"}],"wp:attachment":[{"href":"https:\/\/eureka-tp.com\/fr\/wp-json\/wp\/v2\/media?parent=32414"}],"wp:term":[{"taxonomy":"product_cat","embeddable":true,"href":"https:\/\/eureka-tp.com\/fr\/wp-json\/wp\/v2\/product_cat?post=32414"},{"taxonomy":"product_tag","embeddable":true,"href":"https:\/\/eureka-tp.com\/fr\/wp-json\/wp\/v2\/product_tag?post=32414"}],"curies":[{"name":"wp","href":"https:\/\/api.w.org\/{rel}","templated":true}]}}