{"id":33843,"date":"2021-08-26T16:36:04","date_gmt":"2021-08-26T15:36:04","guid":{"rendered":"https:\/\/eureka-tp.com\/product\/jeuppt-2\/"},"modified":"2022-11-20T06:10:33","modified_gmt":"2022-11-20T06:10:33","slug":"capsoutilsdigitaux","status":"publish","type":"product","link":"https:\/\/eureka-tp.com\/fr\/product\/capsoutilsdigitaux\/","title":{"rendered":"REPLAY &#8211; Capsule P\u00e9dagogique<br><br><h4><p style=\"color:blue;\">Engager les apprenants avec des outils digitaux gratuits dans vos classes virtuelles !<\/p><\/h4>"},"content":{"rendered":"<div class=\"pbs-main-wrapper\"><p>Nous vous proposons un voyage digital \u00e0 bord des applications ou des outils digitaux GRATUITS les plus utilis\u00e9s dans ce nouveau monde de la formation (Kahoot, Jamboard, Padlet\u2026).\u00a0 75 minutes pour identifier les avantages mais aussi les pi\u00e8ges \u00e0 \u00e9viter lors de leur utilisation en classe virtuelle.\u00a0 \u00a0Comment bien choisir ces outils au moment de la conception ? Sont-ils adapt\u00e9s pour la formation en ligne ?\u00a0 Apportent-ils un plus \u00e0 apprentissage ?<\/p>\n<\/div>","protected":false},"excerpt":{"rendered":"<h3><strong>Ressource P\u00e9dagogique : Capsule P<\/strong><strong>\u00e9<\/strong><strong>dagogique participative !<\/strong><\/h3>\n","protected":false},"featured_media":33273,"template":"","meta":{"_genesis_hide_title":false,"_genesis_hide_breadcrumbs":false,"_genesis_hide_singular_image":false,"_genesis_hide_footer_widgets":false,"_genesis_custom_body_class":"","_genesis_custom_post_class":"","_genesis_layout":"","episode_type":"","audio_file":"","cover_image":"","cover_image_id":"","duration":"","filesize":"","date_recorded":"","explicit":"","block":"","itunes_episode_number":"","itunes_title":"","itunes_season_number":"","itunes_episode_type":"","filesize_raw":""},"product_cat":[197],"product_tag":[],"class_list":{"0":"post-33843","1":"product","2":"type-product","3":"status-publish","4":"has-post-thumbnail","6":"product_cat-club-formateurs","7":"entry"},"yoast_head":"<!-- This site is optimized with the Yoast SEO plugin v23.9 - https:\/\/yoast.com\/wordpress\/plugins\/seo\/ -->\n<title>REPLAY - Capsule P\u00e9dagogiqueEngager les apprenants avec des outils digitaux gratuits dans vos classes virtuelles ! - Eureka - Train the Trainer<\/title>\n<meta name=\"robots\" content=\"index, follow, max-snippet:-1, max-image-preview:large, max-video-preview:-1\" \/>\n<link rel=\"canonical\" href=\"https:\/\/eureka-tp.com\/fr\/product\/capsoutilsdigitaux\/\" \/>\n<meta property=\"og:locale\" content=\"fr_FR\" \/>\n<meta property=\"og:type\" content=\"article\" \/>\n<meta property=\"og:title\" content=\"REPLAY - Capsule P\u00e9dagogiqueEngager les apprenants avec des outils digitaux gratuits dans vos classes virtuelles ! - Eureka - Train the Trainer\" \/>\n<meta property=\"og:description\" content=\"Ressource P\u00e9dagogique : Capsule P\u00e9dagogique participative !\" \/>\n<meta property=\"og:url\" content=\"https:\/\/eureka-tp.com\/fr\/product\/capsoutilsdigitaux\/\" \/>\n<meta property=\"og:site_name\" content=\"Eureka - Train the Trainer\" \/>\n<meta property=\"article:modified_time\" content=\"2022-11-20T06:10:33+00:00\" \/>\n<meta property=\"og:image\" content=\"https:\/\/eureka-tp.com\/wp-content\/uploads\/2022\/11\/Photooutilsdigitaux-e1668168995903.jpg\" \/>\n\t<meta property=\"og:image:width\" content=\"150\" \/>\n\t<meta property=\"og:image:height\" content=\"99\" \/>\n\t<meta property=\"og:image:type\" content=\"image\/jpeg\" \/>\n<meta name=\"twitter:label1\" content=\"Est. reading time\" \/>\n\t<meta name=\"twitter:data1\" content=\"1 minute\" \/>\n<script type=\"application\/ld+json\" class=\"yoast-schema-graph\">{\"@context\":\"https:\/\/schema.org\",\"@graph\":[{\"@type\":\"WebPage\",\"@id\":\"https:\/\/eureka-tp.com\/fr\/product\/capsoutilsdigitaux\/\",\"url\":\"https:\/\/eureka-tp.com\/fr\/product\/capsoutilsdigitaux\/\",\"name\":\"REPLAY - Capsule P\u00e9dagogique Engager les apprenants avec des outils digitaux gratuits dans vos classes virtuelles ! - Eureka - Train the Trainer\",\"isPartOf\":{\"@id\":\"https:\/\/eureka-tp.com\/#website\"},\"primaryImageOfPage\":{\"@id\":\"https:\/\/eureka-tp.com\/fr\/product\/capsoutilsdigitaux\/#primaryimage\"},\"image\":{\"@id\":\"https:\/\/eureka-tp.com\/fr\/product\/capsoutilsdigitaux\/#primaryimage\"},\"thumbnailUrl\":\"https:\/\/eureka-tp.com\/wp-content\/uploads\/2022\/11\/Photooutilsdigitaux-e1668168995903.jpg\",\"datePublished\":\"2021-08-26T15:36:04+00:00\",\"dateModified\":\"2022-11-20T06:10:33+00:00\",\"breadcrumb\":{\"@id\":\"https:\/\/eureka-tp.com\/fr\/product\/capsoutilsdigitaux\/#breadcrumb\"},\"inLanguage\":\"fr-FR\",\"potentialAction\":[{\"@type\":\"ReadAction\",\"target\":[\"https:\/\/eureka-tp.com\/fr\/product\/capsoutilsdigitaux\/\"]}]},{\"@type\":\"ImageObject\",\"inLanguage\":\"fr-FR\",\"@id\":\"https:\/\/eureka-tp.com\/fr\/product\/capsoutilsdigitaux\/#primaryimage\",\"url\":\"https:\/\/eureka-tp.com\/wp-content\/uploads\/2022\/11\/Photooutilsdigitaux-e1668168995903.jpg\",\"contentUrl\":\"https:\/\/eureka-tp.com\/wp-content\/uploads\/2022\/11\/Photooutilsdigitaux-e1668168995903.jpg\",\"width\":150,\"height\":99},{\"@type\":\"BreadcrumbList\",\"@id\":\"https:\/\/eureka-tp.com\/fr\/product\/capsoutilsdigitaux\/#breadcrumb\",\"itemListElement\":[{\"@type\":\"ListItem\",\"position\":1,\"name\":\"Home\",\"item\":\"https:\/\/eureka-tp.com\/fr\/\"},{\"@type\":\"ListItem\",\"position\":2,\"name\":\"REPLAY &#8211; Capsule P\u00e9dagogiqueEngager les apprenants avec des outils digitaux gratuits dans vos classes virtuelles !\"}]},{\"@type\":\"WebSite\",\"@id\":\"https:\/\/eureka-tp.com\/#website\",\"url\":\"https:\/\/eureka-tp.com\/\",\"name\":\"Eureka - Train the Trainer\",\"description\":\"Training for Trainers\",\"potentialAction\":[{\"@type\":\"SearchAction\",\"target\":{\"@type\":\"EntryPoint\",\"urlTemplate\":\"https:\/\/eureka-tp.com\/?s={search_term_string}\"},\"query-input\":{\"@type\":\"PropertyValueSpecification\",\"valueRequired\":true,\"valueName\":\"search_term_string\"}}],\"inLanguage\":\"fr-FR\"}]}<\/script>\n<!-- \/ Yoast SEO plugin. -->","yoast_head_json":{"title":"REPLAY - Capsule P\u00e9dagogiqueEngager les apprenants avec des outils digitaux gratuits dans vos classes virtuelles ! - Eureka - Train the Trainer","robots":{"index":"index","follow":"follow","max-snippet":"max-snippet:-1","max-image-preview":"max-image-preview:large","max-video-preview":"max-video-preview:-1"},"canonical":"https:\/\/eureka-tp.com\/fr\/product\/capsoutilsdigitaux\/","og_locale":"fr_FR","og_type":"article","og_title":"REPLAY - Capsule P\u00e9dagogiqueEngager les apprenants avec des outils digitaux gratuits dans vos classes virtuelles ! - Eureka - Train the Trainer","og_description":"Ressource P\u00e9dagogique : Capsule P\u00e9dagogique participative !","og_url":"https:\/\/eureka-tp.com\/fr\/product\/capsoutilsdigitaux\/","og_site_name":"Eureka - Train the Trainer","article_modified_time":"2022-11-20T06:10:33+00:00","og_image":[{"width":150,"height":99,"url":"https:\/\/eureka-tp.com\/wp-content\/uploads\/2022\/11\/Photooutilsdigitaux-e1668168995903.jpg","type":"image\/jpeg"}],"twitter_misc":{"Est. reading time":"1 minute"},"schema":{"@context":"https:\/\/schema.org","@graph":[{"@type":"WebPage","@id":"https:\/\/eureka-tp.com\/fr\/product\/capsoutilsdigitaux\/","url":"https:\/\/eureka-tp.com\/fr\/product\/capsoutilsdigitaux\/","name":"REPLAY - Capsule P\u00e9dagogique Engager les apprenants avec des outils digitaux gratuits dans vos classes virtuelles ! - Eureka - Train the Trainer","isPartOf":{"@id":"https:\/\/eureka-tp.com\/#website"},"primaryImageOfPage":{"@id":"https:\/\/eureka-tp.com\/fr\/product\/capsoutilsdigitaux\/#primaryimage"},"image":{"@id":"https:\/\/eureka-tp.com\/fr\/product\/capsoutilsdigitaux\/#primaryimage"},"thumbnailUrl":"https:\/\/eureka-tp.com\/wp-content\/uploads\/2022\/11\/Photooutilsdigitaux-e1668168995903.jpg","datePublished":"2021-08-26T15:36:04+00:00","dateModified":"2022-11-20T06:10:33+00:00","breadcrumb":{"@id":"https:\/\/eureka-tp.com\/fr\/product\/capsoutilsdigitaux\/#breadcrumb"},"inLanguage":"fr-FR","potentialAction":[{"@type":"ReadAction","target":["https:\/\/eureka-tp.com\/fr\/product\/capsoutilsdigitaux\/"]}]},{"@type":"ImageObject","inLanguage":"fr-FR","@id":"https:\/\/eureka-tp.com\/fr\/product\/capsoutilsdigitaux\/#primaryimage","url":"https:\/\/eureka-tp.com\/wp-content\/uploads\/2022\/11\/Photooutilsdigitaux-e1668168995903.jpg","contentUrl":"https:\/\/eureka-tp.com\/wp-content\/uploads\/2022\/11\/Photooutilsdigitaux-e1668168995903.jpg","width":150,"height":99},{"@type":"BreadcrumbList","@id":"https:\/\/eureka-tp.com\/fr\/product\/capsoutilsdigitaux\/#breadcrumb","itemListElement":[{"@type":"ListItem","position":1,"name":"Home","item":"https:\/\/eureka-tp.com\/fr\/"},{"@type":"ListItem","position":2,"name":"REPLAY &#8211; Capsule P\u00e9dagogiqueEngager les apprenants avec des outils digitaux gratuits dans vos classes virtuelles !"}]},{"@type":"WebSite","@id":"https:\/\/eureka-tp.com\/#website","url":"https:\/\/eureka-tp.com\/","name":"Eureka - Train the Trainer","description":"Training for Trainers","potentialAction":[{"@type":"SearchAction","target":{"@type":"EntryPoint","urlTemplate":"https:\/\/eureka-tp.com\/?s={search_term_string}"},"query-input":{"@type":"PropertyValueSpecification","valueRequired":true,"valueName":"search_term_string"}}],"inLanguage":"fr-FR"}]}},"_links":{"self":[{"href":"https:\/\/eureka-tp.com\/fr\/wp-json\/wp\/v2\/product\/33843"}],"collection":[{"href":"https:\/\/eureka-tp.com\/fr\/wp-json\/wp\/v2\/product"}],"about":[{"href":"https:\/\/eureka-tp.com\/fr\/wp-json\/wp\/v2\/types\/product"}],"wp:featuredmedia":[{"embeddable":true,"href":"https:\/\/eureka-tp.com\/fr\/wp-json\/wp\/v2\/media\/33273"}],"wp:attachment":[{"href":"https:\/\/eureka-tp.com\/fr\/wp-json\/wp\/v2\/media?parent=33843"}],"wp:term":[{"taxonomy":"product_cat","embeddable":true,"href":"https:\/\/eureka-tp.com\/fr\/wp-json\/wp\/v2\/product_cat?post=33843"},{"taxonomy":"product_tag","embeddable":true,"href":"https:\/\/eureka-tp.com\/fr\/wp-json\/wp\/v2\/product_tag?post=33843"}],"curies":[{"name":"wp","href":"https:\/\/api.w.org\/{rel}","templated":true}]}}