{"id":33995,"date":"2021-08-26T16:36:04","date_gmt":"2021-08-26T15:36:04","guid":{"rendered":"https:\/\/eureka-tp.com\/product\/21ideesonline-2\/"},"modified":"2023-02-14T08:51:50","modified_gmt":"2023-02-14T08:51:50","slug":"tbzoom","status":"publish","type":"product","link":"https:\/\/eureka-tp.com\/fr\/product\/tbzoom\/","title":{"rendered":"Ajouter de l\u2019interactivit\u00e9 et de la diversit\u00e9 dans vos classes virtuelles gr\u00e2ce aux nouveaux Tableaux Blancs de ZOOM<br><br><h4><p style=\"color:blue;\">REPLAY<\/p><\/h4>"},"content":{"rendered":"<div class=\"pbs-main-wrapper\"><\/div>","protected":false},"excerpt":{"rendered":"<p><strong>RESSOURCE PEDAGOGIQUE &#8211; REPLAY<\/strong> <strong>Classe Virtuelle participative et collaborative.<\/strong><\/p>\n<p><strong>B\u00e9n\u00e9fices Apprenants :<\/strong><\/p>\n<ul>\n<li>Mettre \u00e0 jour votre application Zoom pour utiliser les nouveaux Tableaux Blancs.<\/li>\n<li>Cr\u00e9er des tableaux blancs collaboratifs \u00e0 partager avec les apprenants avant, pendant et apr\u00e8s une classe virtuelle.<\/li>\n<li>Cr\u00e9er des tableaux blancs de plusieurs pages pour faciliter des activit\u00e9s de collaboration.<\/li>\n<li>Exporter les tableaux blancs pour cr\u00e9er des r\u00e9activations d\u2019apr\u00e8s formation.<\/li>\n<li>etc.<\/li>\n<\/ul>\n","protected":false},"featured_media":32502,"template":"","meta":{"_genesis_hide_title":false,"_genesis_hide_breadcrumbs":false,"_genesis_hide_singular_image":false,"_genesis_hide_footer_widgets":false,"_genesis_custom_body_class":"","_genesis_custom_post_class":"","_genesis_layout":"","episode_type":"","audio_file":"","cover_image":"","cover_image_id":"","duration":"","filesize":"","date_recorded":"","explicit":"","block":"","itunes_episode_number":"","itunes_title":"","itunes_season_number":"","itunes_episode_type":"","filesize_raw":""},"product_cat":[197],"product_tag":[],"class_list":{"0":"post-33995","1":"product","2":"type-product","3":"status-publish","4":"has-post-thumbnail","6":"product_cat-club-formateurs","7":"entry"},"yoast_head":"<!-- This site is optimized with the Yoast SEO plugin v23.9 - https:\/\/yoast.com\/wordpress\/plugins\/seo\/ -->\n<title>Ajouter de l\u2019interactivit\u00e9 et de la diversit\u00e9 dans vos classes virtuelles gr\u00e2ce aux nouveaux Tableaux Blancs de ZOOMREPLAY - Eureka - Train the Trainer<\/title>\n<meta name=\"robots\" content=\"index, follow, max-snippet:-1, max-image-preview:large, max-video-preview:-1\" \/>\n<link rel=\"canonical\" href=\"https:\/\/eureka-tp.com\/fr\/product\/tbzoom\/\" \/>\n<meta property=\"og:locale\" content=\"fr_FR\" \/>\n<meta property=\"og:type\" content=\"article\" \/>\n<meta property=\"og:title\" content=\"Ajouter de l\u2019interactivit\u00e9 et de la diversit\u00e9 dans vos classes virtuelles gr\u00e2ce aux nouveaux Tableaux Blancs de ZOOMREPLAY - Eureka - Train the Trainer\" \/>\n<meta property=\"og:description\" content=\"RESSOURCE PEDAGOGIQUE - REPLAY Classe Virtuelle participative et collaborative.  B\u00e9n\u00e9fices Apprenants :   Mettre \u00e0 jour votre application Zoom pour utiliser les nouveaux Tableaux Blancs.  Cr\u00e9er des tableaux blancs collaboratifs \u00e0 partager avec les apprenants avant, pendant et apr\u00e8s une classe virtuelle.  Cr\u00e9er des tableaux blancs de plusieurs pages pour faciliter des activit\u00e9s de collaboration.  Exporter les tableaux blancs pour cr\u00e9er des r\u00e9activations d\u2019apr\u00e8s formation.  etc.\" \/>\n<meta property=\"og:url\" content=\"https:\/\/eureka-tp.com\/fr\/product\/tbzoom\/\" \/>\n<meta property=\"og:site_name\" content=\"Eureka - Train the Trainer\" \/>\n<meta property=\"article:modified_time\" content=\"2023-02-14T08:51:50+00:00\" \/>\n<meta property=\"og:image\" content=\"https:\/\/eureka-tp.com\/wp-content\/uploads\/2022\/11\/PhotoCVNovembre22.jpg\" \/>\n\t<meta property=\"og:image:width\" content=\"1600\" \/>\n\t<meta property=\"og:image:height\" content=\"789\" \/>\n\t<meta property=\"og:image:type\" content=\"image\/jpeg\" \/>\n<script type=\"application\/ld+json\" class=\"yoast-schema-graph\">{\"@context\":\"https:\/\/schema.org\",\"@graph\":[{\"@type\":\"WebPage\",\"@id\":\"https:\/\/eureka-tp.com\/fr\/product\/tbzoom\/\",\"url\":\"https:\/\/eureka-tp.com\/fr\/product\/tbzoom\/\",\"name\":\"Ajouter de l\u2019interactivit\u00e9 et de la diversit\u00e9 dans vos classes virtuelles gr\u00e2ce aux nouveaux Tableaux Blancs de ZOOM REPLAY - Eureka - Train the Trainer\",\"isPartOf\":{\"@id\":\"https:\/\/eureka-tp.com\/#website\"},\"primaryImageOfPage\":{\"@id\":\"https:\/\/eureka-tp.com\/fr\/product\/tbzoom\/#primaryimage\"},\"image\":{\"@id\":\"https:\/\/eureka-tp.com\/fr\/product\/tbzoom\/#primaryimage\"},\"thumbnailUrl\":\"https:\/\/eureka-tp.com\/wp-content\/uploads\/2022\/11\/PhotoCVNovembre22.jpg\",\"datePublished\":\"2021-08-26T15:36:04+00:00\",\"dateModified\":\"2023-02-14T08:51:50+00:00\",\"breadcrumb\":{\"@id\":\"https:\/\/eureka-tp.com\/fr\/product\/tbzoom\/#breadcrumb\"},\"inLanguage\":\"fr-FR\",\"potentialAction\":[{\"@type\":\"ReadAction\",\"target\":[\"https:\/\/eureka-tp.com\/fr\/product\/tbzoom\/\"]}]},{\"@type\":\"ImageObject\",\"inLanguage\":\"fr-FR\",\"@id\":\"https:\/\/eureka-tp.com\/fr\/product\/tbzoom\/#primaryimage\",\"url\":\"https:\/\/eureka-tp.com\/wp-content\/uploads\/2022\/11\/PhotoCVNovembre22.jpg\",\"contentUrl\":\"https:\/\/eureka-tp.com\/wp-content\/uploads\/2022\/11\/PhotoCVNovembre22.jpg\",\"width\":1600,\"height\":789},{\"@type\":\"BreadcrumbList\",\"@id\":\"https:\/\/eureka-tp.com\/fr\/product\/tbzoom\/#breadcrumb\",\"itemListElement\":[{\"@type\":\"ListItem\",\"position\":1,\"name\":\"Home\",\"item\":\"https:\/\/eureka-tp.com\/fr\/\"},{\"@type\":\"ListItem\",\"position\":2,\"name\":\"Ajouter de l\u2019interactivit\u00e9 et de la diversit\u00e9 dans vos classes virtuelles gr\u00e2ce aux nouveaux Tableaux Blancs de ZOOMREPLAY\"}]},{\"@type\":\"WebSite\",\"@id\":\"https:\/\/eureka-tp.com\/#website\",\"url\":\"https:\/\/eureka-tp.com\/\",\"name\":\"Eureka - Train the Trainer\",\"description\":\"Training for Trainers\",\"potentialAction\":[{\"@type\":\"SearchAction\",\"target\":{\"@type\":\"EntryPoint\",\"urlTemplate\":\"https:\/\/eureka-tp.com\/?s={search_term_string}\"},\"query-input\":{\"@type\":\"PropertyValueSpecification\",\"valueRequired\":true,\"valueName\":\"search_term_string\"}}],\"inLanguage\":\"fr-FR\"}]}<\/script>\n<!-- \/ Yoast SEO plugin. -->","yoast_head_json":{"title":"Ajouter de l\u2019interactivit\u00e9 et de la diversit\u00e9 dans vos classes virtuelles gr\u00e2ce aux nouveaux Tableaux Blancs de ZOOMREPLAY - Eureka - Train the Trainer","robots":{"index":"index","follow":"follow","max-snippet":"max-snippet:-1","max-image-preview":"max-image-preview:large","max-video-preview":"max-video-preview:-1"},"canonical":"https:\/\/eureka-tp.com\/fr\/product\/tbzoom\/","og_locale":"fr_FR","og_type":"article","og_title":"Ajouter de l\u2019interactivit\u00e9 et de la diversit\u00e9 dans vos classes virtuelles gr\u00e2ce aux nouveaux Tableaux Blancs de ZOOMREPLAY - Eureka - Train the Trainer","og_description":"RESSOURCE PEDAGOGIQUE - REPLAY Classe Virtuelle participative et collaborative.  B\u00e9n\u00e9fices Apprenants :   Mettre \u00e0 jour votre application Zoom pour utiliser les nouveaux Tableaux Blancs.  Cr\u00e9er des tableaux blancs collaboratifs \u00e0 partager avec les apprenants avant, pendant et apr\u00e8s une classe virtuelle.  Cr\u00e9er des tableaux blancs de plusieurs pages pour faciliter des activit\u00e9s de collaboration.  Exporter les tableaux blancs pour cr\u00e9er des r\u00e9activations d\u2019apr\u00e8s formation.  etc.","og_url":"https:\/\/eureka-tp.com\/fr\/product\/tbzoom\/","og_site_name":"Eureka - Train the Trainer","article_modified_time":"2023-02-14T08:51:50+00:00","og_image":[{"width":1600,"height":789,"url":"https:\/\/eureka-tp.com\/wp-content\/uploads\/2022\/11\/PhotoCVNovembre22.jpg","type":"image\/jpeg"}],"schema":{"@context":"https:\/\/schema.org","@graph":[{"@type":"WebPage","@id":"https:\/\/eureka-tp.com\/fr\/product\/tbzoom\/","url":"https:\/\/eureka-tp.com\/fr\/product\/tbzoom\/","name":"Ajouter de l\u2019interactivit\u00e9 et de la diversit\u00e9 dans vos classes virtuelles gr\u00e2ce aux nouveaux Tableaux Blancs de ZOOM REPLAY - Eureka - Train the Trainer","isPartOf":{"@id":"https:\/\/eureka-tp.com\/#website"},"primaryImageOfPage":{"@id":"https:\/\/eureka-tp.com\/fr\/product\/tbzoom\/#primaryimage"},"image":{"@id":"https:\/\/eureka-tp.com\/fr\/product\/tbzoom\/#primaryimage"},"thumbnailUrl":"https:\/\/eureka-tp.com\/wp-content\/uploads\/2022\/11\/PhotoCVNovembre22.jpg","datePublished":"2021-08-26T15:36:04+00:00","dateModified":"2023-02-14T08:51:50+00:00","breadcrumb":{"@id":"https:\/\/eureka-tp.com\/fr\/product\/tbzoom\/#breadcrumb"},"inLanguage":"fr-FR","potentialAction":[{"@type":"ReadAction","target":["https:\/\/eureka-tp.com\/fr\/product\/tbzoom\/"]}]},{"@type":"ImageObject","inLanguage":"fr-FR","@id":"https:\/\/eureka-tp.com\/fr\/product\/tbzoom\/#primaryimage","url":"https:\/\/eureka-tp.com\/wp-content\/uploads\/2022\/11\/PhotoCVNovembre22.jpg","contentUrl":"https:\/\/eureka-tp.com\/wp-content\/uploads\/2022\/11\/PhotoCVNovembre22.jpg","width":1600,"height":789},{"@type":"BreadcrumbList","@id":"https:\/\/eureka-tp.com\/fr\/product\/tbzoom\/#breadcrumb","itemListElement":[{"@type":"ListItem","position":1,"name":"Home","item":"https:\/\/eureka-tp.com\/fr\/"},{"@type":"ListItem","position":2,"name":"Ajouter de l\u2019interactivit\u00e9 et de la diversit\u00e9 dans vos classes virtuelles gr\u00e2ce aux nouveaux Tableaux Blancs de ZOOMREPLAY"}]},{"@type":"WebSite","@id":"https:\/\/eureka-tp.com\/#website","url":"https:\/\/eureka-tp.com\/","name":"Eureka - Train the Trainer","description":"Training for Trainers","potentialAction":[{"@type":"SearchAction","target":{"@type":"EntryPoint","urlTemplate":"https:\/\/eureka-tp.com\/?s={search_term_string}"},"query-input":{"@type":"PropertyValueSpecification","valueRequired":true,"valueName":"search_term_string"}}],"inLanguage":"fr-FR"}]}},"_links":{"self":[{"href":"https:\/\/eureka-tp.com\/fr\/wp-json\/wp\/v2\/product\/33995"}],"collection":[{"href":"https:\/\/eureka-tp.com\/fr\/wp-json\/wp\/v2\/product"}],"about":[{"href":"https:\/\/eureka-tp.com\/fr\/wp-json\/wp\/v2\/types\/product"}],"wp:featuredmedia":[{"embeddable":true,"href":"https:\/\/eureka-tp.com\/fr\/wp-json\/wp\/v2\/media\/32502"}],"wp:attachment":[{"href":"https:\/\/eureka-tp.com\/fr\/wp-json\/wp\/v2\/media?parent=33995"}],"wp:term":[{"taxonomy":"product_cat","embeddable":true,"href":"https:\/\/eureka-tp.com\/fr\/wp-json\/wp\/v2\/product_cat?post=33995"},{"taxonomy":"product_tag","embeddable":true,"href":"https:\/\/eureka-tp.com\/fr\/wp-json\/wp\/v2\/product_tag?post=33995"}],"curies":[{"name":"wp","href":"https:\/\/api.w.org\/{rel}","templated":true}]}}