{"id":34516,"date":"2021-08-26T16:36:04","date_gmt":"2021-08-26T15:36:04","guid":{"rendered":"https:\/\/eureka-tp.com\/product\/tbzoom-2\/"},"modified":"2023-04-06T17:25:02","modified_gmt":"2023-04-06T16:25:02","slug":"defipriming","status":"publish","type":"product","link":"https:\/\/eureka-tp.com\/fr\/product\/defipriming\/","title":{"rendered":"D\u00e9fi REVOIR OU CREER UNE PRE COMMUNICATION POUR SA PROCHAINE FORMATION"},"content":{"rendered":"<div class=\"pbs-main-wrapper\"><\/div>","protected":false},"excerpt":{"rendered":"<h3><strong>Le dossier \u00ab VOTRE MISSION \u00bb sera \u00e0 t\u00e9l\u00e9charger apr\u00e8s votre inscription.<\/strong><\/h3>\n<h3><strong>Votre inscription inclus :<\/strong><\/h3>\n<ul>\n<li>un support p\u00e9dagogique,<\/li>\n<li>du contenu indispensable pour cr\u00e9er une pr\u00e9 communication efficace,<\/li>\n<li>des exemples de pr\u00e9 communication utilis\u00e9s par Christophe,<\/li>\n<li>des outils diff\u00e9rents et funs pour surprendre et rendre curieux les apprenants en amont de leur formation.<\/li>\n<li>Un accompagnement et feedback personnalisee de Christophe.<\/li>\n<\/ul>\n<p>Bonne MISSION &#8211; <em>Christophe<\/em><\/p>\n","protected":false},"featured_media":32983,"template":"","meta":{"_genesis_hide_title":false,"_genesis_hide_breadcrumbs":false,"_genesis_hide_singular_image":false,"_genesis_hide_footer_widgets":false,"_genesis_custom_body_class":"","_genesis_custom_post_class":"","_genesis_layout":"","episode_type":"","audio_file":"","cover_image":"","cover_image_id":"","duration":"","filesize":"","date_recorded":"","explicit":"","block":"","itunes_episode_number":"","itunes_title":"","itunes_season_number":"","itunes_episode_type":"","filesize_raw":""},"product_cat":[256],"product_tag":[],"class_list":{"0":"post-34516","1":"product","2":"type-product","3":"status-publish","4":"has-post-thumbnail","6":"product_cat-defi-pedagogique","7":"entry"},"yoast_head":"<!-- This site is optimized with the Yoast SEO plugin v23.9 - https:\/\/yoast.com\/wordpress\/plugins\/seo\/ -->\n<title>D\u00e9fi REVOIR OU CREER UNE PRE COMMUNICATION POUR SA PROCHAINE FORMATION - Eureka - Train the Trainer<\/title>\n<meta name=\"robots\" content=\"index, follow, max-snippet:-1, max-image-preview:large, max-video-preview:-1\" \/>\n<link rel=\"canonical\" href=\"https:\/\/eureka-tp.com\/fr\/product\/defipriming\/\" \/>\n<meta property=\"og:locale\" content=\"fr_FR\" \/>\n<meta property=\"og:type\" content=\"article\" \/>\n<meta property=\"og:title\" content=\"D\u00e9fi REVOIR OU CREER UNE PRE COMMUNICATION POUR SA PROCHAINE FORMATION - Eureka - Train the Trainer\" \/>\n<meta property=\"og:description\" content=\"Le dossier \u00ab VOTRE MISSION \u00bb sera \u00e0 t\u00e9l\u00e9charger apr\u00e8s votre inscription. Votre inscription inclus :   un support p\u00e9dagogique,  du contenu indispensable pour cr\u00e9er une pr\u00e9 communication efficace,  des exemples de pr\u00e9 communication utilis\u00e9s par Christophe,  des outils diff\u00e9rents et funs pour surprendre et rendre curieux les apprenants en amont de leur formation.  Un accompagnement et feedback personnalisee de Christophe.  Bonne MISSION - Christophe\" \/>\n<meta property=\"og:url\" content=\"https:\/\/eureka-tp.com\/fr\/product\/defipriming\/\" \/>\n<meta property=\"og:site_name\" content=\"Eureka - Train the Trainer\" \/>\n<meta property=\"article:modified_time\" content=\"2023-04-06T16:25:02+00:00\" \/>\n<meta property=\"og:image\" content=\"https:\/\/eureka-tp.com\/wp-content\/uploads\/2022\/11\/ImageDefie.jpg\" \/>\n\t<meta property=\"og:image:width\" content=\"1280\" \/>\n\t<meta property=\"og:image:height\" content=\"720\" \/>\n\t<meta property=\"og:image:type\" content=\"image\/jpeg\" \/>\n<script type=\"application\/ld+json\" class=\"yoast-schema-graph\">{\"@context\":\"https:\/\/schema.org\",\"@graph\":[{\"@type\":\"WebPage\",\"@id\":\"https:\/\/eureka-tp.com\/fr\/product\/defipriming\/\",\"url\":\"https:\/\/eureka-tp.com\/fr\/product\/defipriming\/\",\"name\":\"D\u00e9fi REVOIR OU CREER UNE PRE COMMUNICATION POUR SA PROCHAINE FORMATION - Eureka - Train the Trainer\",\"isPartOf\":{\"@id\":\"https:\/\/eureka-tp.com\/#website\"},\"primaryImageOfPage\":{\"@id\":\"https:\/\/eureka-tp.com\/fr\/product\/defipriming\/#primaryimage\"},\"image\":{\"@id\":\"https:\/\/eureka-tp.com\/fr\/product\/defipriming\/#primaryimage\"},\"thumbnailUrl\":\"https:\/\/eureka-tp.com\/wp-content\/uploads\/2022\/11\/ImageDefie.jpg\",\"datePublished\":\"2021-08-26T15:36:04+00:00\",\"dateModified\":\"2023-04-06T16:25:02+00:00\",\"breadcrumb\":{\"@id\":\"https:\/\/eureka-tp.com\/fr\/product\/defipriming\/#breadcrumb\"},\"inLanguage\":\"fr-FR\",\"potentialAction\":[{\"@type\":\"ReadAction\",\"target\":[\"https:\/\/eureka-tp.com\/fr\/product\/defipriming\/\"]}]},{\"@type\":\"ImageObject\",\"inLanguage\":\"fr-FR\",\"@id\":\"https:\/\/eureka-tp.com\/fr\/product\/defipriming\/#primaryimage\",\"url\":\"https:\/\/eureka-tp.com\/wp-content\/uploads\/2022\/11\/ImageDefie.jpg\",\"contentUrl\":\"https:\/\/eureka-tp.com\/wp-content\/uploads\/2022\/11\/ImageDefie.jpg\",\"width\":1280,\"height\":720},{\"@type\":\"BreadcrumbList\",\"@id\":\"https:\/\/eureka-tp.com\/fr\/product\/defipriming\/#breadcrumb\",\"itemListElement\":[{\"@type\":\"ListItem\",\"position\":1,\"name\":\"Home\",\"item\":\"https:\/\/eureka-tp.com\/fr\/\"},{\"@type\":\"ListItem\",\"position\":2,\"name\":\"D\u00e9fi REVOIR OU CREER UNE PRE COMMUNICATION POUR SA PROCHAINE FORMATION\"}]},{\"@type\":\"WebSite\",\"@id\":\"https:\/\/eureka-tp.com\/#website\",\"url\":\"https:\/\/eureka-tp.com\/\",\"name\":\"Eureka - Train the Trainer\",\"description\":\"Training for Trainers\",\"potentialAction\":[{\"@type\":\"SearchAction\",\"target\":{\"@type\":\"EntryPoint\",\"urlTemplate\":\"https:\/\/eureka-tp.com\/?s={search_term_string}\"},\"query-input\":{\"@type\":\"PropertyValueSpecification\",\"valueRequired\":true,\"valueName\":\"search_term_string\"}}],\"inLanguage\":\"fr-FR\"}]}<\/script>\n<!-- \/ Yoast SEO plugin. -->","yoast_head_json":{"title":"D\u00e9fi REVOIR OU CREER UNE PRE COMMUNICATION POUR SA PROCHAINE FORMATION - Eureka - Train the Trainer","robots":{"index":"index","follow":"follow","max-snippet":"max-snippet:-1","max-image-preview":"max-image-preview:large","max-video-preview":"max-video-preview:-1"},"canonical":"https:\/\/eureka-tp.com\/fr\/product\/defipriming\/","og_locale":"fr_FR","og_type":"article","og_title":"D\u00e9fi REVOIR OU CREER UNE PRE COMMUNICATION POUR SA PROCHAINE FORMATION - Eureka - Train the Trainer","og_description":"Le dossier \u00ab VOTRE MISSION \u00bb sera \u00e0 t\u00e9l\u00e9charger apr\u00e8s votre inscription. Votre inscription inclus :   un support p\u00e9dagogique,  du contenu indispensable pour cr\u00e9er une pr\u00e9 communication efficace,  des exemples de pr\u00e9 communication utilis\u00e9s par Christophe,  des outils diff\u00e9rents et funs pour surprendre et rendre curieux les apprenants en amont de leur formation.  Un accompagnement et feedback personnalisee de Christophe.  Bonne MISSION - Christophe","og_url":"https:\/\/eureka-tp.com\/fr\/product\/defipriming\/","og_site_name":"Eureka - Train the Trainer","article_modified_time":"2023-04-06T16:25:02+00:00","og_image":[{"width":1280,"height":720,"url":"https:\/\/eureka-tp.com\/wp-content\/uploads\/2022\/11\/ImageDefie.jpg","type":"image\/jpeg"}],"schema":{"@context":"https:\/\/schema.org","@graph":[{"@type":"WebPage","@id":"https:\/\/eureka-tp.com\/fr\/product\/defipriming\/","url":"https:\/\/eureka-tp.com\/fr\/product\/defipriming\/","name":"D\u00e9fi REVOIR OU CREER UNE PRE COMMUNICATION POUR SA PROCHAINE FORMATION - Eureka - Train the Trainer","isPartOf":{"@id":"https:\/\/eureka-tp.com\/#website"},"primaryImageOfPage":{"@id":"https:\/\/eureka-tp.com\/fr\/product\/defipriming\/#primaryimage"},"image":{"@id":"https:\/\/eureka-tp.com\/fr\/product\/defipriming\/#primaryimage"},"thumbnailUrl":"https:\/\/eureka-tp.com\/wp-content\/uploads\/2022\/11\/ImageDefie.jpg","datePublished":"2021-08-26T15:36:04+00:00","dateModified":"2023-04-06T16:25:02+00:00","breadcrumb":{"@id":"https:\/\/eureka-tp.com\/fr\/product\/defipriming\/#breadcrumb"},"inLanguage":"fr-FR","potentialAction":[{"@type":"ReadAction","target":["https:\/\/eureka-tp.com\/fr\/product\/defipriming\/"]}]},{"@type":"ImageObject","inLanguage":"fr-FR","@id":"https:\/\/eureka-tp.com\/fr\/product\/defipriming\/#primaryimage","url":"https:\/\/eureka-tp.com\/wp-content\/uploads\/2022\/11\/ImageDefie.jpg","contentUrl":"https:\/\/eureka-tp.com\/wp-content\/uploads\/2022\/11\/ImageDefie.jpg","width":1280,"height":720},{"@type":"BreadcrumbList","@id":"https:\/\/eureka-tp.com\/fr\/product\/defipriming\/#breadcrumb","itemListElement":[{"@type":"ListItem","position":1,"name":"Home","item":"https:\/\/eureka-tp.com\/fr\/"},{"@type":"ListItem","position":2,"name":"D\u00e9fi REVOIR OU CREER UNE PRE COMMUNICATION POUR SA PROCHAINE FORMATION"}]},{"@type":"WebSite","@id":"https:\/\/eureka-tp.com\/#website","url":"https:\/\/eureka-tp.com\/","name":"Eureka - Train the Trainer","description":"Training for Trainers","potentialAction":[{"@type":"SearchAction","target":{"@type":"EntryPoint","urlTemplate":"https:\/\/eureka-tp.com\/?s={search_term_string}"},"query-input":{"@type":"PropertyValueSpecification","valueRequired":true,"valueName":"search_term_string"}}],"inLanguage":"fr-FR"}]}},"_links":{"self":[{"href":"https:\/\/eureka-tp.com\/fr\/wp-json\/wp\/v2\/product\/34516"}],"collection":[{"href":"https:\/\/eureka-tp.com\/fr\/wp-json\/wp\/v2\/product"}],"about":[{"href":"https:\/\/eureka-tp.com\/fr\/wp-json\/wp\/v2\/types\/product"}],"wp:featuredmedia":[{"embeddable":true,"href":"https:\/\/eureka-tp.com\/fr\/wp-json\/wp\/v2\/media\/32983"}],"wp:attachment":[{"href":"https:\/\/eureka-tp.com\/fr\/wp-json\/wp\/v2\/media?parent=34516"}],"wp:term":[{"taxonomy":"product_cat","embeddable":true,"href":"https:\/\/eureka-tp.com\/fr\/wp-json\/wp\/v2\/product_cat?post=34516"},{"taxonomy":"product_tag","embeddable":true,"href":"https:\/\/eureka-tp.com\/fr\/wp-json\/wp\/v2\/product_tag?post=34516"}],"curies":[{"name":"wp","href":"https:\/\/api.w.org\/{rel}","templated":true}]}}