{"id":35345,"date":"2021-08-26T16:36:04","date_gmt":"2021-08-26T15:36:04","guid":{"rendered":"https:\/\/eureka-tp.com\/product\/tbzoom-2\/"},"modified":"2024-04-15T06:01:45","modified_gmt":"2024-04-15T05:01:45","slug":"escapegame","status":"publish","type":"product","link":"https:\/\/eureka-tp.com\/fr\/product\/escapegame\/","title":{"rendered":"Un Escape Game pour apprendre\/pratiquer\/appliquer une connaissance et\/ou une comp\u00e9tence (pr\u00e9sentiel\/distanciel)"},"content":{"rendered":"<div class=\"pbs-main-wrapper\"><\/div>","protected":false},"excerpt":{"rendered":"<p><strong>RESSOURCE PEDAGOGIQUE &#8211; REPLAY<\/strong> <strong>Classe Virtuelle participative et collaborative.<\/strong><\/p>\n<p><strong>B\u00e9n\u00e9fices Apprenants :<\/strong><\/p>\n<ul>\n<li class=\"list_item\" data-key=\"385\"><span class=\"list-item-child\" data-key=\"384\"><span data-key=\"383\"><span spellcheck=\"true\" data-slate-content=\"true\">Appliquer les r\u00e8gles de conception d\u2019un Escape Game pour cr\u00e9er une exp\u00e9rience d\u2019apprentissage unique \u00e0 distance.<\/span><\/span><\/span><\/li>\n<li class=\"list_item\" data-key=\"388\"><span class=\"list-item-child\" data-key=\"387\"><span data-key=\"386\"><span spellcheck=\"true\" data-slate-content=\"true\">Utiliser des templates et outils de conception pour cr\u00e9er un scenario, des eningmes et des deroul\u00e9.<\/span><\/span><\/span><\/li>\n<li class=\"list_item\" data-key=\"391\"><span class=\"list-item-child\" data-key=\"390\"><span data-key=\"389\"><span spellcheck=\"true\" data-slate-content=\"true\">Connaitre les trucs et astuces pour cr\u00e9er un Escape Game \u00e0 l&#8217;aide PPT.<\/span><\/span><\/span><\/li>\n<\/ul>\n<p>.<\/p>\n<p><strong>Bonus :<\/strong><\/p>\n<ul>\n<li class=\"list_item\" data-key=\"397\"><span class=\"list-item-child\" data-key=\"396\"><span data-key=\"395\"><span spellcheck=\"true\" data-slate-content=\"true\">Exp\u00e9rimenter un Escape Game P\u00e9dagogique en tant qu&#8217;apprenant.<\/span><\/span><\/span><\/li>\n<li class=\"list_item\" data-key=\"400\"><span class=\"list-item-child\" data-key=\"399\"><span data-key=\"398\"><span spellcheck=\"true\" data-slate-content=\"true\">Ressources p\u00e9dagogiques associ\u00e9es pour la conception (Templates, Outils etc.) \u00e0 t\u00e9l\u00e9charger.<\/span><\/span><\/span><\/li>\n<\/ul>\n<p>.<\/p>\n<p>Notez que cette classe virtuelle est inclue dans l&#8217;abonnement de la Communaut\u00e9 des Formateurs Eureka !\u00a0 Si vous \u00eates un.e membre de la Communaut\u00e9 merci de visiter l\u2019espace \u00a0<strong><span class=\"cf0\">\u00ab BAO de Christophe \u00bb<\/span><\/strong>.<\/p>\n<p><strong>Pour devenir membre de la Communaut\u00e9 des Formateurs Eureka !<\/strong>\u00a0et b\u00e9n\u00e9ficier de toutes les ressources et des formations de formateurs accessibles aux membres :<\/p>\n<ul>\n<li>Abonnement Annuel <a href=\"https:\/\/eureka-tp.com\/product\/cef-abonnement-annuel\/\" xlink=\"href\">https:\/\/eureka-tp.com\/product\/cef-abonnement-annuel\/<\/a><\/li>\n<li>Abonnement Mensuel <a href=\"https:\/\/eureka-tp.com\/product\/cef-abonnement-mensuel\/\" xlink=\"href\">https:\/\/eureka-tp.com\/product\/cef-abonnement-mensuel\/<\/a><\/li>\n<\/ul>\n<p>.<\/p>\n","protected":false},"featured_media":35276,"template":"","meta":{"_genesis_hide_title":false,"_genesis_hide_breadcrumbs":false,"_genesis_hide_singular_image":false,"_genesis_hide_footer_widgets":false,"_genesis_custom_body_class":"","_genesis_custom_post_class":"","_genesis_layout":"","episode_type":"","audio_file":"","cover_image":"","cover_image_id":"","duration":"","filesize":"","date_recorded":"","explicit":"","block":"","itunes_episode_number":"","itunes_title":"","itunes_season_number":"","itunes_episode_type":"","filesize_raw":""},"product_cat":[197],"product_tag":[],"class_list":{"0":"post-35345","1":"product","2":"type-product","3":"status-publish","4":"has-post-thumbnail","6":"product_cat-club-formateurs","7":"entry"},"yoast_head":"<!-- This site is optimized with the Yoast SEO plugin v23.9 - https:\/\/yoast.com\/wordpress\/plugins\/seo\/ -->\n<title>Un Escape Game pour apprendre\/pratiquer\/appliquer une connaissance et\/ou une comp\u00e9tence (pr\u00e9sentiel\/distanciel) - Eureka - Train the Trainer<\/title>\n<meta name=\"robots\" content=\"index, follow, max-snippet:-1, max-image-preview:large, max-video-preview:-1\" \/>\n<link rel=\"canonical\" href=\"https:\/\/eureka-tp.com\/fr\/product\/escapegame\/\" \/>\n<meta property=\"og:locale\" content=\"fr_FR\" \/>\n<meta property=\"og:type\" content=\"article\" \/>\n<meta property=\"og:title\" content=\"Un Escape Game pour apprendre\/pratiquer\/appliquer une connaissance et\/ou une comp\u00e9tence (pr\u00e9sentiel\/distanciel) - Eureka - Train the Trainer\" \/>\n<meta property=\"og:description\" content=\"RESSOURCE PEDAGOGIQUE - REPLAY Classe Virtuelle participative et collaborative.  B\u00e9n\u00e9fices Apprenants :   Appliquer les r\u00e8gles de conception d\u2019un Escape Game pour cr\u00e9er une exp\u00e9rience d\u2019apprentissage unique \u00e0 distance.  Utiliser des templates et outils de conception pour cr\u00e9er un scenario, des eningmes et des deroul\u00e9.  Connaitre les trucs et astuces pour cr\u00e9er un Escape Game \u00e0 l&#039;aide PPT.  .  Bonus :   Exp\u00e9rimenter un Escape Game P\u00e9dagogique en tant qu&#039;apprenant.  Ressources p\u00e9dagogiques associ\u00e9es pour la conception (Templates, Outils etc.) \u00e0 t\u00e9l\u00e9charger.  .  Notez que cette classe virtuelle est inclue dans l&#039;abonnement de la Communaut\u00e9 des Formateurs Eureka !\u00a0 Si vous \u00eates un.e membre de la Communaut\u00e9 merci de visiter l\u2019espace \u00a0\u00ab BAO de Christophe \u00bb.  Pour devenir membre de la Communaut\u00e9 des Formateurs Eureka !\u00a0et b\u00e9n\u00e9ficier de toutes les ressources et des formations de formateurs accessibles aux membres :   Abonnement Annuel https:\/\/eureka-tp.com\/product\/cef-abonnement-annuel\/  Abonnement Mensuel https:\/\/eureka-tp.com\/product\/cef-abonnement-mensuel\/  .\" \/>\n<meta property=\"og:url\" content=\"https:\/\/eureka-tp.com\/fr\/product\/escapegame\/\" \/>\n<meta property=\"og:site_name\" content=\"Eureka - Train the Trainer\" \/>\n<meta property=\"article:modified_time\" content=\"2024-04-15T05:01:45+00:00\" \/>\n<meta property=\"og:image\" content=\"https:\/\/eureka-tp.com\/wp-content\/uploads\/2022\/12\/Logo-EscapeGame.jpg\" \/>\n\t<meta property=\"og:image:width\" content=\"500\" \/>\n\t<meta property=\"og:image:height\" content=\"500\" \/>\n\t<meta property=\"og:image:type\" content=\"image\/jpeg\" \/>\n<script type=\"application\/ld+json\" class=\"yoast-schema-graph\">{\"@context\":\"https:\/\/schema.org\",\"@graph\":[{\"@type\":\"WebPage\",\"@id\":\"https:\/\/eureka-tp.com\/fr\/product\/escapegame\/\",\"url\":\"https:\/\/eureka-tp.com\/fr\/product\/escapegame\/\",\"name\":\"Un Escape Game pour apprendre\/pratiquer\/appliquer une connaissance et\/ou une comp\u00e9tence (pr\u00e9sentiel\/distanciel) - Eureka - Train the Trainer\",\"isPartOf\":{\"@id\":\"https:\/\/eureka-tp.com\/#website\"},\"primaryImageOfPage\":{\"@id\":\"https:\/\/eureka-tp.com\/fr\/product\/escapegame\/#primaryimage\"},\"image\":{\"@id\":\"https:\/\/eureka-tp.com\/fr\/product\/escapegame\/#primaryimage\"},\"thumbnailUrl\":\"https:\/\/eureka-tp.com\/wp-content\/uploads\/2022\/12\/Logo-EscapeGame.jpg\",\"datePublished\":\"2021-08-26T15:36:04+00:00\",\"dateModified\":\"2024-04-15T05:01:45+00:00\",\"breadcrumb\":{\"@id\":\"https:\/\/eureka-tp.com\/fr\/product\/escapegame\/#breadcrumb\"},\"inLanguage\":\"fr-FR\",\"potentialAction\":[{\"@type\":\"ReadAction\",\"target\":[\"https:\/\/eureka-tp.com\/fr\/product\/escapegame\/\"]}]},{\"@type\":\"ImageObject\",\"inLanguage\":\"fr-FR\",\"@id\":\"https:\/\/eureka-tp.com\/fr\/product\/escapegame\/#primaryimage\",\"url\":\"https:\/\/eureka-tp.com\/wp-content\/uploads\/2022\/12\/Logo-EscapeGame.jpg\",\"contentUrl\":\"https:\/\/eureka-tp.com\/wp-content\/uploads\/2022\/12\/Logo-EscapeGame.jpg\",\"width\":500,\"height\":500},{\"@type\":\"BreadcrumbList\",\"@id\":\"https:\/\/eureka-tp.com\/fr\/product\/escapegame\/#breadcrumb\",\"itemListElement\":[{\"@type\":\"ListItem\",\"position\":1,\"name\":\"Home\",\"item\":\"https:\/\/eureka-tp.com\/fr\/\"},{\"@type\":\"ListItem\",\"position\":2,\"name\":\"Un Escape Game pour apprendre\/pratiquer\/appliquer une connaissance et\/ou une comp\u00e9tence (pr\u00e9sentiel\/distanciel)\"}]},{\"@type\":\"WebSite\",\"@id\":\"https:\/\/eureka-tp.com\/#website\",\"url\":\"https:\/\/eureka-tp.com\/\",\"name\":\"Eureka - Train the Trainer\",\"description\":\"Training for Trainers\",\"potentialAction\":[{\"@type\":\"SearchAction\",\"target\":{\"@type\":\"EntryPoint\",\"urlTemplate\":\"https:\/\/eureka-tp.com\/?s={search_term_string}\"},\"query-input\":{\"@type\":\"PropertyValueSpecification\",\"valueRequired\":true,\"valueName\":\"search_term_string\"}}],\"inLanguage\":\"fr-FR\"}]}<\/script>\n<!-- \/ Yoast SEO plugin. -->","yoast_head_json":{"title":"Un Escape Game pour apprendre\/pratiquer\/appliquer une connaissance et\/ou une comp\u00e9tence (pr\u00e9sentiel\/distanciel) - Eureka - Train the Trainer","robots":{"index":"index","follow":"follow","max-snippet":"max-snippet:-1","max-image-preview":"max-image-preview:large","max-video-preview":"max-video-preview:-1"},"canonical":"https:\/\/eureka-tp.com\/fr\/product\/escapegame\/","og_locale":"fr_FR","og_type":"article","og_title":"Un Escape Game pour apprendre\/pratiquer\/appliquer une connaissance et\/ou une comp\u00e9tence (pr\u00e9sentiel\/distanciel) - Eureka - Train the Trainer","og_description":"RESSOURCE PEDAGOGIQUE - REPLAY Classe Virtuelle participative et collaborative.  B\u00e9n\u00e9fices Apprenants :   Appliquer les r\u00e8gles de conception d\u2019un Escape Game pour cr\u00e9er une exp\u00e9rience d\u2019apprentissage unique \u00e0 distance.  Utiliser des templates et outils de conception pour cr\u00e9er un scenario, des eningmes et des deroul\u00e9.  Connaitre les trucs et astuces pour cr\u00e9er un Escape Game \u00e0 l'aide PPT.  .  Bonus :   Exp\u00e9rimenter un Escape Game P\u00e9dagogique en tant qu'apprenant.  Ressources p\u00e9dagogiques associ\u00e9es pour la conception (Templates, Outils etc.) \u00e0 t\u00e9l\u00e9charger.  .  Notez que cette classe virtuelle est inclue dans l'abonnement de la Communaut\u00e9 des Formateurs Eureka !\u00a0 Si vous \u00eates un.e membre de la Communaut\u00e9 merci de visiter l\u2019espace \u00a0\u00ab BAO de Christophe \u00bb.  Pour devenir membre de la Communaut\u00e9 des Formateurs Eureka !\u00a0et b\u00e9n\u00e9ficier de toutes les ressources et des formations de formateurs accessibles aux membres :   Abonnement Annuel https:\/\/eureka-tp.com\/product\/cef-abonnement-annuel\/  Abonnement Mensuel https:\/\/eureka-tp.com\/product\/cef-abonnement-mensuel\/  .","og_url":"https:\/\/eureka-tp.com\/fr\/product\/escapegame\/","og_site_name":"Eureka - Train the Trainer","article_modified_time":"2024-04-15T05:01:45+00:00","og_image":[{"width":500,"height":500,"url":"https:\/\/eureka-tp.com\/wp-content\/uploads\/2022\/12\/Logo-EscapeGame.jpg","type":"image\/jpeg"}],"schema":{"@context":"https:\/\/schema.org","@graph":[{"@type":"WebPage","@id":"https:\/\/eureka-tp.com\/fr\/product\/escapegame\/","url":"https:\/\/eureka-tp.com\/fr\/product\/escapegame\/","name":"Un Escape Game pour apprendre\/pratiquer\/appliquer une connaissance et\/ou une comp\u00e9tence (pr\u00e9sentiel\/distanciel) - Eureka - Train the Trainer","isPartOf":{"@id":"https:\/\/eureka-tp.com\/#website"},"primaryImageOfPage":{"@id":"https:\/\/eureka-tp.com\/fr\/product\/escapegame\/#primaryimage"},"image":{"@id":"https:\/\/eureka-tp.com\/fr\/product\/escapegame\/#primaryimage"},"thumbnailUrl":"https:\/\/eureka-tp.com\/wp-content\/uploads\/2022\/12\/Logo-EscapeGame.jpg","datePublished":"2021-08-26T15:36:04+00:00","dateModified":"2024-04-15T05:01:45+00:00","breadcrumb":{"@id":"https:\/\/eureka-tp.com\/fr\/product\/escapegame\/#breadcrumb"},"inLanguage":"fr-FR","potentialAction":[{"@type":"ReadAction","target":["https:\/\/eureka-tp.com\/fr\/product\/escapegame\/"]}]},{"@type":"ImageObject","inLanguage":"fr-FR","@id":"https:\/\/eureka-tp.com\/fr\/product\/escapegame\/#primaryimage","url":"https:\/\/eureka-tp.com\/wp-content\/uploads\/2022\/12\/Logo-EscapeGame.jpg","contentUrl":"https:\/\/eureka-tp.com\/wp-content\/uploads\/2022\/12\/Logo-EscapeGame.jpg","width":500,"height":500},{"@type":"BreadcrumbList","@id":"https:\/\/eureka-tp.com\/fr\/product\/escapegame\/#breadcrumb","itemListElement":[{"@type":"ListItem","position":1,"name":"Home","item":"https:\/\/eureka-tp.com\/fr\/"},{"@type":"ListItem","position":2,"name":"Un Escape Game pour apprendre\/pratiquer\/appliquer une connaissance et\/ou une comp\u00e9tence (pr\u00e9sentiel\/distanciel)"}]},{"@type":"WebSite","@id":"https:\/\/eureka-tp.com\/#website","url":"https:\/\/eureka-tp.com\/","name":"Eureka - Train the Trainer","description":"Training for Trainers","potentialAction":[{"@type":"SearchAction","target":{"@type":"EntryPoint","urlTemplate":"https:\/\/eureka-tp.com\/?s={search_term_string}"},"query-input":{"@type":"PropertyValueSpecification","valueRequired":true,"valueName":"search_term_string"}}],"inLanguage":"fr-FR"}]}},"_links":{"self":[{"href":"https:\/\/eureka-tp.com\/fr\/wp-json\/wp\/v2\/product\/35345"}],"collection":[{"href":"https:\/\/eureka-tp.com\/fr\/wp-json\/wp\/v2\/product"}],"about":[{"href":"https:\/\/eureka-tp.com\/fr\/wp-json\/wp\/v2\/types\/product"}],"wp:featuredmedia":[{"embeddable":true,"href":"https:\/\/eureka-tp.com\/fr\/wp-json\/wp\/v2\/media\/35276"}],"wp:attachment":[{"href":"https:\/\/eureka-tp.com\/fr\/wp-json\/wp\/v2\/media?parent=35345"}],"wp:term":[{"taxonomy":"product_cat","embeddable":true,"href":"https:\/\/eureka-tp.com\/fr\/wp-json\/wp\/v2\/product_cat?post=35345"},{"taxonomy":"product_tag","embeddable":true,"href":"https:\/\/eureka-tp.com\/fr\/wp-json\/wp\/v2\/product_tag?post=35345"}],"curies":[{"name":"wp","href":"https:\/\/api.w.org\/{rel}","templated":true}]}}