{"id":37601,"date":"2021-08-26T16:36:04","date_gmt":"2021-08-26T15:36:04","guid":{"rendered":"https:\/\/eureka-tp.com\/product\/formationsit-2\/"},"modified":"2024-12-03T00:05:03","modified_gmt":"2024-12-03T00:05:03","slug":"jobaids","status":"publish","type":"product","link":"https:\/\/eureka-tp.com\/fr\/product\/jobaids\/","title":{"rendered":"Cr\u00e9er des \u00ab Job Aids \u00bb pour aider le transfert et pour favoriser l\u2019application sur le poste de travail"},"content":{"rendered":"<div class=\"pbs-main-wrapper\"><p><\/p>\n<\/div>","protected":false},"excerpt":{"rendered":"<h1>RESSOURCE PEDAGOGIQUE : ACHAT REPLAY<\/h1>\n<div class=\"fl-row fl-row-fixed-width fl-row-bg-none fl-node-ib5xl38kopqd fl-row-default-height fl-row-align-center\" data-node=\"ib5xl38kopqd\">\n<div class=\"fl-row-content-wrap\">\n<div class=\"fl-row-content fl-row-fixed-width fl-node-content\">\n<div class=\"fl-col-group fl-node-s1hb0kqly397\" data-node=\"s1hb0kqly397\">\n<div class=\"fl-col fl-node-czvqy84dap5k fl-col-has-cols\" data-node=\"czvqy84dap5k\">\n<div class=\"fl-col-content fl-node-content\">\n<div class=\"fl-col-group fl-node-adzt1c6j0in7 fl-col-group-nested\" data-node=\"adzt1c6j0in7\">\n<div class=\"fl-col fl-node-tybcx3whvrl8 fl-col-small\" data-node=\"tybcx3whvrl8\">\n<div class=\"fl-col-content fl-node-content\">\n<div class=\"fl-module fl-module-rich-text fl-node-cvfmayrq6ux3\" data-node=\"cvfmayrq6ux3\">\n<div class=\"fl-module-content fl-node-content\">\n<div class=\"fl-rich-text\">\n<p>Le Job Aids n\u2019a pas pour vocation de remplacer une formation mais de renforcer un apprentissage et\/ou de favoriser l\u2019application d\u2019une t\u00e2che peu fr\u00e9quente ou complexe apr\u00e8s la formation.<\/p>\n<\/div>\n<\/div>\n<\/div>\n<\/div>\n<\/div>\n<\/div>\n<\/div>\n<\/div>\n<\/div>\n<\/div>\n<\/div>\n<\/div>\n<p><strong>B\u00e9n\u00e9fices Apprenants :<\/strong><\/p>\n<ul>\n<li class=\"list_item\" data-key=\"112\"><span class=\"list-item-child\" data-key=\"113\"><span data-key=\"114\"><span data-slate-leaf=\"true\" data-offset-key=\"114:0\"><span spellcheck=\"true\" data-slate-content=\"true\">Faire la diff\u00e9rence entre un Job Aids et une ressource p\u00e9dagogique traditionnelle.<\/span><\/span><\/span><\/span><\/li>\n<li class=\"list_item\" data-key=\"115\"><span class=\"list-item-child\" data-key=\"116\"><span data-key=\"117\"><span data-slate-leaf=\"true\" data-offset-key=\"117:0\"><span spellcheck=\"true\" data-slate-content=\"true\">Identifier une partie de sa formation qui pourrait \u00eatre transf\u00e9rer \u00e0 l&#8217;aide d&#8217;un Job Aids.<\/span><\/span><\/span><\/span><\/li>\n<li class=\"list_item\" data-key=\"118\"><span class=\"list-item-child\" data-key=\"119\"><span data-key=\"120\"><span data-slate-leaf=\"true\" data-offset-key=\"120:0\"><span spellcheck=\"true\" data-slate-content=\"true\">Cr\u00e9er une liste des outils de conception disponibles sur le web.<\/span><\/span><\/span><\/span><\/li>\n<li class=\"list_item\" data-key=\"121\"><span class=\"list-item-child\" data-key=\"122\"><span data-key=\"123\"><span data-slate-leaf=\"true\" data-offset-key=\"123:0\"><span spellcheck=\"true\" data-slate-content=\"true\">Cr\u00e9er un Job Aids avec la version gratuite de CANVA pour son programme.<\/span><\/span><\/span><\/span><\/li>\n<\/ul>\n<p>.<\/p>\n<p>Notez que cette classe virtuelle est inclue dans l\u2019abonnement de la Communaut\u00e9 des Formateurs Eureka !\u00a0 Si vous \u00eates un.e membre de la Communaut\u00e9 merci de visiter l\u2019espace \u00a0<strong>\u00ab Module Mensuel \u00bb<\/strong>.<\/p>\n<p><strong>Pour devenir membre de la Communaut\u00e9 des Formateurs Eureka !<\/strong>\u00a0et b\u00e9n\u00e9ficier de toutes les ressources et des formations de formateurs accessibles aux membres :<\/p>\n<ul>\n<li>Abonnement Annuel\u00a0<a href=\"https:\/\/eureka-tp.com\/product\/cef-abonnement-annuel\/\" xlink=\"href\">https:\/\/eureka-tp.com\/product\/cef-abonnement-annuel\/<\/a><\/li>\n<li>Abonnement Mensuel\u00a0<a href=\"https:\/\/eureka-tp.com\/product\/cef-abonnement-mensuel\/\" xlink=\"href\">https:\/\/eureka-tp.com\/product\/cef-abonnement-mensuel\/<\/a><\/li>\n<\/ul>\n<p>.<\/p>\n","protected":false},"featured_media":37593,"template":"","meta":{"_genesis_hide_title":false,"_genesis_hide_breadcrumbs":false,"_genesis_hide_singular_image":false,"_genesis_hide_footer_widgets":false,"_genesis_custom_body_class":"","_genesis_custom_post_class":"","_genesis_layout":"","episode_type":"","audio_file":"","cover_image":"","cover_image_id":"","duration":"","filesize":"","date_recorded":"","explicit":"","block":"","itunes_episode_number":"","itunes_title":"","itunes_season_number":"","itunes_episode_type":"","filesize_raw":""},"product_cat":[197],"product_tag":[],"class_list":{"0":"post-37601","1":"product","2":"type-product","3":"status-publish","4":"has-post-thumbnail","6":"product_cat-club-formateurs","7":"entry"},"yoast_head":"<!-- This site is optimized with the Yoast SEO plugin v23.9 - https:\/\/yoast.com\/wordpress\/plugins\/seo\/ -->\n<title>Cr\u00e9er des \u00ab Job Aids \u00bb pour aider le transfert et pour favoriser l\u2019application sur le poste de travail - Eureka - Train the Trainer<\/title>\n<meta name=\"robots\" content=\"index, follow, max-snippet:-1, max-image-preview:large, max-video-preview:-1\" \/>\n<link rel=\"canonical\" href=\"https:\/\/eureka-tp.com\/fr\/product\/jobaids\/\" \/>\n<meta property=\"og:locale\" content=\"fr_FR\" \/>\n<meta property=\"og:type\" content=\"article\" \/>\n<meta property=\"og:title\" content=\"Cr\u00e9er des \u00ab Job Aids \u00bb pour aider le transfert et pour favoriser l\u2019application sur le poste de travail - Eureka - Train the Trainer\" \/>\n<meta property=\"og:description\" content=\"RESSOURCE PEDAGOGIQUE : ACHAT REPLAY             Le Job Aids n\u2019a pas pour vocation de remplacer une formation mais de renforcer un apprentissage et\/ou de favoriser l\u2019application d\u2019une t\u00e2che peu fr\u00e9quente ou complexe apr\u00e8s la formation.             B\u00e9n\u00e9fices Apprenants :  Faire la diff\u00e9rence entre un Job Aids et une ressource p\u00e9dagogique traditionnelle. Identifier une partie de sa formation qui pourrait \u00eatre transf\u00e9rer \u00e0 l&#039;aide d&#039;un Job Aids. Cr\u00e9er une liste des outils de conception disponibles sur le web. Cr\u00e9er un Job Aids avec la version gratuite de CANVA pour son programme.  . Notez que cette classe virtuelle est inclue dans l\u2019abonnement de la Communaut\u00e9 des Formateurs Eureka !\u00a0 Si vous \u00eates un.e membre de la Communaut\u00e9 merci de visiter l\u2019espace \u00a0\u00ab Module Mensuel \u00bb. Pour devenir membre de la Communaut\u00e9 des Formateurs Eureka !\u00a0et b\u00e9n\u00e9ficier de toutes les ressources et des formations de formateurs accessibles aux membres :  Abonnement Annuel\u00a0https:\/\/eureka-tp.com\/product\/cef-abonnement-annuel\/ Abonnement Mensuel\u00a0https:\/\/eureka-tp.com\/product\/cef-abonnement-mensuel\/  .\" \/>\n<meta property=\"og:url\" content=\"https:\/\/eureka-tp.com\/fr\/product\/jobaids\/\" \/>\n<meta property=\"og:site_name\" content=\"Eureka - Train the Trainer\" \/>\n<meta property=\"article:modified_time\" content=\"2024-12-03T00:05:03+00:00\" \/>\n<meta property=\"og:image\" content=\"https:\/\/eureka-tp.com\/wp-content\/uploads\/2023\/03\/PictureJobaids-1-e1695130494883.jpg\" \/>\n\t<meta property=\"og:image:width\" content=\"150\" \/>\n\t<meta property=\"og:image:height\" content=\"116\" \/>\n\t<meta property=\"og:image:type\" content=\"image\/jpeg\" \/>\n<script type=\"application\/ld+json\" class=\"yoast-schema-graph\">{\"@context\":\"https:\/\/schema.org\",\"@graph\":[{\"@type\":\"WebPage\",\"@id\":\"https:\/\/eureka-tp.com\/fr\/product\/jobaids\/\",\"url\":\"https:\/\/eureka-tp.com\/fr\/product\/jobaids\/\",\"name\":\"Cr\u00e9er des \u00ab Job Aids \u00bb pour aider le transfert et pour favoriser l\u2019application sur le poste de travail - Eureka - Train the Trainer\",\"isPartOf\":{\"@id\":\"https:\/\/eureka-tp.com\/#website\"},\"primaryImageOfPage\":{\"@id\":\"https:\/\/eureka-tp.com\/fr\/product\/jobaids\/#primaryimage\"},\"image\":{\"@id\":\"https:\/\/eureka-tp.com\/fr\/product\/jobaids\/#primaryimage\"},\"thumbnailUrl\":\"https:\/\/eureka-tp.com\/wp-content\/uploads\/2023\/03\/PictureJobaids-1-e1695130494883.jpg\",\"datePublished\":\"2021-08-26T15:36:04+00:00\",\"dateModified\":\"2024-12-03T00:05:03+00:00\",\"breadcrumb\":{\"@id\":\"https:\/\/eureka-tp.com\/fr\/product\/jobaids\/#breadcrumb\"},\"inLanguage\":\"fr-FR\",\"potentialAction\":[{\"@type\":\"ReadAction\",\"target\":[\"https:\/\/eureka-tp.com\/fr\/product\/jobaids\/\"]}]},{\"@type\":\"ImageObject\",\"inLanguage\":\"fr-FR\",\"@id\":\"https:\/\/eureka-tp.com\/fr\/product\/jobaids\/#primaryimage\",\"url\":\"https:\/\/eureka-tp.com\/wp-content\/uploads\/2023\/03\/PictureJobaids-1-e1695130494883.jpg\",\"contentUrl\":\"https:\/\/eureka-tp.com\/wp-content\/uploads\/2023\/03\/PictureJobaids-1-e1695130494883.jpg\",\"width\":150,\"height\":116},{\"@type\":\"BreadcrumbList\",\"@id\":\"https:\/\/eureka-tp.com\/fr\/product\/jobaids\/#breadcrumb\",\"itemListElement\":[{\"@type\":\"ListItem\",\"position\":1,\"name\":\"Home\",\"item\":\"https:\/\/eureka-tp.com\/fr\/\"},{\"@type\":\"ListItem\",\"position\":2,\"name\":\"Cr\u00e9er des \u00ab Job Aids \u00bb pour aider le transfert et pour favoriser l\u2019application sur le poste de travail\"}]},{\"@type\":\"WebSite\",\"@id\":\"https:\/\/eureka-tp.com\/#website\",\"url\":\"https:\/\/eureka-tp.com\/\",\"name\":\"Eureka - Train the Trainer\",\"description\":\"Training for Trainers\",\"potentialAction\":[{\"@type\":\"SearchAction\",\"target\":{\"@type\":\"EntryPoint\",\"urlTemplate\":\"https:\/\/eureka-tp.com\/?s={search_term_string}\"},\"query-input\":{\"@type\":\"PropertyValueSpecification\",\"valueRequired\":true,\"valueName\":\"search_term_string\"}}],\"inLanguage\":\"fr-FR\"}]}<\/script>\n<!-- \/ Yoast SEO plugin. -->","yoast_head_json":{"title":"Cr\u00e9er des \u00ab Job Aids \u00bb pour aider le transfert et pour favoriser l\u2019application sur le poste de travail - Eureka - Train the Trainer","robots":{"index":"index","follow":"follow","max-snippet":"max-snippet:-1","max-image-preview":"max-image-preview:large","max-video-preview":"max-video-preview:-1"},"canonical":"https:\/\/eureka-tp.com\/fr\/product\/jobaids\/","og_locale":"fr_FR","og_type":"article","og_title":"Cr\u00e9er des \u00ab Job Aids \u00bb pour aider le transfert et pour favoriser l\u2019application sur le poste de travail - Eureka - Train the Trainer","og_description":"RESSOURCE PEDAGOGIQUE : ACHAT REPLAY             Le Job Aids n\u2019a pas pour vocation de remplacer une formation mais de renforcer un apprentissage et\/ou de favoriser l\u2019application d\u2019une t\u00e2che peu fr\u00e9quente ou complexe apr\u00e8s la formation.             B\u00e9n\u00e9fices Apprenants :  Faire la diff\u00e9rence entre un Job Aids et une ressource p\u00e9dagogique traditionnelle. Identifier une partie de sa formation qui pourrait \u00eatre transf\u00e9rer \u00e0 l'aide d'un Job Aids. Cr\u00e9er une liste des outils de conception disponibles sur le web. Cr\u00e9er un Job Aids avec la version gratuite de CANVA pour son programme.  . Notez que cette classe virtuelle est inclue dans l\u2019abonnement de la Communaut\u00e9 des Formateurs Eureka !\u00a0 Si vous \u00eates un.e membre de la Communaut\u00e9 merci de visiter l\u2019espace \u00a0\u00ab Module Mensuel \u00bb. Pour devenir membre de la Communaut\u00e9 des Formateurs Eureka !\u00a0et b\u00e9n\u00e9ficier de toutes les ressources et des formations de formateurs accessibles aux membres :  Abonnement Annuel\u00a0https:\/\/eureka-tp.com\/product\/cef-abonnement-annuel\/ Abonnement Mensuel\u00a0https:\/\/eureka-tp.com\/product\/cef-abonnement-mensuel\/  .","og_url":"https:\/\/eureka-tp.com\/fr\/product\/jobaids\/","og_site_name":"Eureka - Train the Trainer","article_modified_time":"2024-12-03T00:05:03+00:00","og_image":[{"width":150,"height":116,"url":"https:\/\/eureka-tp.com\/wp-content\/uploads\/2023\/03\/PictureJobaids-1-e1695130494883.jpg","type":"image\/jpeg"}],"schema":{"@context":"https:\/\/schema.org","@graph":[{"@type":"WebPage","@id":"https:\/\/eureka-tp.com\/fr\/product\/jobaids\/","url":"https:\/\/eureka-tp.com\/fr\/product\/jobaids\/","name":"Cr\u00e9er des \u00ab Job Aids \u00bb pour aider le transfert et pour favoriser l\u2019application sur le poste de travail - Eureka - Train the Trainer","isPartOf":{"@id":"https:\/\/eureka-tp.com\/#website"},"primaryImageOfPage":{"@id":"https:\/\/eureka-tp.com\/fr\/product\/jobaids\/#primaryimage"},"image":{"@id":"https:\/\/eureka-tp.com\/fr\/product\/jobaids\/#primaryimage"},"thumbnailUrl":"https:\/\/eureka-tp.com\/wp-content\/uploads\/2023\/03\/PictureJobaids-1-e1695130494883.jpg","datePublished":"2021-08-26T15:36:04+00:00","dateModified":"2024-12-03T00:05:03+00:00","breadcrumb":{"@id":"https:\/\/eureka-tp.com\/fr\/product\/jobaids\/#breadcrumb"},"inLanguage":"fr-FR","potentialAction":[{"@type":"ReadAction","target":["https:\/\/eureka-tp.com\/fr\/product\/jobaids\/"]}]},{"@type":"ImageObject","inLanguage":"fr-FR","@id":"https:\/\/eureka-tp.com\/fr\/product\/jobaids\/#primaryimage","url":"https:\/\/eureka-tp.com\/wp-content\/uploads\/2023\/03\/PictureJobaids-1-e1695130494883.jpg","contentUrl":"https:\/\/eureka-tp.com\/wp-content\/uploads\/2023\/03\/PictureJobaids-1-e1695130494883.jpg","width":150,"height":116},{"@type":"BreadcrumbList","@id":"https:\/\/eureka-tp.com\/fr\/product\/jobaids\/#breadcrumb","itemListElement":[{"@type":"ListItem","position":1,"name":"Home","item":"https:\/\/eureka-tp.com\/fr\/"},{"@type":"ListItem","position":2,"name":"Cr\u00e9er des \u00ab Job Aids \u00bb pour aider le transfert et pour favoriser l\u2019application sur le poste de travail"}]},{"@type":"WebSite","@id":"https:\/\/eureka-tp.com\/#website","url":"https:\/\/eureka-tp.com\/","name":"Eureka - Train the Trainer","description":"Training for Trainers","potentialAction":[{"@type":"SearchAction","target":{"@type":"EntryPoint","urlTemplate":"https:\/\/eureka-tp.com\/?s={search_term_string}"},"query-input":{"@type":"PropertyValueSpecification","valueRequired":true,"valueName":"search_term_string"}}],"inLanguage":"fr-FR"}]}},"_links":{"self":[{"href":"https:\/\/eureka-tp.com\/fr\/wp-json\/wp\/v2\/product\/37601"}],"collection":[{"href":"https:\/\/eureka-tp.com\/fr\/wp-json\/wp\/v2\/product"}],"about":[{"href":"https:\/\/eureka-tp.com\/fr\/wp-json\/wp\/v2\/types\/product"}],"wp:featuredmedia":[{"embeddable":true,"href":"https:\/\/eureka-tp.com\/fr\/wp-json\/wp\/v2\/media\/37593"}],"wp:attachment":[{"href":"https:\/\/eureka-tp.com\/fr\/wp-json\/wp\/v2\/media?parent=37601"}],"wp:term":[{"taxonomy":"product_cat","embeddable":true,"href":"https:\/\/eureka-tp.com\/fr\/wp-json\/wp\/v2\/product_cat?post=37601"},{"taxonomy":"product_tag","embeddable":true,"href":"https:\/\/eureka-tp.com\/fr\/wp-json\/wp\/v2\/product_tag?post=37601"}],"curies":[{"name":"wp","href":"https:\/\/api.w.org\/{rel}","templated":true}]}}