{"id":38968,"date":"2021-08-26T16:36:04","date_gmt":"2021-08-26T15:36:04","guid":{"rendered":"https:\/\/eureka-tp.com\/product\/chatgptcv-2\/"},"modified":"2023-12-11T05:09:37","modified_gmt":"2023-12-11T05:09:37","slug":"gamificationcv","status":"publish","type":"product","link":"https:\/\/eureka-tp.com\/fr\/product\/gamificationcv\/","title":{"rendered":"La Gamification : Les premiers pas !"},"content":{"rendered":"<div class=\"pbs-main-wrapper\"><\/div>","protected":false},"excerpt":{"rendered":"<h2><strong>ACHAT REPLAY UNIQUEMENT<\/strong><\/h2>\n<p><strong>Programme<\/strong> :<\/p>\n<ul>\n<li>La diff\u00e9rence entre un jeu d&#8217;apprentissage et la gamification.<\/li>\n<li>Les 5 plus grandes erreurs commises par les concepteurs p\u00e9dagogiques et les formateurs lors de la gamification du contenu &#8211; et comment les \u00e9viter.<\/li>\n<li>Les 4 \u00e9l\u00e9ments cl\u00e9s \u00e0 inclure lors de la gamification du contenu.<\/li>\n<li>Un mod\u00e8le de conception pour une exp\u00e9rience d&#8217;apprentissage captivante.<\/li>\n<li>Des outils et des activit\u00e9s pour vous aider \u00e0 gamifier votre contenu.<\/li>\n<\/ul>\n","protected":false},"featured_media":38697,"template":"","meta":{"_genesis_hide_title":false,"_genesis_hide_breadcrumbs":false,"_genesis_hide_singular_image":false,"_genesis_hide_footer_widgets":false,"_genesis_custom_body_class":"","_genesis_custom_post_class":"","_genesis_layout":"","episode_type":"","audio_file":"","cover_image":"","cover_image_id":"","duration":"","filesize":"","date_recorded":"","explicit":"","block":"","itunes_episode_number":"","itunes_title":"","itunes_season_number":"","itunes_episode_type":"","filesize_raw":""},"product_cat":[197],"product_tag":[],"class_list":{"0":"post-38968","1":"product","2":"type-product","3":"status-publish","4":"has-post-thumbnail","6":"product_cat-club-formateurs","7":"entry"},"yoast_head":"<!-- This site is optimized with the Yoast SEO plugin v23.9 - https:\/\/yoast.com\/wordpress\/plugins\/seo\/ -->\n<title>La Gamification : Les premiers pas ! - Eureka - Train the Trainer<\/title>\n<meta name=\"robots\" content=\"index, follow, max-snippet:-1, max-image-preview:large, max-video-preview:-1\" \/>\n<link rel=\"canonical\" href=\"https:\/\/eureka-tp.com\/fr\/product\/gamificationcv\/\" \/>\n<meta property=\"og:locale\" content=\"fr_FR\" \/>\n<meta property=\"og:type\" content=\"article\" \/>\n<meta property=\"og:title\" content=\"La Gamification : Les premiers pas ! - Eureka - Train the Trainer\" \/>\n<meta property=\"og:description\" content=\"ACHAT REPLAY UNIQUEMENT Programme :   La diff\u00e9rence entre un jeu d&#039;apprentissage et la gamification.  Les 5 plus grandes erreurs commises par les concepteurs p\u00e9dagogiques et les formateurs lors de la gamification du contenu - et comment les \u00e9viter.  Les 4 \u00e9l\u00e9ments cl\u00e9s \u00e0 inclure lors de la gamification du contenu.  Un mod\u00e8le de conception pour une exp\u00e9rience d&#039;apprentissage captivante.  Des outils et des activit\u00e9s pour vous aider \u00e0 gamifier votre contenu.\" \/>\n<meta property=\"og:url\" content=\"https:\/\/eureka-tp.com\/fr\/product\/gamificationcv\/\" \/>\n<meta property=\"og:site_name\" content=\"Eureka - Train the Trainer\" \/>\n<meta property=\"article:modified_time\" content=\"2023-12-11T05:09:37+00:00\" \/>\n<meta property=\"og:image\" content=\"https:\/\/eureka-tp.com\/wp-content\/uploads\/2023\/05\/Gameifcation.jpg\" \/>\n\t<meta property=\"og:image:width\" content=\"503\" \/>\n\t<meta property=\"og:image:height\" content=\"389\" \/>\n\t<meta property=\"og:image:type\" content=\"image\/jpeg\" \/>\n<script type=\"application\/ld+json\" class=\"yoast-schema-graph\">{\"@context\":\"https:\/\/schema.org\",\"@graph\":[{\"@type\":\"WebPage\",\"@id\":\"https:\/\/eureka-tp.com\/fr\/product\/gamificationcv\/\",\"url\":\"https:\/\/eureka-tp.com\/fr\/product\/gamificationcv\/\",\"name\":\"La Gamification : Les premiers pas ! - Eureka - Train the Trainer\",\"isPartOf\":{\"@id\":\"https:\/\/eureka-tp.com\/#website\"},\"primaryImageOfPage\":{\"@id\":\"https:\/\/eureka-tp.com\/fr\/product\/gamificationcv\/#primaryimage\"},\"image\":{\"@id\":\"https:\/\/eureka-tp.com\/fr\/product\/gamificationcv\/#primaryimage\"},\"thumbnailUrl\":\"https:\/\/eureka-tp.com\/wp-content\/uploads\/2023\/05\/Gameifcation.jpg\",\"datePublished\":\"2021-08-26T15:36:04+00:00\",\"dateModified\":\"2023-12-11T05:09:37+00:00\",\"breadcrumb\":{\"@id\":\"https:\/\/eureka-tp.com\/fr\/product\/gamificationcv\/#breadcrumb\"},\"inLanguage\":\"fr-FR\",\"potentialAction\":[{\"@type\":\"ReadAction\",\"target\":[\"https:\/\/eureka-tp.com\/fr\/product\/gamificationcv\/\"]}]},{\"@type\":\"ImageObject\",\"inLanguage\":\"fr-FR\",\"@id\":\"https:\/\/eureka-tp.com\/fr\/product\/gamificationcv\/#primaryimage\",\"url\":\"https:\/\/eureka-tp.com\/wp-content\/uploads\/2023\/05\/Gameifcation.jpg\",\"contentUrl\":\"https:\/\/eureka-tp.com\/wp-content\/uploads\/2023\/05\/Gameifcation.jpg\",\"width\":503,\"height\":389},{\"@type\":\"BreadcrumbList\",\"@id\":\"https:\/\/eureka-tp.com\/fr\/product\/gamificationcv\/#breadcrumb\",\"itemListElement\":[{\"@type\":\"ListItem\",\"position\":1,\"name\":\"Home\",\"item\":\"https:\/\/eureka-tp.com\/fr\/\"},{\"@type\":\"ListItem\",\"position\":2,\"name\":\"La Gamification : Les premiers pas !\"}]},{\"@type\":\"WebSite\",\"@id\":\"https:\/\/eureka-tp.com\/#website\",\"url\":\"https:\/\/eureka-tp.com\/\",\"name\":\"Eureka - Train the Trainer\",\"description\":\"Training for Trainers\",\"potentialAction\":[{\"@type\":\"SearchAction\",\"target\":{\"@type\":\"EntryPoint\",\"urlTemplate\":\"https:\/\/eureka-tp.com\/?s={search_term_string}\"},\"query-input\":{\"@type\":\"PropertyValueSpecification\",\"valueRequired\":true,\"valueName\":\"search_term_string\"}}],\"inLanguage\":\"fr-FR\"}]}<\/script>\n<!-- \/ Yoast SEO plugin. -->","yoast_head_json":{"title":"La Gamification : Les premiers pas ! - Eureka - Train the Trainer","robots":{"index":"index","follow":"follow","max-snippet":"max-snippet:-1","max-image-preview":"max-image-preview:large","max-video-preview":"max-video-preview:-1"},"canonical":"https:\/\/eureka-tp.com\/fr\/product\/gamificationcv\/","og_locale":"fr_FR","og_type":"article","og_title":"La Gamification : Les premiers pas ! - Eureka - Train the Trainer","og_description":"ACHAT REPLAY UNIQUEMENT Programme :   La diff\u00e9rence entre un jeu d'apprentissage et la gamification.  Les 5 plus grandes erreurs commises par les concepteurs p\u00e9dagogiques et les formateurs lors de la gamification du contenu - et comment les \u00e9viter.  Les 4 \u00e9l\u00e9ments cl\u00e9s \u00e0 inclure lors de la gamification du contenu.  Un mod\u00e8le de conception pour une exp\u00e9rience d'apprentissage captivante.  Des outils et des activit\u00e9s pour vous aider \u00e0 gamifier votre contenu.","og_url":"https:\/\/eureka-tp.com\/fr\/product\/gamificationcv\/","og_site_name":"Eureka - Train the Trainer","article_modified_time":"2023-12-11T05:09:37+00:00","og_image":[{"width":503,"height":389,"url":"https:\/\/eureka-tp.com\/wp-content\/uploads\/2023\/05\/Gameifcation.jpg","type":"image\/jpeg"}],"schema":{"@context":"https:\/\/schema.org","@graph":[{"@type":"WebPage","@id":"https:\/\/eureka-tp.com\/fr\/product\/gamificationcv\/","url":"https:\/\/eureka-tp.com\/fr\/product\/gamificationcv\/","name":"La Gamification : Les premiers pas ! - Eureka - Train the Trainer","isPartOf":{"@id":"https:\/\/eureka-tp.com\/#website"},"primaryImageOfPage":{"@id":"https:\/\/eureka-tp.com\/fr\/product\/gamificationcv\/#primaryimage"},"image":{"@id":"https:\/\/eureka-tp.com\/fr\/product\/gamificationcv\/#primaryimage"},"thumbnailUrl":"https:\/\/eureka-tp.com\/wp-content\/uploads\/2023\/05\/Gameifcation.jpg","datePublished":"2021-08-26T15:36:04+00:00","dateModified":"2023-12-11T05:09:37+00:00","breadcrumb":{"@id":"https:\/\/eureka-tp.com\/fr\/product\/gamificationcv\/#breadcrumb"},"inLanguage":"fr-FR","potentialAction":[{"@type":"ReadAction","target":["https:\/\/eureka-tp.com\/fr\/product\/gamificationcv\/"]}]},{"@type":"ImageObject","inLanguage":"fr-FR","@id":"https:\/\/eureka-tp.com\/fr\/product\/gamificationcv\/#primaryimage","url":"https:\/\/eureka-tp.com\/wp-content\/uploads\/2023\/05\/Gameifcation.jpg","contentUrl":"https:\/\/eureka-tp.com\/wp-content\/uploads\/2023\/05\/Gameifcation.jpg","width":503,"height":389},{"@type":"BreadcrumbList","@id":"https:\/\/eureka-tp.com\/fr\/product\/gamificationcv\/#breadcrumb","itemListElement":[{"@type":"ListItem","position":1,"name":"Home","item":"https:\/\/eureka-tp.com\/fr\/"},{"@type":"ListItem","position":2,"name":"La Gamification : Les premiers pas !"}]},{"@type":"WebSite","@id":"https:\/\/eureka-tp.com\/#website","url":"https:\/\/eureka-tp.com\/","name":"Eureka - Train the Trainer","description":"Training for Trainers","potentialAction":[{"@type":"SearchAction","target":{"@type":"EntryPoint","urlTemplate":"https:\/\/eureka-tp.com\/?s={search_term_string}"},"query-input":{"@type":"PropertyValueSpecification","valueRequired":true,"valueName":"search_term_string"}}],"inLanguage":"fr-FR"}]}},"_links":{"self":[{"href":"https:\/\/eureka-tp.com\/fr\/wp-json\/wp\/v2\/product\/38968"}],"collection":[{"href":"https:\/\/eureka-tp.com\/fr\/wp-json\/wp\/v2\/product"}],"about":[{"href":"https:\/\/eureka-tp.com\/fr\/wp-json\/wp\/v2\/types\/product"}],"wp:featuredmedia":[{"embeddable":true,"href":"https:\/\/eureka-tp.com\/fr\/wp-json\/wp\/v2\/media\/38697"}],"wp:attachment":[{"href":"https:\/\/eureka-tp.com\/fr\/wp-json\/wp\/v2\/media?parent=38968"}],"wp:term":[{"taxonomy":"product_cat","embeddable":true,"href":"https:\/\/eureka-tp.com\/fr\/wp-json\/wp\/v2\/product_cat?post=38968"},{"taxonomy":"product_tag","embeddable":true,"href":"https:\/\/eureka-tp.com\/fr\/wp-json\/wp\/v2\/product_tag?post=38968"}],"curies":[{"name":"wp","href":"https:\/\/api.w.org\/{rel}","templated":true}]}}