{"id":39250,"date":"2021-08-26T16:36:04","date_gmt":"2021-08-26T15:36:04","guid":{"rendered":"https:\/\/eureka-tp.com\/product\/gamificationcv-2\/"},"modified":"2023-07-17T09:37:03","modified_gmt":"2023-07-17T08:37:03","slug":"8actpeda","status":"publish","type":"product","link":"https:\/\/eureka-tp.com\/fr\/product\/8actpeda\/","title":{"rendered":"REPLAY &#8211; Booster sa boite \u00e0 outils avec 8 nouvelles activit\u00e9s p\u00e9dagogiques"},"content":{"rendered":"<div class=\"pbs-main-wrapper\"><\/div>","protected":false},"excerpt":{"rendered":"<p><strong>Programme<\/strong> :<\/p>\n<ul>\n<li>2 nouvelles activit\u00e9s pour d\u00e9buter une formation.<\/li>\n<li>2 nouvelles activit\u00e9s pour cloturer une formation.<\/li>\n<li>2 nouvelles activit\u00e9s pour capter et maintenir l&#8217;attention.<\/li>\n<li>2 nouvelles activit\u00e9s pour r\u00e9activer un contenu de formation.<\/li>\n<\/ul>\n","protected":false},"featured_media":39182,"template":"","meta":{"_genesis_hide_title":false,"_genesis_hide_breadcrumbs":false,"_genesis_hide_singular_image":false,"_genesis_hide_footer_widgets":false,"_genesis_custom_body_class":"","_genesis_custom_post_class":"","_genesis_layout":"","episode_type":"","audio_file":"","cover_image":"","cover_image_id":"","duration":"","filesize":"","date_recorded":"","explicit":"","block":"","itunes_episode_number":"","itunes_title":"","itunes_season_number":"","itunes_episode_type":"","filesize_raw":""},"product_cat":[197],"product_tag":[],"class_list":{"0":"post-39250","1":"product","2":"type-product","3":"status-publish","4":"has-post-thumbnail","6":"product_cat-club-formateurs","7":"entry"},"yoast_head":"<!-- This site is optimized with the Yoast SEO plugin v23.9 - https:\/\/yoast.com\/wordpress\/plugins\/seo\/ -->\n<title>REPLAY - Booster sa boite \u00e0 outils avec 8 nouvelles activit\u00e9s p\u00e9dagogiques - Eureka - Train the Trainer<\/title>\n<meta name=\"robots\" content=\"index, follow, max-snippet:-1, max-image-preview:large, max-video-preview:-1\" \/>\n<link rel=\"canonical\" href=\"https:\/\/eureka-tp.com\/fr\/product\/8actpeda\/\" \/>\n<meta property=\"og:locale\" content=\"fr_FR\" \/>\n<meta property=\"og:type\" content=\"article\" \/>\n<meta property=\"og:title\" content=\"REPLAY - Booster sa boite \u00e0 outils avec 8 nouvelles activit\u00e9s p\u00e9dagogiques - Eureka - Train the Trainer\" \/>\n<meta property=\"og:description\" content=\"Programme :   2 nouvelles activit\u00e9s pour d\u00e9buter une formation.  2 nouvelles activit\u00e9s pour cloturer une formation.  2 nouvelles activit\u00e9s pour capter et maintenir l&#039;attention.  2 nouvelles activit\u00e9s pour r\u00e9activer un contenu de formation.\" \/>\n<meta property=\"og:url\" content=\"https:\/\/eureka-tp.com\/fr\/product\/8actpeda\/\" \/>\n<meta property=\"og:site_name\" content=\"Eureka - Train the Trainer\" \/>\n<meta property=\"article:modified_time\" content=\"2023-07-17T08:37:03+00:00\" \/>\n<meta property=\"og:image\" content=\"https:\/\/eureka-tp.com\/wp-content\/uploads\/2023\/06\/ideatoolboxcompressed.jpg\" \/>\n\t<meta property=\"og:image:width\" content=\"500\" \/>\n\t<meta property=\"og:image:height\" content=\"500\" \/>\n\t<meta property=\"og:image:type\" content=\"image\/jpeg\" \/>\n<script type=\"application\/ld+json\" class=\"yoast-schema-graph\">{\"@context\":\"https:\/\/schema.org\",\"@graph\":[{\"@type\":\"WebPage\",\"@id\":\"https:\/\/eureka-tp.com\/fr\/product\/8actpeda\/\",\"url\":\"https:\/\/eureka-tp.com\/fr\/product\/8actpeda\/\",\"name\":\"REPLAY - Booster sa boite \u00e0 outils avec 8 nouvelles activit\u00e9s p\u00e9dagogiques - Eureka - Train the Trainer\",\"isPartOf\":{\"@id\":\"https:\/\/eureka-tp.com\/#website\"},\"primaryImageOfPage\":{\"@id\":\"https:\/\/eureka-tp.com\/fr\/product\/8actpeda\/#primaryimage\"},\"image\":{\"@id\":\"https:\/\/eureka-tp.com\/fr\/product\/8actpeda\/#primaryimage\"},\"thumbnailUrl\":\"https:\/\/eureka-tp.com\/wp-content\/uploads\/2023\/06\/ideatoolboxcompressed.jpg\",\"datePublished\":\"2021-08-26T15:36:04+00:00\",\"dateModified\":\"2023-07-17T08:37:03+00:00\",\"breadcrumb\":{\"@id\":\"https:\/\/eureka-tp.com\/fr\/product\/8actpeda\/#breadcrumb\"},\"inLanguage\":\"fr-FR\",\"potentialAction\":[{\"@type\":\"ReadAction\",\"target\":[\"https:\/\/eureka-tp.com\/fr\/product\/8actpeda\/\"]}]},{\"@type\":\"ImageObject\",\"inLanguage\":\"fr-FR\",\"@id\":\"https:\/\/eureka-tp.com\/fr\/product\/8actpeda\/#primaryimage\",\"url\":\"https:\/\/eureka-tp.com\/wp-content\/uploads\/2023\/06\/ideatoolboxcompressed.jpg\",\"contentUrl\":\"https:\/\/eureka-tp.com\/wp-content\/uploads\/2023\/06\/ideatoolboxcompressed.jpg\",\"width\":500,\"height\":500},{\"@type\":\"BreadcrumbList\",\"@id\":\"https:\/\/eureka-tp.com\/fr\/product\/8actpeda\/#breadcrumb\",\"itemListElement\":[{\"@type\":\"ListItem\",\"position\":1,\"name\":\"Home\",\"item\":\"https:\/\/eureka-tp.com\/fr\/\"},{\"@type\":\"ListItem\",\"position\":2,\"name\":\"REPLAY &#8211; Booster sa boite \u00e0 outils avec 8 nouvelles activit\u00e9s p\u00e9dagogiques\"}]},{\"@type\":\"WebSite\",\"@id\":\"https:\/\/eureka-tp.com\/#website\",\"url\":\"https:\/\/eureka-tp.com\/\",\"name\":\"Eureka - Train the Trainer\",\"description\":\"Training for Trainers\",\"potentialAction\":[{\"@type\":\"SearchAction\",\"target\":{\"@type\":\"EntryPoint\",\"urlTemplate\":\"https:\/\/eureka-tp.com\/?s={search_term_string}\"},\"query-input\":{\"@type\":\"PropertyValueSpecification\",\"valueRequired\":true,\"valueName\":\"search_term_string\"}}],\"inLanguage\":\"fr-FR\"}]}<\/script>\n<!-- \/ Yoast SEO plugin. -->","yoast_head_json":{"title":"REPLAY - Booster sa boite \u00e0 outils avec 8 nouvelles activit\u00e9s p\u00e9dagogiques - Eureka - Train the Trainer","robots":{"index":"index","follow":"follow","max-snippet":"max-snippet:-1","max-image-preview":"max-image-preview:large","max-video-preview":"max-video-preview:-1"},"canonical":"https:\/\/eureka-tp.com\/fr\/product\/8actpeda\/","og_locale":"fr_FR","og_type":"article","og_title":"REPLAY - Booster sa boite \u00e0 outils avec 8 nouvelles activit\u00e9s p\u00e9dagogiques - Eureka - Train the Trainer","og_description":"Programme :   2 nouvelles activit\u00e9s pour d\u00e9buter une formation.  2 nouvelles activit\u00e9s pour cloturer une formation.  2 nouvelles activit\u00e9s pour capter et maintenir l'attention.  2 nouvelles activit\u00e9s pour r\u00e9activer un contenu de formation.","og_url":"https:\/\/eureka-tp.com\/fr\/product\/8actpeda\/","og_site_name":"Eureka - Train the Trainer","article_modified_time":"2023-07-17T08:37:03+00:00","og_image":[{"width":500,"height":500,"url":"https:\/\/eureka-tp.com\/wp-content\/uploads\/2023\/06\/ideatoolboxcompressed.jpg","type":"image\/jpeg"}],"schema":{"@context":"https:\/\/schema.org","@graph":[{"@type":"WebPage","@id":"https:\/\/eureka-tp.com\/fr\/product\/8actpeda\/","url":"https:\/\/eureka-tp.com\/fr\/product\/8actpeda\/","name":"REPLAY - Booster sa boite \u00e0 outils avec 8 nouvelles activit\u00e9s p\u00e9dagogiques - Eureka - Train the Trainer","isPartOf":{"@id":"https:\/\/eureka-tp.com\/#website"},"primaryImageOfPage":{"@id":"https:\/\/eureka-tp.com\/fr\/product\/8actpeda\/#primaryimage"},"image":{"@id":"https:\/\/eureka-tp.com\/fr\/product\/8actpeda\/#primaryimage"},"thumbnailUrl":"https:\/\/eureka-tp.com\/wp-content\/uploads\/2023\/06\/ideatoolboxcompressed.jpg","datePublished":"2021-08-26T15:36:04+00:00","dateModified":"2023-07-17T08:37:03+00:00","breadcrumb":{"@id":"https:\/\/eureka-tp.com\/fr\/product\/8actpeda\/#breadcrumb"},"inLanguage":"fr-FR","potentialAction":[{"@type":"ReadAction","target":["https:\/\/eureka-tp.com\/fr\/product\/8actpeda\/"]}]},{"@type":"ImageObject","inLanguage":"fr-FR","@id":"https:\/\/eureka-tp.com\/fr\/product\/8actpeda\/#primaryimage","url":"https:\/\/eureka-tp.com\/wp-content\/uploads\/2023\/06\/ideatoolboxcompressed.jpg","contentUrl":"https:\/\/eureka-tp.com\/wp-content\/uploads\/2023\/06\/ideatoolboxcompressed.jpg","width":500,"height":500},{"@type":"BreadcrumbList","@id":"https:\/\/eureka-tp.com\/fr\/product\/8actpeda\/#breadcrumb","itemListElement":[{"@type":"ListItem","position":1,"name":"Home","item":"https:\/\/eureka-tp.com\/fr\/"},{"@type":"ListItem","position":2,"name":"REPLAY &#8211; Booster sa boite \u00e0 outils avec 8 nouvelles activit\u00e9s p\u00e9dagogiques"}]},{"@type":"WebSite","@id":"https:\/\/eureka-tp.com\/#website","url":"https:\/\/eureka-tp.com\/","name":"Eureka - Train the Trainer","description":"Training for Trainers","potentialAction":[{"@type":"SearchAction","target":{"@type":"EntryPoint","urlTemplate":"https:\/\/eureka-tp.com\/?s={search_term_string}"},"query-input":{"@type":"PropertyValueSpecification","valueRequired":true,"valueName":"search_term_string"}}],"inLanguage":"fr-FR"}]}},"_links":{"self":[{"href":"https:\/\/eureka-tp.com\/fr\/wp-json\/wp\/v2\/product\/39250"}],"collection":[{"href":"https:\/\/eureka-tp.com\/fr\/wp-json\/wp\/v2\/product"}],"about":[{"href":"https:\/\/eureka-tp.com\/fr\/wp-json\/wp\/v2\/types\/product"}],"wp:featuredmedia":[{"embeddable":true,"href":"https:\/\/eureka-tp.com\/fr\/wp-json\/wp\/v2\/media\/39182"}],"wp:attachment":[{"href":"https:\/\/eureka-tp.com\/fr\/wp-json\/wp\/v2\/media?parent=39250"}],"wp:term":[{"taxonomy":"product_cat","embeddable":true,"href":"https:\/\/eureka-tp.com\/fr\/wp-json\/wp\/v2\/product_cat?post=39250"},{"taxonomy":"product_tag","embeddable":true,"href":"https:\/\/eureka-tp.com\/fr\/wp-json\/wp\/v2\/product_tag?post=39250"}],"curies":[{"name":"wp","href":"https:\/\/api.w.org\/{rel}","templated":true}]}}