{"id":39858,"date":"2021-08-26T16:36:04","date_gmt":"2021-08-26T15:36:04","guid":{"rendered":"https:\/\/eureka-tp.com\/product\/gamificationcv-2\/"},"modified":"2024-03-11T05:51:40","modified_gmt":"2024-03-11T05:51:40","slug":"magiecv","status":"publish","type":"product","link":"https:\/\/eureka-tp.com\/fr\/product\/magiecv\/","title":{"rendered":"REPLAY &#8211; La magie, un outil p\u00e9dagogique !"},"content":{"rendered":"<div class=\"pbs-main-wrapper\"><\/div>","protected":false},"excerpt":{"rendered":"<p><strong>D\u00e9couvrez comment incorporer strat\u00e9giquement des tours de magie dans vos ateliers en cr\u00e9ant&#8230;<\/strong><\/p>\n<ul>\n<li>Des d\u00e9buts de formation captivants.<\/li>\n<li>Des r\u00e9activations interactives.<\/li>\n<li>Des cl\u00f4tures magiques.<\/li>\n<\/ul>\n<p>Repartez avec des tours de magie \u00e0 utiliser lors de vos formations \u00e0 distance ou en pr\u00e9sentiel, ainsi que la r\u00e9ponse \u00e0 la question : \u00ab\u00a0Pourquoi utiliser des tours de magie dans une formation ?\u00a0\u00bb<\/p>\n<p>La vraie magie r\u00e9side dans votre capacit\u00e9 \u00e0 captiver vos apprenants.<\/p>\n","protected":false},"featured_media":39559,"template":"","meta":{"_genesis_hide_title":false,"_genesis_hide_breadcrumbs":false,"_genesis_hide_singular_image":false,"_genesis_hide_footer_widgets":false,"_genesis_custom_body_class":"","_genesis_custom_post_class":"","_genesis_layout":"","episode_type":"","audio_file":"","cover_image":"","cover_image_id":"","duration":"","filesize":"","date_recorded":"","explicit":"","block":"","itunes_episode_number":"","itunes_title":"","itunes_season_number":"","itunes_episode_type":"","filesize_raw":""},"product_cat":[197],"product_tag":[],"class_list":{"0":"post-39858","1":"product","2":"type-product","3":"status-publish","4":"has-post-thumbnail","6":"product_cat-club-formateurs","7":"entry"},"yoast_head":"<!-- This site is optimized with the Yoast SEO plugin v23.9 - https:\/\/yoast.com\/wordpress\/plugins\/seo\/ -->\n<title>REPLAY - La magie, un outil p\u00e9dagogique ! - Eureka - Train the Trainer<\/title>\n<meta name=\"robots\" content=\"index, follow, max-snippet:-1, max-image-preview:large, max-video-preview:-1\" \/>\n<link rel=\"canonical\" href=\"https:\/\/eureka-tp.com\/fr\/product\/magiecv\/\" \/>\n<meta property=\"og:locale\" content=\"fr_FR\" \/>\n<meta property=\"og:type\" content=\"article\" \/>\n<meta property=\"og:title\" content=\"REPLAY - La magie, un outil p\u00e9dagogique ! - Eureka - Train the Trainer\" \/>\n<meta property=\"og:description\" content=\"D\u00e9couvrez comment incorporer strat\u00e9giquement des tours de magie dans vos ateliers en cr\u00e9ant...   Des d\u00e9buts de formation captivants.  Des r\u00e9activations interactives.  Des cl\u00f4tures magiques.  Repartez avec des tours de magie \u00e0 utiliser lors de vos formations \u00e0 distance ou en pr\u00e9sentiel, ainsi que la r\u00e9ponse \u00e0 la question : \u00ab\u00a0Pourquoi utiliser des tours de magie dans une formation ?\u00a0\u00bb  La vraie magie r\u00e9side dans votre capacit\u00e9 \u00e0 captiver vos apprenants.\" \/>\n<meta property=\"og:url\" content=\"https:\/\/eureka-tp.com\/fr\/product\/magiecv\/\" \/>\n<meta property=\"og:site_name\" content=\"Eureka - Train the Trainer\" \/>\n<meta property=\"article:modified_time\" content=\"2024-03-11T05:51:40+00:00\" \/>\n<meta property=\"og:image\" content=\"https:\/\/eureka-tp.com\/wp-content\/uploads\/2023\/07\/logo-magictricksfortrainers-Compressed.jpg\" \/>\n\t<meta property=\"og:image:width\" content=\"1688\" \/>\n\t<meta property=\"og:image:height\" content=\"1125\" \/>\n\t<meta property=\"og:image:type\" content=\"image\/jpeg\" \/>\n<script type=\"application\/ld+json\" class=\"yoast-schema-graph\">{\"@context\":\"https:\/\/schema.org\",\"@graph\":[{\"@type\":\"WebPage\",\"@id\":\"https:\/\/eureka-tp.com\/fr\/product\/magiecv\/\",\"url\":\"https:\/\/eureka-tp.com\/fr\/product\/magiecv\/\",\"name\":\"REPLAY - La magie, un outil p\u00e9dagogique ! - Eureka - Train the Trainer\",\"isPartOf\":{\"@id\":\"https:\/\/eureka-tp.com\/#website\"},\"primaryImageOfPage\":{\"@id\":\"https:\/\/eureka-tp.com\/fr\/product\/magiecv\/#primaryimage\"},\"image\":{\"@id\":\"https:\/\/eureka-tp.com\/fr\/product\/magiecv\/#primaryimage\"},\"thumbnailUrl\":\"https:\/\/eureka-tp.com\/wp-content\/uploads\/2023\/07\/logo-magictricksfortrainers-Compressed.jpg\",\"datePublished\":\"2021-08-26T15:36:04+00:00\",\"dateModified\":\"2024-03-11T05:51:40+00:00\",\"breadcrumb\":{\"@id\":\"https:\/\/eureka-tp.com\/fr\/product\/magiecv\/#breadcrumb\"},\"inLanguage\":\"fr-FR\",\"potentialAction\":[{\"@type\":\"ReadAction\",\"target\":[\"https:\/\/eureka-tp.com\/fr\/product\/magiecv\/\"]}]},{\"@type\":\"ImageObject\",\"inLanguage\":\"fr-FR\",\"@id\":\"https:\/\/eureka-tp.com\/fr\/product\/magiecv\/#primaryimage\",\"url\":\"https:\/\/eureka-tp.com\/wp-content\/uploads\/2023\/07\/logo-magictricksfortrainers-Compressed.jpg\",\"contentUrl\":\"https:\/\/eureka-tp.com\/wp-content\/uploads\/2023\/07\/logo-magictricksfortrainers-Compressed.jpg\",\"width\":1688,\"height\":1125},{\"@type\":\"BreadcrumbList\",\"@id\":\"https:\/\/eureka-tp.com\/fr\/product\/magiecv\/#breadcrumb\",\"itemListElement\":[{\"@type\":\"ListItem\",\"position\":1,\"name\":\"Home\",\"item\":\"https:\/\/eureka-tp.com\/fr\/\"},{\"@type\":\"ListItem\",\"position\":2,\"name\":\"REPLAY &#8211; La magie, un outil p\u00e9dagogique !\"}]},{\"@type\":\"WebSite\",\"@id\":\"https:\/\/eureka-tp.com\/#website\",\"url\":\"https:\/\/eureka-tp.com\/\",\"name\":\"Eureka - Train the Trainer\",\"description\":\"Training for Trainers\",\"potentialAction\":[{\"@type\":\"SearchAction\",\"target\":{\"@type\":\"EntryPoint\",\"urlTemplate\":\"https:\/\/eureka-tp.com\/?s={search_term_string}\"},\"query-input\":{\"@type\":\"PropertyValueSpecification\",\"valueRequired\":true,\"valueName\":\"search_term_string\"}}],\"inLanguage\":\"fr-FR\"}]}<\/script>\n<!-- \/ Yoast SEO plugin. -->","yoast_head_json":{"title":"REPLAY - La magie, un outil p\u00e9dagogique ! - Eureka - Train the Trainer","robots":{"index":"index","follow":"follow","max-snippet":"max-snippet:-1","max-image-preview":"max-image-preview:large","max-video-preview":"max-video-preview:-1"},"canonical":"https:\/\/eureka-tp.com\/fr\/product\/magiecv\/","og_locale":"fr_FR","og_type":"article","og_title":"REPLAY - La magie, un outil p\u00e9dagogique ! - Eureka - Train the Trainer","og_description":"D\u00e9couvrez comment incorporer strat\u00e9giquement des tours de magie dans vos ateliers en cr\u00e9ant...   Des d\u00e9buts de formation captivants.  Des r\u00e9activations interactives.  Des cl\u00f4tures magiques.  Repartez avec des tours de magie \u00e0 utiliser lors de vos formations \u00e0 distance ou en pr\u00e9sentiel, ainsi que la r\u00e9ponse \u00e0 la question : \u00ab\u00a0Pourquoi utiliser des tours de magie dans une formation ?\u00a0\u00bb  La vraie magie r\u00e9side dans votre capacit\u00e9 \u00e0 captiver vos apprenants.","og_url":"https:\/\/eureka-tp.com\/fr\/product\/magiecv\/","og_site_name":"Eureka - Train the Trainer","article_modified_time":"2024-03-11T05:51:40+00:00","og_image":[{"width":1688,"height":1125,"url":"https:\/\/eureka-tp.com\/wp-content\/uploads\/2023\/07\/logo-magictricksfortrainers-Compressed.jpg","type":"image\/jpeg"}],"schema":{"@context":"https:\/\/schema.org","@graph":[{"@type":"WebPage","@id":"https:\/\/eureka-tp.com\/fr\/product\/magiecv\/","url":"https:\/\/eureka-tp.com\/fr\/product\/magiecv\/","name":"REPLAY - La magie, un outil p\u00e9dagogique ! - Eureka - Train the Trainer","isPartOf":{"@id":"https:\/\/eureka-tp.com\/#website"},"primaryImageOfPage":{"@id":"https:\/\/eureka-tp.com\/fr\/product\/magiecv\/#primaryimage"},"image":{"@id":"https:\/\/eureka-tp.com\/fr\/product\/magiecv\/#primaryimage"},"thumbnailUrl":"https:\/\/eureka-tp.com\/wp-content\/uploads\/2023\/07\/logo-magictricksfortrainers-Compressed.jpg","datePublished":"2021-08-26T15:36:04+00:00","dateModified":"2024-03-11T05:51:40+00:00","breadcrumb":{"@id":"https:\/\/eureka-tp.com\/fr\/product\/magiecv\/#breadcrumb"},"inLanguage":"fr-FR","potentialAction":[{"@type":"ReadAction","target":["https:\/\/eureka-tp.com\/fr\/product\/magiecv\/"]}]},{"@type":"ImageObject","inLanguage":"fr-FR","@id":"https:\/\/eureka-tp.com\/fr\/product\/magiecv\/#primaryimage","url":"https:\/\/eureka-tp.com\/wp-content\/uploads\/2023\/07\/logo-magictricksfortrainers-Compressed.jpg","contentUrl":"https:\/\/eureka-tp.com\/wp-content\/uploads\/2023\/07\/logo-magictricksfortrainers-Compressed.jpg","width":1688,"height":1125},{"@type":"BreadcrumbList","@id":"https:\/\/eureka-tp.com\/fr\/product\/magiecv\/#breadcrumb","itemListElement":[{"@type":"ListItem","position":1,"name":"Home","item":"https:\/\/eureka-tp.com\/fr\/"},{"@type":"ListItem","position":2,"name":"REPLAY &#8211; La magie, un outil p\u00e9dagogique !"}]},{"@type":"WebSite","@id":"https:\/\/eureka-tp.com\/#website","url":"https:\/\/eureka-tp.com\/","name":"Eureka - Train the Trainer","description":"Training for Trainers","potentialAction":[{"@type":"SearchAction","target":{"@type":"EntryPoint","urlTemplate":"https:\/\/eureka-tp.com\/?s={search_term_string}"},"query-input":{"@type":"PropertyValueSpecification","valueRequired":true,"valueName":"search_term_string"}}],"inLanguage":"fr-FR"}]}},"_links":{"self":[{"href":"https:\/\/eureka-tp.com\/fr\/wp-json\/wp\/v2\/product\/39858"}],"collection":[{"href":"https:\/\/eureka-tp.com\/fr\/wp-json\/wp\/v2\/product"}],"about":[{"href":"https:\/\/eureka-tp.com\/fr\/wp-json\/wp\/v2\/types\/product"}],"wp:featuredmedia":[{"embeddable":true,"href":"https:\/\/eureka-tp.com\/fr\/wp-json\/wp\/v2\/media\/39559"}],"wp:attachment":[{"href":"https:\/\/eureka-tp.com\/fr\/wp-json\/wp\/v2\/media?parent=39858"}],"wp:term":[{"taxonomy":"product_cat","embeddable":true,"href":"https:\/\/eureka-tp.com\/fr\/wp-json\/wp\/v2\/product_cat?post=39858"},{"taxonomy":"product_tag","embeddable":true,"href":"https:\/\/eureka-tp.com\/fr\/wp-json\/wp\/v2\/product_tag?post=39858"}],"curies":[{"name":"wp","href":"https:\/\/api.w.org\/{rel}","templated":true}]}}