{"id":40002,"date":"2021-08-26T16:36:04","date_gmt":"2021-08-26T15:36:04","guid":{"rendered":"https:\/\/eureka-tp.com\/product\/yogarire-2\/"},"modified":"2025-01-20T06:21:40","modified_gmt":"2025-01-20T06:21:40","slug":"teamsmc","status":"publish","type":"product","link":"https:\/\/eureka-tp.com\/fr\/product\/teamsmc\/","title":{"rendered":"MASTER CLASS &#8211; TEAMS, le centre de formation virtuel"},"content":{"rendered":"<div class=\"pbs-main-wrapper\"><p><a href=\"https:\/\/eureka-tp.com\/wp-content\/uploads\/2022\/10\/Christopheenligne.jpg\" xlink=\"href\"><img loading=\"lazy\" decoding=\"async\" class=\"size-medium wp-image-32391 alignleft\" src=\"https:\/\/eureka-tp.com\/wp-content\/uploads\/2022\/10\/Christopheenligne-300x171.jpg\" alt=\"\" width=\"300\" height=\"171\" srcset=\"https:\/\/eureka-tp.com\/wp-content\/uploads\/2022\/10\/Christopheenligne-300x171.jpg 300w, https:\/\/eureka-tp.com\/wp-content\/uploads\/2022\/10\/Christopheenligne-504x288.jpg 504w, https:\/\/eureka-tp.com\/wp-content\/uploads\/2022\/10\/Christopheenligne-200x114.jpg 200w, https:\/\/eureka-tp.com\/wp-content\/uploads\/2022\/10\/Christopheenligne-400x228.jpg 400w, https:\/\/eureka-tp.com\/wp-content\/uploads\/2022\/10\/Christopheenligne-600x342.jpg 600w, https:\/\/eureka-tp.com\/wp-content\/uploads\/2022\/10\/Christopheenligne.jpg 629w\" sizes=\"(max-width: 300px) 100vw, 300px\" \/><\/a><strong>Christophe<\/strong> animera cette Master Class &#8211; TEAMS, le centre de formation virtuel.<\/p>\n<p>Christophe utilise TEAMS depuis son apparition.\u00a0 Il a suivi minutieusement les \u00e9volutions de cette plateforme pour vous proposer aujourd&#8217;hui une Master Class regroupant toutes les astuces pratiques pour animer une classe virtuelle participative et collaborative sur TEAMS.<\/p>\n<p>Apr\u00e8s ces 2 heures, TEAMS n&#8217;aura plus de secret pour vous !<\/p>\n<\/div>","protected":false},"excerpt":{"rendered":"<h1 class=\"fl-heading\"><span class=\"fl-heading-text\"><span class=\"cf0\">Ma\u00eetrisez TEAMS &amp; Boostez Vos Comp\u00e9tences en 2 Heures<\/span><!--EndFragment --><\/span><\/h1>\n<h2><em>\u00ab\u00a0Favoriser l\u2019Engagement et la Participation en Toute Simplicit\u00e9 lors d\u2019une R\u00e9union, Classe Virtuelle et\/ou Webinaire (ou les 3) sur MS Teams\u00a0\u00bb<\/em><\/h2>\n<h2><strong>Mardi 11 f\u00e9vrier<\/strong><strong>\u00a02025 de 10h \u00e0 midi\u00a0<\/strong><\/h2>\n<p>Vous souhaitez proposer un processus engageant et impliquant mais TEAMS vous fait peur ou vous ne le maitrisez pas correctement.<\/p>\n<p>Vous \u00eates habitu\u00e9.e \u00e0 une autre plateforme webinaire, vous devez maintenant animer vos r\u00e9unions, formations ou webinaires sur TEAMS mais vous ne connaissez pas bien la plateforme.<\/p>\n<p>Si vous vous reconnaissez dans les situations susmentionn\u00e9es, cette formation en ligne pratico-pratique de 2 heures sur l&#8217;outil TEAMS est pour VOUS !<\/p>\n<p>Les places sont limit\u00e9es <em>(8 apprenants\/session)<\/em> afin de vous donner la possibilit\u00e9 de pratiquer et de mettre en place les d\u00e9couvertes.\u00a0 Notez que cette Classe Virtuelle ne sera pas enregistr\u00e9e.<\/p>\n<p><strong>Programme :<\/strong><\/p>\n<ul>\n<li>Mise en place d\u2019une classe virtuelle.<\/li>\n<li>Les 3 mani\u00e8res d\u2019inviter son audience en fonction de sa prestation \u2013 l&#8217;invitation pour une r\u00e9union sans suivi, l&#8217;invitation pour une pr\u00e9sentation ou une web conf\u00e9rence, l&#8217;invitation pour une formation ou des r\u00e9unions avec suivis.<\/li>\n<li>Comment partager des documents avec les personnes pr\u00e9sentes de son organisation et\/ou ext\u00e9rieure\u00a0?<\/li>\n<li>Cr\u00e9er une \u00e9quipe TEAMS pour faciliter les \u00e9changes de documents, de fichiers, de liens etc.<\/li>\n<li>Comment partager son contenu avec son audience sans l\u2019utilisation de 2 \u00e9crans et en \u00e9vitant les probl\u00e8mes techniques ?\u00a0 Cette mani\u00e8re de pr\u00e9senter son contenu vous facilitera la vie et vous permettra de vous concentrer sur votre animation plut\u00f4t que sur la technique.<\/li>\n<li>Faciliter et travailler efficacement avec une population \u00e9trang\u00e8re (Traduction automatique des slides, Surligneur, Feutres etc\u2026)<\/li>\n<li>Cr\u00e9er et g\u00e9rer les salles de sous-commission.<\/li>\n<\/ul>\n<p>.<\/p>\n<p><strong>BONUS REPLAY \u00ab Tableau Blanc MS TEAMS est encore mieux qu\u2019avant ! \u00bb OFFERT <em>(valeur site 31 euros)<\/em><\/strong><\/p>\n<p>Plus besoin d\u2019utiliser une application externe ou \u00e0 une slide interactive avec les risques de perdre du temps et\/ou de perdre des apprenants en cours de route (ou les 2) ! Avec la nouvelle version am\u00e9lior\u00e9e du Tableau Blanc Microsoft Teams, tout est d\u00e9sormais possible sur TEAMS.<\/p>\n<p><strong>D\u00e9couvertes :<\/strong><\/p>\n<ul>\n<li>Proposer des travaux collaboratifs sur tableau blanc TEAMS pour \u00e9viter de perdre du temps en utilisant une autre application.<\/li>\n<li>Utiliser la fonction TEAMS pour respecter le timing allou\u00e9 \u00e0 une activit\u00e9.<\/li>\n<li>Pr\u00e9parer une s\u00e9rie de tableaux blancs pouvant \u00eatre utilis\u00e9s \u00e0 diff\u00e9rents moments de la formation.<\/li>\n<li>Cr\u00e9er des mod\u00e8les de tableau blanc \u00e0 r\u00e9utiliser pour gagner du temps.<\/li>\n<li>Partager des mod\u00e8les de tableau blanc cr\u00e9\u00e9s avec d&#8217;autres formateurs.<\/li>\n<li>Partager des tableaux blancs apr\u00e8s la formation pour permettre aux apprenants de continuer \u00e0 collaborer avec les autres.<\/li>\n<\/ul>\n<p>.<\/p>\n<p>Nb : <strong>Vous \u00eates membre de la Communaut\u00e9 des Formateurs Eureka !<\/strong>, merci de suivre <strong><a href=\"https:\/\/eureka-tp.com\/cfemembers\/offresexclusivesmembres\/\" xlink=\"href\">ce lien<\/a><\/strong> pour obtenir votre Coupon Offre Exclusive Membre.<\/p>\n<p><strong>Pour devenir membre de la Communaut\u00e9 des Formateurs Eureka !<\/strong>\u00a0et b\u00e9n\u00e9ficier de toutes les ressources et des formations de formateurs accessibles aux membres :<\/p>\n<ul>\n<li>Abonnement Annuel <a href=\"https:\/\/eureka-tp.com\/product\/cef-abonnement-annuel\/\" xlink=\"href\">https:\/\/eureka-tp.com\/product\/cef-abonnement-annuel\/<\/a><\/li>\n<li>Abonnement Mensuel <a href=\"https:\/\/eureka-tp.com\/product\/cef-abonnement-mensuel\/\" xlink=\"href\">https:\/\/eureka-tp.com\/product\/cef-abonnement-mensuel\/<\/a><\/li>\n<\/ul>\n<p>.<\/p>\n","protected":false},"featured_media":44745,"template":"","meta":{"_genesis_hide_title":false,"_genesis_hide_breadcrumbs":false,"_genesis_hide_singular_image":false,"_genesis_hide_footer_widgets":false,"_genesis_custom_body_class":"","_genesis_custom_post_class":"","_genesis_layout":"","episode_type":"","audio_file":"","cover_image":"","cover_image_id":"","duration":"","filesize":"","date_recorded":"","explicit":"","block":"","itunes_episode_number":"","itunes_title":"","itunes_season_number":"","itunes_episode_type":"","filesize_raw":""},"product_cat":[197],"product_tag":[],"class_list":{"0":"post-40002","1":"product","2":"type-product","3":"status-publish","4":"has-post-thumbnail","6":"product_cat-club-formateurs","7":"entry"},"yoast_head":"<!-- This site is optimized with the Yoast SEO plugin v23.9 - https:\/\/yoast.com\/wordpress\/plugins\/seo\/ -->\n<title>MASTER CLASS - TEAMS, le centre de formation virtuel - Eureka - Train the Trainer<\/title>\n<meta name=\"robots\" content=\"index, follow, max-snippet:-1, max-image-preview:large, max-video-preview:-1\" \/>\n<link rel=\"canonical\" href=\"https:\/\/eureka-tp.com\/fr\/product\/teamsmc\/\" \/>\n<meta property=\"og:locale\" content=\"fr_FR\" \/>\n<meta property=\"og:type\" content=\"article\" \/>\n<meta property=\"og:title\" content=\"MASTER CLASS - TEAMS, le centre de formation virtuel - Eureka - Train the Trainer\" \/>\n<meta property=\"og:description\" content=\"Ma\u00eetrisez TEAMS &amp; Boostez Vos Comp\u00e9tences en 2 Heures \u00ab\u00a0Favoriser l\u2019Engagement et la Participation en Toute Simplicit\u00e9 lors d\u2019une R\u00e9union, Classe Virtuelle et\/ou Webinaire (ou les 3) sur MS Teams\u00a0\u00bb Mardi 11 f\u00e9vrier\u00a02025 de 10h \u00e0 midi\u00a0 Vous souhaitez proposer un processus engageant et impliquant mais TEAMS vous fait peur ou vous ne le maitrisez pas correctement.  Vous \u00eates habitu\u00e9.e \u00e0 une autre plateforme webinaire, vous devez maintenant animer vos r\u00e9unions, formations ou webinaires sur TEAMS mais vous ne connaissez pas bien la plateforme.  Si vous vous reconnaissez dans les situations susmentionn\u00e9es, cette formation en ligne pratico-pratique de 2 heures sur l&#039;outil TEAMS est pour VOUS !  Les places sont limit\u00e9es (8 apprenants\/session) afin de vous donner la possibilit\u00e9 de pratiquer et de mettre en place les d\u00e9couvertes.\u00a0 Notez que cette Classe Virtuelle ne sera pas enregistr\u00e9e.  Programme :   Mise en place d\u2019une classe virtuelle.  Les 3 mani\u00e8res d\u2019inviter son audience en fonction de sa prestation \u2013 l&#039;invitation pour une r\u00e9union sans suivi, l&#039;invitation pour une pr\u00e9sentation ou une web conf\u00e9rence, l&#039;invitation pour une formation ou des r\u00e9unions avec suivis.  Comment partager des documents avec les personnes pr\u00e9sentes de son organisation et\/ou ext\u00e9rieure\u00a0?  Cr\u00e9er une \u00e9quipe TEAMS pour faciliter les \u00e9changes de documents, de fichiers, de liens etc.  Comment partager son contenu avec son audience sans l\u2019utilisation de 2 \u00e9crans et en \u00e9vitant les probl\u00e8mes techniques ?\u00a0 Cette mani\u00e8re de pr\u00e9senter son contenu vous facilitera la vie et vous permettra de vous concentrer sur votre animation plut\u00f4t que sur la technique.  Faciliter et travailler efficacement avec une population \u00e9trang\u00e8re (Traduction automatique des slides, Surligneur, Feutres etc\u2026)  Cr\u00e9er et g\u00e9rer les salles de sous-commission.  .  BONUS REPLAY \u00ab Tableau Blanc MS TEAMS est encore mieux qu\u2019avant ! \u00bb OFFERT (valeur site 31 euros)  Plus besoin d\u2019utiliser une application externe ou \u00e0 une slide interactive avec les risques de perdre du temps et\/ou de perdre des apprenants en cours de route (ou les 2) ! Avec la nouvelle version am\u00e9lior\u00e9e du Tableau Blanc Microsoft Teams, tout est d\u00e9sormais possible sur TEAMS.  D\u00e9couvertes :   Proposer des travaux collaboratifs sur tableau blanc TEAMS pour \u00e9viter de perdre du temps en utilisant une autre application.  Utiliser la fonction TEAMS pour respecter le timing allou\u00e9 \u00e0 une activit\u00e9.  Pr\u00e9parer une s\u00e9rie de tableaux blancs pouvant \u00eatre utilis\u00e9s \u00e0 diff\u00e9rents moments de la formation.  Cr\u00e9er des mod\u00e8les de tableau blanc \u00e0 r\u00e9utiliser pour gagner du temps.  Partager des mod\u00e8les de tableau blanc cr\u00e9\u00e9s avec d&#039;autres formateurs.  Partager des tableaux blancs apr\u00e8s la formation pour permettre aux apprenants de continuer \u00e0 collaborer avec les autres.  .  Nb : Vous \u00eates membre de la Communaut\u00e9 des Formateurs Eureka !, merci de suivre ce lien pour obtenir votre Coupon Offre Exclusive Membre.  Pour devenir membre de la Communaut\u00e9 des Formateurs Eureka !\u00a0et b\u00e9n\u00e9ficier de toutes les ressources et des formations de formateurs accessibles aux membres :   Abonnement Annuel https:\/\/eureka-tp.com\/product\/cef-abonnement-annuel\/  Abonnement Mensuel https:\/\/eureka-tp.com\/product\/cef-abonnement-mensuel\/  .\" \/>\n<meta property=\"og:url\" content=\"https:\/\/eureka-tp.com\/fr\/product\/teamsmc\/\" \/>\n<meta property=\"og:site_name\" content=\"Eureka - Train the Trainer\" \/>\n<meta property=\"article:modified_time\" content=\"2025-01-20T06:21:40+00:00\" \/>\n<meta property=\"og:image\" content=\"https:\/\/eureka-tp.com\/wp-content\/uploads\/2024\/05\/MasterclassTeamsavril24.jpg\" \/>\n\t<meta property=\"og:image:width\" content=\"2475\" \/>\n\t<meta property=\"og:image:height\" content=\"2475\" \/>\n\t<meta property=\"og:image:type\" content=\"image\/jpeg\" \/>\n<meta name=\"twitter:label1\" content=\"Est. reading time\" \/>\n\t<meta name=\"twitter:data1\" content=\"1 minute\" \/>\n<script type=\"application\/ld+json\" class=\"yoast-schema-graph\">{\"@context\":\"https:\/\/schema.org\",\"@graph\":[{\"@type\":\"WebPage\",\"@id\":\"https:\/\/eureka-tp.com\/fr\/product\/teamsmc\/\",\"url\":\"https:\/\/eureka-tp.com\/fr\/product\/teamsmc\/\",\"name\":\"MASTER CLASS - TEAMS, le centre de formation virtuel - Eureka - Train the Trainer\",\"isPartOf\":{\"@id\":\"https:\/\/eureka-tp.com\/#website\"},\"primaryImageOfPage\":{\"@id\":\"https:\/\/eureka-tp.com\/fr\/product\/teamsmc\/#primaryimage\"},\"image\":{\"@id\":\"https:\/\/eureka-tp.com\/fr\/product\/teamsmc\/#primaryimage\"},\"thumbnailUrl\":\"https:\/\/eureka-tp.com\/wp-content\/uploads\/2024\/05\/MasterclassTeamsavril24.jpg\",\"datePublished\":\"2021-08-26T15:36:04+00:00\",\"dateModified\":\"2025-01-20T06:21:40+00:00\",\"breadcrumb\":{\"@id\":\"https:\/\/eureka-tp.com\/fr\/product\/teamsmc\/#breadcrumb\"},\"inLanguage\":\"fr-FR\",\"potentialAction\":[{\"@type\":\"ReadAction\",\"target\":[\"https:\/\/eureka-tp.com\/fr\/product\/teamsmc\/\"]}]},{\"@type\":\"ImageObject\",\"inLanguage\":\"fr-FR\",\"@id\":\"https:\/\/eureka-tp.com\/fr\/product\/teamsmc\/#primaryimage\",\"url\":\"https:\/\/eureka-tp.com\/wp-content\/uploads\/2024\/05\/MasterclassTeamsavril24.jpg\",\"contentUrl\":\"https:\/\/eureka-tp.com\/wp-content\/uploads\/2024\/05\/MasterclassTeamsavril24.jpg\",\"width\":2475,\"height\":2475},{\"@type\":\"BreadcrumbList\",\"@id\":\"https:\/\/eureka-tp.com\/fr\/product\/teamsmc\/#breadcrumb\",\"itemListElement\":[{\"@type\":\"ListItem\",\"position\":1,\"name\":\"Home\",\"item\":\"https:\/\/eureka-tp.com\/fr\/\"},{\"@type\":\"ListItem\",\"position\":2,\"name\":\"MASTER CLASS &#8211; TEAMS, le centre de formation virtuel\"}]},{\"@type\":\"WebSite\",\"@id\":\"https:\/\/eureka-tp.com\/#website\",\"url\":\"https:\/\/eureka-tp.com\/\",\"name\":\"Eureka - Train the Trainer\",\"description\":\"Training for Trainers\",\"potentialAction\":[{\"@type\":\"SearchAction\",\"target\":{\"@type\":\"EntryPoint\",\"urlTemplate\":\"https:\/\/eureka-tp.com\/?s={search_term_string}\"},\"query-input\":{\"@type\":\"PropertyValueSpecification\",\"valueRequired\":true,\"valueName\":\"search_term_string\"}}],\"inLanguage\":\"fr-FR\"}]}<\/script>\n<!-- \/ Yoast SEO plugin. -->","yoast_head_json":{"title":"MASTER CLASS - TEAMS, le centre de formation virtuel - Eureka - Train the Trainer","robots":{"index":"index","follow":"follow","max-snippet":"max-snippet:-1","max-image-preview":"max-image-preview:large","max-video-preview":"max-video-preview:-1"},"canonical":"https:\/\/eureka-tp.com\/fr\/product\/teamsmc\/","og_locale":"fr_FR","og_type":"article","og_title":"MASTER CLASS - TEAMS, le centre de formation virtuel - Eureka - Train the Trainer","og_description":"Ma\u00eetrisez TEAMS &amp; Boostez Vos Comp\u00e9tences en 2 Heures \u00ab\u00a0Favoriser l\u2019Engagement et la Participation en Toute Simplicit\u00e9 lors d\u2019une R\u00e9union, Classe Virtuelle et\/ou Webinaire (ou les 3) sur MS Teams\u00a0\u00bb Mardi 11 f\u00e9vrier\u00a02025 de 10h \u00e0 midi\u00a0 Vous souhaitez proposer un processus engageant et impliquant mais TEAMS vous fait peur ou vous ne le maitrisez pas correctement.  Vous \u00eates habitu\u00e9.e \u00e0 une autre plateforme webinaire, vous devez maintenant animer vos r\u00e9unions, formations ou webinaires sur TEAMS mais vous ne connaissez pas bien la plateforme.  Si vous vous reconnaissez dans les situations susmentionn\u00e9es, cette formation en ligne pratico-pratique de 2 heures sur l'outil TEAMS est pour VOUS !  Les places sont limit\u00e9es (8 apprenants\/session) afin de vous donner la possibilit\u00e9 de pratiquer et de mettre en place les d\u00e9couvertes.\u00a0 Notez que cette Classe Virtuelle ne sera pas enregistr\u00e9e.  Programme :   Mise en place d\u2019une classe virtuelle.  Les 3 mani\u00e8res d\u2019inviter son audience en fonction de sa prestation \u2013 l'invitation pour une r\u00e9union sans suivi, l'invitation pour une pr\u00e9sentation ou une web conf\u00e9rence, l'invitation pour une formation ou des r\u00e9unions avec suivis.  Comment partager des documents avec les personnes pr\u00e9sentes de son organisation et\/ou ext\u00e9rieure\u00a0?  Cr\u00e9er une \u00e9quipe TEAMS pour faciliter les \u00e9changes de documents, de fichiers, de liens etc.  Comment partager son contenu avec son audience sans l\u2019utilisation de 2 \u00e9crans et en \u00e9vitant les probl\u00e8mes techniques ?\u00a0 Cette mani\u00e8re de pr\u00e9senter son contenu vous facilitera la vie et vous permettra de vous concentrer sur votre animation plut\u00f4t que sur la technique.  Faciliter et travailler efficacement avec une population \u00e9trang\u00e8re (Traduction automatique des slides, Surligneur, Feutres etc\u2026)  Cr\u00e9er et g\u00e9rer les salles de sous-commission.  .  BONUS REPLAY \u00ab Tableau Blanc MS TEAMS est encore mieux qu\u2019avant ! \u00bb OFFERT (valeur site 31 euros)  Plus besoin d\u2019utiliser une application externe ou \u00e0 une slide interactive avec les risques de perdre du temps et\/ou de perdre des apprenants en cours de route (ou les 2) ! Avec la nouvelle version am\u00e9lior\u00e9e du Tableau Blanc Microsoft Teams, tout est d\u00e9sormais possible sur TEAMS.  D\u00e9couvertes :   Proposer des travaux collaboratifs sur tableau blanc TEAMS pour \u00e9viter de perdre du temps en utilisant une autre application.  Utiliser la fonction TEAMS pour respecter le timing allou\u00e9 \u00e0 une activit\u00e9.  Pr\u00e9parer une s\u00e9rie de tableaux blancs pouvant \u00eatre utilis\u00e9s \u00e0 diff\u00e9rents moments de la formation.  Cr\u00e9er des mod\u00e8les de tableau blanc \u00e0 r\u00e9utiliser pour gagner du temps.  Partager des mod\u00e8les de tableau blanc cr\u00e9\u00e9s avec d'autres formateurs.  Partager des tableaux blancs apr\u00e8s la formation pour permettre aux apprenants de continuer \u00e0 collaborer avec les autres.  .  Nb : Vous \u00eates membre de la Communaut\u00e9 des Formateurs Eureka !, merci de suivre ce lien pour obtenir votre Coupon Offre Exclusive Membre.  Pour devenir membre de la Communaut\u00e9 des Formateurs Eureka !\u00a0et b\u00e9n\u00e9ficier de toutes les ressources et des formations de formateurs accessibles aux membres :   Abonnement Annuel https:\/\/eureka-tp.com\/product\/cef-abonnement-annuel\/  Abonnement Mensuel https:\/\/eureka-tp.com\/product\/cef-abonnement-mensuel\/  .","og_url":"https:\/\/eureka-tp.com\/fr\/product\/teamsmc\/","og_site_name":"Eureka - Train the Trainer","article_modified_time":"2025-01-20T06:21:40+00:00","og_image":[{"width":2475,"height":2475,"url":"https:\/\/eureka-tp.com\/wp-content\/uploads\/2024\/05\/MasterclassTeamsavril24.jpg","type":"image\/jpeg"}],"twitter_misc":{"Est. reading time":"1 minute"},"schema":{"@context":"https:\/\/schema.org","@graph":[{"@type":"WebPage","@id":"https:\/\/eureka-tp.com\/fr\/product\/teamsmc\/","url":"https:\/\/eureka-tp.com\/fr\/product\/teamsmc\/","name":"MASTER CLASS - TEAMS, le centre de formation virtuel - Eureka - Train the Trainer","isPartOf":{"@id":"https:\/\/eureka-tp.com\/#website"},"primaryImageOfPage":{"@id":"https:\/\/eureka-tp.com\/fr\/product\/teamsmc\/#primaryimage"},"image":{"@id":"https:\/\/eureka-tp.com\/fr\/product\/teamsmc\/#primaryimage"},"thumbnailUrl":"https:\/\/eureka-tp.com\/wp-content\/uploads\/2024\/05\/MasterclassTeamsavril24.jpg","datePublished":"2021-08-26T15:36:04+00:00","dateModified":"2025-01-20T06:21:40+00:00","breadcrumb":{"@id":"https:\/\/eureka-tp.com\/fr\/product\/teamsmc\/#breadcrumb"},"inLanguage":"fr-FR","potentialAction":[{"@type":"ReadAction","target":["https:\/\/eureka-tp.com\/fr\/product\/teamsmc\/"]}]},{"@type":"ImageObject","inLanguage":"fr-FR","@id":"https:\/\/eureka-tp.com\/fr\/product\/teamsmc\/#primaryimage","url":"https:\/\/eureka-tp.com\/wp-content\/uploads\/2024\/05\/MasterclassTeamsavril24.jpg","contentUrl":"https:\/\/eureka-tp.com\/wp-content\/uploads\/2024\/05\/MasterclassTeamsavril24.jpg","width":2475,"height":2475},{"@type":"BreadcrumbList","@id":"https:\/\/eureka-tp.com\/fr\/product\/teamsmc\/#breadcrumb","itemListElement":[{"@type":"ListItem","position":1,"name":"Home","item":"https:\/\/eureka-tp.com\/fr\/"},{"@type":"ListItem","position":2,"name":"MASTER CLASS &#8211; TEAMS, le centre de formation virtuel"}]},{"@type":"WebSite","@id":"https:\/\/eureka-tp.com\/#website","url":"https:\/\/eureka-tp.com\/","name":"Eureka - Train the Trainer","description":"Training for Trainers","potentialAction":[{"@type":"SearchAction","target":{"@type":"EntryPoint","urlTemplate":"https:\/\/eureka-tp.com\/?s={search_term_string}"},"query-input":{"@type":"PropertyValueSpecification","valueRequired":true,"valueName":"search_term_string"}}],"inLanguage":"fr-FR"}]}},"_links":{"self":[{"href":"https:\/\/eureka-tp.com\/fr\/wp-json\/wp\/v2\/product\/40002"}],"collection":[{"href":"https:\/\/eureka-tp.com\/fr\/wp-json\/wp\/v2\/product"}],"about":[{"href":"https:\/\/eureka-tp.com\/fr\/wp-json\/wp\/v2\/types\/product"}],"wp:featuredmedia":[{"embeddable":true,"href":"https:\/\/eureka-tp.com\/fr\/wp-json\/wp\/v2\/media\/44745"}],"wp:attachment":[{"href":"https:\/\/eureka-tp.com\/fr\/wp-json\/wp\/v2\/media?parent=40002"}],"wp:term":[{"taxonomy":"product_cat","embeddable":true,"href":"https:\/\/eureka-tp.com\/fr\/wp-json\/wp\/v2\/product_cat?post=40002"},{"taxonomy":"product_tag","embeddable":true,"href":"https:\/\/eureka-tp.com\/fr\/wp-json\/wp\/v2\/product_tag?post=40002"}],"curies":[{"name":"wp","href":"https:\/\/api.w.org\/{rel}","templated":true}]}}