{"id":40908,"date":"2021-08-26T16:36:04","date_gmt":"2021-08-26T15:36:04","guid":{"rendered":"https:\/\/eureka-tp.com\/product\/tbteams-2\/"},"modified":"2024-03-12T07:24:58","modified_gmt":"2024-03-12T07:24:58","slug":"zoomnouv","status":"publish","type":"product","link":"https:\/\/eureka-tp.com\/fr\/product\/zoomnouv\/","title":{"rendered":"REPLAY &#8211; Les nouveaut\u00e9s de ZOOM permettant de faciliter l\u2019animation d\u2019une classe virtuelle !"},"content":{"rendered":"<div class=\"pbs-main-wrapper\"><\/div>","protected":false},"excerpt":{"rendered":"<p class=\"product_title entry-title\">REPLAY &#8211; CLASSE VIRTUELLE propos\u00e9e et anim\u00e9e par Christophe Peger Eureka !<\/p>\n<p>L&#8217;ann\u00e9e 2023 a \u00e9t\u00e9 marqu\u00e9e par plusieurs mises \u00e0 jour de Zoom, notamment le 5 septembre dernier avec le lancement du nouveau Compagnon IA de Zoom (anciennement Zoom IQ). Les mises \u00e0 jour et les nouvelles fonctionnalit\u00e9s sont tr\u00e8s appr\u00e9ciables, mais comment pouvons-nous les exploiter lors de nos formations (et r\u00e9unions) pour optimiser l&#8217;engagement des apprenants ?<\/p>\n<p><strong>Au programme :<\/strong><\/p>\n<ul>\n<li><strong>Optimisation de l&#8217;espace de discussion<\/strong>\u2013 Comment am\u00e9liorer l&#8217;engagement des apprenants pour enrichir les discussions dans le T&#8217;Chat ?<\/li>\n<li><strong>\u00ab\u00a0Regroupement Intelligent\u00a0\u00bb pour la cr\u00e9ation des salles de sous-commission (sous-groupes)<\/strong>&#8211; Comment assigner automatiquement les apprenants en fonction de leur niveau d&#8217;exp\u00e9rience, de leur r\u00e9ponse \u00e0 une question, de leur r\u00f4le professionnel, etc. ?<\/li>\n<li><strong>Gestion du temps<\/strong>&#8211; Comment maintenir le timing lors des activit\u00e9s\u00a0?<\/li>\n<li><strong>Messages de bienvenue<\/strong>&#8211; Comment cr\u00e9er une vid\u00e9o de bienvenue directement sur Zoom ?<\/li>\n<li><strong>Personnalisation<\/strong>&#8211; Comment cr\u00e9er votre avatar\u00a0?<\/li>\n<li><strong>AI Companion de Zoom (IA Zoom)<\/strong>\u2013 R\u00e9sum\u00e9s, contenu du tableau blanc et int\u00e9gration du chat ?<\/li>\n<\/ul>\n","protected":false},"featured_media":25374,"template":"","meta":{"_genesis_hide_title":false,"_genesis_hide_breadcrumbs":false,"_genesis_hide_singular_image":false,"_genesis_hide_footer_widgets":false,"_genesis_custom_body_class":"","_genesis_custom_post_class":"","_genesis_layout":"","episode_type":"","audio_file":"","cover_image":"","cover_image_id":"","duration":"","filesize":"","date_recorded":"","explicit":"","block":"","itunes_episode_number":"","itunes_title":"","itunes_season_number":"","itunes_episode_type":"","filesize_raw":""},"product_cat":[197],"product_tag":[],"class_list":{"0":"post-40908","1":"product","2":"type-product","3":"status-publish","4":"has-post-thumbnail","6":"product_cat-club-formateurs","7":"entry"},"yoast_head":"<!-- This site is optimized with the Yoast SEO plugin v23.9 - https:\/\/yoast.com\/wordpress\/plugins\/seo\/ -->\n<title>REPLAY - Les nouveaut\u00e9s de ZOOM permettant de faciliter l\u2019animation d\u2019une classe virtuelle ! - Eureka - Train the Trainer<\/title>\n<meta name=\"robots\" content=\"index, follow, max-snippet:-1, max-image-preview:large, max-video-preview:-1\" \/>\n<link rel=\"canonical\" href=\"https:\/\/eureka-tp.com\/fr\/product\/zoomnouv\/\" \/>\n<meta property=\"og:locale\" content=\"fr_FR\" \/>\n<meta property=\"og:type\" content=\"article\" \/>\n<meta property=\"og:title\" content=\"REPLAY - Les nouveaut\u00e9s de ZOOM permettant de faciliter l\u2019animation d\u2019une classe virtuelle ! - Eureka - Train the Trainer\" \/>\n<meta property=\"og:description\" content=\"REPLAY - CLASSE VIRTUELLE propos\u00e9e et anim\u00e9e par Christophe Peger Eureka ! L&#039;ann\u00e9e 2023 a \u00e9t\u00e9 marqu\u00e9e par plusieurs mises \u00e0 jour de Zoom, notamment le 5 septembre dernier avec le lancement du nouveau Compagnon IA de Zoom (anciennement Zoom IQ). Les mises \u00e0 jour et les nouvelles fonctionnalit\u00e9s sont tr\u00e8s appr\u00e9ciables, mais comment pouvons-nous les exploiter lors de nos formations (et r\u00e9unions) pour optimiser l&#039;engagement des apprenants ?  Au programme :   Optimisation de l&#039;espace de discussion\u2013 Comment am\u00e9liorer l&#039;engagement des apprenants pour enrichir les discussions dans le T&#039;Chat ?  \u00ab\u00a0Regroupement Intelligent\u00a0\u00bb pour la cr\u00e9ation des salles de sous-commission (sous-groupes)- Comment assigner automatiquement les apprenants en fonction de leur niveau d&#039;exp\u00e9rience, de leur r\u00e9ponse \u00e0 une question, de leur r\u00f4le professionnel, etc. ?  Gestion du temps- Comment maintenir le timing lors des activit\u00e9s\u00a0?  Messages de bienvenue- Comment cr\u00e9er une vid\u00e9o de bienvenue directement sur Zoom ?  Personnalisation- Comment cr\u00e9er votre avatar\u00a0?  AI Companion de Zoom (IA Zoom)\u2013 R\u00e9sum\u00e9s, contenu du tableau blanc et int\u00e9gration du chat ?\" \/>\n<meta property=\"og:url\" content=\"https:\/\/eureka-tp.com\/fr\/product\/zoomnouv\/\" \/>\n<meta property=\"og:site_name\" content=\"Eureka - Train the Trainer\" \/>\n<meta property=\"article:modified_time\" content=\"2024-03-12T07:24:58+00:00\" \/>\n<meta property=\"og:image\" content=\"https:\/\/eureka-tp.com\/wp-content\/uploads\/2021\/02\/PhotoZoom.jpg\" \/>\n\t<meta property=\"og:image:width\" content=\"345\" \/>\n\t<meta property=\"og:image:height\" content=\"210\" \/>\n\t<meta property=\"og:image:type\" content=\"image\/jpeg\" \/>\n<script type=\"application\/ld+json\" class=\"yoast-schema-graph\">{\"@context\":\"https:\/\/schema.org\",\"@graph\":[{\"@type\":\"WebPage\",\"@id\":\"https:\/\/eureka-tp.com\/fr\/product\/zoomnouv\/\",\"url\":\"https:\/\/eureka-tp.com\/fr\/product\/zoomnouv\/\",\"name\":\"REPLAY - Les nouveaut\u00e9s de ZOOM permettant de faciliter l\u2019animation d\u2019une classe virtuelle ! - Eureka - Train the Trainer\",\"isPartOf\":{\"@id\":\"https:\/\/eureka-tp.com\/#website\"},\"primaryImageOfPage\":{\"@id\":\"https:\/\/eureka-tp.com\/fr\/product\/zoomnouv\/#primaryimage\"},\"image\":{\"@id\":\"https:\/\/eureka-tp.com\/fr\/product\/zoomnouv\/#primaryimage\"},\"thumbnailUrl\":\"https:\/\/eureka-tp.com\/wp-content\/uploads\/2021\/02\/PhotoZoom.jpg\",\"datePublished\":\"2021-08-26T15:36:04+00:00\",\"dateModified\":\"2024-03-12T07:24:58+00:00\",\"breadcrumb\":{\"@id\":\"https:\/\/eureka-tp.com\/fr\/product\/zoomnouv\/#breadcrumb\"},\"inLanguage\":\"fr-FR\",\"potentialAction\":[{\"@type\":\"ReadAction\",\"target\":[\"https:\/\/eureka-tp.com\/fr\/product\/zoomnouv\/\"]}]},{\"@type\":\"ImageObject\",\"inLanguage\":\"fr-FR\",\"@id\":\"https:\/\/eureka-tp.com\/fr\/product\/zoomnouv\/#primaryimage\",\"url\":\"https:\/\/eureka-tp.com\/wp-content\/uploads\/2021\/02\/PhotoZoom.jpg\",\"contentUrl\":\"https:\/\/eureka-tp.com\/wp-content\/uploads\/2021\/02\/PhotoZoom.jpg\",\"width\":345,\"height\":210},{\"@type\":\"BreadcrumbList\",\"@id\":\"https:\/\/eureka-tp.com\/fr\/product\/zoomnouv\/#breadcrumb\",\"itemListElement\":[{\"@type\":\"ListItem\",\"position\":1,\"name\":\"Home\",\"item\":\"https:\/\/eureka-tp.com\/fr\/\"},{\"@type\":\"ListItem\",\"position\":2,\"name\":\"REPLAY &#8211; Les nouveaut\u00e9s de ZOOM permettant de faciliter l\u2019animation d\u2019une classe virtuelle !\"}]},{\"@type\":\"WebSite\",\"@id\":\"https:\/\/eureka-tp.com\/#website\",\"url\":\"https:\/\/eureka-tp.com\/\",\"name\":\"Eureka - Train the Trainer\",\"description\":\"Training for Trainers\",\"potentialAction\":[{\"@type\":\"SearchAction\",\"target\":{\"@type\":\"EntryPoint\",\"urlTemplate\":\"https:\/\/eureka-tp.com\/?s={search_term_string}\"},\"query-input\":{\"@type\":\"PropertyValueSpecification\",\"valueRequired\":true,\"valueName\":\"search_term_string\"}}],\"inLanguage\":\"fr-FR\"}]}<\/script>\n<!-- \/ Yoast SEO plugin. -->","yoast_head_json":{"title":"REPLAY - Les nouveaut\u00e9s de ZOOM permettant de faciliter l\u2019animation d\u2019une classe virtuelle ! - Eureka - Train the Trainer","robots":{"index":"index","follow":"follow","max-snippet":"max-snippet:-1","max-image-preview":"max-image-preview:large","max-video-preview":"max-video-preview:-1"},"canonical":"https:\/\/eureka-tp.com\/fr\/product\/zoomnouv\/","og_locale":"fr_FR","og_type":"article","og_title":"REPLAY - Les nouveaut\u00e9s de ZOOM permettant de faciliter l\u2019animation d\u2019une classe virtuelle ! - Eureka - Train the Trainer","og_description":"REPLAY - CLASSE VIRTUELLE propos\u00e9e et anim\u00e9e par Christophe Peger Eureka ! L'ann\u00e9e 2023 a \u00e9t\u00e9 marqu\u00e9e par plusieurs mises \u00e0 jour de Zoom, notamment le 5 septembre dernier avec le lancement du nouveau Compagnon IA de Zoom (anciennement Zoom IQ). Les mises \u00e0 jour et les nouvelles fonctionnalit\u00e9s sont tr\u00e8s appr\u00e9ciables, mais comment pouvons-nous les exploiter lors de nos formations (et r\u00e9unions) pour optimiser l'engagement des apprenants ?  Au programme :   Optimisation de l'espace de discussion\u2013 Comment am\u00e9liorer l'engagement des apprenants pour enrichir les discussions dans le T'Chat ?  \u00ab\u00a0Regroupement Intelligent\u00a0\u00bb pour la cr\u00e9ation des salles de sous-commission (sous-groupes)- Comment assigner automatiquement les apprenants en fonction de leur niveau d'exp\u00e9rience, de leur r\u00e9ponse \u00e0 une question, de leur r\u00f4le professionnel, etc. ?  Gestion du temps- Comment maintenir le timing lors des activit\u00e9s\u00a0?  Messages de bienvenue- Comment cr\u00e9er une vid\u00e9o de bienvenue directement sur Zoom ?  Personnalisation- Comment cr\u00e9er votre avatar\u00a0?  AI Companion de Zoom (IA Zoom)\u2013 R\u00e9sum\u00e9s, contenu du tableau blanc et int\u00e9gration du chat ?","og_url":"https:\/\/eureka-tp.com\/fr\/product\/zoomnouv\/","og_site_name":"Eureka - Train the Trainer","article_modified_time":"2024-03-12T07:24:58+00:00","og_image":[{"width":345,"height":210,"url":"https:\/\/eureka-tp.com\/wp-content\/uploads\/2021\/02\/PhotoZoom.jpg","type":"image\/jpeg"}],"schema":{"@context":"https:\/\/schema.org","@graph":[{"@type":"WebPage","@id":"https:\/\/eureka-tp.com\/fr\/product\/zoomnouv\/","url":"https:\/\/eureka-tp.com\/fr\/product\/zoomnouv\/","name":"REPLAY - Les nouveaut\u00e9s de ZOOM permettant de faciliter l\u2019animation d\u2019une classe virtuelle ! - Eureka - Train the Trainer","isPartOf":{"@id":"https:\/\/eureka-tp.com\/#website"},"primaryImageOfPage":{"@id":"https:\/\/eureka-tp.com\/fr\/product\/zoomnouv\/#primaryimage"},"image":{"@id":"https:\/\/eureka-tp.com\/fr\/product\/zoomnouv\/#primaryimage"},"thumbnailUrl":"https:\/\/eureka-tp.com\/wp-content\/uploads\/2021\/02\/PhotoZoom.jpg","datePublished":"2021-08-26T15:36:04+00:00","dateModified":"2024-03-12T07:24:58+00:00","breadcrumb":{"@id":"https:\/\/eureka-tp.com\/fr\/product\/zoomnouv\/#breadcrumb"},"inLanguage":"fr-FR","potentialAction":[{"@type":"ReadAction","target":["https:\/\/eureka-tp.com\/fr\/product\/zoomnouv\/"]}]},{"@type":"ImageObject","inLanguage":"fr-FR","@id":"https:\/\/eureka-tp.com\/fr\/product\/zoomnouv\/#primaryimage","url":"https:\/\/eureka-tp.com\/wp-content\/uploads\/2021\/02\/PhotoZoom.jpg","contentUrl":"https:\/\/eureka-tp.com\/wp-content\/uploads\/2021\/02\/PhotoZoom.jpg","width":345,"height":210},{"@type":"BreadcrumbList","@id":"https:\/\/eureka-tp.com\/fr\/product\/zoomnouv\/#breadcrumb","itemListElement":[{"@type":"ListItem","position":1,"name":"Home","item":"https:\/\/eureka-tp.com\/fr\/"},{"@type":"ListItem","position":2,"name":"REPLAY &#8211; Les nouveaut\u00e9s de ZOOM permettant de faciliter l\u2019animation d\u2019une classe virtuelle !"}]},{"@type":"WebSite","@id":"https:\/\/eureka-tp.com\/#website","url":"https:\/\/eureka-tp.com\/","name":"Eureka - Train the Trainer","description":"Training for Trainers","potentialAction":[{"@type":"SearchAction","target":{"@type":"EntryPoint","urlTemplate":"https:\/\/eureka-tp.com\/?s={search_term_string}"},"query-input":{"@type":"PropertyValueSpecification","valueRequired":true,"valueName":"search_term_string"}}],"inLanguage":"fr-FR"}]}},"_links":{"self":[{"href":"https:\/\/eureka-tp.com\/fr\/wp-json\/wp\/v2\/product\/40908"}],"collection":[{"href":"https:\/\/eureka-tp.com\/fr\/wp-json\/wp\/v2\/product"}],"about":[{"href":"https:\/\/eureka-tp.com\/fr\/wp-json\/wp\/v2\/types\/product"}],"wp:featuredmedia":[{"embeddable":true,"href":"https:\/\/eureka-tp.com\/fr\/wp-json\/wp\/v2\/media\/25374"}],"wp:attachment":[{"href":"https:\/\/eureka-tp.com\/fr\/wp-json\/wp\/v2\/media?parent=40908"}],"wp:term":[{"taxonomy":"product_cat","embeddable":true,"href":"https:\/\/eureka-tp.com\/fr\/wp-json\/wp\/v2\/product_cat?post=40908"},{"taxonomy":"product_tag","embeddable":true,"href":"https:\/\/eureka-tp.com\/fr\/wp-json\/wp\/v2\/product_tag?post=40908"}],"curies":[{"name":"wp","href":"https:\/\/api.w.org\/{rel}","templated":true}]}}