{"id":41590,"date":"2021-08-26T16:36:04","date_gmt":"2021-08-26T15:36:04","guid":{"rendered":"https:\/\/eureka-tp.com\/product\/zoomnouv-2\/"},"modified":"2024-02-08T11:04:04","modified_gmt":"2024-02-08T11:04:04","slug":"setped","status":"publish","type":"product","link":"https:\/\/eureka-tp.com\/fr\/product\/setped\/","title":{"rendered":"REPLAY Cr\u00e9er un set p\u00e9dagogique fun, diff\u00e8rent et apprenant pour sa prochaine formation (pr\u00e9sentiel ou distanciel) !"},"content":{"rendered":"<div class=\"pbs-main-wrapper\"><\/div>","protected":false},"excerpt":{"rendered":"<p class=\"product_title entry-title\">REPLAY CLASSE VIRTUELLE propos\u00e9e et anim\u00e9e par Christophe Peger Eureka !<\/p>\n<p>Nous savons que la prise de notes est n\u00e9cessaire pour optimiser la m\u00e9morisation.\u00a0 En effet, les apprenants ont tendance \u00e0 se souvenir de ce qu&#8217;ils \u00e9crivent et o\u00f9 ils l&#8217;\u00e9crivent !\u00a0 Stop aux feuilles volantes qui finissent toujours \u00e0 la poubelle !\u00a0 Faisons place \u00e0 un outil p\u00e9dagogique fun, diff\u00e8rent et apprenant \u00e0 utiliser aussi bien en pr\u00e9sentiel qu&#8217;\u00e0 distance.<\/p>\n<p><strong>Programme :<\/strong><\/p>\n<ul>\n<li>Les b\u00e9n\u00e9fices d&#8217;un set p\u00e9dagogique sur l&#8217;apprentissage.<\/li>\n<li>Les conseils\/tips de conception pour \u00eatre en accord avec les indispensables \u00e0 d\u00e9couvrir.<\/li>\n<li>Ressources gratuites pour le design du set p\u00e9dagogique<\/li>\n<li>Conception du Masque de diapositive PTT du set p\u00e9dagogique.<\/li>\n<li>Insertion des zones de texte pour engager et faciliter la prise de notes.<\/li>\n<\/ul>\n","protected":false},"featured_media":27422,"template":"","meta":{"_genesis_hide_title":false,"_genesis_hide_breadcrumbs":false,"_genesis_hide_singular_image":false,"_genesis_hide_footer_widgets":false,"_genesis_custom_body_class":"","_genesis_custom_post_class":"","_genesis_layout":"","episode_type":"","audio_file":"","cover_image":"","cover_image_id":"","duration":"","filesize":"","date_recorded":"","explicit":"","block":"","itunes_episode_number":"","itunes_title":"","itunes_season_number":"","itunes_episode_type":"","filesize_raw":""},"product_cat":[197],"product_tag":[],"class_list":{"0":"post-41590","1":"product","2":"type-product","3":"status-publish","4":"has-post-thumbnail","6":"product_cat-club-formateurs","7":"entry"},"yoast_head":"<!-- This site is optimized with the Yoast SEO plugin v23.9 - https:\/\/yoast.com\/wordpress\/plugins\/seo\/ -->\n<title>REPLAY Cr\u00e9er un set p\u00e9dagogique fun, diff\u00e8rent et apprenant pour sa prochaine formation (pr\u00e9sentiel ou distanciel) ! - Eureka - Train the Trainer<\/title>\n<meta name=\"robots\" content=\"index, follow, max-snippet:-1, max-image-preview:large, max-video-preview:-1\" \/>\n<link rel=\"canonical\" href=\"https:\/\/eureka-tp.com\/fr\/product\/setped\/\" \/>\n<meta property=\"og:locale\" content=\"fr_FR\" \/>\n<meta property=\"og:type\" content=\"article\" \/>\n<meta property=\"og:title\" content=\"REPLAY Cr\u00e9er un set p\u00e9dagogique fun, diff\u00e8rent et apprenant pour sa prochaine formation (pr\u00e9sentiel ou distanciel) ! - Eureka - Train the Trainer\" \/>\n<meta property=\"og:description\" content=\"REPLAY CLASSE VIRTUELLE propos\u00e9e et anim\u00e9e par Christophe Peger Eureka ! Nous savons que la prise de notes est n\u00e9cessaire pour optimiser la m\u00e9morisation.\u00a0 En effet, les apprenants ont tendance \u00e0 se souvenir de ce qu&#039;ils \u00e9crivent et o\u00f9 ils l&#039;\u00e9crivent !\u00a0 Stop aux feuilles volantes qui finissent toujours \u00e0 la poubelle !\u00a0 Faisons place \u00e0 un outil p\u00e9dagogique fun, diff\u00e8rent et apprenant \u00e0 utiliser aussi bien en pr\u00e9sentiel qu&#039;\u00e0 distance.  Programme :   Les b\u00e9n\u00e9fices d&#039;un set p\u00e9dagogique sur l&#039;apprentissage.  Les conseils\/tips de conception pour \u00eatre en accord avec les indispensables \u00e0 d\u00e9couvrir.  Ressources gratuites pour le design du set p\u00e9dagogique  Conception du Masque de diapositive PTT du set p\u00e9dagogique.  Insertion des zones de texte pour engager et faciliter la prise de notes.\" \/>\n<meta property=\"og:url\" content=\"https:\/\/eureka-tp.com\/fr\/product\/setped\/\" \/>\n<meta property=\"og:site_name\" content=\"Eureka - Train the Trainer\" \/>\n<meta property=\"article:modified_time\" content=\"2024-02-08T11:04:04+00:00\" \/>\n<meta property=\"og:image\" content=\"https:\/\/eureka-tp.com\/wp-content\/uploads\/2021\/07\/ActiviteFB-Organisateurgraphiquedistance.jpg\" \/>\n\t<meta property=\"og:image:width\" content=\"978\" \/>\n\t<meta property=\"og:image:height\" content=\"558\" \/>\n\t<meta property=\"og:image:type\" content=\"image\/jpeg\" \/>\n<script type=\"application\/ld+json\" class=\"yoast-schema-graph\">{\"@context\":\"https:\/\/schema.org\",\"@graph\":[{\"@type\":\"WebPage\",\"@id\":\"https:\/\/eureka-tp.com\/fr\/product\/setped\/\",\"url\":\"https:\/\/eureka-tp.com\/fr\/product\/setped\/\",\"name\":\"REPLAY Cr\u00e9er un set p\u00e9dagogique fun, diff\u00e8rent et apprenant pour sa prochaine formation (pr\u00e9sentiel ou distanciel) ! - Eureka - Train the Trainer\",\"isPartOf\":{\"@id\":\"https:\/\/eureka-tp.com\/#website\"},\"primaryImageOfPage\":{\"@id\":\"https:\/\/eureka-tp.com\/fr\/product\/setped\/#primaryimage\"},\"image\":{\"@id\":\"https:\/\/eureka-tp.com\/fr\/product\/setped\/#primaryimage\"},\"thumbnailUrl\":\"https:\/\/eureka-tp.com\/wp-content\/uploads\/2021\/07\/ActiviteFB-Organisateurgraphiquedistance.jpg\",\"datePublished\":\"2021-08-26T15:36:04+00:00\",\"dateModified\":\"2024-02-08T11:04:04+00:00\",\"breadcrumb\":{\"@id\":\"https:\/\/eureka-tp.com\/fr\/product\/setped\/#breadcrumb\"},\"inLanguage\":\"fr-FR\",\"potentialAction\":[{\"@type\":\"ReadAction\",\"target\":[\"https:\/\/eureka-tp.com\/fr\/product\/setped\/\"]}]},{\"@type\":\"ImageObject\",\"inLanguage\":\"fr-FR\",\"@id\":\"https:\/\/eureka-tp.com\/fr\/product\/setped\/#primaryimage\",\"url\":\"https:\/\/eureka-tp.com\/wp-content\/uploads\/2021\/07\/ActiviteFB-Organisateurgraphiquedistance.jpg\",\"contentUrl\":\"https:\/\/eureka-tp.com\/wp-content\/uploads\/2021\/07\/ActiviteFB-Organisateurgraphiquedistance.jpg\",\"width\":978,\"height\":558},{\"@type\":\"BreadcrumbList\",\"@id\":\"https:\/\/eureka-tp.com\/fr\/product\/setped\/#breadcrumb\",\"itemListElement\":[{\"@type\":\"ListItem\",\"position\":1,\"name\":\"Home\",\"item\":\"https:\/\/eureka-tp.com\/fr\/\"},{\"@type\":\"ListItem\",\"position\":2,\"name\":\"REPLAY Cr\u00e9er un set p\u00e9dagogique fun, diff\u00e8rent et apprenant pour sa prochaine formation (pr\u00e9sentiel ou distanciel) !\"}]},{\"@type\":\"WebSite\",\"@id\":\"https:\/\/eureka-tp.com\/#website\",\"url\":\"https:\/\/eureka-tp.com\/\",\"name\":\"Eureka - Train the Trainer\",\"description\":\"Training for Trainers\",\"potentialAction\":[{\"@type\":\"SearchAction\",\"target\":{\"@type\":\"EntryPoint\",\"urlTemplate\":\"https:\/\/eureka-tp.com\/?s={search_term_string}\"},\"query-input\":{\"@type\":\"PropertyValueSpecification\",\"valueRequired\":true,\"valueName\":\"search_term_string\"}}],\"inLanguage\":\"fr-FR\"}]}<\/script>\n<!-- \/ Yoast SEO plugin. -->","yoast_head_json":{"title":"REPLAY Cr\u00e9er un set p\u00e9dagogique fun, diff\u00e8rent et apprenant pour sa prochaine formation (pr\u00e9sentiel ou distanciel) ! - Eureka - Train the Trainer","robots":{"index":"index","follow":"follow","max-snippet":"max-snippet:-1","max-image-preview":"max-image-preview:large","max-video-preview":"max-video-preview:-1"},"canonical":"https:\/\/eureka-tp.com\/fr\/product\/setped\/","og_locale":"fr_FR","og_type":"article","og_title":"REPLAY Cr\u00e9er un set p\u00e9dagogique fun, diff\u00e8rent et apprenant pour sa prochaine formation (pr\u00e9sentiel ou distanciel) ! - Eureka - Train the Trainer","og_description":"REPLAY CLASSE VIRTUELLE propos\u00e9e et anim\u00e9e par Christophe Peger Eureka ! Nous savons que la prise de notes est n\u00e9cessaire pour optimiser la m\u00e9morisation.\u00a0 En effet, les apprenants ont tendance \u00e0 se souvenir de ce qu'ils \u00e9crivent et o\u00f9 ils l'\u00e9crivent !\u00a0 Stop aux feuilles volantes qui finissent toujours \u00e0 la poubelle !\u00a0 Faisons place \u00e0 un outil p\u00e9dagogique fun, diff\u00e8rent et apprenant \u00e0 utiliser aussi bien en pr\u00e9sentiel qu'\u00e0 distance.  Programme :   Les b\u00e9n\u00e9fices d'un set p\u00e9dagogique sur l'apprentissage.  Les conseils\/tips de conception pour \u00eatre en accord avec les indispensables \u00e0 d\u00e9couvrir.  Ressources gratuites pour le design du set p\u00e9dagogique  Conception du Masque de diapositive PTT du set p\u00e9dagogique.  Insertion des zones de texte pour engager et faciliter la prise de notes.","og_url":"https:\/\/eureka-tp.com\/fr\/product\/setped\/","og_site_name":"Eureka - Train the Trainer","article_modified_time":"2024-02-08T11:04:04+00:00","og_image":[{"width":978,"height":558,"url":"https:\/\/eureka-tp.com\/wp-content\/uploads\/2021\/07\/ActiviteFB-Organisateurgraphiquedistance.jpg","type":"image\/jpeg"}],"schema":{"@context":"https:\/\/schema.org","@graph":[{"@type":"WebPage","@id":"https:\/\/eureka-tp.com\/fr\/product\/setped\/","url":"https:\/\/eureka-tp.com\/fr\/product\/setped\/","name":"REPLAY Cr\u00e9er un set p\u00e9dagogique fun, diff\u00e8rent et apprenant pour sa prochaine formation (pr\u00e9sentiel ou distanciel) ! - Eureka - Train the Trainer","isPartOf":{"@id":"https:\/\/eureka-tp.com\/#website"},"primaryImageOfPage":{"@id":"https:\/\/eureka-tp.com\/fr\/product\/setped\/#primaryimage"},"image":{"@id":"https:\/\/eureka-tp.com\/fr\/product\/setped\/#primaryimage"},"thumbnailUrl":"https:\/\/eureka-tp.com\/wp-content\/uploads\/2021\/07\/ActiviteFB-Organisateurgraphiquedistance.jpg","datePublished":"2021-08-26T15:36:04+00:00","dateModified":"2024-02-08T11:04:04+00:00","breadcrumb":{"@id":"https:\/\/eureka-tp.com\/fr\/product\/setped\/#breadcrumb"},"inLanguage":"fr-FR","potentialAction":[{"@type":"ReadAction","target":["https:\/\/eureka-tp.com\/fr\/product\/setped\/"]}]},{"@type":"ImageObject","inLanguage":"fr-FR","@id":"https:\/\/eureka-tp.com\/fr\/product\/setped\/#primaryimage","url":"https:\/\/eureka-tp.com\/wp-content\/uploads\/2021\/07\/ActiviteFB-Organisateurgraphiquedistance.jpg","contentUrl":"https:\/\/eureka-tp.com\/wp-content\/uploads\/2021\/07\/ActiviteFB-Organisateurgraphiquedistance.jpg","width":978,"height":558},{"@type":"BreadcrumbList","@id":"https:\/\/eureka-tp.com\/fr\/product\/setped\/#breadcrumb","itemListElement":[{"@type":"ListItem","position":1,"name":"Home","item":"https:\/\/eureka-tp.com\/fr\/"},{"@type":"ListItem","position":2,"name":"REPLAY Cr\u00e9er un set p\u00e9dagogique fun, diff\u00e8rent et apprenant pour sa prochaine formation (pr\u00e9sentiel ou distanciel) !"}]},{"@type":"WebSite","@id":"https:\/\/eureka-tp.com\/#website","url":"https:\/\/eureka-tp.com\/","name":"Eureka - Train the Trainer","description":"Training for Trainers","potentialAction":[{"@type":"SearchAction","target":{"@type":"EntryPoint","urlTemplate":"https:\/\/eureka-tp.com\/?s={search_term_string}"},"query-input":{"@type":"PropertyValueSpecification","valueRequired":true,"valueName":"search_term_string"}}],"inLanguage":"fr-FR"}]}},"_links":{"self":[{"href":"https:\/\/eureka-tp.com\/fr\/wp-json\/wp\/v2\/product\/41590"}],"collection":[{"href":"https:\/\/eureka-tp.com\/fr\/wp-json\/wp\/v2\/product"}],"about":[{"href":"https:\/\/eureka-tp.com\/fr\/wp-json\/wp\/v2\/types\/product"}],"wp:featuredmedia":[{"embeddable":true,"href":"https:\/\/eureka-tp.com\/fr\/wp-json\/wp\/v2\/media\/27422"}],"wp:attachment":[{"href":"https:\/\/eureka-tp.com\/fr\/wp-json\/wp\/v2\/media?parent=41590"}],"wp:term":[{"taxonomy":"product_cat","embeddable":true,"href":"https:\/\/eureka-tp.com\/fr\/wp-json\/wp\/v2\/product_cat?post=41590"},{"taxonomy":"product_tag","embeddable":true,"href":"https:\/\/eureka-tp.com\/fr\/wp-json\/wp\/v2\/product_tag?post=41590"}],"curies":[{"name":"wp","href":"https:\/\/api.w.org\/{rel}","templated":true}]}}