{"id":42710,"date":"2024-01-26T05:41:02","date_gmt":"2024-01-26T05:41:02","guid":{"rendered":"https:\/\/eureka-tp.com\/product\/accompagnementforfait5h-2\/"},"modified":"2025-12-21T00:05:04","modified_gmt":"2025-12-21T00:05:04","slug":"accompagnementforfait10h","status":"publish","type":"product","link":"https:\/\/eureka-tp.com\/fr\/product\/accompagnementforfait10h\/","title":{"rendered":"Accompagnement One-to-One Forfait 10 heures (valable un an)"},"content":{"rendered":"<div class=\"pbs-main-wrapper\"><\/div>","protected":false},"excerpt":{"rendered":"<p class=\"ck-paragraph\" data-slate-node=\"element\"><span data-slate-node=\"text\">Un <\/span><span data-slate-node=\"text\"><strong data-slate-leaf=\"true\">accompagnement individuel<\/strong><\/span><span data-slate-node=\"text\">, flexible et concret, pour vous aider \u00e0 concevoir :<\/span><\/p>\n<ul class=\"ck-unordered-list\" data-slate-node=\"element\" data-slate-fragment=\"JTVCJTdCJTIydHlwZSUyMiUzQSUyMmRvY3VtZW50JTIyJTJDJTIydGhlbWUlMjIlM0ElN0IlMjJkb2N1bWVudCUyMiUzQSU3QiUyMmJhY2tncm91bmRDb2xvciUyMiUzQSUyMiUyM0ZGRkZGRiUyMiU3RCU3RCUyQyUyMmNoaWxkcmVuJTIyJTNBJTVCJTdCJTIydHlwZSUyMiUzQSUyMnBhcmFncmFwaCUyMiUyQyUyMmNoaWxkcmVuJTIyJTNBJTVCJTdCJTIydGV4dCUyMiUzQSUyMlVuJTIwJTIyJTdEJTJDJTdCJTIyYm9sZCUyMiUzQXRydWUlMkMlMjJ0ZXh0JTIyJTNBJTIyYWNjb21wYWduZW1lbnQlMjBpbmRpdmlkdWVsJTIyJTdEJTJDJTdCJTIydGV4dCUyMiUzQSUyMiUyQyUyMGZsZXhpYmxlJTIwZXQlMjBjb25jcmV0JTJDJTIwcG91ciUyMHZvdXMlMjBhaWRlciUyMCVDMyVBMCUyMGNvbmNldm9pciUyMCUzQSUyMiU3RCU1RCU3RCUyQyU3QiUyMnR5cGUlMjIlM0ElMjJ1bm9yZGVyZWQtbGlzdCUyMiUyQyUyMmNoaWxkcmVuJTIyJTNBJTVCJTdCJTIydHlwZSUyMiUzQSUyMmxpc3QtaXRlbSUyMiUyQyUyMmNoaWxkcmVuJTIyJTNBJTVCJTdCJTIydHlwZSUyMiUzQSUyMmxpc3QtaXRlbS1jaGlsZCUyMiUyQyUyMmNoaWxkcmVuJTIyJTNBJTVCJTdCJTIydGV4dCUyMiUzQSUyMnVuJTIwbW9kdWxlJTIwcHIlQzMlQTlzZW50aWVsJTJDJTIyJTdEJTVEJTdEJTVEJTdEJTJDJTdCJTIydHlwZSUyMiUzQSUyMmxpc3QtaXRlbSUyMiUyQyUyMmNoaWxkcmVuJTIyJTNBJTVCJTdCJTIydHlwZSUyMiUzQSUyMmxpc3QtaXRlbS1jaGlsZCUyMiUyQyUyMmNoaWxkcmVuJTIyJTNBJTVCJTdCJTIydGV4dCUyMiUzQSUyMnVuZSUyMGNsYXNzZSUyMHZpcnR1ZWxsZSUyQyUyMiU3RCU1RCU3RCU1RCU3RCUyQyU3QiUyMnR5cGUlMjIlM0ElMjJsaXN0LWl0ZW0lMjIlMkMlMjJjaGlsZHJlbiUyMiUzQSU1QiU3QiUyMnR5cGUlMjIlM0ElMjJsaXN0LWl0ZW0tY2hpbGQlMjIlMkMlMjJjaGlsZHJlbiUyMiUzQSU1QiU3QiUyMnRleHQlMjIlM0ElMjJ1biUyMG1vZHVsZSUyMGRlJTIwbWljcm9sZWFybmluZyUyQyUyMiU3RCU1RCU3RCU1RCU3RCUyQyU3QiUyMnR5cGUlMjIlM0ElMjJsaXN0LWl0ZW0lMjIlMkMlMjJjaGlsZHJlbiUyMiUzQSU1QiU3QiUyMnR5cGUlMjIlM0ElMjJsaXN0LWl0ZW0tY2hpbGQlMjIlMkMlMjJjaGlsZHJlbiUyMiUzQSU1QiU3QiUyMnRleHQlMjIlM0ElMjJvdSUyMHVuZSUyMGNhcHN1bGUlMjBwJUMzJUE5ZGFnb2dpcXVlLiUyMiU3RCU1RCU3RCU1RCU3RCU1RCU3RCU1RCU3RCU1RA==\">\n<li data-slate-node=\"element\"><span data-slate-node=\"element\">un module pr\u00e9sentiel,<\/span><\/li>\n<li data-slate-node=\"element\"><span data-slate-node=\"element\">une classe virtuelle,<\/span><\/li>\n<li data-slate-node=\"element\"><span data-slate-node=\"element\">un module de microlearning,<\/span><\/li>\n<li data-slate-node=\"element\"><span data-slate-node=\"element\">ou une capsule p\u00e9dagogique.<\/span><\/li>\n<\/ul>\n<p>.<\/p>\n","protected":false},"featured_media":1008,"template":"","meta":{"_genesis_hide_title":false,"_genesis_hide_breadcrumbs":false,"_genesis_hide_singular_image":false,"_genesis_hide_footer_widgets":false,"_genesis_custom_body_class":"","_genesis_custom_post_class":"","_genesis_layout":"","episode_type":"","audio_file":"","cover_image":"","cover_image_id":"","duration":"","filesize":"","date_recorded":"","explicit":"","block":"","itunes_episode_number":"","itunes_title":"","itunes_season_number":"","itunes_episode_type":"","filesize_raw":""},"product_cat":[354],"product_tag":[],"class_list":{"0":"post-42710","1":"product","2":"type-product","3":"status-publish","4":"has-post-thumbnail","6":"product_cat-forfaitaccompagnement1to1","7":"entry"},"yoast_head":"<!-- This site is optimized with the Yoast SEO plugin v23.9 - https:\/\/yoast.com\/wordpress\/plugins\/seo\/ -->\n<title>Accompagnement One-to-One Forfait 10 heures (valable un an) - Eureka - Train the Trainer<\/title>\n<meta name=\"robots\" content=\"index, follow, max-snippet:-1, max-image-preview:large, max-video-preview:-1\" \/>\n<link rel=\"canonical\" href=\"https:\/\/eureka-tp.com\/fr\/product\/accompagnementforfait10h\/\" \/>\n<meta property=\"og:locale\" content=\"fr_FR\" \/>\n<meta property=\"og:type\" content=\"article\" \/>\n<meta property=\"og:title\" content=\"Accompagnement One-to-One Forfait 10 heures (valable un an) - Eureka - Train the Trainer\" \/>\n<meta property=\"og:description\" content=\"Un accompagnement individuel, flexible et concret, pour vous aider \u00e0 concevoir :    un module pr\u00e9sentiel,  une classe virtuelle,  un module de microlearning,  ou une capsule p\u00e9dagogique.  .\" \/>\n<meta property=\"og:url\" content=\"https:\/\/eureka-tp.com\/fr\/product\/accompagnementforfait10h\/\" \/>\n<meta property=\"og:site_name\" content=\"Eureka - Train the Trainer\" \/>\n<meta property=\"article:modified_time\" content=\"2025-12-21T00:05:04+00:00\" \/>\n<meta property=\"og:image\" content=\"https:\/\/eureka-tp.com\/wp-content\/uploads\/2017\/02\/EurekaLogo-e1764914142821.jpg\" \/>\n\t<meta property=\"og:image:width\" content=\"150\" \/>\n\t<meta property=\"og:image:height\" content=\"137\" \/>\n\t<meta property=\"og:image:type\" content=\"image\/jpeg\" \/>\n<meta name=\"twitter:label1\" content=\"Est. reading time\" \/>\n\t<meta name=\"twitter:data1\" content=\"1 minute\" \/>\n<script type=\"application\/ld+json\" class=\"yoast-schema-graph\">{\"@context\":\"https:\/\/schema.org\",\"@graph\":[{\"@type\":\"WebPage\",\"@id\":\"https:\/\/eureka-tp.com\/fr\/product\/accompagnementforfait10h\/\",\"url\":\"https:\/\/eureka-tp.com\/fr\/product\/accompagnementforfait10h\/\",\"name\":\"Accompagnement One-to-One Forfait 10 heures (valable un an) - Eureka - Train the Trainer\",\"isPartOf\":{\"@id\":\"https:\/\/eureka-tp.com\/#website\"},\"primaryImageOfPage\":{\"@id\":\"https:\/\/eureka-tp.com\/fr\/product\/accompagnementforfait10h\/#primaryimage\"},\"image\":{\"@id\":\"https:\/\/eureka-tp.com\/fr\/product\/accompagnementforfait10h\/#primaryimage\"},\"thumbnailUrl\":\"https:\/\/eureka-tp.com\/wp-content\/uploads\/2017\/02\/EurekaLogo-e1764914142821.jpg\",\"datePublished\":\"2024-01-26T05:41:02+00:00\",\"dateModified\":\"2025-12-21T00:05:04+00:00\",\"breadcrumb\":{\"@id\":\"https:\/\/eureka-tp.com\/fr\/product\/accompagnementforfait10h\/#breadcrumb\"},\"inLanguage\":\"fr-FR\",\"potentialAction\":[{\"@type\":\"ReadAction\",\"target\":[\"https:\/\/eureka-tp.com\/fr\/product\/accompagnementforfait10h\/\"]}]},{\"@type\":\"ImageObject\",\"inLanguage\":\"fr-FR\",\"@id\":\"https:\/\/eureka-tp.com\/fr\/product\/accompagnementforfait10h\/#primaryimage\",\"url\":\"https:\/\/eureka-tp.com\/wp-content\/uploads\/2017\/02\/EurekaLogo-e1764914142821.jpg\",\"contentUrl\":\"https:\/\/eureka-tp.com\/wp-content\/uploads\/2017\/02\/EurekaLogo-e1764914142821.jpg\",\"width\":150,\"height\":137},{\"@type\":\"BreadcrumbList\",\"@id\":\"https:\/\/eureka-tp.com\/fr\/product\/accompagnementforfait10h\/#breadcrumb\",\"itemListElement\":[{\"@type\":\"ListItem\",\"position\":1,\"name\":\"Home\",\"item\":\"https:\/\/eureka-tp.com\/fr\/\"},{\"@type\":\"ListItem\",\"position\":2,\"name\":\"Accompagnement One-to-One Forfait 10 heures (valable un an)\"}]},{\"@type\":\"WebSite\",\"@id\":\"https:\/\/eureka-tp.com\/#website\",\"url\":\"https:\/\/eureka-tp.com\/\",\"name\":\"Eureka - Train the Trainer\",\"description\":\"Training for Trainers\",\"potentialAction\":[{\"@type\":\"SearchAction\",\"target\":{\"@type\":\"EntryPoint\",\"urlTemplate\":\"https:\/\/eureka-tp.com\/?s={search_term_string}\"},\"query-input\":{\"@type\":\"PropertyValueSpecification\",\"valueRequired\":true,\"valueName\":\"search_term_string\"}}],\"inLanguage\":\"fr-FR\"}]}<\/script>\n<!-- \/ Yoast SEO plugin. -->","yoast_head_json":{"title":"Accompagnement One-to-One Forfait 10 heures (valable un an) - Eureka - Train the Trainer","robots":{"index":"index","follow":"follow","max-snippet":"max-snippet:-1","max-image-preview":"max-image-preview:large","max-video-preview":"max-video-preview:-1"},"canonical":"https:\/\/eureka-tp.com\/fr\/product\/accompagnementforfait10h\/","og_locale":"fr_FR","og_type":"article","og_title":"Accompagnement One-to-One Forfait 10 heures (valable un an) - Eureka - Train the Trainer","og_description":"Un accompagnement individuel, flexible et concret, pour vous aider \u00e0 concevoir :    un module pr\u00e9sentiel,  une classe virtuelle,  un module de microlearning,  ou une capsule p\u00e9dagogique.  .","og_url":"https:\/\/eureka-tp.com\/fr\/product\/accompagnementforfait10h\/","og_site_name":"Eureka - Train the Trainer","article_modified_time":"2025-12-21T00:05:04+00:00","og_image":[{"width":150,"height":137,"url":"https:\/\/eureka-tp.com\/wp-content\/uploads\/2017\/02\/EurekaLogo-e1764914142821.jpg","type":"image\/jpeg"}],"twitter_misc":{"Est. reading time":"1 minute"},"schema":{"@context":"https:\/\/schema.org","@graph":[{"@type":"WebPage","@id":"https:\/\/eureka-tp.com\/fr\/product\/accompagnementforfait10h\/","url":"https:\/\/eureka-tp.com\/fr\/product\/accompagnementforfait10h\/","name":"Accompagnement One-to-One Forfait 10 heures (valable un an) - Eureka - Train the Trainer","isPartOf":{"@id":"https:\/\/eureka-tp.com\/#website"},"primaryImageOfPage":{"@id":"https:\/\/eureka-tp.com\/fr\/product\/accompagnementforfait10h\/#primaryimage"},"image":{"@id":"https:\/\/eureka-tp.com\/fr\/product\/accompagnementforfait10h\/#primaryimage"},"thumbnailUrl":"https:\/\/eureka-tp.com\/wp-content\/uploads\/2017\/02\/EurekaLogo-e1764914142821.jpg","datePublished":"2024-01-26T05:41:02+00:00","dateModified":"2025-12-21T00:05:04+00:00","breadcrumb":{"@id":"https:\/\/eureka-tp.com\/fr\/product\/accompagnementforfait10h\/#breadcrumb"},"inLanguage":"fr-FR","potentialAction":[{"@type":"ReadAction","target":["https:\/\/eureka-tp.com\/fr\/product\/accompagnementforfait10h\/"]}]},{"@type":"ImageObject","inLanguage":"fr-FR","@id":"https:\/\/eureka-tp.com\/fr\/product\/accompagnementforfait10h\/#primaryimage","url":"https:\/\/eureka-tp.com\/wp-content\/uploads\/2017\/02\/EurekaLogo-e1764914142821.jpg","contentUrl":"https:\/\/eureka-tp.com\/wp-content\/uploads\/2017\/02\/EurekaLogo-e1764914142821.jpg","width":150,"height":137},{"@type":"BreadcrumbList","@id":"https:\/\/eureka-tp.com\/fr\/product\/accompagnementforfait10h\/#breadcrumb","itemListElement":[{"@type":"ListItem","position":1,"name":"Home","item":"https:\/\/eureka-tp.com\/fr\/"},{"@type":"ListItem","position":2,"name":"Accompagnement One-to-One Forfait 10 heures (valable un an)"}]},{"@type":"WebSite","@id":"https:\/\/eureka-tp.com\/#website","url":"https:\/\/eureka-tp.com\/","name":"Eureka - Train the Trainer","description":"Training for Trainers","potentialAction":[{"@type":"SearchAction","target":{"@type":"EntryPoint","urlTemplate":"https:\/\/eureka-tp.com\/?s={search_term_string}"},"query-input":{"@type":"PropertyValueSpecification","valueRequired":true,"valueName":"search_term_string"}}],"inLanguage":"fr-FR"}]}},"_links":{"self":[{"href":"https:\/\/eureka-tp.com\/fr\/wp-json\/wp\/v2\/product\/42710"}],"collection":[{"href":"https:\/\/eureka-tp.com\/fr\/wp-json\/wp\/v2\/product"}],"about":[{"href":"https:\/\/eureka-tp.com\/fr\/wp-json\/wp\/v2\/types\/product"}],"wp:featuredmedia":[{"embeddable":true,"href":"https:\/\/eureka-tp.com\/fr\/wp-json\/wp\/v2\/media\/1008"}],"wp:attachment":[{"href":"https:\/\/eureka-tp.com\/fr\/wp-json\/wp\/v2\/media?parent=42710"}],"wp:term":[{"taxonomy":"product_cat","embeddable":true,"href":"https:\/\/eureka-tp.com\/fr\/wp-json\/wp\/v2\/product_cat?post=42710"},{"taxonomy":"product_tag","embeddable":true,"href":"https:\/\/eureka-tp.com\/fr\/wp-json\/wp\/v2\/product_tag?post=42710"}],"curies":[{"name":"wp","href":"https:\/\/api.w.org\/{rel}","templated":true}]}}