{"id":42968,"date":"2021-08-26T16:36:04","date_gmt":"2021-08-26T15:36:04","guid":{"rendered":"https:\/\/eureka-tp.com\/product\/obdisc-2\/"},"modified":"2024-12-14T08:02:10","modified_gmt":"2024-12-14T08:02:10","slug":"edgeia","status":"publish","type":"product","link":"https:\/\/eureka-tp.com\/fr\/product\/edgeia\/","title":{"rendered":"REPLAY Tirer le meilleur parti de MS Edge IA"},"content":{"rendered":"<div class=\"pbs-main-wrapper\"><\/div>","protected":false},"excerpt":{"rendered":"<div class=\"fl-module fl-module-heading fl-node-3mpvyeqki078\" data-node=\"3mpvyeqki078\">\n<div class=\"fl-module-content fl-node-content\">\n<h2 class=\"fl-heading\"><span class=\"fl-heading-text\">REPLAY Classe virtuelle propos\u00e9e et anim\u00e9e par Christophe Peger Eureka !<\/span><\/h2>\n<\/div>\n<\/div>\n<div class=\"fl-module fl-module-rich-text fl-node-tr4hs2y7gbfo\" data-node=\"tr4hs2y7gbfo\">\n<div class=\"fl-module-content fl-node-content\">\n<div class=\"fl-rich-text\">\n<p>Cette classe virtuelle a \u00e9t\u00e9 cr\u00e9\u00e9e en utilisant MS Edge Copilote.<\/p>\n<p><strong>Programme :<\/strong><\/p>\n<p>Comment utiliser CoPilot pour&#8230;<\/p>\n<ul>\n<li>G\u00e9n\u00e9rer un r\u00e9sum\u00e9 de formation, un programme et un titre de formation.<\/li>\n<li>G\u00e9n\u00e9rer des textes, des e-mails, des publications ou des id\u00e9es etc.<\/li>\n<li>Cr\u00e9er des images uniques pour votre formation.<\/li>\n<li>G\u00e9n\u00e9rer des activit\u00e9s p\u00e9dagogiques comme une ouverture, une cl\u00f4ture ou des \u00e9tudes de cas&#8230;<\/li>\n<li>R\u00e9sumer des documents volumineux\/PDF\/Web page etc.<\/li>\n<li>G\u00e9n\u00e9rer une po\u00e9sie pour r\u00e9sumer son apprentissage.<\/li>\n<li>Et pleins d&#8217;autres choses \ud83d\ude42<\/li>\n<\/ul>\n<p>.<\/p>\n<p>Notez que cet \u00e9pisode est accessible sans limite dans la <strong>Communaut\u00e9 des Formateurs Eureka !<\/strong>\u00a0 Si vous \u00eates un.e membre de la Communaut\u00e9 merci de visiter l&#8217;espace \u00a0<strong>\u00ab Boite \u00e0 Outils \u00bb<\/strong>.<\/p>\n<p><strong>SAVIEZ-VOUS QUE VOUS POUVEZ ECONOMISER EN DEVENANT MEMBRE DE LA COMMUNAUTE DE FORMATEURS EUR<\/strong><strong>E<\/strong><strong>KA ?\u00a0<\/strong> Ce replay est accessible 24h\/24, 7j\/7 pour les membres de la Communaut\u00e9.\u00a0 Devenez un.e membre aujourd&#8217;hui pour b\u00e9n\u00e9ficier de +2025 heures de formations de formateurs, et pour avoir acc\u00e8s \u00e0 27 autres replays en lien avec la formation.\u00a0 Pour<strong> devenir membre de la Communaut\u00e9 des Formateurs Eureka !<\/strong> et b\u00e9n\u00e9ficier de toutes ces ressources p\u00e9dagogiques et des formations de formateurs accessibles aux membres :<\/p>\n<ul>\n<li>Abonnement Annuel (247 euros) <a href=\"https:\/\/eureka-tp.com\/product\/cef-abonnement-annuel\/\" xlink=\"href\">https:\/\/eureka-tp.com\/product\/cef-abonnement-annuel\/<\/a><\/li>\n<li>Abonnement Mensuel (24,70 euros) <a href=\"https:\/\/eureka-tp.com\/product\/cef-abonnement-mensuel\/\" xlink=\"href\">https:\/\/eureka-tp.com\/product\/cef-abonnement-mensuel\/<\/a><\/li>\n<\/ul>\n<p><strong>Abonnez-vous pendant 1 mois pour <\/strong><strong>\u00e9conomiser<\/strong><strong> 6.30 euros sur cet achat !\u00a0\u00a0<\/strong>En vous abonnement pendant 1 mois au tarif de 24.70 euros\/mois vous aurez acc\u00e8s \u00e0 ce REPLAY et vous pourrez participer \u00e0 27 autres replays disponibles 24h\/24, 7j\/7 pour les membre de la Communaut\u00e9.\u00a0 <strong>MAIS<\/strong> aussi, vous pourrez participer \u00e0 toutes les rencontres en direct et en diff\u00e9r\u00e9 offertes tous les mois aux membres.\u00a0 1 mois pour tester et pour b\u00e9n\u00e9ficier de toutes les ressources p\u00e9dagogiques pour seulement 24.70 euros\/mois <a href=\"https:\/\/eureka-tp.com\/product\/cef-abonnement-mensuel\/\" xlink=\"href\">https:\/\/eureka-tp.com\/product\/cef-abonnement-mensuel\/<\/a><\/p>\n<\/div>\n<\/div>\n<\/div>\n","protected":false},"featured_media":42746,"template":"","meta":{"_genesis_hide_title":false,"_genesis_hide_breadcrumbs":false,"_genesis_hide_singular_image":false,"_genesis_hide_footer_widgets":false,"_genesis_custom_body_class":"","_genesis_custom_post_class":"","_genesis_layout":"","episode_type":"","audio_file":"","cover_image":"","cover_image_id":"","duration":"","filesize":"","date_recorded":"","explicit":"","block":"","itunes_episode_number":"","itunes_title":"","itunes_season_number":"","itunes_episode_type":"","filesize_raw":""},"product_cat":[197],"product_tag":[],"class_list":{"0":"post-42968","1":"product","2":"type-product","3":"status-publish","4":"has-post-thumbnail","6":"product_cat-club-formateurs","7":"entry"},"yoast_head":"<!-- This site is optimized with the Yoast SEO plugin v23.9 - https:\/\/yoast.com\/wordpress\/plugins\/seo\/ -->\n<title>REPLAY Tirer le meilleur parti de MS Edge IA - Eureka - Train the Trainer<\/title>\n<meta name=\"robots\" content=\"index, follow, max-snippet:-1, max-image-preview:large, max-video-preview:-1\" \/>\n<link rel=\"canonical\" href=\"https:\/\/eureka-tp.com\/fr\/product\/edgeia\/\" \/>\n<meta property=\"og:locale\" content=\"fr_FR\" \/>\n<meta property=\"og:type\" content=\"article\" \/>\n<meta property=\"og:title\" content=\"REPLAY Tirer le meilleur parti de MS Edge IA - Eureka - Train the Trainer\" \/>\n<meta property=\"og:description\" content=\"REPLAY Classe virtuelle propos\u00e9e et anim\u00e9e par Christophe Peger Eureka !       Cette classe virtuelle a \u00e9t\u00e9 cr\u00e9\u00e9e en utilisant MS Edge Copilote.  Programme :  Comment utiliser CoPilot pour...   G\u00e9n\u00e9rer un r\u00e9sum\u00e9 de formation, un programme et un titre de formation.  G\u00e9n\u00e9rer des textes, des e-mails, des publications ou des id\u00e9es etc.  Cr\u00e9er des images uniques pour votre formation.  G\u00e9n\u00e9rer des activit\u00e9s p\u00e9dagogiques comme une ouverture, une cl\u00f4ture ou des \u00e9tudes de cas...  R\u00e9sumer des documents volumineux\/PDF\/Web page etc.  G\u00e9n\u00e9rer une po\u00e9sie pour r\u00e9sumer son apprentissage.  Et pleins d&#039;autres choses :)  .  Notez que cet \u00e9pisode est accessible sans limite dans la Communaut\u00e9 des Formateurs Eureka !\u00a0 Si vous \u00eates un.e membre de la Communaut\u00e9 merci de visiter l&#039;espace \u00a0\u00ab Boite \u00e0 Outils \u00bb.  SAVIEZ-VOUS QUE VOUS POUVEZ ECONOMISER EN DEVENANT MEMBRE DE LA COMMUNAUTE DE FORMATEURS EUREKA ?\u00a0 Ce replay est accessible 24h\/24, 7j\/7 pour les membres de la Communaut\u00e9.\u00a0 Devenez un.e membre aujourd&#039;hui pour b\u00e9n\u00e9ficier de +2025 heures de formations de formateurs, et pour avoir acc\u00e8s \u00e0 27 autres replays en lien avec la formation.\u00a0 Pour devenir membre de la Communaut\u00e9 des Formateurs Eureka ! et b\u00e9n\u00e9ficier de toutes ces ressources p\u00e9dagogiques et des formations de formateurs accessibles aux membres :   Abonnement Annuel (247 euros) https:\/\/eureka-tp.com\/product\/cef-abonnement-annuel\/  Abonnement Mensuel (24,70 euros) https:\/\/eureka-tp.com\/product\/cef-abonnement-mensuel\/  Abonnez-vous pendant 1 mois pour \u00e9conomiser 6.30 euros sur cet achat !\u00a0\u00a0En vous abonnement pendant 1 mois au tarif de 24.70 euros\/mois vous aurez acc\u00e8s \u00e0 ce REPLAY et vous pourrez participer \u00e0 27 autres replays disponibles 24h\/24, 7j\/7 pour les membre de la Communaut\u00e9.\u00a0 MAIS aussi, vous pourrez participer \u00e0 toutes les rencontres en direct et en diff\u00e9r\u00e9 offertes tous les mois aux membres.\u00a0 1 mois pour tester et pour b\u00e9n\u00e9ficier de toutes les ressources p\u00e9dagogiques pour seulement 24.70 euros\/mois https:\/\/eureka-tp.com\/product\/cef-abonnement-mensuel\/\" \/>\n<meta property=\"og:url\" content=\"https:\/\/eureka-tp.com\/fr\/product\/edgeia\/\" \/>\n<meta property=\"og:site_name\" content=\"Eureka - Train the Trainer\" \/>\n<meta property=\"article:modified_time\" content=\"2024-12-14T08:02:10+00:00\" \/>\n<meta property=\"og:image\" content=\"https:\/\/eureka-tp.com\/wp-content\/uploads\/2024\/01\/MSAILogo1.jpeg\" \/>\n\t<meta property=\"og:image:width\" content=\"1024\" \/>\n\t<meta property=\"og:image:height\" content=\"1024\" \/>\n\t<meta property=\"og:image:type\" content=\"image\/jpeg\" \/>\n<script type=\"application\/ld+json\" class=\"yoast-schema-graph\">{\"@context\":\"https:\/\/schema.org\",\"@graph\":[{\"@type\":\"WebPage\",\"@id\":\"https:\/\/eureka-tp.com\/fr\/product\/edgeia\/\",\"url\":\"https:\/\/eureka-tp.com\/fr\/product\/edgeia\/\",\"name\":\"REPLAY Tirer le meilleur parti de MS Edge IA - Eureka - Train the Trainer\",\"isPartOf\":{\"@id\":\"https:\/\/eureka-tp.com\/#website\"},\"primaryImageOfPage\":{\"@id\":\"https:\/\/eureka-tp.com\/fr\/product\/edgeia\/#primaryimage\"},\"image\":{\"@id\":\"https:\/\/eureka-tp.com\/fr\/product\/edgeia\/#primaryimage\"},\"thumbnailUrl\":\"https:\/\/eureka-tp.com\/wp-content\/uploads\/2024\/01\/MSAILogo1.jpeg\",\"datePublished\":\"2021-08-26T15:36:04+00:00\",\"dateModified\":\"2024-12-14T08:02:10+00:00\",\"breadcrumb\":{\"@id\":\"https:\/\/eureka-tp.com\/fr\/product\/edgeia\/#breadcrumb\"},\"inLanguage\":\"fr-FR\",\"potentialAction\":[{\"@type\":\"ReadAction\",\"target\":[\"https:\/\/eureka-tp.com\/fr\/product\/edgeia\/\"]}]},{\"@type\":\"ImageObject\",\"inLanguage\":\"fr-FR\",\"@id\":\"https:\/\/eureka-tp.com\/fr\/product\/edgeia\/#primaryimage\",\"url\":\"https:\/\/eureka-tp.com\/wp-content\/uploads\/2024\/01\/MSAILogo1.jpeg\",\"contentUrl\":\"https:\/\/eureka-tp.com\/wp-content\/uploads\/2024\/01\/MSAILogo1.jpeg\",\"width\":1024,\"height\":1024},{\"@type\":\"BreadcrumbList\",\"@id\":\"https:\/\/eureka-tp.com\/fr\/product\/edgeia\/#breadcrumb\",\"itemListElement\":[{\"@type\":\"ListItem\",\"position\":1,\"name\":\"Home\",\"item\":\"https:\/\/eureka-tp.com\/fr\/\"},{\"@type\":\"ListItem\",\"position\":2,\"name\":\"REPLAY Tirer le meilleur parti de MS Edge IA\"}]},{\"@type\":\"WebSite\",\"@id\":\"https:\/\/eureka-tp.com\/#website\",\"url\":\"https:\/\/eureka-tp.com\/\",\"name\":\"Eureka - Train the Trainer\",\"description\":\"Training for Trainers\",\"potentialAction\":[{\"@type\":\"SearchAction\",\"target\":{\"@type\":\"EntryPoint\",\"urlTemplate\":\"https:\/\/eureka-tp.com\/?s={search_term_string}\"},\"query-input\":{\"@type\":\"PropertyValueSpecification\",\"valueRequired\":true,\"valueName\":\"search_term_string\"}}],\"inLanguage\":\"fr-FR\"}]}<\/script>\n<!-- \/ Yoast SEO plugin. -->","yoast_head_json":{"title":"REPLAY Tirer le meilleur parti de MS Edge IA - Eureka - Train the Trainer","robots":{"index":"index","follow":"follow","max-snippet":"max-snippet:-1","max-image-preview":"max-image-preview:large","max-video-preview":"max-video-preview:-1"},"canonical":"https:\/\/eureka-tp.com\/fr\/product\/edgeia\/","og_locale":"fr_FR","og_type":"article","og_title":"REPLAY Tirer le meilleur parti de MS Edge IA - Eureka - Train the Trainer","og_description":"REPLAY Classe virtuelle propos\u00e9e et anim\u00e9e par Christophe Peger Eureka !       Cette classe virtuelle a \u00e9t\u00e9 cr\u00e9\u00e9e en utilisant MS Edge Copilote.  Programme :  Comment utiliser CoPilot pour...   G\u00e9n\u00e9rer un r\u00e9sum\u00e9 de formation, un programme et un titre de formation.  G\u00e9n\u00e9rer des textes, des e-mails, des publications ou des id\u00e9es etc.  Cr\u00e9er des images uniques pour votre formation.  G\u00e9n\u00e9rer des activit\u00e9s p\u00e9dagogiques comme une ouverture, une cl\u00f4ture ou des \u00e9tudes de cas...  R\u00e9sumer des documents volumineux\/PDF\/Web page etc.  G\u00e9n\u00e9rer une po\u00e9sie pour r\u00e9sumer son apprentissage.  Et pleins d'autres choses :)  .  Notez que cet \u00e9pisode est accessible sans limite dans la Communaut\u00e9 des Formateurs Eureka !\u00a0 Si vous \u00eates un.e membre de la Communaut\u00e9 merci de visiter l'espace \u00a0\u00ab Boite \u00e0 Outils \u00bb.  SAVIEZ-VOUS QUE VOUS POUVEZ ECONOMISER EN DEVENANT MEMBRE DE LA COMMUNAUTE DE FORMATEURS EUREKA ?\u00a0 Ce replay est accessible 24h\/24, 7j\/7 pour les membres de la Communaut\u00e9.\u00a0 Devenez un.e membre aujourd'hui pour b\u00e9n\u00e9ficier de +2025 heures de formations de formateurs, et pour avoir acc\u00e8s \u00e0 27 autres replays en lien avec la formation.\u00a0 Pour devenir membre de la Communaut\u00e9 des Formateurs Eureka ! et b\u00e9n\u00e9ficier de toutes ces ressources p\u00e9dagogiques et des formations de formateurs accessibles aux membres :   Abonnement Annuel (247 euros) https:\/\/eureka-tp.com\/product\/cef-abonnement-annuel\/  Abonnement Mensuel (24,70 euros) https:\/\/eureka-tp.com\/product\/cef-abonnement-mensuel\/  Abonnez-vous pendant 1 mois pour \u00e9conomiser 6.30 euros sur cet achat !\u00a0\u00a0En vous abonnement pendant 1 mois au tarif de 24.70 euros\/mois vous aurez acc\u00e8s \u00e0 ce REPLAY et vous pourrez participer \u00e0 27 autres replays disponibles 24h\/24, 7j\/7 pour les membre de la Communaut\u00e9.\u00a0 MAIS aussi, vous pourrez participer \u00e0 toutes les rencontres en direct et en diff\u00e9r\u00e9 offertes tous les mois aux membres.\u00a0 1 mois pour tester et pour b\u00e9n\u00e9ficier de toutes les ressources p\u00e9dagogiques pour seulement 24.70 euros\/mois https:\/\/eureka-tp.com\/product\/cef-abonnement-mensuel\/","og_url":"https:\/\/eureka-tp.com\/fr\/product\/edgeia\/","og_site_name":"Eureka - Train the Trainer","article_modified_time":"2024-12-14T08:02:10+00:00","og_image":[{"width":1024,"height":1024,"url":"https:\/\/eureka-tp.com\/wp-content\/uploads\/2024\/01\/MSAILogo1.jpeg","type":"image\/jpeg"}],"schema":{"@context":"https:\/\/schema.org","@graph":[{"@type":"WebPage","@id":"https:\/\/eureka-tp.com\/fr\/product\/edgeia\/","url":"https:\/\/eureka-tp.com\/fr\/product\/edgeia\/","name":"REPLAY Tirer le meilleur parti de MS Edge IA - Eureka - Train the Trainer","isPartOf":{"@id":"https:\/\/eureka-tp.com\/#website"},"primaryImageOfPage":{"@id":"https:\/\/eureka-tp.com\/fr\/product\/edgeia\/#primaryimage"},"image":{"@id":"https:\/\/eureka-tp.com\/fr\/product\/edgeia\/#primaryimage"},"thumbnailUrl":"https:\/\/eureka-tp.com\/wp-content\/uploads\/2024\/01\/MSAILogo1.jpeg","datePublished":"2021-08-26T15:36:04+00:00","dateModified":"2024-12-14T08:02:10+00:00","breadcrumb":{"@id":"https:\/\/eureka-tp.com\/fr\/product\/edgeia\/#breadcrumb"},"inLanguage":"fr-FR","potentialAction":[{"@type":"ReadAction","target":["https:\/\/eureka-tp.com\/fr\/product\/edgeia\/"]}]},{"@type":"ImageObject","inLanguage":"fr-FR","@id":"https:\/\/eureka-tp.com\/fr\/product\/edgeia\/#primaryimage","url":"https:\/\/eureka-tp.com\/wp-content\/uploads\/2024\/01\/MSAILogo1.jpeg","contentUrl":"https:\/\/eureka-tp.com\/wp-content\/uploads\/2024\/01\/MSAILogo1.jpeg","width":1024,"height":1024},{"@type":"BreadcrumbList","@id":"https:\/\/eureka-tp.com\/fr\/product\/edgeia\/#breadcrumb","itemListElement":[{"@type":"ListItem","position":1,"name":"Home","item":"https:\/\/eureka-tp.com\/fr\/"},{"@type":"ListItem","position":2,"name":"REPLAY Tirer le meilleur parti de MS Edge IA"}]},{"@type":"WebSite","@id":"https:\/\/eureka-tp.com\/#website","url":"https:\/\/eureka-tp.com\/","name":"Eureka - Train the Trainer","description":"Training for Trainers","potentialAction":[{"@type":"SearchAction","target":{"@type":"EntryPoint","urlTemplate":"https:\/\/eureka-tp.com\/?s={search_term_string}"},"query-input":{"@type":"PropertyValueSpecification","valueRequired":true,"valueName":"search_term_string"}}],"inLanguage":"fr-FR"}]}},"_links":{"self":[{"href":"https:\/\/eureka-tp.com\/fr\/wp-json\/wp\/v2\/product\/42968"}],"collection":[{"href":"https:\/\/eureka-tp.com\/fr\/wp-json\/wp\/v2\/product"}],"about":[{"href":"https:\/\/eureka-tp.com\/fr\/wp-json\/wp\/v2\/types\/product"}],"wp:featuredmedia":[{"embeddable":true,"href":"https:\/\/eureka-tp.com\/fr\/wp-json\/wp\/v2\/media\/42746"}],"wp:attachment":[{"href":"https:\/\/eureka-tp.com\/fr\/wp-json\/wp\/v2\/media?parent=42968"}],"wp:term":[{"taxonomy":"product_cat","embeddable":true,"href":"https:\/\/eureka-tp.com\/fr\/wp-json\/wp\/v2\/product_cat?post=42968"},{"taxonomy":"product_tag","embeddable":true,"href":"https:\/\/eureka-tp.com\/fr\/wp-json\/wp\/v2\/product_tag?post=42968"}],"curies":[{"name":"wp","href":"https:\/\/api.w.org\/{rel}","templated":true}]}}