{"id":43204,"date":"2021-08-26T16:36:04","date_gmt":"2021-08-26T15:36:04","guid":{"rendered":"https:\/\/eureka-tp.com\/product\/edgeia-2\/"},"modified":"2024-04-04T06:15:57","modified_gmt":"2024-04-04T05:15:57","slug":"xdoucet","status":"publish","type":"product","link":"https:\/\/eureka-tp.com\/fr\/product\/xdoucet\/","title":{"rendered":"QUALIOPI, kesako ? Les r\u00e9ponses \u00e0 vos questions sur QUALIOPI"},"content":{"rendered":"<div class=\"pbs-main-wrapper\"><p><a href=\"https:\/\/eureka-tp.com\/wp-content\/uploads\/2024\/03\/PhotoXD2019portrait.jpg\" xlink=\"href\"><img loading=\"lazy\" decoding=\"async\" class=\"wp-image-43854 size-medium alignleft\" src=\"https:\/\/eureka-tp.com\/wp-content\/uploads\/2024\/03\/PhotoXD2019portrait-215x300.jpg\" alt=\"\" width=\"215\" height=\"300\" srcset=\"https:\/\/eureka-tp.com\/wp-content\/uploads\/2024\/03\/PhotoXD2019portrait-215x300.jpg 215w, https:\/\/eureka-tp.com\/wp-content\/uploads\/2024\/03\/PhotoXD2019portrait-734x1024.jpg 734w, https:\/\/eureka-tp.com\/wp-content\/uploads\/2024\/03\/PhotoXD2019portrait-768x1071.jpg 768w, https:\/\/eureka-tp.com\/wp-content\/uploads\/2024\/03\/PhotoXD2019portrait-504x703.jpg 504w, https:\/\/eureka-tp.com\/wp-content\/uploads\/2024\/03\/PhotoXD2019portrait-200x279.jpg 200w, https:\/\/eureka-tp.com\/wp-content\/uploads\/2024\/03\/PhotoXD2019portrait-600x837.jpg 600w, https:\/\/eureka-tp.com\/wp-content\/uploads\/2024\/03\/PhotoXD2019portrait.jpg 801w\" sizes=\"(max-width: 215px) 100vw, 215px\" \/><\/a><\/p>\n<p><b>Xavier DOUCET<\/b>, Formateur depuis 30 ans, c&#8217;est en 2014 qu&#8217;il cr\u00e9e l&#8217;organisme de formation VIAQUALIS certifi\u00e9 QUALIOPI depuis janvier 2020.<br \/>\nUne des activit\u00e9s de Xavier est de former et accompagner les entreprises et les ind\u00e9pendants sur la mise en place de syst\u00e8mes de management de la qualit\u00e9<br \/>\nIl est dans l&#8217;aventure QUALIOPI depuis fin 2019 et a form\u00e9 depuis plus de 150 organismes pour pr\u00e9parer la certification.<br \/>\nSon approche : adaptation et pragmatisme pour donner du sens \u00e0 QUALIOPI.<\/p>\n<\/div>","protected":false},"excerpt":{"rendered":"<div class=\"fl-module fl-module-heading fl-node-3mpvyeqki078\" data-node=\"3mpvyeqki078\">\n<div class=\"fl-module-content fl-node-content\">\n<h2 class=\"fl-heading\"><span class=\"fl-heading-text\">Classe virtuelle propos\u00e9e et anim\u00e9e par Xavier DOUCET, membre de la Communaut\u00e9 des Formateurs Eureka !<\/span><\/h2>\n<\/div>\n<\/div>\n<div class=\"fl-module fl-module-rich-text fl-node-tr4hs2y7gbfo\" data-node=\"tr4hs2y7gbfo\">\n<div class=\"fl-module-content fl-node-content\">\n<div class=\"fl-rich-text\">\n<p>Mardi 23 avril 2024 de 13h \u00e0 14h<\/p>\n<p><em>Replay disponible 72 heures apr\u00e8s environ.<\/em><\/p>\n<\/div>\n<h2><strong>QUALIOPI, kesako ?<\/strong><\/h2>\n<p>Que vous soyez dans le process de devenir Qualiopi ou que vous soyez d\u00e9j\u00e0 Qualiopi depuis un certain temps, vous avez surement des questions \u00e0 poser \u00e0 notre invit\u00e9.\u00a0 Dans une ambiance d\u00e9contract\u00e9e, engageante et impliquante, Xavier r\u00e9pondra \u00e0 vos questions sans tabou ni pr\u00e9jug\u00e9.<\/p>\n<p><strong>Programme\u00a0<\/strong><\/p>\n<ul>\n<li>Qualiopi Kesako ?<\/li>\n<li>Quels sont les avantages\/inconv\u00e9nients d\u2019\u00eatre Qualiopi dans le monde de la formation d\u2019aujourd\u2019hui en France ?<\/li>\n<li>J&#8217;y vais ou j&#8217;y pas ? J&#8217;investi ou j&#8217;investi pas ?<\/li>\n<\/ul>\n<\/div>\n<\/div>\n","protected":false},"featured_media":1072,"template":"","meta":{"_genesis_hide_title":false,"_genesis_hide_breadcrumbs":false,"_genesis_hide_singular_image":false,"_genesis_hide_footer_widgets":false,"_genesis_custom_body_class":"","_genesis_custom_post_class":"","_genesis_layout":"","episode_type":"","audio_file":"","cover_image":"","cover_image_id":"","duration":"","filesize":"","date_recorded":"","explicit":"","block":"","itunes_episode_number":"","itunes_title":"","itunes_season_number":"","itunes_episode_type":"","filesize_raw":""},"product_cat":[197],"product_tag":[],"class_list":{"0":"post-43204","1":"product","2":"type-product","3":"status-publish","4":"has-post-thumbnail","6":"product_cat-club-formateurs","7":"entry"},"yoast_head":"<!-- This site is optimized with the Yoast SEO plugin v23.9 - https:\/\/yoast.com\/wordpress\/plugins\/seo\/ -->\n<title>QUALIOPI, kesako ? Les r\u00e9ponses \u00e0 vos questions sur QUALIOPI - Eureka - Train the Trainer<\/title>\n<meta name=\"robots\" content=\"index, follow, max-snippet:-1, max-image-preview:large, max-video-preview:-1\" \/>\n<link rel=\"canonical\" href=\"https:\/\/eureka-tp.com\/fr\/product\/xdoucet\/\" \/>\n<meta property=\"og:locale\" content=\"fr_FR\" \/>\n<meta property=\"og:type\" content=\"article\" \/>\n<meta property=\"og:title\" content=\"QUALIOPI, kesako ? Les r\u00e9ponses \u00e0 vos questions sur QUALIOPI - Eureka - Train the Trainer\" \/>\n<meta property=\"og:description\" content=\"Classe virtuelle propos\u00e9e et anim\u00e9e par Xavier DOUCET, membre de la Communaut\u00e9 des Formateurs Eureka !       Mardi 23 avril 2024 de 13h \u00e0 14h  Replay disponible 72 heures apr\u00e8s environ.   QUALIOPI, kesako ? Que vous soyez dans le process de devenir Qualiopi ou que vous soyez d\u00e9j\u00e0 Qualiopi depuis un certain temps, vous avez surement des questions \u00e0 poser \u00e0 notre invit\u00e9.\u00a0 Dans une ambiance d\u00e9contract\u00e9e, engageante et impliquante, Xavier r\u00e9pondra \u00e0 vos questions sans tabou ni pr\u00e9jug\u00e9.  Programme\u00a0   Qualiopi Kesako ?  Quels sont les avantages\/inconv\u00e9nients d\u2019\u00eatre Qualiopi dans le monde de la formation d\u2019aujourd\u2019hui en France ?  J&#039;y vais ou j&#039;y pas ? J&#039;investi ou j&#039;investi pas ?\" \/>\n<meta property=\"og:url\" content=\"https:\/\/eureka-tp.com\/fr\/product\/xdoucet\/\" \/>\n<meta property=\"og:site_name\" content=\"Eureka - Train the Trainer\" \/>\n<meta property=\"article:modified_time\" content=\"2024-04-04T05:15:57+00:00\" \/>\n<meta property=\"og:image\" content=\"https:\/\/eureka-tp.com\/wp-content\/uploads\/2017\/03\/Eureka-NoBackgroundforLandingPage.png\" \/>\n\t<meta property=\"og:image:width\" content=\"239\" \/>\n\t<meta property=\"og:image:height\" content=\"237\" \/>\n\t<meta property=\"og:image:type\" content=\"image\/png\" \/>\n<meta name=\"twitter:label1\" content=\"Est. reading time\" \/>\n\t<meta name=\"twitter:data1\" content=\"1 minute\" \/>\n<script type=\"application\/ld+json\" class=\"yoast-schema-graph\">{\"@context\":\"https:\/\/schema.org\",\"@graph\":[{\"@type\":\"WebPage\",\"@id\":\"https:\/\/eureka-tp.com\/fr\/product\/xdoucet\/\",\"url\":\"https:\/\/eureka-tp.com\/fr\/product\/xdoucet\/\",\"name\":\"QUALIOPI, kesako ? Les r\u00e9ponses \u00e0 vos questions sur QUALIOPI - Eureka - Train the Trainer\",\"isPartOf\":{\"@id\":\"https:\/\/eureka-tp.com\/#website\"},\"primaryImageOfPage\":{\"@id\":\"https:\/\/eureka-tp.com\/fr\/product\/xdoucet\/#primaryimage\"},\"image\":{\"@id\":\"https:\/\/eureka-tp.com\/fr\/product\/xdoucet\/#primaryimage\"},\"thumbnailUrl\":\"https:\/\/eureka-tp.com\/wp-content\/uploads\/2017\/03\/Eureka-NoBackgroundforLandingPage.png\",\"datePublished\":\"2021-08-26T15:36:04+00:00\",\"dateModified\":\"2024-04-04T05:15:57+00:00\",\"breadcrumb\":{\"@id\":\"https:\/\/eureka-tp.com\/fr\/product\/xdoucet\/#breadcrumb\"},\"inLanguage\":\"fr-FR\",\"potentialAction\":[{\"@type\":\"ReadAction\",\"target\":[\"https:\/\/eureka-tp.com\/fr\/product\/xdoucet\/\"]}]},{\"@type\":\"ImageObject\",\"inLanguage\":\"fr-FR\",\"@id\":\"https:\/\/eureka-tp.com\/fr\/product\/xdoucet\/#primaryimage\",\"url\":\"https:\/\/eureka-tp.com\/wp-content\/uploads\/2017\/03\/Eureka-NoBackgroundforLandingPage.png\",\"contentUrl\":\"https:\/\/eureka-tp.com\/wp-content\/uploads\/2017\/03\/Eureka-NoBackgroundforLandingPage.png\",\"width\":239,\"height\":237},{\"@type\":\"BreadcrumbList\",\"@id\":\"https:\/\/eureka-tp.com\/fr\/product\/xdoucet\/#breadcrumb\",\"itemListElement\":[{\"@type\":\"ListItem\",\"position\":1,\"name\":\"Home\",\"item\":\"https:\/\/eureka-tp.com\/fr\/\"},{\"@type\":\"ListItem\",\"position\":2,\"name\":\"QUALIOPI, kesako ? Les r\u00e9ponses \u00e0 vos questions sur QUALIOPI\"}]},{\"@type\":\"WebSite\",\"@id\":\"https:\/\/eureka-tp.com\/#website\",\"url\":\"https:\/\/eureka-tp.com\/\",\"name\":\"Eureka - Train the Trainer\",\"description\":\"Training for Trainers\",\"potentialAction\":[{\"@type\":\"SearchAction\",\"target\":{\"@type\":\"EntryPoint\",\"urlTemplate\":\"https:\/\/eureka-tp.com\/?s={search_term_string}\"},\"query-input\":{\"@type\":\"PropertyValueSpecification\",\"valueRequired\":true,\"valueName\":\"search_term_string\"}}],\"inLanguage\":\"fr-FR\"}]}<\/script>\n<!-- \/ Yoast SEO plugin. -->","yoast_head_json":{"title":"QUALIOPI, kesako ? Les r\u00e9ponses \u00e0 vos questions sur QUALIOPI - Eureka - Train the Trainer","robots":{"index":"index","follow":"follow","max-snippet":"max-snippet:-1","max-image-preview":"max-image-preview:large","max-video-preview":"max-video-preview:-1"},"canonical":"https:\/\/eureka-tp.com\/fr\/product\/xdoucet\/","og_locale":"fr_FR","og_type":"article","og_title":"QUALIOPI, kesako ? Les r\u00e9ponses \u00e0 vos questions sur QUALIOPI - Eureka - Train the Trainer","og_description":"Classe virtuelle propos\u00e9e et anim\u00e9e par Xavier DOUCET, membre de la Communaut\u00e9 des Formateurs Eureka !       Mardi 23 avril 2024 de 13h \u00e0 14h  Replay disponible 72 heures apr\u00e8s environ.   QUALIOPI, kesako ? Que vous soyez dans le process de devenir Qualiopi ou que vous soyez d\u00e9j\u00e0 Qualiopi depuis un certain temps, vous avez surement des questions \u00e0 poser \u00e0 notre invit\u00e9.\u00a0 Dans une ambiance d\u00e9contract\u00e9e, engageante et impliquante, Xavier r\u00e9pondra \u00e0 vos questions sans tabou ni pr\u00e9jug\u00e9.  Programme\u00a0   Qualiopi Kesako ?  Quels sont les avantages\/inconv\u00e9nients d\u2019\u00eatre Qualiopi dans le monde de la formation d\u2019aujourd\u2019hui en France ?  J'y vais ou j'y pas ? J'investi ou j'investi pas ?","og_url":"https:\/\/eureka-tp.com\/fr\/product\/xdoucet\/","og_site_name":"Eureka - Train the Trainer","article_modified_time":"2024-04-04T05:15:57+00:00","og_image":[{"width":239,"height":237,"url":"https:\/\/eureka-tp.com\/wp-content\/uploads\/2017\/03\/Eureka-NoBackgroundforLandingPage.png","type":"image\/png"}],"twitter_misc":{"Est. reading time":"1 minute"},"schema":{"@context":"https:\/\/schema.org","@graph":[{"@type":"WebPage","@id":"https:\/\/eureka-tp.com\/fr\/product\/xdoucet\/","url":"https:\/\/eureka-tp.com\/fr\/product\/xdoucet\/","name":"QUALIOPI, kesako ? Les r\u00e9ponses \u00e0 vos questions sur QUALIOPI - Eureka - Train the Trainer","isPartOf":{"@id":"https:\/\/eureka-tp.com\/#website"},"primaryImageOfPage":{"@id":"https:\/\/eureka-tp.com\/fr\/product\/xdoucet\/#primaryimage"},"image":{"@id":"https:\/\/eureka-tp.com\/fr\/product\/xdoucet\/#primaryimage"},"thumbnailUrl":"https:\/\/eureka-tp.com\/wp-content\/uploads\/2017\/03\/Eureka-NoBackgroundforLandingPage.png","datePublished":"2021-08-26T15:36:04+00:00","dateModified":"2024-04-04T05:15:57+00:00","breadcrumb":{"@id":"https:\/\/eureka-tp.com\/fr\/product\/xdoucet\/#breadcrumb"},"inLanguage":"fr-FR","potentialAction":[{"@type":"ReadAction","target":["https:\/\/eureka-tp.com\/fr\/product\/xdoucet\/"]}]},{"@type":"ImageObject","inLanguage":"fr-FR","@id":"https:\/\/eureka-tp.com\/fr\/product\/xdoucet\/#primaryimage","url":"https:\/\/eureka-tp.com\/wp-content\/uploads\/2017\/03\/Eureka-NoBackgroundforLandingPage.png","contentUrl":"https:\/\/eureka-tp.com\/wp-content\/uploads\/2017\/03\/Eureka-NoBackgroundforLandingPage.png","width":239,"height":237},{"@type":"BreadcrumbList","@id":"https:\/\/eureka-tp.com\/fr\/product\/xdoucet\/#breadcrumb","itemListElement":[{"@type":"ListItem","position":1,"name":"Home","item":"https:\/\/eureka-tp.com\/fr\/"},{"@type":"ListItem","position":2,"name":"QUALIOPI, kesako ? Les r\u00e9ponses \u00e0 vos questions sur QUALIOPI"}]},{"@type":"WebSite","@id":"https:\/\/eureka-tp.com\/#website","url":"https:\/\/eureka-tp.com\/","name":"Eureka - Train the Trainer","description":"Training for Trainers","potentialAction":[{"@type":"SearchAction","target":{"@type":"EntryPoint","urlTemplate":"https:\/\/eureka-tp.com\/?s={search_term_string}"},"query-input":{"@type":"PropertyValueSpecification","valueRequired":true,"valueName":"search_term_string"}}],"inLanguage":"fr-FR"}]}},"_links":{"self":[{"href":"https:\/\/eureka-tp.com\/fr\/wp-json\/wp\/v2\/product\/43204"}],"collection":[{"href":"https:\/\/eureka-tp.com\/fr\/wp-json\/wp\/v2\/product"}],"about":[{"href":"https:\/\/eureka-tp.com\/fr\/wp-json\/wp\/v2\/types\/product"}],"wp:featuredmedia":[{"embeddable":true,"href":"https:\/\/eureka-tp.com\/fr\/wp-json\/wp\/v2\/media\/1072"}],"wp:attachment":[{"href":"https:\/\/eureka-tp.com\/fr\/wp-json\/wp\/v2\/media?parent=43204"}],"wp:term":[{"taxonomy":"product_cat","embeddable":true,"href":"https:\/\/eureka-tp.com\/fr\/wp-json\/wp\/v2\/product_cat?post=43204"},{"taxonomy":"product_tag","embeddable":true,"href":"https:\/\/eureka-tp.com\/fr\/wp-json\/wp\/v2\/product_tag?post=43204"}],"curies":[{"name":"wp","href":"https:\/\/api.w.org\/{rel}","templated":true}]}}