{"id":43471,"date":"2021-08-26T16:36:04","date_gmt":"2021-08-26T15:36:04","guid":{"rendered":"https:\/\/eureka-tp.com\/product\/edgeia-2\/"},"modified":"2024-04-08T17:09:05","modified_gmt":"2024-04-08T16:09:05","slug":"neurosciencecv","status":"publish","type":"product","link":"https:\/\/eureka-tp.com\/fr\/product\/neurosciencecv\/","title":{"rendered":"REPLAY Concevoir et animer une formation en tenant compte des Neurosciences"},"content":{"rendered":"<div class=\"pbs-main-wrapper\"><\/div>","protected":false},"excerpt":{"rendered":"<div class=\"fl-module fl-module-heading fl-node-3mpvyeqki078\" data-node=\"3mpvyeqki078\">\n<div class=\"fl-module-content fl-node-content\">\n<h2 class=\"fl-heading\"><span class=\"fl-heading-text\">REPLAY Classe virtuelle propos\u00e9e et anim\u00e9e par Christophe Peger Eureka !<\/span><\/h2>\n<\/div>\n<\/div>\n<div class=\"fl-module fl-module-rich-text fl-node-tr4hs2y7gbfo\" data-node=\"tr4hs2y7gbfo\">\n<div class=\"fl-module-content fl-node-content\">\n<div class=\"fl-rich-text\">\n<p><strong><em>\u00ab Analyse des Derni\u00e8res Recherches et Application de Moyens Pratiques pour les Int\u00e9grer \u00e0 la Formation \u00bb<\/em><\/strong><\/p>\n<p>Cette classe virtuelle se concentre sur l\u2019utilisation des d\u00e9couvertes en neurosciences pour am\u00e9liorer la conception et l\u2019animation de formations. Nous explorerons les derni\u00e8res recherches et les int\u00e9grerons dans un contexte de formation.<\/p>\n<p><strong>Les d\u00e9couvertes :<\/strong><\/p>\n<ul>\n<li><strong>Fonctionnement naturel du cerveau<\/strong>\u00a0\u2013 \u00ab Brain Friendly Facilitation \u00bb (Comment concevoir et\/ou animer un processus d\u2019apprentissage sans connaitre le fonctionnement naturel du cerveau (ou les deux) ?).<\/li>\n<li><strong>Des id\u00e9es pr\u00e9con\u00e7ues \u00e0 la r\u00e9alit\u00e9 !<\/strong>\u00a0(Entre autres : On apprend de nos erreurs !, Nous pouvons faire 2 choses en m\u00eame temps, c&#8217;est-\u00e0-dire effectuer plusieurs t\u00e2ches \u00e0 la fois !, Nous ne devrions donner que des feedbacks positifs !, etc.).<\/li>\n<li><strong>Des strat\u00e9gies \u00e0 mettre en place pour \u00e9viter les d\u00e9crochages et la surcharge cognitive<\/strong>\u00a0(Que se passe-t-il au niveau du cerveau lorsque nous recevons trop d\u2019informations \u00e0 la fois ? Quelles sont les strat\u00e9gies \u00e0 mettre en place ?)<\/li>\n<\/ul>\n<p><em>.<\/em><\/p>\n<p>Notez que cette classe virtuelle est inclue dans l&#8217;abonnement de la Communaut\u00e9 des Formateurs Eureka !\u00a0 Si vous \u00eates un.e membre de la Communaut\u00e9 merci de visiter l\u2019espace \u00a0<strong>\u00ab Module Mensuel \u00bb<\/strong>.<\/p>\n<p><strong>Pour devenir membre de la Communaut\u00e9 des Formateurs Eureka !<\/strong>\u00a0et b\u00e9n\u00e9ficier de toutes les ressources et des formations de formateurs accessibles aux membres :<\/p>\n<ul>\n<li>Abonnement Annuel <a href=\"https:\/\/eureka-tp.com\/product\/cef-abonnement-annuel\/\" xlink=\"href\">https:\/\/eureka-tp.com\/product\/cef-abonnement-annuel\/<\/a><\/li>\n<li>Abonnement Mensuel <a href=\"https:\/\/eureka-tp.com\/product\/cef-abonnement-mensuel\/\" xlink=\"href\">https:\/\/eureka-tp.com\/product\/cef-abonnement-mensuel\/<\/a><\/li>\n<\/ul>\n<p>.<\/p>\n<\/div>\n<\/div>\n<\/div>\n","protected":false},"featured_media":43467,"template":"","meta":{"_genesis_hide_title":false,"_genesis_hide_breadcrumbs":false,"_genesis_hide_singular_image":false,"_genesis_hide_footer_widgets":false,"_genesis_custom_body_class":"","_genesis_custom_post_class":"","_genesis_layout":"","episode_type":"","audio_file":"","cover_image":"","cover_image_id":"","duration":"","filesize":"","date_recorded":"","explicit":"","block":"","itunes_episode_number":"","itunes_title":"","itunes_season_number":"","itunes_episode_type":"","filesize_raw":""},"product_cat":[197],"product_tag":[],"class_list":{"0":"post-43471","1":"product","2":"type-product","3":"status-publish","4":"has-post-thumbnail","6":"product_cat-club-formateurs","7":"entry"},"yoast_head":"<!-- This site is optimized with the Yoast SEO plugin v23.9 - https:\/\/yoast.com\/wordpress\/plugins\/seo\/ -->\n<title>REPLAY Concevoir et animer une formation en tenant compte des Neurosciences - Eureka - Train the Trainer<\/title>\n<meta name=\"robots\" content=\"index, follow, max-snippet:-1, max-image-preview:large, max-video-preview:-1\" \/>\n<link rel=\"canonical\" href=\"https:\/\/eureka-tp.com\/fr\/product\/neurosciencecv\/\" \/>\n<meta property=\"og:locale\" content=\"fr_FR\" \/>\n<meta property=\"og:type\" content=\"article\" \/>\n<meta property=\"og:title\" content=\"REPLAY Concevoir et animer une formation en tenant compte des Neurosciences - Eureka - Train the Trainer\" \/>\n<meta property=\"og:description\" content=\"REPLAY Classe virtuelle propos\u00e9e et anim\u00e9e par Christophe Peger Eureka !       \u00ab Analyse des Derni\u00e8res Recherches et Application de Moyens Pratiques pour les Int\u00e9grer \u00e0 la Formation \u00bb  Cette classe virtuelle se concentre sur l\u2019utilisation des d\u00e9couvertes en neurosciences pour am\u00e9liorer la conception et l\u2019animation de formations. Nous explorerons les derni\u00e8res recherches et les int\u00e9grerons dans un contexte de formation.  Les d\u00e9couvertes :   Fonctionnement naturel du cerveau\u00a0\u2013 \u00ab Brain Friendly Facilitation \u00bb (Comment concevoir et\/ou animer un processus d\u2019apprentissage sans connaitre le fonctionnement naturel du cerveau (ou les deux) ?).  Des id\u00e9es pr\u00e9con\u00e7ues \u00e0 la r\u00e9alit\u00e9 !\u00a0(Entre autres : On apprend de nos erreurs !, Nous pouvons faire 2 choses en m\u00eame temps, c&#039;est-\u00e0-dire effectuer plusieurs t\u00e2ches \u00e0 la fois !, Nous ne devrions donner que des feedbacks positifs !, etc.).  Des strat\u00e9gies \u00e0 mettre en place pour \u00e9viter les d\u00e9crochages et la surcharge cognitive\u00a0(Que se passe-t-il au niveau du cerveau lorsque nous recevons trop d\u2019informations \u00e0 la fois ? Quelles sont les strat\u00e9gies \u00e0 mettre en place ?)  .  Notez que cette classe virtuelle est inclue dans l&#039;abonnement de la Communaut\u00e9 des Formateurs Eureka !\u00a0 Si vous \u00eates un.e membre de la Communaut\u00e9 merci de visiter l\u2019espace \u00a0\u00ab Module Mensuel \u00bb.  Pour devenir membre de la Communaut\u00e9 des Formateurs Eureka !\u00a0et b\u00e9n\u00e9ficier de toutes les ressources et des formations de formateurs accessibles aux membres :   Abonnement Annuel https:\/\/eureka-tp.com\/product\/cef-abonnement-annuel\/  Abonnement Mensuel https:\/\/eureka-tp.com\/product\/cef-abonnement-mensuel\/  .\" \/>\n<meta property=\"og:url\" content=\"https:\/\/eureka-tp.com\/fr\/product\/neurosciencecv\/\" \/>\n<meta property=\"og:site_name\" content=\"Eureka - Train the Trainer\" \/>\n<meta property=\"article:modified_time\" content=\"2024-04-08T16:09:05+00:00\" \/>\n<meta property=\"og:image\" content=\"https:\/\/eureka-tp.com\/wp-content\/uploads\/2024\/03\/PhotoCVNeuroscience-e1709545232697.jpg\" \/>\n\t<meta property=\"og:image:width\" content=\"150\" \/>\n\t<meta property=\"og:image:height\" content=\"150\" \/>\n\t<meta property=\"og:image:type\" content=\"image\/jpeg\" \/>\n<script type=\"application\/ld+json\" class=\"yoast-schema-graph\">{\"@context\":\"https:\/\/schema.org\",\"@graph\":[{\"@type\":\"WebPage\",\"@id\":\"https:\/\/eureka-tp.com\/fr\/product\/neurosciencecv\/\",\"url\":\"https:\/\/eureka-tp.com\/fr\/product\/neurosciencecv\/\",\"name\":\"REPLAY Concevoir et animer une formation en tenant compte des Neurosciences - Eureka - Train the Trainer\",\"isPartOf\":{\"@id\":\"https:\/\/eureka-tp.com\/#website\"},\"primaryImageOfPage\":{\"@id\":\"https:\/\/eureka-tp.com\/fr\/product\/neurosciencecv\/#primaryimage\"},\"image\":{\"@id\":\"https:\/\/eureka-tp.com\/fr\/product\/neurosciencecv\/#primaryimage\"},\"thumbnailUrl\":\"https:\/\/eureka-tp.com\/wp-content\/uploads\/2024\/03\/PhotoCVNeuroscience-e1709545232697.jpg\",\"datePublished\":\"2021-08-26T15:36:04+00:00\",\"dateModified\":\"2024-04-08T16:09:05+00:00\",\"breadcrumb\":{\"@id\":\"https:\/\/eureka-tp.com\/fr\/product\/neurosciencecv\/#breadcrumb\"},\"inLanguage\":\"fr-FR\",\"potentialAction\":[{\"@type\":\"ReadAction\",\"target\":[\"https:\/\/eureka-tp.com\/fr\/product\/neurosciencecv\/\"]}]},{\"@type\":\"ImageObject\",\"inLanguage\":\"fr-FR\",\"@id\":\"https:\/\/eureka-tp.com\/fr\/product\/neurosciencecv\/#primaryimage\",\"url\":\"https:\/\/eureka-tp.com\/wp-content\/uploads\/2024\/03\/PhotoCVNeuroscience-e1709545232697.jpg\",\"contentUrl\":\"https:\/\/eureka-tp.com\/wp-content\/uploads\/2024\/03\/PhotoCVNeuroscience-e1709545232697.jpg\",\"width\":150,\"height\":150},{\"@type\":\"BreadcrumbList\",\"@id\":\"https:\/\/eureka-tp.com\/fr\/product\/neurosciencecv\/#breadcrumb\",\"itemListElement\":[{\"@type\":\"ListItem\",\"position\":1,\"name\":\"Home\",\"item\":\"https:\/\/eureka-tp.com\/fr\/\"},{\"@type\":\"ListItem\",\"position\":2,\"name\":\"REPLAY Concevoir et animer une formation en tenant compte des Neurosciences\"}]},{\"@type\":\"WebSite\",\"@id\":\"https:\/\/eureka-tp.com\/#website\",\"url\":\"https:\/\/eureka-tp.com\/\",\"name\":\"Eureka - Train the Trainer\",\"description\":\"Training for Trainers\",\"potentialAction\":[{\"@type\":\"SearchAction\",\"target\":{\"@type\":\"EntryPoint\",\"urlTemplate\":\"https:\/\/eureka-tp.com\/?s={search_term_string}\"},\"query-input\":{\"@type\":\"PropertyValueSpecification\",\"valueRequired\":true,\"valueName\":\"search_term_string\"}}],\"inLanguage\":\"fr-FR\"}]}<\/script>\n<!-- \/ Yoast SEO plugin. -->","yoast_head_json":{"title":"REPLAY Concevoir et animer une formation en tenant compte des Neurosciences - Eureka - Train the Trainer","robots":{"index":"index","follow":"follow","max-snippet":"max-snippet:-1","max-image-preview":"max-image-preview:large","max-video-preview":"max-video-preview:-1"},"canonical":"https:\/\/eureka-tp.com\/fr\/product\/neurosciencecv\/","og_locale":"fr_FR","og_type":"article","og_title":"REPLAY Concevoir et animer une formation en tenant compte des Neurosciences - Eureka - Train the Trainer","og_description":"REPLAY Classe virtuelle propos\u00e9e et anim\u00e9e par Christophe Peger Eureka !       \u00ab Analyse des Derni\u00e8res Recherches et Application de Moyens Pratiques pour les Int\u00e9grer \u00e0 la Formation \u00bb  Cette classe virtuelle se concentre sur l\u2019utilisation des d\u00e9couvertes en neurosciences pour am\u00e9liorer la conception et l\u2019animation de formations. Nous explorerons les derni\u00e8res recherches et les int\u00e9grerons dans un contexte de formation.  Les d\u00e9couvertes :   Fonctionnement naturel du cerveau\u00a0\u2013 \u00ab Brain Friendly Facilitation \u00bb (Comment concevoir et\/ou animer un processus d\u2019apprentissage sans connaitre le fonctionnement naturel du cerveau (ou les deux) ?).  Des id\u00e9es pr\u00e9con\u00e7ues \u00e0 la r\u00e9alit\u00e9 !\u00a0(Entre autres : On apprend de nos erreurs !, Nous pouvons faire 2 choses en m\u00eame temps, c'est-\u00e0-dire effectuer plusieurs t\u00e2ches \u00e0 la fois !, Nous ne devrions donner que des feedbacks positifs !, etc.).  Des strat\u00e9gies \u00e0 mettre en place pour \u00e9viter les d\u00e9crochages et la surcharge cognitive\u00a0(Que se passe-t-il au niveau du cerveau lorsque nous recevons trop d\u2019informations \u00e0 la fois ? Quelles sont les strat\u00e9gies \u00e0 mettre en place ?)  .  Notez que cette classe virtuelle est inclue dans l'abonnement de la Communaut\u00e9 des Formateurs Eureka !\u00a0 Si vous \u00eates un.e membre de la Communaut\u00e9 merci de visiter l\u2019espace \u00a0\u00ab Module Mensuel \u00bb.  Pour devenir membre de la Communaut\u00e9 des Formateurs Eureka !\u00a0et b\u00e9n\u00e9ficier de toutes les ressources et des formations de formateurs accessibles aux membres :   Abonnement Annuel https:\/\/eureka-tp.com\/product\/cef-abonnement-annuel\/  Abonnement Mensuel https:\/\/eureka-tp.com\/product\/cef-abonnement-mensuel\/  .","og_url":"https:\/\/eureka-tp.com\/fr\/product\/neurosciencecv\/","og_site_name":"Eureka - Train the Trainer","article_modified_time":"2024-04-08T16:09:05+00:00","og_image":[{"width":150,"height":150,"url":"https:\/\/eureka-tp.com\/wp-content\/uploads\/2024\/03\/PhotoCVNeuroscience-e1709545232697.jpg","type":"image\/jpeg"}],"schema":{"@context":"https:\/\/schema.org","@graph":[{"@type":"WebPage","@id":"https:\/\/eureka-tp.com\/fr\/product\/neurosciencecv\/","url":"https:\/\/eureka-tp.com\/fr\/product\/neurosciencecv\/","name":"REPLAY Concevoir et animer une formation en tenant compte des Neurosciences - Eureka - Train the Trainer","isPartOf":{"@id":"https:\/\/eureka-tp.com\/#website"},"primaryImageOfPage":{"@id":"https:\/\/eureka-tp.com\/fr\/product\/neurosciencecv\/#primaryimage"},"image":{"@id":"https:\/\/eureka-tp.com\/fr\/product\/neurosciencecv\/#primaryimage"},"thumbnailUrl":"https:\/\/eureka-tp.com\/wp-content\/uploads\/2024\/03\/PhotoCVNeuroscience-e1709545232697.jpg","datePublished":"2021-08-26T15:36:04+00:00","dateModified":"2024-04-08T16:09:05+00:00","breadcrumb":{"@id":"https:\/\/eureka-tp.com\/fr\/product\/neurosciencecv\/#breadcrumb"},"inLanguage":"fr-FR","potentialAction":[{"@type":"ReadAction","target":["https:\/\/eureka-tp.com\/fr\/product\/neurosciencecv\/"]}]},{"@type":"ImageObject","inLanguage":"fr-FR","@id":"https:\/\/eureka-tp.com\/fr\/product\/neurosciencecv\/#primaryimage","url":"https:\/\/eureka-tp.com\/wp-content\/uploads\/2024\/03\/PhotoCVNeuroscience-e1709545232697.jpg","contentUrl":"https:\/\/eureka-tp.com\/wp-content\/uploads\/2024\/03\/PhotoCVNeuroscience-e1709545232697.jpg","width":150,"height":150},{"@type":"BreadcrumbList","@id":"https:\/\/eureka-tp.com\/fr\/product\/neurosciencecv\/#breadcrumb","itemListElement":[{"@type":"ListItem","position":1,"name":"Home","item":"https:\/\/eureka-tp.com\/fr\/"},{"@type":"ListItem","position":2,"name":"REPLAY Concevoir et animer une formation en tenant compte des Neurosciences"}]},{"@type":"WebSite","@id":"https:\/\/eureka-tp.com\/#website","url":"https:\/\/eureka-tp.com\/","name":"Eureka - Train the Trainer","description":"Training for Trainers","potentialAction":[{"@type":"SearchAction","target":{"@type":"EntryPoint","urlTemplate":"https:\/\/eureka-tp.com\/?s={search_term_string}"},"query-input":{"@type":"PropertyValueSpecification","valueRequired":true,"valueName":"search_term_string"}}],"inLanguage":"fr-FR"}]}},"_links":{"self":[{"href":"https:\/\/eureka-tp.com\/fr\/wp-json\/wp\/v2\/product\/43471"}],"collection":[{"href":"https:\/\/eureka-tp.com\/fr\/wp-json\/wp\/v2\/product"}],"about":[{"href":"https:\/\/eureka-tp.com\/fr\/wp-json\/wp\/v2\/types\/product"}],"wp:featuredmedia":[{"embeddable":true,"href":"https:\/\/eureka-tp.com\/fr\/wp-json\/wp\/v2\/media\/43467"}],"wp:attachment":[{"href":"https:\/\/eureka-tp.com\/fr\/wp-json\/wp\/v2\/media?parent=43471"}],"wp:term":[{"taxonomy":"product_cat","embeddable":true,"href":"https:\/\/eureka-tp.com\/fr\/wp-json\/wp\/v2\/product_cat?post=43471"},{"taxonomy":"product_tag","embeddable":true,"href":"https:\/\/eureka-tp.com\/fr\/wp-json\/wp\/v2\/product_tag?post=43471"}],"curies":[{"name":"wp","href":"https:\/\/api.w.org\/{rel}","templated":true}]}}