{"id":44402,"date":"2024-04-19T05:38:10","date_gmt":"2024-04-19T04:38:10","guid":{"rendered":"https:\/\/eureka-tp.com\/?post_type=product&#038;p=44402"},"modified":"2024-12-05T00:05:04","modified_gmt":"2024-12-05T00:05:04","slug":"7habitudes","status":"publish","type":"product","link":"https:\/\/eureka-tp.com\/fr\/product\/7habitudes\/","title":{"rendered":"REPLAY &#8211; Les 7 habitudes du formateur facilitateur efficace"},"content":{"rendered":"<div class=\"pbs-main-wrapper\"><\/div>","protected":false},"excerpt":{"rendered":"<div class=\"fl-module fl-module-heading fl-node-3mpvyeqki078\" data-node=\"3mpvyeqki078\">\n<div class=\"fl-module-content fl-node-content\">\n<h2 class=\"fl-heading\"><span class=\"fl-heading-text\">REPLAY Classe Virtuelle anim\u00e9 par Christophe Peger Eureka !<\/span><\/h2>\n<p>Pr\u00eat\u00b7e\u00b7s \u00e0 devenir le\u00b7la formateur\u00b7rice facilitateur\u00b7rice dont tout le monde se souviendra ? Explorons ensemble les 7 habitudes incontournables pour inspirer, guider et maximiser l&#8217;impact de vos formations en pr\u00e9sentiel comme \u00e0 distance. Ensemble, d\u00e9couvrons des strat\u00e9gies pratiques pour favoriser un environnement d&#8217;apprentissage dynamique et engageant, afin de transformer vos formations en exp\u00e9riences m\u00e9morables et enrichissantes pour tou\u00b7te\u00b7s !<\/p>\n<\/div>\n<\/div>\n<div class=\"fl-module fl-module-rich-text fl-node-tr4hs2y7gbfo\" data-node=\"tr4hs2y7gbfo\">\n<div class=\"fl-module-content fl-node-content\">\n<div class=\"fl-rich-text\">\n<p><strong>Les d\u00e9couvertes :<\/strong><\/p>\n<ul>\n<li><strong>DEUX habitudes \u00e0 explorer et \u00e0 mettre en place AVANT la formation.<br \/>\n<\/strong>Un\u00b7e formateur\u00b7rice facilitateur\u00b7rice efficace\u00b7e sait que la formation ne commence pas le jour J \u00e0 9h. Pourquoi ? Parce que pour apprendre et s&#8217;engager dans un processus d&#8217;apprentissage, notre cerveau a besoin de pr\u00e9paration. La communication pr\u00e9alable est certes une strat\u00e9gie essentielle, mais elle n&#8217;est pas la seule !<\/li>\n<\/ul>\n<ul>\n<li><strong>QUATRE habitudes \u00e0 explorer et \u00e0 mettre en place PENDANT la formation.<br \/>\n<\/strong>Quel est le\u00b7la professeur\u00b7e ou l&#8217;enseignant\u00b7e qui vous a le plus marqu\u00e9\u00b7e dans votre parcours scolaire ? Qui est le\u00b7la formateur\u00b7rice mod\u00e8le que vous avez rencontr\u00e9\u00b7e dans votre vie professionnelle ? Quelle exp\u00e9rience d&#8217;apprentissage vous a tant marqu\u00e9\u00b7e qu&#8217;elle en est devenue m\u00e9morable ? Explorons ensemble les habitudes mises en place par ces mod\u00e8les pendant l&#8217;apprentissage.<\/li>\n<li><strong>UNE habitude \u00e0 explorer et \u00e0 mettre en place APRES la formation.<br \/>\n<\/strong>Est-ce au\u00b7\u00e0 la formateur\u00b7trice d&#8217;initier l&#8217;apr\u00e8s-formation, ou revient-il\u00b7elle aux managers\/responsables des apprenant\u00b7e\u00b7s ? Pour le\u00b7la formateur\u00b7trice facilitateur\u00b7rice efficace, cette question est obsol\u00e8te ! Pour lui\u00b7elle, ce qui importe r\u00e9side dans l&#8217;utilisation, l&#8217;application et la mise en pratique des apprentissages.<\/li>\n<\/ul>\n<p><em>.<\/em><\/p>\n<p>Notez que CE REPLAY est inclu dans l&#8217;abonnement de la Communaut\u00e9 des Formateurs Eureka !\u00a0 Si vous \u00eates un.e membre de la Communaut\u00e9 merci de visiter l\u2019espace \u00a0<strong>\u00ab Boite \u00e0 outils de Christophe \u00bb<\/strong>.<\/p>\n<p><strong>Pour devenir membre de la Communaut\u00e9 des Formateurs Eureka !<\/strong>\u00a0et b\u00e9n\u00e9ficier de toutes les ressources et des formations de formateurs accessibles aux membres :<\/p>\n<ul>\n<li>Abonnement Annuel <a href=\"https:\/\/eureka-tp.com\/product\/cef-abonnement-annuel\/\" xlink=\"href\">https:\/\/eureka-tp.com\/product\/cef-abonnement-annuel\/<\/a><\/li>\n<li>Abonnement Mensuel <a href=\"https:\/\/eureka-tp.com\/product\/cef-abonnement-mensuel\/\" xlink=\"href\">https:\/\/eureka-tp.com\/product\/cef-abonnement-mensuel\/<\/a><\/li>\n<\/ul>\n<p>.<\/p>\n<\/div>\n<\/div>\n<\/div>\n","protected":false},"featured_media":44287,"template":"","meta":{"_genesis_hide_title":false,"_genesis_hide_breadcrumbs":false,"_genesis_hide_singular_image":false,"_genesis_hide_footer_widgets":false,"_genesis_custom_body_class":"","_genesis_custom_post_class":"","_genesis_layout":"","episode_type":"","audio_file":"","cover_image":"","cover_image_id":"","duration":"","filesize":"","date_recorded":"","explicit":"","block":"","itunes_episode_number":"","itunes_title":"","itunes_season_number":"","itunes_episode_type":"","filesize_raw":""},"product_cat":[197],"product_tag":[],"class_list":{"0":"post-44402","1":"product","2":"type-product","3":"status-publish","4":"has-post-thumbnail","6":"product_cat-club-formateurs","7":"entry"},"yoast_head":"<!-- This site is optimized with the Yoast SEO plugin v23.9 - https:\/\/yoast.com\/wordpress\/plugins\/seo\/ -->\n<title>REPLAY - Les 7 habitudes du formateur facilitateur efficace - Eureka - Train the Trainer<\/title>\n<meta name=\"robots\" content=\"index, follow, max-snippet:-1, max-image-preview:large, max-video-preview:-1\" \/>\n<link rel=\"canonical\" href=\"https:\/\/eureka-tp.com\/fr\/product\/7habitudes\/\" \/>\n<meta property=\"og:locale\" content=\"fr_FR\" \/>\n<meta property=\"og:type\" content=\"article\" \/>\n<meta property=\"og:title\" content=\"REPLAY - Les 7 habitudes du formateur facilitateur efficace - Eureka - Train the Trainer\" \/>\n<meta property=\"og:description\" content=\"REPLAY Classe Virtuelle anim\u00e9 par Christophe Peger Eureka ! Pr\u00eat\u00b7e\u00b7s \u00e0 devenir le\u00b7la formateur\u00b7rice facilitateur\u00b7rice dont tout le monde se souviendra ? Explorons ensemble les 7 habitudes incontournables pour inspirer, guider et maximiser l&#039;impact de vos formations en pr\u00e9sentiel comme \u00e0 distance. Ensemble, d\u00e9couvrons des strat\u00e9gies pratiques pour favoriser un environnement d&#039;apprentissage dynamique et engageant, afin de transformer vos formations en exp\u00e9riences m\u00e9morables et enrichissantes pour tou\u00b7te\u00b7s !        Les d\u00e9couvertes :   DEUX habitudes \u00e0 explorer et \u00e0 mettre en place AVANT la formation. Un\u00b7e formateur\u00b7rice facilitateur\u00b7rice efficace\u00b7e sait que la formation ne commence pas le jour J \u00e0 9h. Pourquoi ? Parce que pour apprendre et s&#039;engager dans un processus d&#039;apprentissage, notre cerveau a besoin de pr\u00e9paration. La communication pr\u00e9alable est certes une strat\u00e9gie essentielle, mais elle n&#039;est pas la seule !    QUATRE habitudes \u00e0 explorer et \u00e0 mettre en place PENDANT la formation. Quel est le\u00b7la professeur\u00b7e ou l&#039;enseignant\u00b7e qui vous a le plus marqu\u00e9\u00b7e dans votre parcours scolaire ? Qui est le\u00b7la formateur\u00b7rice mod\u00e8le que vous avez rencontr\u00e9\u00b7e dans votre vie professionnelle ? Quelle exp\u00e9rience d&#039;apprentissage vous a tant marqu\u00e9\u00b7e qu&#039;elle en est devenue m\u00e9morable ? Explorons ensemble les habitudes mises en place par ces mod\u00e8les pendant l&#039;apprentissage.  UNE habitude \u00e0 explorer et \u00e0 mettre en place APRES la formation. Est-ce au\u00b7\u00e0 la formateur\u00b7trice d&#039;initier l&#039;apr\u00e8s-formation, ou revient-il\u00b7elle aux managers\/responsables des apprenant\u00b7e\u00b7s ? Pour le\u00b7la formateur\u00b7trice facilitateur\u00b7rice efficace, cette question est obsol\u00e8te ! Pour lui\u00b7elle, ce qui importe r\u00e9side dans l&#039;utilisation, l&#039;application et la mise en pratique des apprentissages.  .  Notez que CE REPLAY est inclu dans l&#039;abonnement de la Communaut\u00e9 des Formateurs Eureka !\u00a0 Si vous \u00eates un.e membre de la Communaut\u00e9 merci de visiter l\u2019espace \u00a0\u00ab Boite \u00e0 outils de Christophe \u00bb.  Pour devenir membre de la Communaut\u00e9 des Formateurs Eureka !\u00a0et b\u00e9n\u00e9ficier de toutes les ressources et des formations de formateurs accessibles aux membres :   Abonnement Annuel https:\/\/eureka-tp.com\/product\/cef-abonnement-annuel\/  Abonnement Mensuel https:\/\/eureka-tp.com\/product\/cef-abonnement-mensuel\/  .\" \/>\n<meta property=\"og:url\" content=\"https:\/\/eureka-tp.com\/fr\/product\/7habitudes\/\" \/>\n<meta property=\"og:site_name\" content=\"Eureka - Train the Trainer\" \/>\n<meta property=\"article:modified_time\" content=\"2024-12-05T00:05:04+00:00\" \/>\n<meta property=\"og:image\" content=\"https:\/\/eureka-tp.com\/wp-content\/uploads\/2024\/04\/ImageCV.jpg\" \/>\n\t<meta property=\"og:image:width\" content=\"1125\" \/>\n\t<meta property=\"og:image:height\" content=\"1125\" \/>\n\t<meta property=\"og:image:type\" content=\"image\/jpeg\" \/>\n<script type=\"application\/ld+json\" class=\"yoast-schema-graph\">{\"@context\":\"https:\/\/schema.org\",\"@graph\":[{\"@type\":\"WebPage\",\"@id\":\"https:\/\/eureka-tp.com\/fr\/product\/7habitudes\/\",\"url\":\"https:\/\/eureka-tp.com\/fr\/product\/7habitudes\/\",\"name\":\"REPLAY - Les 7 habitudes du formateur facilitateur efficace - Eureka - Train the Trainer\",\"isPartOf\":{\"@id\":\"https:\/\/eureka-tp.com\/#website\"},\"primaryImageOfPage\":{\"@id\":\"https:\/\/eureka-tp.com\/fr\/product\/7habitudes\/#primaryimage\"},\"image\":{\"@id\":\"https:\/\/eureka-tp.com\/fr\/product\/7habitudes\/#primaryimage\"},\"thumbnailUrl\":\"https:\/\/eureka-tp.com\/wp-content\/uploads\/2024\/04\/ImageCV.jpg\",\"datePublished\":\"2024-04-19T04:38:10+00:00\",\"dateModified\":\"2024-12-05T00:05:04+00:00\",\"breadcrumb\":{\"@id\":\"https:\/\/eureka-tp.com\/fr\/product\/7habitudes\/#breadcrumb\"},\"inLanguage\":\"fr-FR\",\"potentialAction\":[{\"@type\":\"ReadAction\",\"target\":[\"https:\/\/eureka-tp.com\/fr\/product\/7habitudes\/\"]}]},{\"@type\":\"ImageObject\",\"inLanguage\":\"fr-FR\",\"@id\":\"https:\/\/eureka-tp.com\/fr\/product\/7habitudes\/#primaryimage\",\"url\":\"https:\/\/eureka-tp.com\/wp-content\/uploads\/2024\/04\/ImageCV.jpg\",\"contentUrl\":\"https:\/\/eureka-tp.com\/wp-content\/uploads\/2024\/04\/ImageCV.jpg\",\"width\":1125,\"height\":1125},{\"@type\":\"BreadcrumbList\",\"@id\":\"https:\/\/eureka-tp.com\/fr\/product\/7habitudes\/#breadcrumb\",\"itemListElement\":[{\"@type\":\"ListItem\",\"position\":1,\"name\":\"Home\",\"item\":\"https:\/\/eureka-tp.com\/fr\/\"},{\"@type\":\"ListItem\",\"position\":2,\"name\":\"REPLAY &#8211; Les 7 habitudes du formateur facilitateur efficace\"}]},{\"@type\":\"WebSite\",\"@id\":\"https:\/\/eureka-tp.com\/#website\",\"url\":\"https:\/\/eureka-tp.com\/\",\"name\":\"Eureka - Train the Trainer\",\"description\":\"Training for Trainers\",\"potentialAction\":[{\"@type\":\"SearchAction\",\"target\":{\"@type\":\"EntryPoint\",\"urlTemplate\":\"https:\/\/eureka-tp.com\/?s={search_term_string}\"},\"query-input\":{\"@type\":\"PropertyValueSpecification\",\"valueRequired\":true,\"valueName\":\"search_term_string\"}}],\"inLanguage\":\"fr-FR\"}]}<\/script>\n<!-- \/ Yoast SEO plugin. -->","yoast_head_json":{"title":"REPLAY - Les 7 habitudes du formateur facilitateur efficace - Eureka - Train the Trainer","robots":{"index":"index","follow":"follow","max-snippet":"max-snippet:-1","max-image-preview":"max-image-preview:large","max-video-preview":"max-video-preview:-1"},"canonical":"https:\/\/eureka-tp.com\/fr\/product\/7habitudes\/","og_locale":"fr_FR","og_type":"article","og_title":"REPLAY - Les 7 habitudes du formateur facilitateur efficace - Eureka - Train the Trainer","og_description":"REPLAY Classe Virtuelle anim\u00e9 par Christophe Peger Eureka ! Pr\u00eat\u00b7e\u00b7s \u00e0 devenir le\u00b7la formateur\u00b7rice facilitateur\u00b7rice dont tout le monde se souviendra ? Explorons ensemble les 7 habitudes incontournables pour inspirer, guider et maximiser l'impact de vos formations en pr\u00e9sentiel comme \u00e0 distance. Ensemble, d\u00e9couvrons des strat\u00e9gies pratiques pour favoriser un environnement d'apprentissage dynamique et engageant, afin de transformer vos formations en exp\u00e9riences m\u00e9morables et enrichissantes pour tou\u00b7te\u00b7s !        Les d\u00e9couvertes :   DEUX habitudes \u00e0 explorer et \u00e0 mettre en place AVANT la formation. Un\u00b7e formateur\u00b7rice facilitateur\u00b7rice efficace\u00b7e sait que la formation ne commence pas le jour J \u00e0 9h. Pourquoi ? Parce que pour apprendre et s'engager dans un processus d'apprentissage, notre cerveau a besoin de pr\u00e9paration. La communication pr\u00e9alable est certes une strat\u00e9gie essentielle, mais elle n'est pas la seule !    QUATRE habitudes \u00e0 explorer et \u00e0 mettre en place PENDANT la formation. Quel est le\u00b7la professeur\u00b7e ou l'enseignant\u00b7e qui vous a le plus marqu\u00e9\u00b7e dans votre parcours scolaire ? Qui est le\u00b7la formateur\u00b7rice mod\u00e8le que vous avez rencontr\u00e9\u00b7e dans votre vie professionnelle ? Quelle exp\u00e9rience d'apprentissage vous a tant marqu\u00e9\u00b7e qu'elle en est devenue m\u00e9morable ? Explorons ensemble les habitudes mises en place par ces mod\u00e8les pendant l'apprentissage.  UNE habitude \u00e0 explorer et \u00e0 mettre en place APRES la formation. Est-ce au\u00b7\u00e0 la formateur\u00b7trice d'initier l'apr\u00e8s-formation, ou revient-il\u00b7elle aux managers\/responsables des apprenant\u00b7e\u00b7s ? Pour le\u00b7la formateur\u00b7trice facilitateur\u00b7rice efficace, cette question est obsol\u00e8te ! Pour lui\u00b7elle, ce qui importe r\u00e9side dans l'utilisation, l'application et la mise en pratique des apprentissages.  .  Notez que CE REPLAY est inclu dans l'abonnement de la Communaut\u00e9 des Formateurs Eureka !\u00a0 Si vous \u00eates un.e membre de la Communaut\u00e9 merci de visiter l\u2019espace \u00a0\u00ab Boite \u00e0 outils de Christophe \u00bb.  Pour devenir membre de la Communaut\u00e9 des Formateurs Eureka !\u00a0et b\u00e9n\u00e9ficier de toutes les ressources et des formations de formateurs accessibles aux membres :   Abonnement Annuel https:\/\/eureka-tp.com\/product\/cef-abonnement-annuel\/  Abonnement Mensuel https:\/\/eureka-tp.com\/product\/cef-abonnement-mensuel\/  .","og_url":"https:\/\/eureka-tp.com\/fr\/product\/7habitudes\/","og_site_name":"Eureka - Train the Trainer","article_modified_time":"2024-12-05T00:05:04+00:00","og_image":[{"width":1125,"height":1125,"url":"https:\/\/eureka-tp.com\/wp-content\/uploads\/2024\/04\/ImageCV.jpg","type":"image\/jpeg"}],"schema":{"@context":"https:\/\/schema.org","@graph":[{"@type":"WebPage","@id":"https:\/\/eureka-tp.com\/fr\/product\/7habitudes\/","url":"https:\/\/eureka-tp.com\/fr\/product\/7habitudes\/","name":"REPLAY - Les 7 habitudes du formateur facilitateur efficace - Eureka - Train the Trainer","isPartOf":{"@id":"https:\/\/eureka-tp.com\/#website"},"primaryImageOfPage":{"@id":"https:\/\/eureka-tp.com\/fr\/product\/7habitudes\/#primaryimage"},"image":{"@id":"https:\/\/eureka-tp.com\/fr\/product\/7habitudes\/#primaryimage"},"thumbnailUrl":"https:\/\/eureka-tp.com\/wp-content\/uploads\/2024\/04\/ImageCV.jpg","datePublished":"2024-04-19T04:38:10+00:00","dateModified":"2024-12-05T00:05:04+00:00","breadcrumb":{"@id":"https:\/\/eureka-tp.com\/fr\/product\/7habitudes\/#breadcrumb"},"inLanguage":"fr-FR","potentialAction":[{"@type":"ReadAction","target":["https:\/\/eureka-tp.com\/fr\/product\/7habitudes\/"]}]},{"@type":"ImageObject","inLanguage":"fr-FR","@id":"https:\/\/eureka-tp.com\/fr\/product\/7habitudes\/#primaryimage","url":"https:\/\/eureka-tp.com\/wp-content\/uploads\/2024\/04\/ImageCV.jpg","contentUrl":"https:\/\/eureka-tp.com\/wp-content\/uploads\/2024\/04\/ImageCV.jpg","width":1125,"height":1125},{"@type":"BreadcrumbList","@id":"https:\/\/eureka-tp.com\/fr\/product\/7habitudes\/#breadcrumb","itemListElement":[{"@type":"ListItem","position":1,"name":"Home","item":"https:\/\/eureka-tp.com\/fr\/"},{"@type":"ListItem","position":2,"name":"REPLAY &#8211; Les 7 habitudes du formateur facilitateur efficace"}]},{"@type":"WebSite","@id":"https:\/\/eureka-tp.com\/#website","url":"https:\/\/eureka-tp.com\/","name":"Eureka - Train the Trainer","description":"Training for Trainers","potentialAction":[{"@type":"SearchAction","target":{"@type":"EntryPoint","urlTemplate":"https:\/\/eureka-tp.com\/?s={search_term_string}"},"query-input":{"@type":"PropertyValueSpecification","valueRequired":true,"valueName":"search_term_string"}}],"inLanguage":"fr-FR"}]}},"_links":{"self":[{"href":"https:\/\/eureka-tp.com\/fr\/wp-json\/wp\/v2\/product\/44402"}],"collection":[{"href":"https:\/\/eureka-tp.com\/fr\/wp-json\/wp\/v2\/product"}],"about":[{"href":"https:\/\/eureka-tp.com\/fr\/wp-json\/wp\/v2\/types\/product"}],"wp:featuredmedia":[{"embeddable":true,"href":"https:\/\/eureka-tp.com\/fr\/wp-json\/wp\/v2\/media\/44287"}],"wp:attachment":[{"href":"https:\/\/eureka-tp.com\/fr\/wp-json\/wp\/v2\/media?parent=44402"}],"wp:term":[{"taxonomy":"product_cat","embeddable":true,"href":"https:\/\/eureka-tp.com\/fr\/wp-json\/wp\/v2\/product_cat?post=44402"},{"taxonomy":"product_tag","embeddable":true,"href":"https:\/\/eureka-tp.com\/fr\/wp-json\/wp\/v2\/product_tag?post=44402"}],"curies":[{"name":"wp","href":"https:\/\/api.w.org\/{rel}","templated":true}]}}