{"id":44730,"date":"2024-05-14T09:02:05","date_gmt":"2024-05-14T08:02:05","guid":{"rendered":"https:\/\/eureka-tp.com\/?post_type=product&#038;p=44730"},"modified":"2024-12-15T00:05:04","modified_gmt":"2024-12-15T00:05:04","slug":"6reactivations","status":"publish","type":"product","link":"https:\/\/eureka-tp.com\/fr\/product\/6reactivations\/","title":{"rendered":"REPLAY 6 nouvelles fa\u00e7ons cr\u00e9atives de r\u00e9activer un contenu"},"content":{"rendered":"<div class=\"pbs-main-wrapper\"><\/div>","protected":false},"excerpt":{"rendered":"<div class=\"fl-module fl-module-heading fl-node-3mpvyeqki078\" data-node=\"3mpvyeqki078\">\n<div class=\"fl-module-content fl-node-content\">\n<h2 class=\"fl-heading\"><span class=\"fl-heading-text\">REPLAY Classe virtuelle propos\u00e9e et anim\u00e9e par Christophe Peger Eureka !<\/span><\/h2>\n<\/div>\n<\/div>\n<div class=\"fl-module fl-module-rich-text fl-node-tr4hs2y7gbfo\" data-node=\"tr4hs2y7gbfo\">\n<div class=\"fl-module-content fl-node-content\">\n<div class=\"fl-rich-text\">\n<p>Lors de ces 75 minutes, nous nous concentrerons sur l&#8217;importance cruciale de r\u00e9activer les contenus essentiels d\u2019une formation de diff\u00e9rentes mani\u00e8res pour maximiser la r\u00e9tention des connaissances et favoriser l&#8217;engagement des apprenants.<\/p>\n<p>La r\u00e9activation r\u00e9guli\u00e8re renforce la m\u00e9moire \u00e0 long terme, r\u00e9duit l&#8217;oubli et stimule l&#8217;int\u00e9r\u00eat gr\u00e2ce \u00e0 une diversit\u00e9 de supports.<\/p>\n<p>En r\u00e9pondant aux diff\u00e9rences individuelles et en utilisant des approches vari\u00e9es, les formateurs et formatrices peuvent cr\u00e9er un environnement d&#8217;apprentissage dynamique, inclusif et efficace. Les apprenant.e.s ainsi engag\u00e9s et soutenus, d\u00e9veloppent une meilleure r\u00e9tention et une plus grande motivation.<\/p>\n<p><strong>Les d\u00e9couvertes :<\/strong><\/p>\n<ul>\n<li>Pourquoi la r\u00e9activation est-elle si importante ?<\/li>\n<li>Exp\u00e9rimentez 2 nouvelles fa\u00e7ons cr\u00e9atives de r\u00e9activation \u00e0 utiliser pour des modules eLearning.<\/li>\n<li>Exp\u00e9rimentez 2 nouvelles fa\u00e7ons cr\u00e9atives de r\u00e9activation \u00e0 utiliser pour des classes virtuelles.<\/li>\n<li>Exp\u00e9rimentez 2 nouvelles fa\u00e7ons cr\u00e9atives de r\u00e9activation \u00e0 utiliser pour des formations en pr\u00e9sentiel.<\/li>\n<\/ul>\n<p><strong>Note :<\/strong> bien que ces activit\u00e9s de r\u00e9activation soient adapt\u00e9es \u00e0 l&#8217;eLearning, aux classes virtuelles et aux formations en pr\u00e9sentiel, elles peuvent facilement \u00eatre ajust\u00e9es pour tout type de formation.<\/p>\n<p><em>.<\/em><\/p>\n<p>Notez que ce REPLAY est inclu dans l&#8217;abonnement de la Communaut\u00e9 des Formateurs Eureka !\u00a0 Si vous \u00eates un.e membre de la Communaut\u00e9 merci de visiter l\u2019espace \u00a0<strong>\u00ab BAO de Christophe \u00bb<\/strong>.<\/p>\n<p><strong>Pour devenir membre de la Communaut\u00e9 des Formateurs Eureka !<\/strong>\u00a0et b\u00e9n\u00e9ficier de toutes les ressources et des formations de formateurs accessibles aux membres :<\/p>\n<ul>\n<li>Abonnement Annuel <a href=\"https:\/\/eureka-tp.com\/product\/cef-abonnement-annuel\/\" xlink=\"href\">https:\/\/eureka-tp.com\/product\/cef-abonnement-annuel\/<\/a><\/li>\n<li>Abonnement Mensuel <a href=\"https:\/\/eureka-tp.com\/product\/cef-abonnement-mensuel\/\" xlink=\"href\">https:\/\/eureka-tp.com\/product\/cef-abonnement-mensuel\/<\/a><\/li>\n<\/ul>\n<p>.<\/p>\n<\/div>\n<\/div>\n<\/div>\n","protected":false},"featured_media":44728,"template":"","meta":{"_genesis_hide_title":false,"_genesis_hide_breadcrumbs":false,"_genesis_hide_singular_image":false,"_genesis_hide_footer_widgets":false,"_genesis_custom_body_class":"","_genesis_custom_post_class":"","_genesis_layout":"","episode_type":"","audio_file":"","cover_image":"","cover_image_id":"","duration":"","filesize":"","date_recorded":"","explicit":"","block":"","itunes_episode_number":"","itunes_title":"","itunes_season_number":"","itunes_episode_type":"","filesize_raw":""},"product_cat":[197],"product_tag":[],"class_list":{"0":"post-44730","1":"product","2":"type-product","3":"status-publish","4":"has-post-thumbnail","6":"product_cat-club-formateurs","7":"entry"},"yoast_head":"<!-- This site is optimized with the Yoast SEO plugin v23.9 - https:\/\/yoast.com\/wordpress\/plugins\/seo\/ -->\n<title>REPLAY 6 nouvelles fa\u00e7ons cr\u00e9atives de r\u00e9activer un contenu - Eureka - Train the Trainer<\/title>\n<meta name=\"robots\" content=\"index, follow, max-snippet:-1, max-image-preview:large, max-video-preview:-1\" \/>\n<link rel=\"canonical\" href=\"https:\/\/eureka-tp.com\/fr\/product\/6reactivations\/\" \/>\n<meta property=\"og:locale\" content=\"fr_FR\" \/>\n<meta property=\"og:type\" content=\"article\" \/>\n<meta property=\"og:title\" content=\"REPLAY 6 nouvelles fa\u00e7ons cr\u00e9atives de r\u00e9activer un contenu - Eureka - Train the Trainer\" \/>\n<meta property=\"og:description\" content=\"REPLAY Classe virtuelle propos\u00e9e et anim\u00e9e par Christophe Peger Eureka !       Lors de ces 75 minutes, nous nous concentrerons sur l&#039;importance cruciale de r\u00e9activer les contenus essentiels d\u2019une formation de diff\u00e9rentes mani\u00e8res pour maximiser la r\u00e9tention des connaissances et favoriser l&#039;engagement des apprenants.  La r\u00e9activation r\u00e9guli\u00e8re renforce la m\u00e9moire \u00e0 long terme, r\u00e9duit l&#039;oubli et stimule l&#039;int\u00e9r\u00eat gr\u00e2ce \u00e0 une diversit\u00e9 de supports.  En r\u00e9pondant aux diff\u00e9rences individuelles et en utilisant des approches vari\u00e9es, les formateurs et formatrices peuvent cr\u00e9er un environnement d&#039;apprentissage dynamique, inclusif et efficace. Les apprenant.e.s ainsi engag\u00e9s et soutenus, d\u00e9veloppent une meilleure r\u00e9tention et une plus grande motivation.  Les d\u00e9couvertes :   Pourquoi la r\u00e9activation est-elle si importante ?  Exp\u00e9rimentez 2 nouvelles fa\u00e7ons cr\u00e9atives de r\u00e9activation \u00e0 utiliser pour des modules eLearning.  Exp\u00e9rimentez 2 nouvelles fa\u00e7ons cr\u00e9atives de r\u00e9activation \u00e0 utiliser pour des classes virtuelles.  Exp\u00e9rimentez 2 nouvelles fa\u00e7ons cr\u00e9atives de r\u00e9activation \u00e0 utiliser pour des formations en pr\u00e9sentiel.  Note : bien que ces activit\u00e9s de r\u00e9activation soient adapt\u00e9es \u00e0 l&#039;eLearning, aux classes virtuelles et aux formations en pr\u00e9sentiel, elles peuvent facilement \u00eatre ajust\u00e9es pour tout type de formation.  .  Notez que ce REPLAY est inclu dans l&#039;abonnement de la Communaut\u00e9 des Formateurs Eureka !\u00a0 Si vous \u00eates un.e membre de la Communaut\u00e9 merci de visiter l\u2019espace \u00a0\u00ab BAO de Christophe \u00bb.  Pour devenir membre de la Communaut\u00e9 des Formateurs Eureka !\u00a0et b\u00e9n\u00e9ficier de toutes les ressources et des formations de formateurs accessibles aux membres :   Abonnement Annuel https:\/\/eureka-tp.com\/product\/cef-abonnement-annuel\/  Abonnement Mensuel https:\/\/eureka-tp.com\/product\/cef-abonnement-mensuel\/  .\" \/>\n<meta property=\"og:url\" content=\"https:\/\/eureka-tp.com\/fr\/product\/6reactivations\/\" \/>\n<meta property=\"og:site_name\" content=\"Eureka - Train the Trainer\" \/>\n<meta property=\"article:modified_time\" content=\"2024-12-15T00:05:04+00:00\" \/>\n<meta property=\"og:image\" content=\"https:\/\/eureka-tp.com\/wp-content\/uploads\/2024\/05\/LogoCV.jpg\" \/>\n\t<meta property=\"og:image:width\" content=\"2475\" \/>\n\t<meta property=\"og:image:height\" content=\"2475\" \/>\n\t<meta property=\"og:image:type\" content=\"image\/jpeg\" \/>\n<script type=\"application\/ld+json\" class=\"yoast-schema-graph\">{\"@context\":\"https:\/\/schema.org\",\"@graph\":[{\"@type\":\"WebPage\",\"@id\":\"https:\/\/eureka-tp.com\/fr\/product\/6reactivations\/\",\"url\":\"https:\/\/eureka-tp.com\/fr\/product\/6reactivations\/\",\"name\":\"REPLAY 6 nouvelles fa\u00e7ons cr\u00e9atives de r\u00e9activer un contenu - Eureka - Train the Trainer\",\"isPartOf\":{\"@id\":\"https:\/\/eureka-tp.com\/#website\"},\"primaryImageOfPage\":{\"@id\":\"https:\/\/eureka-tp.com\/fr\/product\/6reactivations\/#primaryimage\"},\"image\":{\"@id\":\"https:\/\/eureka-tp.com\/fr\/product\/6reactivations\/#primaryimage\"},\"thumbnailUrl\":\"https:\/\/eureka-tp.com\/wp-content\/uploads\/2024\/05\/LogoCV.jpg\",\"datePublished\":\"2024-05-14T08:02:05+00:00\",\"dateModified\":\"2024-12-15T00:05:04+00:00\",\"breadcrumb\":{\"@id\":\"https:\/\/eureka-tp.com\/fr\/product\/6reactivations\/#breadcrumb\"},\"inLanguage\":\"fr-FR\",\"potentialAction\":[{\"@type\":\"ReadAction\",\"target\":[\"https:\/\/eureka-tp.com\/fr\/product\/6reactivations\/\"]}]},{\"@type\":\"ImageObject\",\"inLanguage\":\"fr-FR\",\"@id\":\"https:\/\/eureka-tp.com\/fr\/product\/6reactivations\/#primaryimage\",\"url\":\"https:\/\/eureka-tp.com\/wp-content\/uploads\/2024\/05\/LogoCV.jpg\",\"contentUrl\":\"https:\/\/eureka-tp.com\/wp-content\/uploads\/2024\/05\/LogoCV.jpg\",\"width\":2475,\"height\":2475},{\"@type\":\"BreadcrumbList\",\"@id\":\"https:\/\/eureka-tp.com\/fr\/product\/6reactivations\/#breadcrumb\",\"itemListElement\":[{\"@type\":\"ListItem\",\"position\":1,\"name\":\"Home\",\"item\":\"https:\/\/eureka-tp.com\/fr\/\"},{\"@type\":\"ListItem\",\"position\":2,\"name\":\"REPLAY 6 nouvelles fa\u00e7ons cr\u00e9atives de r\u00e9activer un contenu\"}]},{\"@type\":\"WebSite\",\"@id\":\"https:\/\/eureka-tp.com\/#website\",\"url\":\"https:\/\/eureka-tp.com\/\",\"name\":\"Eureka - Train the Trainer\",\"description\":\"Training for Trainers\",\"potentialAction\":[{\"@type\":\"SearchAction\",\"target\":{\"@type\":\"EntryPoint\",\"urlTemplate\":\"https:\/\/eureka-tp.com\/?s={search_term_string}\"},\"query-input\":{\"@type\":\"PropertyValueSpecification\",\"valueRequired\":true,\"valueName\":\"search_term_string\"}}],\"inLanguage\":\"fr-FR\"}]}<\/script>\n<!-- \/ Yoast SEO plugin. -->","yoast_head_json":{"title":"REPLAY 6 nouvelles fa\u00e7ons cr\u00e9atives de r\u00e9activer un contenu - Eureka - Train the Trainer","robots":{"index":"index","follow":"follow","max-snippet":"max-snippet:-1","max-image-preview":"max-image-preview:large","max-video-preview":"max-video-preview:-1"},"canonical":"https:\/\/eureka-tp.com\/fr\/product\/6reactivations\/","og_locale":"fr_FR","og_type":"article","og_title":"REPLAY 6 nouvelles fa\u00e7ons cr\u00e9atives de r\u00e9activer un contenu - Eureka - Train the Trainer","og_description":"REPLAY Classe virtuelle propos\u00e9e et anim\u00e9e par Christophe Peger Eureka !       Lors de ces 75 minutes, nous nous concentrerons sur l'importance cruciale de r\u00e9activer les contenus essentiels d\u2019une formation de diff\u00e9rentes mani\u00e8res pour maximiser la r\u00e9tention des connaissances et favoriser l'engagement des apprenants.  La r\u00e9activation r\u00e9guli\u00e8re renforce la m\u00e9moire \u00e0 long terme, r\u00e9duit l'oubli et stimule l'int\u00e9r\u00eat gr\u00e2ce \u00e0 une diversit\u00e9 de supports.  En r\u00e9pondant aux diff\u00e9rences individuelles et en utilisant des approches vari\u00e9es, les formateurs et formatrices peuvent cr\u00e9er un environnement d'apprentissage dynamique, inclusif et efficace. Les apprenant.e.s ainsi engag\u00e9s et soutenus, d\u00e9veloppent une meilleure r\u00e9tention et une plus grande motivation.  Les d\u00e9couvertes :   Pourquoi la r\u00e9activation est-elle si importante ?  Exp\u00e9rimentez 2 nouvelles fa\u00e7ons cr\u00e9atives de r\u00e9activation \u00e0 utiliser pour des modules eLearning.  Exp\u00e9rimentez 2 nouvelles fa\u00e7ons cr\u00e9atives de r\u00e9activation \u00e0 utiliser pour des classes virtuelles.  Exp\u00e9rimentez 2 nouvelles fa\u00e7ons cr\u00e9atives de r\u00e9activation \u00e0 utiliser pour des formations en pr\u00e9sentiel.  Note : bien que ces activit\u00e9s de r\u00e9activation soient adapt\u00e9es \u00e0 l'eLearning, aux classes virtuelles et aux formations en pr\u00e9sentiel, elles peuvent facilement \u00eatre ajust\u00e9es pour tout type de formation.  .  Notez que ce REPLAY est inclu dans l'abonnement de la Communaut\u00e9 des Formateurs Eureka !\u00a0 Si vous \u00eates un.e membre de la Communaut\u00e9 merci de visiter l\u2019espace \u00a0\u00ab BAO de Christophe \u00bb.  Pour devenir membre de la Communaut\u00e9 des Formateurs Eureka !\u00a0et b\u00e9n\u00e9ficier de toutes les ressources et des formations de formateurs accessibles aux membres :   Abonnement Annuel https:\/\/eureka-tp.com\/product\/cef-abonnement-annuel\/  Abonnement Mensuel https:\/\/eureka-tp.com\/product\/cef-abonnement-mensuel\/  .","og_url":"https:\/\/eureka-tp.com\/fr\/product\/6reactivations\/","og_site_name":"Eureka - Train the Trainer","article_modified_time":"2024-12-15T00:05:04+00:00","og_image":[{"width":2475,"height":2475,"url":"https:\/\/eureka-tp.com\/wp-content\/uploads\/2024\/05\/LogoCV.jpg","type":"image\/jpeg"}],"schema":{"@context":"https:\/\/schema.org","@graph":[{"@type":"WebPage","@id":"https:\/\/eureka-tp.com\/fr\/product\/6reactivations\/","url":"https:\/\/eureka-tp.com\/fr\/product\/6reactivations\/","name":"REPLAY 6 nouvelles fa\u00e7ons cr\u00e9atives de r\u00e9activer un contenu - Eureka - Train the Trainer","isPartOf":{"@id":"https:\/\/eureka-tp.com\/#website"},"primaryImageOfPage":{"@id":"https:\/\/eureka-tp.com\/fr\/product\/6reactivations\/#primaryimage"},"image":{"@id":"https:\/\/eureka-tp.com\/fr\/product\/6reactivations\/#primaryimage"},"thumbnailUrl":"https:\/\/eureka-tp.com\/wp-content\/uploads\/2024\/05\/LogoCV.jpg","datePublished":"2024-05-14T08:02:05+00:00","dateModified":"2024-12-15T00:05:04+00:00","breadcrumb":{"@id":"https:\/\/eureka-tp.com\/fr\/product\/6reactivations\/#breadcrumb"},"inLanguage":"fr-FR","potentialAction":[{"@type":"ReadAction","target":["https:\/\/eureka-tp.com\/fr\/product\/6reactivations\/"]}]},{"@type":"ImageObject","inLanguage":"fr-FR","@id":"https:\/\/eureka-tp.com\/fr\/product\/6reactivations\/#primaryimage","url":"https:\/\/eureka-tp.com\/wp-content\/uploads\/2024\/05\/LogoCV.jpg","contentUrl":"https:\/\/eureka-tp.com\/wp-content\/uploads\/2024\/05\/LogoCV.jpg","width":2475,"height":2475},{"@type":"BreadcrumbList","@id":"https:\/\/eureka-tp.com\/fr\/product\/6reactivations\/#breadcrumb","itemListElement":[{"@type":"ListItem","position":1,"name":"Home","item":"https:\/\/eureka-tp.com\/fr\/"},{"@type":"ListItem","position":2,"name":"REPLAY 6 nouvelles fa\u00e7ons cr\u00e9atives de r\u00e9activer un contenu"}]},{"@type":"WebSite","@id":"https:\/\/eureka-tp.com\/#website","url":"https:\/\/eureka-tp.com\/","name":"Eureka - Train the Trainer","description":"Training for Trainers","potentialAction":[{"@type":"SearchAction","target":{"@type":"EntryPoint","urlTemplate":"https:\/\/eureka-tp.com\/?s={search_term_string}"},"query-input":{"@type":"PropertyValueSpecification","valueRequired":true,"valueName":"search_term_string"}}],"inLanguage":"fr-FR"}]}},"_links":{"self":[{"href":"https:\/\/eureka-tp.com\/fr\/wp-json\/wp\/v2\/product\/44730"}],"collection":[{"href":"https:\/\/eureka-tp.com\/fr\/wp-json\/wp\/v2\/product"}],"about":[{"href":"https:\/\/eureka-tp.com\/fr\/wp-json\/wp\/v2\/types\/product"}],"wp:featuredmedia":[{"embeddable":true,"href":"https:\/\/eureka-tp.com\/fr\/wp-json\/wp\/v2\/media\/44728"}],"wp:attachment":[{"href":"https:\/\/eureka-tp.com\/fr\/wp-json\/wp\/v2\/media?parent=44730"}],"wp:term":[{"taxonomy":"product_cat","embeddable":true,"href":"https:\/\/eureka-tp.com\/fr\/wp-json\/wp\/v2\/product_cat?post=44730"},{"taxonomy":"product_tag","embeddable":true,"href":"https:\/\/eureka-tp.com\/fr\/wp-json\/wp\/v2\/product_tag?post=44730"}],"curies":[{"name":"wp","href":"https:\/\/api.w.org\/{rel}","templated":true}]}}