{"id":45086,"date":"2024-06-03T16:13:09","date_gmt":"2024-06-03T15:13:09","guid":{"rendered":"https:\/\/eureka-tp.com\/?post_type=product&#038;p=45086"},"modified":"2024-10-30T14:37:05","modified_gmt":"2024-10-30T14:37:05","slug":"pptoutils","status":"publish","type":"product","link":"https:\/\/eureka-tp.com\/fr\/product\/pptoutils\/","title":{"rendered":"REPLAY &#8211; Renforcez l&#8217;engagement de vos apprenants lors des classes virtuelles gr\u00e2ce \u00e0 Cameo dans PowerPoint."},"content":{"rendered":"<div class=\"pbs-main-wrapper\"><\/div>","protected":false},"excerpt":{"rendered":"<div class=\"fl-module fl-module-heading fl-node-3mpvyeqki078\" data-node=\"3mpvyeqki078\">\n<div class=\"fl-module-content fl-node-content\">\n<h2 class=\"fl-heading\"><span class=\"fl-heading-text\">REPLAY Classe virtuelle anim\u00e9e par Christophe Peger Eureka !<\/span><\/h2>\n<p><em>Cette classe virtuelle ne se concentre pas sur les techniques pour r\u00e9aliser des pr\u00e9sentations percutantes.<\/em><\/p>\n<p><strong>Cameo dans PowerPoint : un outil pour surprendre, rendre curieux et engager vos apprenants<\/strong><\/p>\n<p>Dans le monde de plus en plus virtuel d&#8217;aujourd&#8217;hui, maintenir l&#8217;engagement et la connexion avec les apprenants lors des formations en classe virtuelle peut \u00eatre un d\u00e9fi. Les diapositives traditionnelles captent rarement l&#8217;attention et encouragent peu l&#8217;interaction. C&#8217;est l\u00e0 que Cameo dans PowerPoint intervient. En int\u00e9grant le flux de votre webcam directement dans vos diapositives, vous pouvez offrir une exp\u00e9rience d&#8217;apprentissage plus personnelle et captivante.<\/p>\n<p>Programme :<\/p>\n<ul>\n<li>Ajoutez le flux de votre webcam \u00e0 vos diapositives PowerPoint.<\/li>\n<li>Formatez votre flux vid\u00e9o, par exemple en ajustant la forme, la taille et l&#8217;emplacement.<\/li>\n<li>Cr\u00e9ez des transitions de diapositives fluides et dynamiques gr\u00e2ce \u00e0 l&#8217;int\u00e9gration de Cameo.<\/li>\n<li>Ajoutez des superpositions de texte et des titres anim\u00e9s \u00e0 votre flux vid\u00e9o.<\/li>\n<li>Utilisez des d\u00e9clencheurs pour activer ou d\u00e9sactiver votre flux vid\u00e9o.<\/li>\n<li>Affichez votre flux vid\u00e9o en plein \u00e9cran, puis revenez \u00e0 la vue diapositive (un astuce de d\u00e9clencheur).<\/li>\n<li>Utilisez Cameo dans Zoom et MS Teams et les sp\u00e9cificit\u00e9s pour les deux plateformes.<\/li>\n<\/ul>\n<\/div>\n<\/div>\n<div class=\"fl-module fl-module-rich-text fl-node-tr4hs2y7gbfo\" data-node=\"tr4hs2y7gbfo\">\n<div class=\"fl-module-content fl-node-content\">\n<div class=\"fl-rich-text\">\n<p><em>.<\/em><\/p>\n<p>Notez que CE REPLAY est inclu dans l\u2019abonnement de la Communaut\u00e9 des Formateurs Eureka !\u00a0 Si vous \u00eates un.e membre de la Communaut\u00e9 merci de visiter l\u2019espace \u00a0<strong>\u00ab Boite \u00e0 outils de Christophe \u00bb<\/strong>.<\/p>\n<p><strong>Pour devenir membre de la Communaut\u00e9 des Formateurs Eureka !<\/strong>\u00a0et b\u00e9n\u00e9ficier de toutes les ressources et des formations de formateurs accessibles aux membres :<\/p>\n<ul>\n<li>Abonnement Annuel <a href=\"https:\/\/eureka-tp.com\/product\/cef-abonnement-annuel\/\" xlink=\"href\">https:\/\/eureka-tp.com\/product\/cef-abonnement-annuel\/<\/a><\/li>\n<li>Abonnement Mensuel <a href=\"https:\/\/eureka-tp.com\/product\/cef-abonnement-mensuel\/\" xlink=\"href\">https:\/\/eureka-tp.com\/product\/cef-abonnement-mensuel\/<\/a><\/li>\n<\/ul>\n<p>.<\/p>\n<\/div>\n<\/div>\n<\/div>\n","protected":false},"featured_media":45075,"template":"","meta":{"_genesis_hide_title":false,"_genesis_hide_breadcrumbs":false,"_genesis_hide_singular_image":false,"_genesis_hide_footer_widgets":false,"_genesis_custom_body_class":"","_genesis_custom_post_class":"","_genesis_layout":"","episode_type":"","audio_file":"","cover_image":"","cover_image_id":"","duration":"","filesize":"","date_recorded":"","explicit":"","block":"","itunes_episode_number":"","itunes_title":"","itunes_season_number":"","itunes_episode_type":"","filesize_raw":""},"product_cat":[197],"product_tag":[],"class_list":{"0":"post-45086","1":"product","2":"type-product","3":"status-publish","4":"has-post-thumbnail","6":"product_cat-club-formateurs","7":"entry"},"yoast_head":"<!-- This site is optimized with the Yoast SEO plugin v23.9 - https:\/\/yoast.com\/wordpress\/plugins\/seo\/ -->\n<title>REPLAY - Renforcez l&#039;engagement de vos apprenants lors des classes virtuelles gr\u00e2ce \u00e0 Cameo dans PowerPoint. - Eureka - Train the Trainer<\/title>\n<meta name=\"robots\" content=\"index, follow, max-snippet:-1, max-image-preview:large, max-video-preview:-1\" \/>\n<link rel=\"canonical\" href=\"https:\/\/eureka-tp.com\/fr\/product\/pptoutils\/\" \/>\n<meta property=\"og:locale\" content=\"fr_FR\" \/>\n<meta property=\"og:type\" content=\"article\" \/>\n<meta property=\"og:title\" content=\"REPLAY - Renforcez l&#039;engagement de vos apprenants lors des classes virtuelles gr\u00e2ce \u00e0 Cameo dans PowerPoint. - Eureka - Train the Trainer\" \/>\n<meta property=\"og:description\" content=\"REPLAY Classe virtuelle anim\u00e9e par Christophe Peger Eureka ! Cette classe virtuelle ne se concentre pas sur les techniques pour r\u00e9aliser des pr\u00e9sentations percutantes.  Cameo dans PowerPoint : un outil pour surprendre, rendre curieux et engager vos apprenants  Dans le monde de plus en plus virtuel d&#039;aujourd&#039;hui, maintenir l&#039;engagement et la connexion avec les apprenants lors des formations en classe virtuelle peut \u00eatre un d\u00e9fi. Les diapositives traditionnelles captent rarement l&#039;attention et encouragent peu l&#039;interaction. C&#039;est l\u00e0 que Cameo dans PowerPoint intervient. En int\u00e9grant le flux de votre webcam directement dans vos diapositives, vous pouvez offrir une exp\u00e9rience d&#039;apprentissage plus personnelle et captivante.  Programme :   Ajoutez le flux de votre webcam \u00e0 vos diapositives PowerPoint.  Formatez votre flux vid\u00e9o, par exemple en ajustant la forme, la taille et l&#039;emplacement.  Cr\u00e9ez des transitions de diapositives fluides et dynamiques gr\u00e2ce \u00e0 l&#039;int\u00e9gration de Cameo.  Ajoutez des superpositions de texte et des titres anim\u00e9s \u00e0 votre flux vid\u00e9o.  Utilisez des d\u00e9clencheurs pour activer ou d\u00e9sactiver votre flux vid\u00e9o.  Affichez votre flux vid\u00e9o en plein \u00e9cran, puis revenez \u00e0 la vue diapositive (un astuce de d\u00e9clencheur).  Utilisez Cameo dans Zoom et MS Teams et les sp\u00e9cificit\u00e9s pour les deux plateformes.        .  Notez que CE REPLAY est inclu dans l\u2019abonnement de la Communaut\u00e9 des Formateurs Eureka !\u00a0 Si vous \u00eates un.e membre de la Communaut\u00e9 merci de visiter l\u2019espace \u00a0\u00ab Boite \u00e0 outils de Christophe \u00bb.  Pour devenir membre de la Communaut\u00e9 des Formateurs Eureka !\u00a0et b\u00e9n\u00e9ficier de toutes les ressources et des formations de formateurs accessibles aux membres :   Abonnement Annuel https:\/\/eureka-tp.com\/product\/cef-abonnement-annuel\/  Abonnement Mensuel https:\/\/eureka-tp.com\/product\/cef-abonnement-mensuel\/  .\" \/>\n<meta property=\"og:url\" content=\"https:\/\/eureka-tp.com\/fr\/product\/pptoutils\/\" \/>\n<meta property=\"og:site_name\" content=\"Eureka - Train the Trainer\" \/>\n<meta property=\"article:modified_time\" content=\"2024-10-30T14:37:05+00:00\" \/>\n<meta property=\"og:image\" content=\"https:\/\/eureka-tp.com\/wp-content\/uploads\/2024\/06\/ImageCV.jpg\" \/>\n\t<meta property=\"og:image:width\" content=\"863\" \/>\n\t<meta property=\"og:image:height\" content=\"864\" \/>\n\t<meta property=\"og:image:type\" content=\"image\/jpeg\" \/>\n<script type=\"application\/ld+json\" class=\"yoast-schema-graph\">{\"@context\":\"https:\/\/schema.org\",\"@graph\":[{\"@type\":\"WebPage\",\"@id\":\"https:\/\/eureka-tp.com\/fr\/product\/pptoutils\/\",\"url\":\"https:\/\/eureka-tp.com\/fr\/product\/pptoutils\/\",\"name\":\"REPLAY - Renforcez l'engagement de vos apprenants lors des classes virtuelles gr\u00e2ce \u00e0 Cameo dans PowerPoint. - Eureka - Train the Trainer\",\"isPartOf\":{\"@id\":\"https:\/\/eureka-tp.com\/#website\"},\"primaryImageOfPage\":{\"@id\":\"https:\/\/eureka-tp.com\/fr\/product\/pptoutils\/#primaryimage\"},\"image\":{\"@id\":\"https:\/\/eureka-tp.com\/fr\/product\/pptoutils\/#primaryimage\"},\"thumbnailUrl\":\"https:\/\/eureka-tp.com\/wp-content\/uploads\/2024\/06\/ImageCV.jpg\",\"datePublished\":\"2024-06-03T15:13:09+00:00\",\"dateModified\":\"2024-10-30T14:37:05+00:00\",\"breadcrumb\":{\"@id\":\"https:\/\/eureka-tp.com\/fr\/product\/pptoutils\/#breadcrumb\"},\"inLanguage\":\"fr-FR\",\"potentialAction\":[{\"@type\":\"ReadAction\",\"target\":[\"https:\/\/eureka-tp.com\/fr\/product\/pptoutils\/\"]}]},{\"@type\":\"ImageObject\",\"inLanguage\":\"fr-FR\",\"@id\":\"https:\/\/eureka-tp.com\/fr\/product\/pptoutils\/#primaryimage\",\"url\":\"https:\/\/eureka-tp.com\/wp-content\/uploads\/2024\/06\/ImageCV.jpg\",\"contentUrl\":\"https:\/\/eureka-tp.com\/wp-content\/uploads\/2024\/06\/ImageCV.jpg\",\"width\":863,\"height\":864},{\"@type\":\"BreadcrumbList\",\"@id\":\"https:\/\/eureka-tp.com\/fr\/product\/pptoutils\/#breadcrumb\",\"itemListElement\":[{\"@type\":\"ListItem\",\"position\":1,\"name\":\"Home\",\"item\":\"https:\/\/eureka-tp.com\/fr\/\"},{\"@type\":\"ListItem\",\"position\":2,\"name\":\"REPLAY &#8211; Renforcez l&#8217;engagement de vos apprenants lors des classes virtuelles gr\u00e2ce \u00e0 Cameo dans PowerPoint.\"}]},{\"@type\":\"WebSite\",\"@id\":\"https:\/\/eureka-tp.com\/#website\",\"url\":\"https:\/\/eureka-tp.com\/\",\"name\":\"Eureka - Train the Trainer\",\"description\":\"Training for Trainers\",\"potentialAction\":[{\"@type\":\"SearchAction\",\"target\":{\"@type\":\"EntryPoint\",\"urlTemplate\":\"https:\/\/eureka-tp.com\/?s={search_term_string}\"},\"query-input\":{\"@type\":\"PropertyValueSpecification\",\"valueRequired\":true,\"valueName\":\"search_term_string\"}}],\"inLanguage\":\"fr-FR\"}]}<\/script>\n<!-- \/ Yoast SEO plugin. -->","yoast_head_json":{"title":"REPLAY - Renforcez l'engagement de vos apprenants lors des classes virtuelles gr\u00e2ce \u00e0 Cameo dans PowerPoint. - Eureka - Train the Trainer","robots":{"index":"index","follow":"follow","max-snippet":"max-snippet:-1","max-image-preview":"max-image-preview:large","max-video-preview":"max-video-preview:-1"},"canonical":"https:\/\/eureka-tp.com\/fr\/product\/pptoutils\/","og_locale":"fr_FR","og_type":"article","og_title":"REPLAY - Renforcez l'engagement de vos apprenants lors des classes virtuelles gr\u00e2ce \u00e0 Cameo dans PowerPoint. - Eureka - Train the Trainer","og_description":"REPLAY Classe virtuelle anim\u00e9e par Christophe Peger Eureka ! Cette classe virtuelle ne se concentre pas sur les techniques pour r\u00e9aliser des pr\u00e9sentations percutantes.  Cameo dans PowerPoint : un outil pour surprendre, rendre curieux et engager vos apprenants  Dans le monde de plus en plus virtuel d'aujourd'hui, maintenir l'engagement et la connexion avec les apprenants lors des formations en classe virtuelle peut \u00eatre un d\u00e9fi. Les diapositives traditionnelles captent rarement l'attention et encouragent peu l'interaction. C'est l\u00e0 que Cameo dans PowerPoint intervient. En int\u00e9grant le flux de votre webcam directement dans vos diapositives, vous pouvez offrir une exp\u00e9rience d'apprentissage plus personnelle et captivante.  Programme :   Ajoutez le flux de votre webcam \u00e0 vos diapositives PowerPoint.  Formatez votre flux vid\u00e9o, par exemple en ajustant la forme, la taille et l'emplacement.  Cr\u00e9ez des transitions de diapositives fluides et dynamiques gr\u00e2ce \u00e0 l'int\u00e9gration de Cameo.  Ajoutez des superpositions de texte et des titres anim\u00e9s \u00e0 votre flux vid\u00e9o.  Utilisez des d\u00e9clencheurs pour activer ou d\u00e9sactiver votre flux vid\u00e9o.  Affichez votre flux vid\u00e9o en plein \u00e9cran, puis revenez \u00e0 la vue diapositive (un astuce de d\u00e9clencheur).  Utilisez Cameo dans Zoom et MS Teams et les sp\u00e9cificit\u00e9s pour les deux plateformes.        .  Notez que CE REPLAY est inclu dans l\u2019abonnement de la Communaut\u00e9 des Formateurs Eureka !\u00a0 Si vous \u00eates un.e membre de la Communaut\u00e9 merci de visiter l\u2019espace \u00a0\u00ab Boite \u00e0 outils de Christophe \u00bb.  Pour devenir membre de la Communaut\u00e9 des Formateurs Eureka !\u00a0et b\u00e9n\u00e9ficier de toutes les ressources et des formations de formateurs accessibles aux membres :   Abonnement Annuel https:\/\/eureka-tp.com\/product\/cef-abonnement-annuel\/  Abonnement Mensuel https:\/\/eureka-tp.com\/product\/cef-abonnement-mensuel\/  .","og_url":"https:\/\/eureka-tp.com\/fr\/product\/pptoutils\/","og_site_name":"Eureka - Train the Trainer","article_modified_time":"2024-10-30T14:37:05+00:00","og_image":[{"width":863,"height":864,"url":"https:\/\/eureka-tp.com\/wp-content\/uploads\/2024\/06\/ImageCV.jpg","type":"image\/jpeg"}],"schema":{"@context":"https:\/\/schema.org","@graph":[{"@type":"WebPage","@id":"https:\/\/eureka-tp.com\/fr\/product\/pptoutils\/","url":"https:\/\/eureka-tp.com\/fr\/product\/pptoutils\/","name":"REPLAY - Renforcez l'engagement de vos apprenants lors des classes virtuelles gr\u00e2ce \u00e0 Cameo dans PowerPoint. - Eureka - Train the Trainer","isPartOf":{"@id":"https:\/\/eureka-tp.com\/#website"},"primaryImageOfPage":{"@id":"https:\/\/eureka-tp.com\/fr\/product\/pptoutils\/#primaryimage"},"image":{"@id":"https:\/\/eureka-tp.com\/fr\/product\/pptoutils\/#primaryimage"},"thumbnailUrl":"https:\/\/eureka-tp.com\/wp-content\/uploads\/2024\/06\/ImageCV.jpg","datePublished":"2024-06-03T15:13:09+00:00","dateModified":"2024-10-30T14:37:05+00:00","breadcrumb":{"@id":"https:\/\/eureka-tp.com\/fr\/product\/pptoutils\/#breadcrumb"},"inLanguage":"fr-FR","potentialAction":[{"@type":"ReadAction","target":["https:\/\/eureka-tp.com\/fr\/product\/pptoutils\/"]}]},{"@type":"ImageObject","inLanguage":"fr-FR","@id":"https:\/\/eureka-tp.com\/fr\/product\/pptoutils\/#primaryimage","url":"https:\/\/eureka-tp.com\/wp-content\/uploads\/2024\/06\/ImageCV.jpg","contentUrl":"https:\/\/eureka-tp.com\/wp-content\/uploads\/2024\/06\/ImageCV.jpg","width":863,"height":864},{"@type":"BreadcrumbList","@id":"https:\/\/eureka-tp.com\/fr\/product\/pptoutils\/#breadcrumb","itemListElement":[{"@type":"ListItem","position":1,"name":"Home","item":"https:\/\/eureka-tp.com\/fr\/"},{"@type":"ListItem","position":2,"name":"REPLAY &#8211; Renforcez l&#8217;engagement de vos apprenants lors des classes virtuelles gr\u00e2ce \u00e0 Cameo dans PowerPoint."}]},{"@type":"WebSite","@id":"https:\/\/eureka-tp.com\/#website","url":"https:\/\/eureka-tp.com\/","name":"Eureka - Train the Trainer","description":"Training for Trainers","potentialAction":[{"@type":"SearchAction","target":{"@type":"EntryPoint","urlTemplate":"https:\/\/eureka-tp.com\/?s={search_term_string}"},"query-input":{"@type":"PropertyValueSpecification","valueRequired":true,"valueName":"search_term_string"}}],"inLanguage":"fr-FR"}]}},"_links":{"self":[{"href":"https:\/\/eureka-tp.com\/fr\/wp-json\/wp\/v2\/product\/45086"}],"collection":[{"href":"https:\/\/eureka-tp.com\/fr\/wp-json\/wp\/v2\/product"}],"about":[{"href":"https:\/\/eureka-tp.com\/fr\/wp-json\/wp\/v2\/types\/product"}],"wp:featuredmedia":[{"embeddable":true,"href":"https:\/\/eureka-tp.com\/fr\/wp-json\/wp\/v2\/media\/45075"}],"wp:attachment":[{"href":"https:\/\/eureka-tp.com\/fr\/wp-json\/wp\/v2\/media?parent=45086"}],"wp:term":[{"taxonomy":"product_cat","embeddable":true,"href":"https:\/\/eureka-tp.com\/fr\/wp-json\/wp\/v2\/product_cat?post=45086"},{"taxonomy":"product_tag","embeddable":true,"href":"https:\/\/eureka-tp.com\/fr\/wp-json\/wp\/v2\/product_tag?post=45086"}],"curies":[{"name":"wp","href":"https:\/\/api.w.org\/{rel}","templated":true}]}}