{"id":45249,"date":"2024-06-13T08:40:07","date_gmt":"2024-06-13T07:40:07","guid":{"rendered":"https:\/\/eureka-tp.com\/?post_type=product&#038;p=45249"},"modified":"2024-06-13T10:04:46","modified_gmt":"2024-06-13T09:04:46","slug":"trizway","status":"publish","type":"product","link":"https:\/\/eureka-tp.com\/fr\/product\/trizway\/","title":{"rendered":"How To Solve Training Challenges The TRIZ Way"},"content":{"rendered":"<div class=\"pbs-main-wrapper\"><p><b><a href=\"https:\/\/eureka-tp.com\/wp-content\/uploads\/2024\/06\/BettyBio.png\" xlink=\"href\"><img loading=\"lazy\" decoding=\"async\" class=\"alignnone wp-image-45230 size-large\" src=\"https:\/\/eureka-tp.com\/wp-content\/uploads\/2024\/06\/BettyBio-1024x227.png\" alt=\"\" width=\"1024\" height=\"227\" srcset=\"https:\/\/eureka-tp.com\/wp-content\/uploads\/2024\/06\/BettyBio-1024x227.png 1024w, https:\/\/eureka-tp.com\/wp-content\/uploads\/2024\/06\/BettyBio-300x67.png 300w, https:\/\/eureka-tp.com\/wp-content\/uploads\/2024\/06\/BettyBio-768x170.png 768w, https:\/\/eureka-tp.com\/wp-content\/uploads\/2024\/06\/BettyBio-504x112.png 504w, https:\/\/eureka-tp.com\/wp-content\/uploads\/2024\/06\/BettyBio-200x44.png 200w, https:\/\/eureka-tp.com\/wp-content\/uploads\/2024\/06\/BettyBio-600x133.png 600w, https:\/\/eureka-tp.com\/wp-content\/uploads\/2024\/06\/BettyBio.png 1280w\" sizes=\"(max-width: 1024px) 100vw, 1024px\" \/><\/a><\/b><\/p>\n<\/div>","protected":false},"excerpt":{"rendered":"<div class=\"fl-module fl-module-heading fl-node-3mpvyeqki078\" data-node=\"3mpvyeqki078\">\n<div class=\"fl-module-content fl-node-content\">\n<h2 class=\"fl-heading\"><span class=\"fl-heading-text\">Classe virtuelle propos\u00e9e et anim\u00e9e par Betty Bana, membre de la Communaut\u00e9 des Formateurs Eureka\u00a0 &#8211; Training Designer for the College@ESDC Federal Gouvernment of Canada<\/span><\/h2>\n<\/div>\n<\/div>\n<div class=\"fl-module fl-module-rich-text fl-node-tr4hs2y7gbfo\" data-node=\"tr4hs2y7gbfo\">\n<div class=\"fl-module-content fl-node-content\">\n<div class=\"fl-rich-text\">\n<p>Jeudi 27 juin 2024 de 16h \u00e0 17h15<\/p>\n<p><em>Replay disponible 72 heures apr\u00e8s environ.<\/em><\/p>\n<\/div>\n<p>Discover the Theory of Inventive Problem Solving (TRIZ), a powerful tool with 40 principles, to solve common training challenges, boost engagement, and design impactful learning experiences. Let\u2019s work together to help you stand out and succeed in your role as a trainer or instructional designer.<\/p>\n<p><strong>Expect to Uncover (but not limited to) \u2026<\/strong><\/p>\n<ul>\n<li>How do we come up with ideas?<\/li>\n<li>A better way! \u00a0Discover the Power of TRIZ for Creative Solutions.<\/li>\n<li>How to Apply TRIZ tools to solving training problems.<\/li>\n<li>Combining the 40 Principles to generate inventive training ideas.<\/li>\n<\/ul>\n<p>Join us and practice using TRIZ to stimulate new ideas for any training challenges you are currently facing.<\/p>\n<p>.<\/p>\n<form class=\"cart\" action=\"https:\/\/eureka-tp.com\/product\/7habitudes\/\" enctype=\"multipart\/form-data\" method=\"post\">\n<div class=\"quantity\">Notez que cette classe virtuelle est inclue dans l\u2019abonnement de la Communaut\u00e9 des Formateurs Eureka !\u00a0 Si vous \u00eates un.e membre de la Communaut\u00e9 merci de visiter l\u2019espace \u00a0<strong>\u00ab Invit\u00e9.e Surprise \u00bb<\/strong>.<\/div>\n<div>.<\/div>\n<div><\/div>\n<div><strong>Pour devenir membre de la Communaut\u00e9 des Formateurs Eureka !<\/strong>\u00a0et b\u00e9n\u00e9ficier de toutes les ressources et des formations de formateurs accessibles aux membres :<\/div>\n<div>\n<ul>\n<li>Abonnement Annuel\u00a0<a href=\"https:\/\/eureka-tp.com\/product\/cef-abonnement-annuel\/\" xlink=\"href\">https:\/\/eureka-tp.com\/product\/cef-abonnement-annuel\/<\/a><\/li>\n<li>Abonnement Mensuel\u00a0<a href=\"https:\/\/eureka-tp.com\/product\/cef-abonnement-mensuel\/\" xlink=\"href\">https:\/\/eureka-tp.com\/product\/cef-abonnement-mensuel\/<\/a><\/li>\n<\/ul>\n<p>.<\/p>\n<\/div>\n<\/form>\n<\/div>\n<\/div>\n","protected":false},"featured_media":1072,"template":"","meta":{"_genesis_hide_title":false,"_genesis_hide_breadcrumbs":false,"_genesis_hide_singular_image":false,"_genesis_hide_footer_widgets":false,"_genesis_custom_body_class":"","_genesis_custom_post_class":"","_genesis_layout":"","episode_type":"","audio_file":"","cover_image":"","cover_image_id":"","duration":"","filesize":"","date_recorded":"","explicit":"","block":"","itunes_episode_number":"","itunes_title":"","itunes_season_number":"","itunes_episode_type":"","filesize_raw":""},"product_cat":[197],"product_tag":[],"class_list":{"0":"post-45249","1":"product","2":"type-product","3":"status-publish","4":"has-post-thumbnail","6":"product_cat-club-formateurs","7":"entry"},"yoast_head":"<!-- This site is optimized with the Yoast SEO plugin v23.9 - https:\/\/yoast.com\/wordpress\/plugins\/seo\/ -->\n<title>How To Solve Training Challenges The TRIZ Way - Eureka - Train the Trainer<\/title>\n<meta name=\"robots\" content=\"index, follow, max-snippet:-1, max-image-preview:large, max-video-preview:-1\" \/>\n<link rel=\"canonical\" href=\"https:\/\/eureka-tp.com\/fr\/product\/trizway\/\" \/>\n<meta property=\"og:locale\" content=\"fr_FR\" \/>\n<meta property=\"og:type\" content=\"article\" \/>\n<meta property=\"og:title\" content=\"How To Solve Training Challenges The TRIZ Way - Eureka - Train the Trainer\" \/>\n<meta property=\"og:description\" content=\"Classe virtuelle propos\u00e9e et anim\u00e9e par Betty Bana, membre de la Communaut\u00e9 des Formateurs Eureka\u00a0 - Training Designer for the College@ESDC Federal Gouvernment of Canada       Jeudi 27 juin 2024 de 16h \u00e0 17h15  Replay disponible 72 heures apr\u00e8s environ.   Discover the Theory of Inventive Problem Solving (TRIZ), a powerful tool with 40 principles, to solve common training challenges, boost engagement, and design impactful learning experiences. Let\u2019s work together to help you stand out and succeed in your role as a trainer or instructional designer.  Expect to Uncover (but not limited to) \u2026   How do we come up with ideas?  A better way! \u00a0Discover the Power of TRIZ for Creative Solutions.  How to Apply TRIZ tools to solving training problems.  Combining the 40 Principles to generate inventive training ideas.  Join us and practice using TRIZ to stimulate new ideas for any training challenges you are currently facing.  .   Notez que cette classe virtuelle est inclue dans l\u2019abonnement de la Communaut\u00e9 des Formateurs Eureka !\u00a0 Si vous \u00eates un.e membre de la Communaut\u00e9 merci de visiter l\u2019espace \u00a0\u00ab Invit\u00e9.e Surprise \u00bb. .  Pour devenir membre de la Communaut\u00e9 des Formateurs Eureka !\u00a0et b\u00e9n\u00e9ficier de toutes les ressources et des formations de formateurs accessibles aux membres :    Abonnement Annuel\u00a0https:\/\/eureka-tp.com\/product\/cef-abonnement-annuel\/  Abonnement Mensuel\u00a0https:\/\/eureka-tp.com\/product\/cef-abonnement-mensuel\/  .\" \/>\n<meta property=\"og:url\" content=\"https:\/\/eureka-tp.com\/fr\/product\/trizway\/\" \/>\n<meta property=\"og:site_name\" content=\"Eureka - Train the Trainer\" \/>\n<meta property=\"article:modified_time\" content=\"2024-06-13T09:04:46+00:00\" \/>\n<meta property=\"og:image\" content=\"https:\/\/eureka-tp.com\/wp-content\/uploads\/2017\/03\/Eureka-NoBackgroundforLandingPage.png\" \/>\n\t<meta property=\"og:image:width\" content=\"239\" \/>\n\t<meta property=\"og:image:height\" content=\"237\" \/>\n\t<meta property=\"og:image:type\" content=\"image\/png\" \/>\n<meta name=\"twitter:label1\" content=\"Est. reading time\" \/>\n\t<meta name=\"twitter:data1\" content=\"1 minute\" \/>\n<script type=\"application\/ld+json\" class=\"yoast-schema-graph\">{\"@context\":\"https:\/\/schema.org\",\"@graph\":[{\"@type\":\"WebPage\",\"@id\":\"https:\/\/eureka-tp.com\/fr\/product\/trizway\/\",\"url\":\"https:\/\/eureka-tp.com\/fr\/product\/trizway\/\",\"name\":\"How To Solve Training Challenges The TRIZ Way - Eureka - Train the Trainer\",\"isPartOf\":{\"@id\":\"https:\/\/eureka-tp.com\/#website\"},\"primaryImageOfPage\":{\"@id\":\"https:\/\/eureka-tp.com\/fr\/product\/trizway\/#primaryimage\"},\"image\":{\"@id\":\"https:\/\/eureka-tp.com\/fr\/product\/trizway\/#primaryimage\"},\"thumbnailUrl\":\"https:\/\/eureka-tp.com\/wp-content\/uploads\/2017\/03\/Eureka-NoBackgroundforLandingPage.png\",\"datePublished\":\"2024-06-13T07:40:07+00:00\",\"dateModified\":\"2024-06-13T09:04:46+00:00\",\"breadcrumb\":{\"@id\":\"https:\/\/eureka-tp.com\/fr\/product\/trizway\/#breadcrumb\"},\"inLanguage\":\"fr-FR\",\"potentialAction\":[{\"@type\":\"ReadAction\",\"target\":[\"https:\/\/eureka-tp.com\/fr\/product\/trizway\/\"]}]},{\"@type\":\"ImageObject\",\"inLanguage\":\"fr-FR\",\"@id\":\"https:\/\/eureka-tp.com\/fr\/product\/trizway\/#primaryimage\",\"url\":\"https:\/\/eureka-tp.com\/wp-content\/uploads\/2017\/03\/Eureka-NoBackgroundforLandingPage.png\",\"contentUrl\":\"https:\/\/eureka-tp.com\/wp-content\/uploads\/2017\/03\/Eureka-NoBackgroundforLandingPage.png\",\"width\":239,\"height\":237},{\"@type\":\"BreadcrumbList\",\"@id\":\"https:\/\/eureka-tp.com\/fr\/product\/trizway\/#breadcrumb\",\"itemListElement\":[{\"@type\":\"ListItem\",\"position\":1,\"name\":\"Home\",\"item\":\"https:\/\/eureka-tp.com\/fr\/\"},{\"@type\":\"ListItem\",\"position\":2,\"name\":\"How To Solve Training Challenges The TRIZ Way\"}]},{\"@type\":\"WebSite\",\"@id\":\"https:\/\/eureka-tp.com\/#website\",\"url\":\"https:\/\/eureka-tp.com\/\",\"name\":\"Eureka - Train the Trainer\",\"description\":\"Training for Trainers\",\"potentialAction\":[{\"@type\":\"SearchAction\",\"target\":{\"@type\":\"EntryPoint\",\"urlTemplate\":\"https:\/\/eureka-tp.com\/?s={search_term_string}\"},\"query-input\":{\"@type\":\"PropertyValueSpecification\",\"valueRequired\":true,\"valueName\":\"search_term_string\"}}],\"inLanguage\":\"fr-FR\"}]}<\/script>\n<!-- \/ Yoast SEO plugin. -->","yoast_head_json":{"title":"How To Solve Training Challenges The TRIZ Way - Eureka - Train the Trainer","robots":{"index":"index","follow":"follow","max-snippet":"max-snippet:-1","max-image-preview":"max-image-preview:large","max-video-preview":"max-video-preview:-1"},"canonical":"https:\/\/eureka-tp.com\/fr\/product\/trizway\/","og_locale":"fr_FR","og_type":"article","og_title":"How To Solve Training Challenges The TRIZ Way - Eureka - Train the Trainer","og_description":"Classe virtuelle propos\u00e9e et anim\u00e9e par Betty Bana, membre de la Communaut\u00e9 des Formateurs Eureka\u00a0 - Training Designer for the College@ESDC Federal Gouvernment of Canada       Jeudi 27 juin 2024 de 16h \u00e0 17h15  Replay disponible 72 heures apr\u00e8s environ.   Discover the Theory of Inventive Problem Solving (TRIZ), a powerful tool with 40 principles, to solve common training challenges, boost engagement, and design impactful learning experiences. Let\u2019s work together to help you stand out and succeed in your role as a trainer or instructional designer.  Expect to Uncover (but not limited to) \u2026   How do we come up with ideas?  A better way! \u00a0Discover the Power of TRIZ for Creative Solutions.  How to Apply TRIZ tools to solving training problems.  Combining the 40 Principles to generate inventive training ideas.  Join us and practice using TRIZ to stimulate new ideas for any training challenges you are currently facing.  .   Notez que cette classe virtuelle est inclue dans l\u2019abonnement de la Communaut\u00e9 des Formateurs Eureka !\u00a0 Si vous \u00eates un.e membre de la Communaut\u00e9 merci de visiter l\u2019espace \u00a0\u00ab Invit\u00e9.e Surprise \u00bb. .  Pour devenir membre de la Communaut\u00e9 des Formateurs Eureka !\u00a0et b\u00e9n\u00e9ficier de toutes les ressources et des formations de formateurs accessibles aux membres :    Abonnement Annuel\u00a0https:\/\/eureka-tp.com\/product\/cef-abonnement-annuel\/  Abonnement Mensuel\u00a0https:\/\/eureka-tp.com\/product\/cef-abonnement-mensuel\/  .","og_url":"https:\/\/eureka-tp.com\/fr\/product\/trizway\/","og_site_name":"Eureka - Train the Trainer","article_modified_time":"2024-06-13T09:04:46+00:00","og_image":[{"width":239,"height":237,"url":"https:\/\/eureka-tp.com\/wp-content\/uploads\/2017\/03\/Eureka-NoBackgroundforLandingPage.png","type":"image\/png"}],"twitter_misc":{"Est. reading time":"1 minute"},"schema":{"@context":"https:\/\/schema.org","@graph":[{"@type":"WebPage","@id":"https:\/\/eureka-tp.com\/fr\/product\/trizway\/","url":"https:\/\/eureka-tp.com\/fr\/product\/trizway\/","name":"How To Solve Training Challenges The TRIZ Way - Eureka - Train the Trainer","isPartOf":{"@id":"https:\/\/eureka-tp.com\/#website"},"primaryImageOfPage":{"@id":"https:\/\/eureka-tp.com\/fr\/product\/trizway\/#primaryimage"},"image":{"@id":"https:\/\/eureka-tp.com\/fr\/product\/trizway\/#primaryimage"},"thumbnailUrl":"https:\/\/eureka-tp.com\/wp-content\/uploads\/2017\/03\/Eureka-NoBackgroundforLandingPage.png","datePublished":"2024-06-13T07:40:07+00:00","dateModified":"2024-06-13T09:04:46+00:00","breadcrumb":{"@id":"https:\/\/eureka-tp.com\/fr\/product\/trizway\/#breadcrumb"},"inLanguage":"fr-FR","potentialAction":[{"@type":"ReadAction","target":["https:\/\/eureka-tp.com\/fr\/product\/trizway\/"]}]},{"@type":"ImageObject","inLanguage":"fr-FR","@id":"https:\/\/eureka-tp.com\/fr\/product\/trizway\/#primaryimage","url":"https:\/\/eureka-tp.com\/wp-content\/uploads\/2017\/03\/Eureka-NoBackgroundforLandingPage.png","contentUrl":"https:\/\/eureka-tp.com\/wp-content\/uploads\/2017\/03\/Eureka-NoBackgroundforLandingPage.png","width":239,"height":237},{"@type":"BreadcrumbList","@id":"https:\/\/eureka-tp.com\/fr\/product\/trizway\/#breadcrumb","itemListElement":[{"@type":"ListItem","position":1,"name":"Home","item":"https:\/\/eureka-tp.com\/fr\/"},{"@type":"ListItem","position":2,"name":"How To Solve Training Challenges The TRIZ Way"}]},{"@type":"WebSite","@id":"https:\/\/eureka-tp.com\/#website","url":"https:\/\/eureka-tp.com\/","name":"Eureka - Train the Trainer","description":"Training for Trainers","potentialAction":[{"@type":"SearchAction","target":{"@type":"EntryPoint","urlTemplate":"https:\/\/eureka-tp.com\/?s={search_term_string}"},"query-input":{"@type":"PropertyValueSpecification","valueRequired":true,"valueName":"search_term_string"}}],"inLanguage":"fr-FR"}]}},"_links":{"self":[{"href":"https:\/\/eureka-tp.com\/fr\/wp-json\/wp\/v2\/product\/45249"}],"collection":[{"href":"https:\/\/eureka-tp.com\/fr\/wp-json\/wp\/v2\/product"}],"about":[{"href":"https:\/\/eureka-tp.com\/fr\/wp-json\/wp\/v2\/types\/product"}],"wp:featuredmedia":[{"embeddable":true,"href":"https:\/\/eureka-tp.com\/fr\/wp-json\/wp\/v2\/media\/1072"}],"wp:attachment":[{"href":"https:\/\/eureka-tp.com\/fr\/wp-json\/wp\/v2\/media?parent=45249"}],"wp:term":[{"taxonomy":"product_cat","embeddable":true,"href":"https:\/\/eureka-tp.com\/fr\/wp-json\/wp\/v2\/product_cat?post=45249"},{"taxonomy":"product_tag","embeddable":true,"href":"https:\/\/eureka-tp.com\/fr\/wp-json\/wp\/v2\/product_tag?post=45249"}],"curies":[{"name":"wp","href":"https:\/\/api.w.org\/{rel}","templated":true}]}}