{"id":45639,"date":"2024-07-16T05:36:51","date_gmt":"2024-07-16T04:36:51","guid":{"rendered":"https:\/\/eureka-tp.com\/?post_type=product&#038;p=45639"},"modified":"2025-03-19T05:12:07","modified_gmt":"2025-03-19T05:12:07","slug":"boostezactivites","status":"publish","type":"product","link":"https:\/\/eureka-tp.com\/fr\/product\/boostezactivites\/","title":{"rendered":"REPLAY &#8211; Boostez Vos Formations avec des Activit\u00e9s et Techniques<br> Sans Pr\u00e9paration Pr\u00e9alable"},"content":{"rendered":"<div class=\"pbs-main-wrapper\"><\/div>","protected":false},"excerpt":{"rendered":"<div class=\"fl-module fl-module-heading fl-node-3mpvyeqki078\" data-node=\"3mpvyeqki078\">\n<div class=\"fl-module-content fl-node-content\">\n<h2 class=\"fl-heading\"><span class=\"fl-heading-text\">REPLAY Classe virtuelle anim\u00e9e par Christophe Peger Eureka !<\/span><\/h2>\n<p><em><strong><span class=\"fl-heading-text\">Activit\u00e9s &amp; Techniques pour un engagement instantan\u00e9<\/span><\/strong><\/em><\/p>\n<p>En tant que formateurs, nous savons combien il peut \u00eatre difficile de renouveler les activit\u00e9s et les techniques pour maintenir l\u2019int\u00e9r\u00eat et la \u00ab\u00a0fraicheur\u00a0\u00bb des formations sans y consacrer des heures de pr\u00e9paration. Grace a cette classe virtuelle \u00ab\u00a0Boostez Vos Formations avec des Activit\u00e9s et Techniques Sans Pr\u00e9paration &#8211; Activit\u00e9s pour un engagement instantan\u00e9\u00a0\u00bb, vous cr\u00e9erez une boite \u00e0 outils avec des activit\u00e9s ne n\u00e9cessitant aucune pr\u00e9paration.<\/p>\n<p>Les activit\u00e9s et les techniques sont pr\u00eates \u00e0 l&#8217;emploi.\u00a0 Elles apporteront interaction et dynamisme \u00e0 vos formations, sans pr\u00e9paration pr\u00e9alable. De plus, vous quitterez cette classe virtuelle avec vos premi\u00e8res activit\u00e9s pour votre \u00ab\u00a0Boostez Vos Formations Sans Pr\u00e9paration\u00a0\u00bb.<\/p>\n<p>Il ne s&#8217;agit pas seulement de gagner du temps, mais de proposer des exp\u00e9riences de formation uniques et m\u00e9morables sans effort.<\/p>\n<p><strong>Programme<\/strong>\u00a0:<\/p>\n<ul>\n<li>Commencer en fanfare \u2013 Activit\u00e9s d\u2019ouverture pr\u00eates \u00e0 l\u2019emploi sans pr\u00e9paration pr\u00e9alable.<\/li>\n<li>Des r\u00e9activations sans pr\u00e9paration pr\u00e9alable funs et interactives centr\u00e9es sur l&#8217;apprenant permettant de renforcer l\u2019apprentissage.<\/li>\n<li>Donner vie aux contenus arides \u2013 Technique de transfert ne n\u00e9cessitant aucune pr\u00e9paration pour rendre un contenu \u00ab\u00a0sexy\u00a0\u00bb.<\/li>\n<li>Terminer en beaut\u00e9 \u2013 Activit\u00e9s de cl\u00f4ture pr\u00eates \u00e0 l\u2019emploi sans pr\u00e9paration pr\u00e9alable.<\/li>\n<\/ul>\n<\/div>\n<\/div>\n<div class=\"fl-module fl-module-rich-text fl-node-tr4hs2y7gbfo\" data-node=\"tr4hs2y7gbfo\">\n<div class=\"fl-module-content fl-node-content\">\n<div class=\"fl-rich-text\">\n<p><em>.<\/em><\/p>\n<p>Notez que cette classe virtuelle est inclue dans l&#8217;abonnement de la Communaut\u00e9 des Formateurs Eureka !\u00a0 Si vous \u00eates un.e membre de la Communaut\u00e9 merci de visiter l\u2019espace \u00a0<strong>\u00ab Module Mensuel \u00bb<\/strong>.<\/p>\n<p><strong>Pour devenir membre de la Communaut\u00e9 des Formateurs Eureka !<\/strong>\u00a0et b\u00e9n\u00e9ficier de toutes les ressources et des formations de formateurs accessibles aux membres :<\/p>\n<ul>\n<li>Abonnement Annuel <a href=\"https:\/\/eureka-tp.com\/product\/cef-abonnement-annuel\/\" xlink=\"href\">https:\/\/eureka-tp.com\/product\/cef-abonnement-annuel\/<\/a><\/li>\n<li>Abonnement Mensuel <a href=\"https:\/\/eureka-tp.com\/product\/cef-abonnement-mensuel\/\" xlink=\"href\">https:\/\/eureka-tp.com\/product\/cef-abonnement-mensuel\/<\/a><\/li>\n<\/ul>\n<p>.<\/p>\n<\/div>\n<\/div>\n<\/div>\n","protected":false},"featured_media":45515,"template":"","meta":{"_genesis_hide_title":false,"_genesis_hide_breadcrumbs":false,"_genesis_hide_singular_image":false,"_genesis_hide_footer_widgets":false,"_genesis_custom_body_class":"","_genesis_custom_post_class":"","_genesis_layout":"","episode_type":"","audio_file":"","cover_image":"","cover_image_id":"","duration":"","filesize":"","date_recorded":"","explicit":"","block":"","itunes_episode_number":"","itunes_title":"","itunes_season_number":"","itunes_episode_type":"","filesize_raw":""},"product_cat":[197],"product_tag":[],"class_list":{"0":"post-45639","1":"product","2":"type-product","3":"status-publish","4":"has-post-thumbnail","6":"product_cat-club-formateurs","7":"entry"},"yoast_head":"<!-- This site is optimized with the Yoast SEO plugin v23.9 - https:\/\/yoast.com\/wordpress\/plugins\/seo\/ -->\n<title>REPLAY - Boostez Vos Formations avec des Activit\u00e9s et Techniques Sans Pr\u00e9paration Pr\u00e9alable - Eureka - Train the Trainer<\/title>\n<meta name=\"robots\" content=\"index, follow, max-snippet:-1, max-image-preview:large, max-video-preview:-1\" \/>\n<link rel=\"canonical\" href=\"https:\/\/eureka-tp.com\/fr\/product\/boostezactivites\/\" \/>\n<meta property=\"og:locale\" content=\"fr_FR\" \/>\n<meta property=\"og:type\" content=\"article\" \/>\n<meta property=\"og:title\" content=\"REPLAY - Boostez Vos Formations avec des Activit\u00e9s et Techniques Sans Pr\u00e9paration Pr\u00e9alable - Eureka - Train the Trainer\" \/>\n<meta property=\"og:description\" content=\"REPLAY Classe virtuelle anim\u00e9e par Christophe Peger Eureka ! Activit\u00e9s &amp; Techniques pour un engagement instantan\u00e9  En tant que formateurs, nous savons combien il peut \u00eatre difficile de renouveler les activit\u00e9s et les techniques pour maintenir l\u2019int\u00e9r\u00eat et la \u00ab\u00a0fraicheur\u00a0\u00bb des formations sans y consacrer des heures de pr\u00e9paration. Grace a cette classe virtuelle \u00ab\u00a0Boostez Vos Formations avec des Activit\u00e9s et Techniques Sans Pr\u00e9paration - Activit\u00e9s pour un engagement instantan\u00e9\u00a0\u00bb, vous cr\u00e9erez une boite \u00e0 outils avec des activit\u00e9s ne n\u00e9cessitant aucune pr\u00e9paration.  Les activit\u00e9s et les techniques sont pr\u00eates \u00e0 l&#039;emploi.\u00a0 Elles apporteront interaction et dynamisme \u00e0 vos formations, sans pr\u00e9paration pr\u00e9alable. De plus, vous quitterez cette classe virtuelle avec vos premi\u00e8res activit\u00e9s pour votre \u00ab\u00a0Boostez Vos Formations Sans Pr\u00e9paration\u00a0\u00bb.  Il ne s&#039;agit pas seulement de gagner du temps, mais de proposer des exp\u00e9riences de formation uniques et m\u00e9morables sans effort.  Programme\u00a0:   Commencer en fanfare \u2013 Activit\u00e9s d\u2019ouverture pr\u00eates \u00e0 l\u2019emploi sans pr\u00e9paration pr\u00e9alable.  Des r\u00e9activations sans pr\u00e9paration pr\u00e9alable funs et interactives centr\u00e9es sur l&#039;apprenant permettant de renforcer l\u2019apprentissage.  Donner vie aux contenus arides \u2013 Technique de transfert ne n\u00e9cessitant aucune pr\u00e9paration pour rendre un contenu \u00ab\u00a0sexy\u00a0\u00bb.  Terminer en beaut\u00e9 \u2013 Activit\u00e9s de cl\u00f4ture pr\u00eates \u00e0 l\u2019emploi sans pr\u00e9paration pr\u00e9alable.        .  Notez que cette classe virtuelle est inclue dans l&#039;abonnement de la Communaut\u00e9 des Formateurs Eureka !\u00a0 Si vous \u00eates un.e membre de la Communaut\u00e9 merci de visiter l\u2019espace \u00a0\u00ab Module Mensuel \u00bb.  Pour devenir membre de la Communaut\u00e9 des Formateurs Eureka !\u00a0et b\u00e9n\u00e9ficier de toutes les ressources et des formations de formateurs accessibles aux membres :   Abonnement Annuel https:\/\/eureka-tp.com\/product\/cef-abonnement-annuel\/  Abonnement Mensuel https:\/\/eureka-tp.com\/product\/cef-abonnement-mensuel\/  .\" \/>\n<meta property=\"og:url\" content=\"https:\/\/eureka-tp.com\/fr\/product\/boostezactivites\/\" \/>\n<meta property=\"og:site_name\" content=\"Eureka - Train the Trainer\" \/>\n<meta property=\"article:modified_time\" content=\"2025-03-19T05:12:07+00:00\" \/>\n<meta property=\"og:image\" content=\"https:\/\/eureka-tp.com\/wp-content\/uploads\/2024\/07\/finalLogoNoPrep.jpg\" \/>\n\t<meta property=\"og:image:width\" content=\"1280\" \/>\n\t<meta property=\"og:image:height\" content=\"720\" \/>\n\t<meta property=\"og:image:type\" content=\"image\/jpeg\" \/>\n<meta name=\"twitter:label1\" content=\"Est. reading time\" \/>\n\t<meta name=\"twitter:data1\" content=\"1 minute\" \/>\n<script type=\"application\/ld+json\" class=\"yoast-schema-graph\">{\"@context\":\"https:\/\/schema.org\",\"@graph\":[{\"@type\":\"WebPage\",\"@id\":\"https:\/\/eureka-tp.com\/fr\/product\/boostezactivites\/\",\"url\":\"https:\/\/eureka-tp.com\/fr\/product\/boostezactivites\/\",\"name\":\"REPLAY - Boostez Vos Formations avec des Activit\u00e9s et Techniques Sans Pr\u00e9paration Pr\u00e9alable - Eureka - Train the Trainer\",\"isPartOf\":{\"@id\":\"https:\/\/eureka-tp.com\/#website\"},\"primaryImageOfPage\":{\"@id\":\"https:\/\/eureka-tp.com\/fr\/product\/boostezactivites\/#primaryimage\"},\"image\":{\"@id\":\"https:\/\/eureka-tp.com\/fr\/product\/boostezactivites\/#primaryimage\"},\"thumbnailUrl\":\"https:\/\/eureka-tp.com\/wp-content\/uploads\/2024\/07\/finalLogoNoPrep.jpg\",\"datePublished\":\"2024-07-16T04:36:51+00:00\",\"dateModified\":\"2025-03-19T05:12:07+00:00\",\"breadcrumb\":{\"@id\":\"https:\/\/eureka-tp.com\/fr\/product\/boostezactivites\/#breadcrumb\"},\"inLanguage\":\"fr-FR\",\"potentialAction\":[{\"@type\":\"ReadAction\",\"target\":[\"https:\/\/eureka-tp.com\/fr\/product\/boostezactivites\/\"]}]},{\"@type\":\"ImageObject\",\"inLanguage\":\"fr-FR\",\"@id\":\"https:\/\/eureka-tp.com\/fr\/product\/boostezactivites\/#primaryimage\",\"url\":\"https:\/\/eureka-tp.com\/wp-content\/uploads\/2024\/07\/finalLogoNoPrep.jpg\",\"contentUrl\":\"https:\/\/eureka-tp.com\/wp-content\/uploads\/2024\/07\/finalLogoNoPrep.jpg\",\"width\":1280,\"height\":720},{\"@type\":\"BreadcrumbList\",\"@id\":\"https:\/\/eureka-tp.com\/fr\/product\/boostezactivites\/#breadcrumb\",\"itemListElement\":[{\"@type\":\"ListItem\",\"position\":1,\"name\":\"Home\",\"item\":\"https:\/\/eureka-tp.com\/fr\/\"},{\"@type\":\"ListItem\",\"position\":2,\"name\":\"REPLAY &#8211; Boostez Vos Formations avec des Activit\u00e9s et Techniques Sans Pr\u00e9paration Pr\u00e9alable\"}]},{\"@type\":\"WebSite\",\"@id\":\"https:\/\/eureka-tp.com\/#website\",\"url\":\"https:\/\/eureka-tp.com\/\",\"name\":\"Eureka - Train the Trainer\",\"description\":\"Training for Trainers\",\"potentialAction\":[{\"@type\":\"SearchAction\",\"target\":{\"@type\":\"EntryPoint\",\"urlTemplate\":\"https:\/\/eureka-tp.com\/?s={search_term_string}\"},\"query-input\":{\"@type\":\"PropertyValueSpecification\",\"valueRequired\":true,\"valueName\":\"search_term_string\"}}],\"inLanguage\":\"fr-FR\"}]}<\/script>\n<!-- \/ Yoast SEO plugin. -->","yoast_head_json":{"title":"REPLAY - Boostez Vos Formations avec des Activit\u00e9s et Techniques Sans Pr\u00e9paration Pr\u00e9alable - Eureka - Train the Trainer","robots":{"index":"index","follow":"follow","max-snippet":"max-snippet:-1","max-image-preview":"max-image-preview:large","max-video-preview":"max-video-preview:-1"},"canonical":"https:\/\/eureka-tp.com\/fr\/product\/boostezactivites\/","og_locale":"fr_FR","og_type":"article","og_title":"REPLAY - Boostez Vos Formations avec des Activit\u00e9s et Techniques Sans Pr\u00e9paration Pr\u00e9alable - Eureka - Train the Trainer","og_description":"REPLAY Classe virtuelle anim\u00e9e par Christophe Peger Eureka ! Activit\u00e9s &amp; Techniques pour un engagement instantan\u00e9  En tant que formateurs, nous savons combien il peut \u00eatre difficile de renouveler les activit\u00e9s et les techniques pour maintenir l\u2019int\u00e9r\u00eat et la \u00ab\u00a0fraicheur\u00a0\u00bb des formations sans y consacrer des heures de pr\u00e9paration. Grace a cette classe virtuelle \u00ab\u00a0Boostez Vos Formations avec des Activit\u00e9s et Techniques Sans Pr\u00e9paration - Activit\u00e9s pour un engagement instantan\u00e9\u00a0\u00bb, vous cr\u00e9erez une boite \u00e0 outils avec des activit\u00e9s ne n\u00e9cessitant aucune pr\u00e9paration.  Les activit\u00e9s et les techniques sont pr\u00eates \u00e0 l'emploi.\u00a0 Elles apporteront interaction et dynamisme \u00e0 vos formations, sans pr\u00e9paration pr\u00e9alable. De plus, vous quitterez cette classe virtuelle avec vos premi\u00e8res activit\u00e9s pour votre \u00ab\u00a0Boostez Vos Formations Sans Pr\u00e9paration\u00a0\u00bb.  Il ne s'agit pas seulement de gagner du temps, mais de proposer des exp\u00e9riences de formation uniques et m\u00e9morables sans effort.  Programme\u00a0:   Commencer en fanfare \u2013 Activit\u00e9s d\u2019ouverture pr\u00eates \u00e0 l\u2019emploi sans pr\u00e9paration pr\u00e9alable.  Des r\u00e9activations sans pr\u00e9paration pr\u00e9alable funs et interactives centr\u00e9es sur l'apprenant permettant de renforcer l\u2019apprentissage.  Donner vie aux contenus arides \u2013 Technique de transfert ne n\u00e9cessitant aucune pr\u00e9paration pour rendre un contenu \u00ab\u00a0sexy\u00a0\u00bb.  Terminer en beaut\u00e9 \u2013 Activit\u00e9s de cl\u00f4ture pr\u00eates \u00e0 l\u2019emploi sans pr\u00e9paration pr\u00e9alable.        .  Notez que cette classe virtuelle est inclue dans l'abonnement de la Communaut\u00e9 des Formateurs Eureka !\u00a0 Si vous \u00eates un.e membre de la Communaut\u00e9 merci de visiter l\u2019espace \u00a0\u00ab Module Mensuel \u00bb.  Pour devenir membre de la Communaut\u00e9 des Formateurs Eureka !\u00a0et b\u00e9n\u00e9ficier de toutes les ressources et des formations de formateurs accessibles aux membres :   Abonnement Annuel https:\/\/eureka-tp.com\/product\/cef-abonnement-annuel\/  Abonnement Mensuel https:\/\/eureka-tp.com\/product\/cef-abonnement-mensuel\/  .","og_url":"https:\/\/eureka-tp.com\/fr\/product\/boostezactivites\/","og_site_name":"Eureka - Train the Trainer","article_modified_time":"2025-03-19T05:12:07+00:00","og_image":[{"width":1280,"height":720,"url":"https:\/\/eureka-tp.com\/wp-content\/uploads\/2024\/07\/finalLogoNoPrep.jpg","type":"image\/jpeg"}],"twitter_misc":{"Est. reading time":"1 minute"},"schema":{"@context":"https:\/\/schema.org","@graph":[{"@type":"WebPage","@id":"https:\/\/eureka-tp.com\/fr\/product\/boostezactivites\/","url":"https:\/\/eureka-tp.com\/fr\/product\/boostezactivites\/","name":"REPLAY - Boostez Vos Formations avec des Activit\u00e9s et Techniques Sans Pr\u00e9paration Pr\u00e9alable - Eureka - Train the Trainer","isPartOf":{"@id":"https:\/\/eureka-tp.com\/#website"},"primaryImageOfPage":{"@id":"https:\/\/eureka-tp.com\/fr\/product\/boostezactivites\/#primaryimage"},"image":{"@id":"https:\/\/eureka-tp.com\/fr\/product\/boostezactivites\/#primaryimage"},"thumbnailUrl":"https:\/\/eureka-tp.com\/wp-content\/uploads\/2024\/07\/finalLogoNoPrep.jpg","datePublished":"2024-07-16T04:36:51+00:00","dateModified":"2025-03-19T05:12:07+00:00","breadcrumb":{"@id":"https:\/\/eureka-tp.com\/fr\/product\/boostezactivites\/#breadcrumb"},"inLanguage":"fr-FR","potentialAction":[{"@type":"ReadAction","target":["https:\/\/eureka-tp.com\/fr\/product\/boostezactivites\/"]}]},{"@type":"ImageObject","inLanguage":"fr-FR","@id":"https:\/\/eureka-tp.com\/fr\/product\/boostezactivites\/#primaryimage","url":"https:\/\/eureka-tp.com\/wp-content\/uploads\/2024\/07\/finalLogoNoPrep.jpg","contentUrl":"https:\/\/eureka-tp.com\/wp-content\/uploads\/2024\/07\/finalLogoNoPrep.jpg","width":1280,"height":720},{"@type":"BreadcrumbList","@id":"https:\/\/eureka-tp.com\/fr\/product\/boostezactivites\/#breadcrumb","itemListElement":[{"@type":"ListItem","position":1,"name":"Home","item":"https:\/\/eureka-tp.com\/fr\/"},{"@type":"ListItem","position":2,"name":"REPLAY &#8211; Boostez Vos Formations avec des Activit\u00e9s et Techniques Sans Pr\u00e9paration Pr\u00e9alable"}]},{"@type":"WebSite","@id":"https:\/\/eureka-tp.com\/#website","url":"https:\/\/eureka-tp.com\/","name":"Eureka - Train the Trainer","description":"Training for Trainers","potentialAction":[{"@type":"SearchAction","target":{"@type":"EntryPoint","urlTemplate":"https:\/\/eureka-tp.com\/?s={search_term_string}"},"query-input":{"@type":"PropertyValueSpecification","valueRequired":true,"valueName":"search_term_string"}}],"inLanguage":"fr-FR"}]}},"_links":{"self":[{"href":"https:\/\/eureka-tp.com\/fr\/wp-json\/wp\/v2\/product\/45639"}],"collection":[{"href":"https:\/\/eureka-tp.com\/fr\/wp-json\/wp\/v2\/product"}],"about":[{"href":"https:\/\/eureka-tp.com\/fr\/wp-json\/wp\/v2\/types\/product"}],"wp:featuredmedia":[{"embeddable":true,"href":"https:\/\/eureka-tp.com\/fr\/wp-json\/wp\/v2\/media\/45515"}],"wp:attachment":[{"href":"https:\/\/eureka-tp.com\/fr\/wp-json\/wp\/v2\/media?parent=45639"}],"wp:term":[{"taxonomy":"product_cat","embeddable":true,"href":"https:\/\/eureka-tp.com\/fr\/wp-json\/wp\/v2\/product_cat?post=45639"},{"taxonomy":"product_tag","embeddable":true,"href":"https:\/\/eureka-tp.com\/fr\/wp-json\/wp\/v2\/product_tag?post=45639"}],"curies":[{"name":"wp","href":"https:\/\/api.w.org\/{rel}","templated":true}]}}