{"id":45926,"date":"2024-08-23T14:08:38","date_gmt":"2024-08-23T13:08:38","guid":{"rendered":"https:\/\/eureka-tp.com\/?post_type=product&#038;p=45926"},"modified":"2024-09-27T16:01:58","modified_gmt":"2024-09-27T15:01:58","slug":"petitesdosesgrandseffets","status":"publish","type":"product","link":"https:\/\/eureka-tp.com\/fr\/product\/petitesdosesgrandseffets\/","title":{"rendered":"Petites doses, grands effets !<br>Maximisez l&#8217;impact de vos formations gr\u00e2ce au contenu diffus\u00e9 au\u00a0compte-gouttes."},"content":{"rendered":"<div class=\"pbs-main-wrapper\"><\/div>","protected":false},"excerpt":{"rendered":"<div class=\"fl-module fl-module-heading fl-node-3mpvyeqki078\" data-node=\"3mpvyeqki078\">\n<div class=\"fl-module-content fl-node-content\">\n<h2 class=\"fl-heading\"><span class=\"fl-heading-text\">REPLAY anim\u00e9e par Christophe Peger Eureka !<\/span><\/h2>\n<p><em><strong>Maximisez l&#8217;impact de vos formations gr\u00e2ce au contenu diffus\u00e9 au compte-gouttes.<\/strong><\/em><\/p>\n<p>Les recherches montrent que l&#8217;apprentissage espac\u00e9 peut am\u00e9liorer la r\u00e9tention de 50 % par rapport aux m\u00e9thodes traditionnelles (Cepeda et al., 2006) et augmenter l&#8217;engagement d&#8217;environ 50 % gr\u00e2ce aux techniques de diffusion au compte-gouttes (eLearning Industry, 2020).<\/p>\n<p>Pendant ces 90 minutes, vous vivrez et exp\u00e9rimenterez l&#8217;apprentissage espac\u00e9, tout en repartant avec des strat\u00e9gies et des id\u00e9es innovantes pour enrichir vos formations existantes ou concevoir des programmes favorisant cet apprentissage.<\/p>\n<p><strong>Programme<\/strong>\u00a0:<\/p>\n<ul>\n<li>Explorez la science de l&#8217;apprentissage espac\u00e9 et de la diffusion de contenu au compte-gouttes.<\/li>\n<li>Identifiez les opportunit\u00e9s d&#8217;int\u00e9grer cette approche dans vos formations.<\/li>\n<li>Appliquez les principes de conception sp\u00e9cifiques \u00e0 l&#8217;apprentissage espac\u00e9, compar\u00e9 aux m\u00e9thodes de formation classiques.<\/li>\n<li>Identifiez les formats les plus efficaces pour transmettre du contenu p\u00e9dagogique au compte-gouttes.<\/li>\n<li>Automatisez la diffusion de votre contenu au compte-gouttes afin de simplifier le processus d&#8217;apprentissage pour vos apprenants.<\/li>\n<\/ul>\n<\/div>\n<\/div>\n<div class=\"fl-module fl-module-rich-text fl-node-tr4hs2y7gbfo\" data-node=\"tr4hs2y7gbfo\">\n<div class=\"fl-module-content fl-node-content\">\n<div class=\"fl-rich-text\">\n<p><em>.<\/em><\/p>\n<p>Notez que cette classe virtuelle est inclue dans l&#8217;abonnement de la Communaut\u00e9 des Formateurs Eureka !\u00a0 Si vous \u00eates un.e membre de la Communaut\u00e9 merci de visiter l\u2019espace \u00a0<strong>\u00ab Module Mensuel \u00bb<\/strong>.<\/p>\n<p><strong>Pour devenir membre de la Communaut\u00e9 des Formateurs Eureka !<\/strong>\u00a0et b\u00e9n\u00e9ficier de toutes les ressources et des formations de formateurs accessibles aux membres :<\/p>\n<ul>\n<li>Abonnement Annuel <a href=\"https:\/\/eureka-tp.com\/product\/cef-abonnement-annuel\/\" xlink=\"href\">https:\/\/eureka-tp.com\/product\/cef-abonnement-annuel\/<\/a><\/li>\n<li>Abonnement Mensuel <a href=\"https:\/\/eureka-tp.com\/product\/cef-abonnement-mensuel\/\" xlink=\"href\">https:\/\/eureka-tp.com\/product\/cef-abonnement-mensuel\/<\/a><\/li>\n<\/ul>\n<p>.<\/p>\n<\/div>\n<\/div>\n<\/div>\n","protected":false},"featured_media":45903,"template":"","meta":{"_genesis_hide_title":false,"_genesis_hide_breadcrumbs":false,"_genesis_hide_singular_image":false,"_genesis_hide_footer_widgets":false,"_genesis_custom_body_class":"","_genesis_custom_post_class":"","_genesis_layout":"","episode_type":"","audio_file":"","cover_image":"","cover_image_id":"","duration":"","filesize":"","date_recorded":"","explicit":"","block":"","itunes_episode_number":"","itunes_title":"","itunes_season_number":"","itunes_episode_type":"","filesize_raw":""},"product_cat":[197],"product_tag":[],"class_list":{"0":"post-45926","1":"product","2":"type-product","3":"status-publish","4":"has-post-thumbnail","6":"product_cat-club-formateurs","7":"entry"},"yoast_head":"<!-- This site is optimized with the Yoast SEO plugin v23.9 - https:\/\/yoast.com\/wordpress\/plugins\/seo\/ -->\n<title>Petites doses, grands effets !Maximisez l&#039;impact de vos formations gr\u00e2ce au contenu diffus\u00e9 au\u00a0compte-gouttes. - Eureka - Train the Trainer<\/title>\n<meta name=\"robots\" content=\"index, follow, max-snippet:-1, max-image-preview:large, max-video-preview:-1\" \/>\n<link rel=\"canonical\" href=\"https:\/\/eureka-tp.com\/fr\/product\/petitesdosesgrandseffets\/\" \/>\n<meta property=\"og:locale\" content=\"fr_FR\" \/>\n<meta property=\"og:type\" content=\"article\" \/>\n<meta property=\"og:title\" content=\"Petites doses, grands effets !Maximisez l&#039;impact de vos formations gr\u00e2ce au contenu diffus\u00e9 au\u00a0compte-gouttes. - Eureka - Train the Trainer\" \/>\n<meta property=\"og:description\" content=\"REPLAY anim\u00e9e par Christophe Peger Eureka ! Maximisez l&#039;impact de vos formations gr\u00e2ce au contenu diffus\u00e9 au compte-gouttes.  Les recherches montrent que l&#039;apprentissage espac\u00e9 peut am\u00e9liorer la r\u00e9tention de 50 % par rapport aux m\u00e9thodes traditionnelles (Cepeda et al., 2006) et augmenter l&#039;engagement d&#039;environ 50 % gr\u00e2ce aux techniques de diffusion au compte-gouttes (eLearning Industry, 2020).  Pendant ces 90 minutes, vous vivrez et exp\u00e9rimenterez l&#039;apprentissage espac\u00e9, tout en repartant avec des strat\u00e9gies et des id\u00e9es innovantes pour enrichir vos formations existantes ou concevoir des programmes favorisant cet apprentissage.  Programme\u00a0:   Explorez la science de l&#039;apprentissage espac\u00e9 et de la diffusion de contenu au compte-gouttes.  Identifiez les opportunit\u00e9s d&#039;int\u00e9grer cette approche dans vos formations.  Appliquez les principes de conception sp\u00e9cifiques \u00e0 l&#039;apprentissage espac\u00e9, compar\u00e9 aux m\u00e9thodes de formation classiques.  Identifiez les formats les plus efficaces pour transmettre du contenu p\u00e9dagogique au compte-gouttes.  Automatisez la diffusion de votre contenu au compte-gouttes afin de simplifier le processus d&#039;apprentissage pour vos apprenants.        .  Notez que cette classe virtuelle est inclue dans l&#039;abonnement de la Communaut\u00e9 des Formateurs Eureka !\u00a0 Si vous \u00eates un.e membre de la Communaut\u00e9 merci de visiter l\u2019espace \u00a0\u00ab Module Mensuel \u00bb.  Pour devenir membre de la Communaut\u00e9 des Formateurs Eureka !\u00a0et b\u00e9n\u00e9ficier de toutes les ressources et des formations de formateurs accessibles aux membres :   Abonnement Annuel https:\/\/eureka-tp.com\/product\/cef-abonnement-annuel\/  Abonnement Mensuel https:\/\/eureka-tp.com\/product\/cef-abonnement-mensuel\/  .\" \/>\n<meta property=\"og:url\" content=\"https:\/\/eureka-tp.com\/fr\/product\/petitesdosesgrandseffets\/\" \/>\n<meta property=\"og:site_name\" content=\"Eureka - Train the Trainer\" \/>\n<meta property=\"article:modified_time\" content=\"2024-09-27T15:01:58+00:00\" \/>\n<meta property=\"og:image\" content=\"https:\/\/eureka-tp.com\/wp-content\/uploads\/2024\/08\/SmallBitesBigResults-LogoCompressed.jpg\" \/>\n\t<meta property=\"og:image:width\" content=\"1031\" \/>\n\t<meta property=\"og:image:height\" content=\"913\" \/>\n\t<meta property=\"og:image:type\" content=\"image\/jpeg\" \/>\n<script type=\"application\/ld+json\" class=\"yoast-schema-graph\">{\"@context\":\"https:\/\/schema.org\",\"@graph\":[{\"@type\":\"WebPage\",\"@id\":\"https:\/\/eureka-tp.com\/fr\/product\/petitesdosesgrandseffets\/\",\"url\":\"https:\/\/eureka-tp.com\/fr\/product\/petitesdosesgrandseffets\/\",\"name\":\"Petites doses, grands effets ! Maximisez l'impact de vos formations gr\u00e2ce au contenu diffus\u00e9 au\u00a0compte-gouttes. - Eureka - Train the Trainer\",\"isPartOf\":{\"@id\":\"https:\/\/eureka-tp.com\/#website\"},\"primaryImageOfPage\":{\"@id\":\"https:\/\/eureka-tp.com\/fr\/product\/petitesdosesgrandseffets\/#primaryimage\"},\"image\":{\"@id\":\"https:\/\/eureka-tp.com\/fr\/product\/petitesdosesgrandseffets\/#primaryimage\"},\"thumbnailUrl\":\"https:\/\/eureka-tp.com\/wp-content\/uploads\/2024\/08\/SmallBitesBigResults-LogoCompressed.jpg\",\"datePublished\":\"2024-08-23T13:08:38+00:00\",\"dateModified\":\"2024-09-27T15:01:58+00:00\",\"breadcrumb\":{\"@id\":\"https:\/\/eureka-tp.com\/fr\/product\/petitesdosesgrandseffets\/#breadcrumb\"},\"inLanguage\":\"fr-FR\",\"potentialAction\":[{\"@type\":\"ReadAction\",\"target\":[\"https:\/\/eureka-tp.com\/fr\/product\/petitesdosesgrandseffets\/\"]}]},{\"@type\":\"ImageObject\",\"inLanguage\":\"fr-FR\",\"@id\":\"https:\/\/eureka-tp.com\/fr\/product\/petitesdosesgrandseffets\/#primaryimage\",\"url\":\"https:\/\/eureka-tp.com\/wp-content\/uploads\/2024\/08\/SmallBitesBigResults-LogoCompressed.jpg\",\"contentUrl\":\"https:\/\/eureka-tp.com\/wp-content\/uploads\/2024\/08\/SmallBitesBigResults-LogoCompressed.jpg\",\"width\":1031,\"height\":913},{\"@type\":\"BreadcrumbList\",\"@id\":\"https:\/\/eureka-tp.com\/fr\/product\/petitesdosesgrandseffets\/#breadcrumb\",\"itemListElement\":[{\"@type\":\"ListItem\",\"position\":1,\"name\":\"Home\",\"item\":\"https:\/\/eureka-tp.com\/fr\/\"},{\"@type\":\"ListItem\",\"position\":2,\"name\":\"Petites doses, grands effets !Maximisez l&#8217;impact de vos formations gr\u00e2ce au contenu diffus\u00e9 au\u00a0compte-gouttes.\"}]},{\"@type\":\"WebSite\",\"@id\":\"https:\/\/eureka-tp.com\/#website\",\"url\":\"https:\/\/eureka-tp.com\/\",\"name\":\"Eureka - Train the Trainer\",\"description\":\"Training for Trainers\",\"potentialAction\":[{\"@type\":\"SearchAction\",\"target\":{\"@type\":\"EntryPoint\",\"urlTemplate\":\"https:\/\/eureka-tp.com\/?s={search_term_string}\"},\"query-input\":{\"@type\":\"PropertyValueSpecification\",\"valueRequired\":true,\"valueName\":\"search_term_string\"}}],\"inLanguage\":\"fr-FR\"}]}<\/script>\n<!-- \/ Yoast SEO plugin. -->","yoast_head_json":{"title":"Petites doses, grands effets !Maximisez l'impact de vos formations gr\u00e2ce au contenu diffus\u00e9 au\u00a0compte-gouttes. - Eureka - Train the Trainer","robots":{"index":"index","follow":"follow","max-snippet":"max-snippet:-1","max-image-preview":"max-image-preview:large","max-video-preview":"max-video-preview:-1"},"canonical":"https:\/\/eureka-tp.com\/fr\/product\/petitesdosesgrandseffets\/","og_locale":"fr_FR","og_type":"article","og_title":"Petites doses, grands effets !Maximisez l'impact de vos formations gr\u00e2ce au contenu diffus\u00e9 au\u00a0compte-gouttes. - Eureka - Train the Trainer","og_description":"REPLAY anim\u00e9e par Christophe Peger Eureka ! Maximisez l'impact de vos formations gr\u00e2ce au contenu diffus\u00e9 au compte-gouttes.  Les recherches montrent que l'apprentissage espac\u00e9 peut am\u00e9liorer la r\u00e9tention de 50 % par rapport aux m\u00e9thodes traditionnelles (Cepeda et al., 2006) et augmenter l'engagement d'environ 50 % gr\u00e2ce aux techniques de diffusion au compte-gouttes (eLearning Industry, 2020).  Pendant ces 90 minutes, vous vivrez et exp\u00e9rimenterez l'apprentissage espac\u00e9, tout en repartant avec des strat\u00e9gies et des id\u00e9es innovantes pour enrichir vos formations existantes ou concevoir des programmes favorisant cet apprentissage.  Programme\u00a0:   Explorez la science de l'apprentissage espac\u00e9 et de la diffusion de contenu au compte-gouttes.  Identifiez les opportunit\u00e9s d'int\u00e9grer cette approche dans vos formations.  Appliquez les principes de conception sp\u00e9cifiques \u00e0 l'apprentissage espac\u00e9, compar\u00e9 aux m\u00e9thodes de formation classiques.  Identifiez les formats les plus efficaces pour transmettre du contenu p\u00e9dagogique au compte-gouttes.  Automatisez la diffusion de votre contenu au compte-gouttes afin de simplifier le processus d'apprentissage pour vos apprenants.        .  Notez que cette classe virtuelle est inclue dans l'abonnement de la Communaut\u00e9 des Formateurs Eureka !\u00a0 Si vous \u00eates un.e membre de la Communaut\u00e9 merci de visiter l\u2019espace \u00a0\u00ab Module Mensuel \u00bb.  Pour devenir membre de la Communaut\u00e9 des Formateurs Eureka !\u00a0et b\u00e9n\u00e9ficier de toutes les ressources et des formations de formateurs accessibles aux membres :   Abonnement Annuel https:\/\/eureka-tp.com\/product\/cef-abonnement-annuel\/  Abonnement Mensuel https:\/\/eureka-tp.com\/product\/cef-abonnement-mensuel\/  .","og_url":"https:\/\/eureka-tp.com\/fr\/product\/petitesdosesgrandseffets\/","og_site_name":"Eureka - Train the Trainer","article_modified_time":"2024-09-27T15:01:58+00:00","og_image":[{"width":1031,"height":913,"url":"https:\/\/eureka-tp.com\/wp-content\/uploads\/2024\/08\/SmallBitesBigResults-LogoCompressed.jpg","type":"image\/jpeg"}],"schema":{"@context":"https:\/\/schema.org","@graph":[{"@type":"WebPage","@id":"https:\/\/eureka-tp.com\/fr\/product\/petitesdosesgrandseffets\/","url":"https:\/\/eureka-tp.com\/fr\/product\/petitesdosesgrandseffets\/","name":"Petites doses, grands effets ! Maximisez l'impact de vos formations gr\u00e2ce au contenu diffus\u00e9 au\u00a0compte-gouttes. - Eureka - Train the Trainer","isPartOf":{"@id":"https:\/\/eureka-tp.com\/#website"},"primaryImageOfPage":{"@id":"https:\/\/eureka-tp.com\/fr\/product\/petitesdosesgrandseffets\/#primaryimage"},"image":{"@id":"https:\/\/eureka-tp.com\/fr\/product\/petitesdosesgrandseffets\/#primaryimage"},"thumbnailUrl":"https:\/\/eureka-tp.com\/wp-content\/uploads\/2024\/08\/SmallBitesBigResults-LogoCompressed.jpg","datePublished":"2024-08-23T13:08:38+00:00","dateModified":"2024-09-27T15:01:58+00:00","breadcrumb":{"@id":"https:\/\/eureka-tp.com\/fr\/product\/petitesdosesgrandseffets\/#breadcrumb"},"inLanguage":"fr-FR","potentialAction":[{"@type":"ReadAction","target":["https:\/\/eureka-tp.com\/fr\/product\/petitesdosesgrandseffets\/"]}]},{"@type":"ImageObject","inLanguage":"fr-FR","@id":"https:\/\/eureka-tp.com\/fr\/product\/petitesdosesgrandseffets\/#primaryimage","url":"https:\/\/eureka-tp.com\/wp-content\/uploads\/2024\/08\/SmallBitesBigResults-LogoCompressed.jpg","contentUrl":"https:\/\/eureka-tp.com\/wp-content\/uploads\/2024\/08\/SmallBitesBigResults-LogoCompressed.jpg","width":1031,"height":913},{"@type":"BreadcrumbList","@id":"https:\/\/eureka-tp.com\/fr\/product\/petitesdosesgrandseffets\/#breadcrumb","itemListElement":[{"@type":"ListItem","position":1,"name":"Home","item":"https:\/\/eureka-tp.com\/fr\/"},{"@type":"ListItem","position":2,"name":"Petites doses, grands effets !Maximisez l&#8217;impact de vos formations gr\u00e2ce au contenu diffus\u00e9 au\u00a0compte-gouttes."}]},{"@type":"WebSite","@id":"https:\/\/eureka-tp.com\/#website","url":"https:\/\/eureka-tp.com\/","name":"Eureka - Train the Trainer","description":"Training for Trainers","potentialAction":[{"@type":"SearchAction","target":{"@type":"EntryPoint","urlTemplate":"https:\/\/eureka-tp.com\/?s={search_term_string}"},"query-input":{"@type":"PropertyValueSpecification","valueRequired":true,"valueName":"search_term_string"}}],"inLanguage":"fr-FR"}]}},"_links":{"self":[{"href":"https:\/\/eureka-tp.com\/fr\/wp-json\/wp\/v2\/product\/45926"}],"collection":[{"href":"https:\/\/eureka-tp.com\/fr\/wp-json\/wp\/v2\/product"}],"about":[{"href":"https:\/\/eureka-tp.com\/fr\/wp-json\/wp\/v2\/types\/product"}],"wp:featuredmedia":[{"embeddable":true,"href":"https:\/\/eureka-tp.com\/fr\/wp-json\/wp\/v2\/media\/45903"}],"wp:attachment":[{"href":"https:\/\/eureka-tp.com\/fr\/wp-json\/wp\/v2\/media?parent=45926"}],"wp:term":[{"taxonomy":"product_cat","embeddable":true,"href":"https:\/\/eureka-tp.com\/fr\/wp-json\/wp\/v2\/product_cat?post=45926"},{"taxonomy":"product_tag","embeddable":true,"href":"https:\/\/eureka-tp.com\/fr\/wp-json\/wp\/v2\/product_tag?post=45926"}],"curies":[{"name":"wp","href":"https:\/\/api.w.org\/{rel}","templated":true}]}}