{"id":47225,"date":"2024-10-25T15:36:51","date_gmt":"2024-10-25T14:36:51","guid":{"rendered":"https:\/\/eureka-tp.com\/?post_type=product&#038;p=47225"},"modified":"2024-11-23T06:29:11","modified_gmt":"2024-11-23T06:29:11","slug":"solutionscv","status":"publish","type":"product","link":"https:\/\/eureka-tp.com\/fr\/product\/solutionscv\/","title":{"rendered":"Solutions concr\u00e8tes pour surmonter vos plus grands d\u00e9fis en classe virtuelle<br>De l\u2019engagement des apprenants aux d\u00e9fis technologiques et au-del\u00e0"},"content":{"rendered":"<div class=\"pbs-main-wrapper\"><\/div>","protected":false},"excerpt":{"rendered":"<div class=\"fl-module fl-module-heading fl-node-3mpvyeqki078\" data-node=\"3mpvyeqki078\">\n<div class=\"fl-module-content fl-node-content\">\n<h2>22 novembre 2024 de 13h \u00e0 14h30<\/h2>\n<h2 class=\"fl-heading\"><span class=\"fl-heading-text\">REPLAY Classe Virtuelle anim\u00e9e par Christophe Peger Eureka !<\/span><\/h2>\n<div class=\"fl-module fl-module-rich-text fl-node-9apykesg6xiw\" data-node=\"9apykesg6xiw\">\n<div class=\"fl-module-content fl-node-content\">\n<div class=\"fl-rich-text\">\n<p>Id\u00e9al pour les formateurs et formatrices impliqu\u00e9s dans les animations \u00e0 distance, ainsi que pour les pr\u00e9sentateurs et pr\u00e9sentatrices de webinaires et webconf\u00e9rences.<\/p>\n<p>Cette classe virtuelle a \u00e9t\u00e9 con\u00e7ue pour relever les d\u00e9fis les plus courants de l\u2019animation en ligne. Que vous soyez confront\u00e9 \u00e0 des apprenants d\u00e9sengag\u00e9s, \u00e0 des probl\u00e8mes techniques (audio et \u00e9quipements) ou \u00e0 des arriv\u00e9es tardives, elle vous apportera les outils et techniques n\u00e9cessaires pour cr\u00e9er des exp\u00e9riences d&#8217;apprentissage virtuelles fluides et percutantes.<\/p>\n<p><strong>Programme :<\/strong><\/p>\n<ul>\n<li><strong>G\u00e9rer les arriv\u00e9es tardives<\/strong> pour maintenir la dynamique du groupe.<\/li>\n<li><strong>Encadrer les apprenants non pr\u00e9par\u00e9s<\/strong> afin de renforcer leur participation active.<\/li>\n<li><strong>Mobiliser les apprenants d\u00e9sengag\u00e9s<\/strong> pour favoriser un apprentissage plus interactif.<\/li>\n<li><strong>Aligner les attentes<\/strong> pour cr\u00e9er une exp\u00e9rience d\u2019apprentissage harmonieuse.<\/li>\n<li><strong>R\u00e9soudre les probl\u00e8mes techniques <\/strong>pour garantir une session fluide et sans interruptions.<\/li>\n<\/ul>\n<\/div>\n<\/div>\n<\/div>\n<\/div>\n<\/div>\n<div class=\"fl-module fl-module-rich-text fl-node-tr4hs2y7gbfo\" data-node=\"tr4hs2y7gbfo\">\n<div class=\"fl-module-content fl-node-content\">\n<div class=\"fl-rich-text\">\n<p><em>.<\/em><\/p>\n<p>Notez que cette classe virtuelle est inclue dans l&#8217;abonnement de la Communaut\u00e9 des Formateurs Eureka !\u00a0 Si vous \u00eates un.e membre de la Communaut\u00e9 merci de visiter l\u2019espace \u00a0<strong>\u00ab Module Mensuel \u00bb<\/strong>.<\/p>\n<p><strong>Pour devenir membre de la Communaut\u00e9 des Formateurs Eureka !<\/strong>\u00a0et b\u00e9n\u00e9ficier de toutes les ressources et des formations de formateurs accessibles aux membres :<\/p>\n<ul>\n<li>Abonnement Annuel <a href=\"https:\/\/eureka-tp.com\/product\/cef-abonnement-annuel\/\" xlink=\"href\">https:\/\/eureka-tp.com\/product\/cef-abonnement-annuel\/<\/a><\/li>\n<li>Abonnement Mensuel <a href=\"https:\/\/eureka-tp.com\/product\/cef-abonnement-mensuel\/\" xlink=\"href\">https:\/\/eureka-tp.com\/product\/cef-abonnement-mensuel\/<\/a><\/li>\n<\/ul>\n<p>.<\/p>\n<\/div>\n<\/div>\n<\/div>\n","protected":false},"featured_media":47067,"template":"","meta":{"_genesis_hide_title":false,"_genesis_hide_breadcrumbs":false,"_genesis_hide_singular_image":false,"_genesis_hide_footer_widgets":false,"_genesis_custom_body_class":"","_genesis_custom_post_class":"","_genesis_layout":"","episode_type":"","audio_file":"","cover_image":"","cover_image_id":"","duration":"","filesize":"","date_recorded":"","explicit":"","block":"","itunes_episode_number":"","itunes_title":"","itunes_season_number":"","itunes_episode_type":"","filesize_raw":""},"product_cat":[197],"product_tag":[],"class_list":{"0":"post-47225","1":"product","2":"type-product","3":"status-publish","4":"has-post-thumbnail","6":"product_cat-club-formateurs","7":"entry"},"yoast_head":"<!-- This site is optimized with the Yoast SEO plugin v23.9 - https:\/\/yoast.com\/wordpress\/plugins\/seo\/ -->\n<title>Solutions concr\u00e8tes pour surmonter vos plus grands d\u00e9fis en classe virtuelleDe l\u2019engagement des apprenants aux d\u00e9fis technologiques et au-del\u00e0 - Eureka - Train the Trainer<\/title>\n<meta name=\"robots\" content=\"index, follow, max-snippet:-1, max-image-preview:large, max-video-preview:-1\" \/>\n<link rel=\"canonical\" href=\"https:\/\/eureka-tp.com\/fr\/product\/solutionscv\/\" \/>\n<meta property=\"og:locale\" content=\"fr_FR\" \/>\n<meta property=\"og:type\" content=\"article\" \/>\n<meta property=\"og:title\" content=\"Solutions concr\u00e8tes pour surmonter vos plus grands d\u00e9fis en classe virtuelleDe l\u2019engagement des apprenants aux d\u00e9fis technologiques et au-del\u00e0 - Eureka - Train the Trainer\" \/>\n<meta property=\"og:description\" content=\"22 novembre 2024 de 13h \u00e0 14h30 REPLAY Classe Virtuelle anim\u00e9e par Christophe Peger Eureka !     Id\u00e9al pour les formateurs et formatrices impliqu\u00e9s dans les animations \u00e0 distance, ainsi que pour les pr\u00e9sentateurs et pr\u00e9sentatrices de webinaires et webconf\u00e9rences.  Cette classe virtuelle a \u00e9t\u00e9 con\u00e7ue pour relever les d\u00e9fis les plus courants de l\u2019animation en ligne. Que vous soyez confront\u00e9 \u00e0 des apprenants d\u00e9sengag\u00e9s, \u00e0 des probl\u00e8mes techniques (audio et \u00e9quipements) ou \u00e0 des arriv\u00e9es tardives, elle vous apportera les outils et techniques n\u00e9cessaires pour cr\u00e9er des exp\u00e9riences d&#039;apprentissage virtuelles fluides et percutantes.  Programme :   G\u00e9rer les arriv\u00e9es tardives pour maintenir la dynamique du groupe.  Encadrer les apprenants non pr\u00e9par\u00e9s afin de renforcer leur participation active.  Mobiliser les apprenants d\u00e9sengag\u00e9s pour favoriser un apprentissage plus interactif.  Aligner les attentes pour cr\u00e9er une exp\u00e9rience d\u2019apprentissage harmonieuse.  R\u00e9soudre les probl\u00e8mes techniques pour garantir une session fluide et sans interruptions.           .  Notez que cette classe virtuelle est inclue dans l&#039;abonnement de la Communaut\u00e9 des Formateurs Eureka !\u00a0 Si vous \u00eates un.e membre de la Communaut\u00e9 merci de visiter l\u2019espace \u00a0\u00ab Module Mensuel \u00bb.  Pour devenir membre de la Communaut\u00e9 des Formateurs Eureka !\u00a0et b\u00e9n\u00e9ficier de toutes les ressources et des formations de formateurs accessibles aux membres :   Abonnement Annuel https:\/\/eureka-tp.com\/product\/cef-abonnement-annuel\/  Abonnement Mensuel https:\/\/eureka-tp.com\/product\/cef-abonnement-mensuel\/  .\" \/>\n<meta property=\"og:url\" content=\"https:\/\/eureka-tp.com\/fr\/product\/solutionscv\/\" \/>\n<meta property=\"og:site_name\" content=\"Eureka - Train the Trainer\" \/>\n<meta property=\"article:modified_time\" content=\"2024-11-23T06:29:11+00:00\" \/>\n<meta property=\"og:image\" content=\"https:\/\/eureka-tp.com\/wp-content\/uploads\/2024\/10\/RealWorldFixes-Logo.jpeg\" \/>\n\t<meta property=\"og:image:width\" content=\"1312\" \/>\n\t<meta property=\"og:image:height\" content=\"736\" \/>\n\t<meta property=\"og:image:type\" content=\"image\/jpeg\" \/>\n<script type=\"application\/ld+json\" class=\"yoast-schema-graph\">{\"@context\":\"https:\/\/schema.org\",\"@graph\":[{\"@type\":\"WebPage\",\"@id\":\"https:\/\/eureka-tp.com\/fr\/product\/solutionscv\/\",\"url\":\"https:\/\/eureka-tp.com\/fr\/product\/solutionscv\/\",\"name\":\"Solutions concr\u00e8tes pour surmonter vos plus grands d\u00e9fis en classe virtuelle De l\u2019engagement des apprenants aux d\u00e9fis technologiques et au-del\u00e0 - Eureka - Train the Trainer\",\"isPartOf\":{\"@id\":\"https:\/\/eureka-tp.com\/#website\"},\"primaryImageOfPage\":{\"@id\":\"https:\/\/eureka-tp.com\/fr\/product\/solutionscv\/#primaryimage\"},\"image\":{\"@id\":\"https:\/\/eureka-tp.com\/fr\/product\/solutionscv\/#primaryimage\"},\"thumbnailUrl\":\"https:\/\/eureka-tp.com\/wp-content\/uploads\/2024\/10\/RealWorldFixes-Logo.jpeg\",\"datePublished\":\"2024-10-25T14:36:51+00:00\",\"dateModified\":\"2024-11-23T06:29:11+00:00\",\"breadcrumb\":{\"@id\":\"https:\/\/eureka-tp.com\/fr\/product\/solutionscv\/#breadcrumb\"},\"inLanguage\":\"fr-FR\",\"potentialAction\":[{\"@type\":\"ReadAction\",\"target\":[\"https:\/\/eureka-tp.com\/fr\/product\/solutionscv\/\"]}]},{\"@type\":\"ImageObject\",\"inLanguage\":\"fr-FR\",\"@id\":\"https:\/\/eureka-tp.com\/fr\/product\/solutionscv\/#primaryimage\",\"url\":\"https:\/\/eureka-tp.com\/wp-content\/uploads\/2024\/10\/RealWorldFixes-Logo.jpeg\",\"contentUrl\":\"https:\/\/eureka-tp.com\/wp-content\/uploads\/2024\/10\/RealWorldFixes-Logo.jpeg\",\"width\":1312,\"height\":736},{\"@type\":\"BreadcrumbList\",\"@id\":\"https:\/\/eureka-tp.com\/fr\/product\/solutionscv\/#breadcrumb\",\"itemListElement\":[{\"@type\":\"ListItem\",\"position\":1,\"name\":\"Home\",\"item\":\"https:\/\/eureka-tp.com\/fr\/\"},{\"@type\":\"ListItem\",\"position\":2,\"name\":\"Solutions concr\u00e8tes pour surmonter vos plus grands d\u00e9fis en classe virtuelleDe l\u2019engagement des apprenants aux d\u00e9fis technologiques et au-del\u00e0\"}]},{\"@type\":\"WebSite\",\"@id\":\"https:\/\/eureka-tp.com\/#website\",\"url\":\"https:\/\/eureka-tp.com\/\",\"name\":\"Eureka - Train the Trainer\",\"description\":\"Training for Trainers\",\"potentialAction\":[{\"@type\":\"SearchAction\",\"target\":{\"@type\":\"EntryPoint\",\"urlTemplate\":\"https:\/\/eureka-tp.com\/?s={search_term_string}\"},\"query-input\":{\"@type\":\"PropertyValueSpecification\",\"valueRequired\":true,\"valueName\":\"search_term_string\"}}],\"inLanguage\":\"fr-FR\"}]}<\/script>\n<!-- \/ Yoast SEO plugin. -->","yoast_head_json":{"title":"Solutions concr\u00e8tes pour surmonter vos plus grands d\u00e9fis en classe virtuelleDe l\u2019engagement des apprenants aux d\u00e9fis technologiques et au-del\u00e0 - Eureka - Train the Trainer","robots":{"index":"index","follow":"follow","max-snippet":"max-snippet:-1","max-image-preview":"max-image-preview:large","max-video-preview":"max-video-preview:-1"},"canonical":"https:\/\/eureka-tp.com\/fr\/product\/solutionscv\/","og_locale":"fr_FR","og_type":"article","og_title":"Solutions concr\u00e8tes pour surmonter vos plus grands d\u00e9fis en classe virtuelleDe l\u2019engagement des apprenants aux d\u00e9fis technologiques et au-del\u00e0 - Eureka - Train the Trainer","og_description":"22 novembre 2024 de 13h \u00e0 14h30 REPLAY Classe Virtuelle anim\u00e9e par Christophe Peger Eureka !     Id\u00e9al pour les formateurs et formatrices impliqu\u00e9s dans les animations \u00e0 distance, ainsi que pour les pr\u00e9sentateurs et pr\u00e9sentatrices de webinaires et webconf\u00e9rences.  Cette classe virtuelle a \u00e9t\u00e9 con\u00e7ue pour relever les d\u00e9fis les plus courants de l\u2019animation en ligne. Que vous soyez confront\u00e9 \u00e0 des apprenants d\u00e9sengag\u00e9s, \u00e0 des probl\u00e8mes techniques (audio et \u00e9quipements) ou \u00e0 des arriv\u00e9es tardives, elle vous apportera les outils et techniques n\u00e9cessaires pour cr\u00e9er des exp\u00e9riences d'apprentissage virtuelles fluides et percutantes.  Programme :   G\u00e9rer les arriv\u00e9es tardives pour maintenir la dynamique du groupe.  Encadrer les apprenants non pr\u00e9par\u00e9s afin de renforcer leur participation active.  Mobiliser les apprenants d\u00e9sengag\u00e9s pour favoriser un apprentissage plus interactif.  Aligner les attentes pour cr\u00e9er une exp\u00e9rience d\u2019apprentissage harmonieuse.  R\u00e9soudre les probl\u00e8mes techniques pour garantir une session fluide et sans interruptions.           .  Notez que cette classe virtuelle est inclue dans l'abonnement de la Communaut\u00e9 des Formateurs Eureka !\u00a0 Si vous \u00eates un.e membre de la Communaut\u00e9 merci de visiter l\u2019espace \u00a0\u00ab Module Mensuel \u00bb.  Pour devenir membre de la Communaut\u00e9 des Formateurs Eureka !\u00a0et b\u00e9n\u00e9ficier de toutes les ressources et des formations de formateurs accessibles aux membres :   Abonnement Annuel https:\/\/eureka-tp.com\/product\/cef-abonnement-annuel\/  Abonnement Mensuel https:\/\/eureka-tp.com\/product\/cef-abonnement-mensuel\/  .","og_url":"https:\/\/eureka-tp.com\/fr\/product\/solutionscv\/","og_site_name":"Eureka - Train the Trainer","article_modified_time":"2024-11-23T06:29:11+00:00","og_image":[{"width":1312,"height":736,"url":"https:\/\/eureka-tp.com\/wp-content\/uploads\/2024\/10\/RealWorldFixes-Logo.jpeg","type":"image\/jpeg"}],"schema":{"@context":"https:\/\/schema.org","@graph":[{"@type":"WebPage","@id":"https:\/\/eureka-tp.com\/fr\/product\/solutionscv\/","url":"https:\/\/eureka-tp.com\/fr\/product\/solutionscv\/","name":"Solutions concr\u00e8tes pour surmonter vos plus grands d\u00e9fis en classe virtuelle De l\u2019engagement des apprenants aux d\u00e9fis technologiques et au-del\u00e0 - Eureka - Train the Trainer","isPartOf":{"@id":"https:\/\/eureka-tp.com\/#website"},"primaryImageOfPage":{"@id":"https:\/\/eureka-tp.com\/fr\/product\/solutionscv\/#primaryimage"},"image":{"@id":"https:\/\/eureka-tp.com\/fr\/product\/solutionscv\/#primaryimage"},"thumbnailUrl":"https:\/\/eureka-tp.com\/wp-content\/uploads\/2024\/10\/RealWorldFixes-Logo.jpeg","datePublished":"2024-10-25T14:36:51+00:00","dateModified":"2024-11-23T06:29:11+00:00","breadcrumb":{"@id":"https:\/\/eureka-tp.com\/fr\/product\/solutionscv\/#breadcrumb"},"inLanguage":"fr-FR","potentialAction":[{"@type":"ReadAction","target":["https:\/\/eureka-tp.com\/fr\/product\/solutionscv\/"]}]},{"@type":"ImageObject","inLanguage":"fr-FR","@id":"https:\/\/eureka-tp.com\/fr\/product\/solutionscv\/#primaryimage","url":"https:\/\/eureka-tp.com\/wp-content\/uploads\/2024\/10\/RealWorldFixes-Logo.jpeg","contentUrl":"https:\/\/eureka-tp.com\/wp-content\/uploads\/2024\/10\/RealWorldFixes-Logo.jpeg","width":1312,"height":736},{"@type":"BreadcrumbList","@id":"https:\/\/eureka-tp.com\/fr\/product\/solutionscv\/#breadcrumb","itemListElement":[{"@type":"ListItem","position":1,"name":"Home","item":"https:\/\/eureka-tp.com\/fr\/"},{"@type":"ListItem","position":2,"name":"Solutions concr\u00e8tes pour surmonter vos plus grands d\u00e9fis en classe virtuelleDe l\u2019engagement des apprenants aux d\u00e9fis technologiques et au-del\u00e0"}]},{"@type":"WebSite","@id":"https:\/\/eureka-tp.com\/#website","url":"https:\/\/eureka-tp.com\/","name":"Eureka - Train the Trainer","description":"Training for Trainers","potentialAction":[{"@type":"SearchAction","target":{"@type":"EntryPoint","urlTemplate":"https:\/\/eureka-tp.com\/?s={search_term_string}"},"query-input":{"@type":"PropertyValueSpecification","valueRequired":true,"valueName":"search_term_string"}}],"inLanguage":"fr-FR"}]}},"_links":{"self":[{"href":"https:\/\/eureka-tp.com\/fr\/wp-json\/wp\/v2\/product\/47225"}],"collection":[{"href":"https:\/\/eureka-tp.com\/fr\/wp-json\/wp\/v2\/product"}],"about":[{"href":"https:\/\/eureka-tp.com\/fr\/wp-json\/wp\/v2\/types\/product"}],"wp:featuredmedia":[{"embeddable":true,"href":"https:\/\/eureka-tp.com\/fr\/wp-json\/wp\/v2\/media\/47067"}],"wp:attachment":[{"href":"https:\/\/eureka-tp.com\/fr\/wp-json\/wp\/v2\/media?parent=47225"}],"wp:term":[{"taxonomy":"product_cat","embeddable":true,"href":"https:\/\/eureka-tp.com\/fr\/wp-json\/wp\/v2\/product_cat?post=47225"},{"taxonomy":"product_tag","embeddable":true,"href":"https:\/\/eureka-tp.com\/fr\/wp-json\/wp\/v2\/product_tag?post=47225"}],"curies":[{"name":"wp","href":"https:\/\/api.w.org\/{rel}","templated":true}]}}