{"id":47748,"date":"2024-11-23T06:32:56","date_gmt":"2024-11-23T06:32:56","guid":{"rendered":"https:\/\/eureka-tp.com\/?post_type=product&#038;p=47748"},"modified":"2025-02-07T07:07:54","modified_gmt":"2025-02-07T07:07:54","slug":"cv7taps","status":"publish","type":"product","link":"https:\/\/eureka-tp.com\/fr\/product\/cv7taps\/","title":{"rendered":"Cr\u00e9ez une Pr\u00e9-communication Efficace, un Suivi de Formation et des Microlearnings Engageants avec 7Taps (Version Gratuite)"},"content":{"rendered":"<div class=\"pbs-main-wrapper\"><\/div>","protected":false},"excerpt":{"rendered":"<div class=\"fl-module fl-module-heading fl-node-3mpvyeqki078\" data-node=\"3mpvyeqki078\">\n<div class=\"fl-module-content fl-node-content\">\n<h2>REPLAY &#8211; <span class=\"fl-heading-text\">Classe Virtuelle anim\u00e9e par Christophe Peger Eureka ! <\/span><strong>(disponible DANS 72 heures)<\/strong><\/h2>\n<div class=\"fl-module fl-module-rich-text fl-node-9apykesg6xiw\" data-node=\"9apykesg6xiw\">\n<div class=\"fl-module-content fl-node-content\">\n<div class=\"fl-rich-text\">\n<div class=\"fl-module fl-module-heading fl-node-63cdajwrymxq\" data-node=\"63cdajwrymxq\">\n<div class=\"fl-module-content fl-node-content\">\n<h2 class=\"fl-heading\"><span class=\"fl-heading-text\">Id\u00e9al pour les Formateurs et les Concepteurs P\u00e9dagogiques.<\/span><\/h2>\n<\/div>\n<\/div>\n<div class=\"fl-module fl-module-rich-text fl-node-9apykesg6xiw\" data-node=\"9apykesg6xiw\">\n<div class=\"fl-module-content fl-node-content\">\n<div class=\"fl-rich-text\">\n<p>Dans les environnements d&#8217;apprentissage actuels, o\u00f9 tout va vite, il est plus crucial que jamais d&#8217;engager les apprenants avant, pendant et apr\u00e8s une session de formation.<\/p>\n<p>Cette classe virtuelle de 90 minutes, vous propose des techniques pratiques pour maximiser l&#8217;utilisation de la version gratuite de 7Taps \u00e0 chaque \u00e9tape du processus d&#8217;apprentissage : de la pr\u00e9 communication (avant formation) interactive \u00e0 la consolidation des concepts avec le suivi, en passant par la cr\u00e9ation de modules de microlearning concis.<\/p>\n<p><strong>7Taps, c\u2019est quoi ? <\/strong>Un outil puissant qui vous permet de cr\u00e9er une pr\u00e9-communication efficace, un suivi de formation engageant et des modules de microlearning impactants !<\/p>\n<p><strong>Programme :<\/strong><\/p>\n<ul>\n<li><strong>Utilisez<\/strong>\u00a0la version gratuite de 7Taps pour optimiser vos formations.<\/li>\n<li><strong>Impl\u00e9mentez<\/strong>\u00a0des id\u00e9es pour cr\u00e9er une pr\u00e9 communicatin engageante, afin de capter l\u2019attention des apprenants avant la formation.<\/li>\n<li><strong>Explorez<\/strong>\u00a0des strat\u00e9gies pour \u00e9laborer un suivi post-formation engageant, renfor\u00e7ant l&#8217;apprentissage et la r\u00e9tention.<\/li>\n<li><strong>Ma\u00eetrisez<\/strong>\u00a0l\u2019utilisation de 7Taps pour g\u00e9n\u00e9rer du microlearning avant la formation, entre 2 classes virtuelles ou 2 micolearnings, afin de maximiser l&#8217;impact de vos sessions.<\/li>\n<\/ul>\n<p><strong>Profitez pleinement<\/strong>\u00a0de la version gratuite de 7Taps pour rendre vos formations plus interactives et efficaces.<\/p>\n<\/div>\n<\/div>\n<\/div>\n<\/div>\n<\/div>\n<\/div>\n<\/div>\n<\/div>\n<div class=\"fl-module fl-module-rich-text fl-node-tr4hs2y7gbfo\" data-node=\"tr4hs2y7gbfo\">\n<div class=\"fl-module-content fl-node-content\">\n<div class=\"fl-rich-text\">\n<p><em>.<\/em><\/p>\n<p>Notez que cette classe virtuelle est inclue dans l&#8217;abonnement de la Communaut\u00e9 des Formateurs Eureka !\u00a0 Si vous \u00eates un.e membre de la Communaut\u00e9 merci de visiter l\u2019espace \u00a0<strong>\u00ab Module Mensuel \u00bb<\/strong>.<\/p>\n<p><strong>Pour devenir membre de la Communaut\u00e9 des Formateurs Eureka !<\/strong>\u00a0et b\u00e9n\u00e9ficier de toutes les ressources et des formations de formateurs accessibles aux membres :<\/p>\n<ul>\n<li>Abonnement Annuel <a href=\"https:\/\/eureka-tp.com\/product\/cef-abonnement-annuel\/\" xlink=\"href\">https:\/\/eureka-tp.com\/product\/cef-abonnement-annuel\/<\/a><\/li>\n<li>Abonnement Mensuel <a href=\"https:\/\/eureka-tp.com\/product\/cef-abonnement-mensuel\/\" xlink=\"href\">https:\/\/eureka-tp.com\/product\/cef-abonnement-mensuel\/<\/a><\/li>\n<\/ul>\n<p>.<\/p>\n<\/div>\n<\/div>\n<\/div>\n","protected":false},"featured_media":47693,"template":"","meta":{"_genesis_hide_title":false,"_genesis_hide_breadcrumbs":false,"_genesis_hide_singular_image":false,"_genesis_hide_footer_widgets":false,"_genesis_custom_body_class":"","_genesis_custom_post_class":"","_genesis_layout":"","episode_type":"","audio_file":"","cover_image":"","cover_image_id":"","duration":"","filesize":"","date_recorded":"","explicit":"","block":"","itunes_episode_number":"","itunes_title":"","itunes_season_number":"","itunes_episode_type":"","filesize_raw":""},"product_cat":[197],"product_tag":[],"class_list":{"0":"post-47748","1":"product","2":"type-product","3":"status-publish","4":"has-post-thumbnail","6":"product_cat-club-formateurs","7":"entry"},"yoast_head":"<!-- This site is optimized with the Yoast SEO plugin v23.9 - https:\/\/yoast.com\/wordpress\/plugins\/seo\/ -->\n<title>Cr\u00e9ez une Pr\u00e9-communication Efficace, un Suivi de Formation et des Microlearnings Engageants avec 7Taps (Version Gratuite) - Eureka - Train the Trainer<\/title>\n<meta name=\"robots\" content=\"index, follow, max-snippet:-1, max-image-preview:large, max-video-preview:-1\" \/>\n<link rel=\"canonical\" href=\"https:\/\/eureka-tp.com\/fr\/product\/cv7taps\/\" \/>\n<meta property=\"og:locale\" content=\"fr_FR\" \/>\n<meta property=\"og:type\" content=\"article\" \/>\n<meta property=\"og:title\" content=\"Cr\u00e9ez une Pr\u00e9-communication Efficace, un Suivi de Formation et des Microlearnings Engageants avec 7Taps (Version Gratuite) - Eureka - Train the Trainer\" \/>\n<meta property=\"og:description\" content=\"REPLAY - Classe Virtuelle anim\u00e9e par Christophe Peger Eureka ! (disponible DANS 72 heures)      Id\u00e9al pour les Formateurs et les Concepteurs P\u00e9dagogiques.       Dans les environnements d&#039;apprentissage actuels, o\u00f9 tout va vite, il est plus crucial que jamais d&#039;engager les apprenants avant, pendant et apr\u00e8s une session de formation.  Cette classe virtuelle de 90 minutes, vous propose des techniques pratiques pour maximiser l&#039;utilisation de la version gratuite de 7Taps \u00e0 chaque \u00e9tape du processus d&#039;apprentissage : de la pr\u00e9 communication (avant formation) interactive \u00e0 la consolidation des concepts avec le suivi, en passant par la cr\u00e9ation de modules de microlearning concis.  7Taps, c\u2019est quoi ? Un outil puissant qui vous permet de cr\u00e9er une pr\u00e9-communication efficace, un suivi de formation engageant et des modules de microlearning impactants !  Programme :   Utilisez\u00a0la version gratuite de 7Taps pour optimiser vos formations.  Impl\u00e9mentez\u00a0des id\u00e9es pour cr\u00e9er une pr\u00e9 communicatin engageante, afin de capter l\u2019attention des apprenants avant la formation.  Explorez\u00a0des strat\u00e9gies pour \u00e9laborer un suivi post-formation engageant, renfor\u00e7ant l&#039;apprentissage et la r\u00e9tention.  Ma\u00eetrisez\u00a0l\u2019utilisation de 7Taps pour g\u00e9n\u00e9rer du microlearning avant la formation, entre 2 classes virtuelles ou 2 micolearnings, afin de maximiser l&#039;impact de vos sessions.  Profitez pleinement\u00a0de la version gratuite de 7Taps pour rendre vos formations plus interactives et efficaces.              .  Notez que cette classe virtuelle est inclue dans l&#039;abonnement de la Communaut\u00e9 des Formateurs Eureka !\u00a0 Si vous \u00eates un.e membre de la Communaut\u00e9 merci de visiter l\u2019espace \u00a0\u00ab Module Mensuel \u00bb.  Pour devenir membre de la Communaut\u00e9 des Formateurs Eureka !\u00a0et b\u00e9n\u00e9ficier de toutes les ressources et des formations de formateurs accessibles aux membres :   Abonnement Annuel https:\/\/eureka-tp.com\/product\/cef-abonnement-annuel\/  Abonnement Mensuel https:\/\/eureka-tp.com\/product\/cef-abonnement-mensuel\/  .\" \/>\n<meta property=\"og:url\" content=\"https:\/\/eureka-tp.com\/fr\/product\/cv7taps\/\" \/>\n<meta property=\"og:site_name\" content=\"Eureka - Train the Trainer\" \/>\n<meta property=\"article:modified_time\" content=\"2025-02-07T07:07:54+00:00\" \/>\n<meta property=\"og:image\" content=\"https:\/\/eureka-tp.com\/wp-content\/uploads\/2024\/11\/7tapslogoformodule.jpg\" \/>\n\t<meta property=\"og:image:width\" content=\"2475\" \/>\n\t<meta property=\"og:image:height\" content=\"2475\" \/>\n\t<meta property=\"og:image:type\" content=\"image\/jpeg\" \/>\n<meta name=\"twitter:label1\" content=\"Est. reading time\" \/>\n\t<meta name=\"twitter:data1\" content=\"1 minute\" \/>\n<script type=\"application\/ld+json\" class=\"yoast-schema-graph\">{\"@context\":\"https:\/\/schema.org\",\"@graph\":[{\"@type\":\"WebPage\",\"@id\":\"https:\/\/eureka-tp.com\/fr\/product\/cv7taps\/\",\"url\":\"https:\/\/eureka-tp.com\/fr\/product\/cv7taps\/\",\"name\":\"Cr\u00e9ez une Pr\u00e9-communication Efficace, un Suivi de Formation et des Microlearnings Engageants avec 7Taps (Version Gratuite) - Eureka - Train the Trainer\",\"isPartOf\":{\"@id\":\"https:\/\/eureka-tp.com\/#website\"},\"primaryImageOfPage\":{\"@id\":\"https:\/\/eureka-tp.com\/fr\/product\/cv7taps\/#primaryimage\"},\"image\":{\"@id\":\"https:\/\/eureka-tp.com\/fr\/product\/cv7taps\/#primaryimage\"},\"thumbnailUrl\":\"https:\/\/eureka-tp.com\/wp-content\/uploads\/2024\/11\/7tapslogoformodule.jpg\",\"datePublished\":\"2024-11-23T06:32:56+00:00\",\"dateModified\":\"2025-02-07T07:07:54+00:00\",\"breadcrumb\":{\"@id\":\"https:\/\/eureka-tp.com\/fr\/product\/cv7taps\/#breadcrumb\"},\"inLanguage\":\"fr-FR\",\"potentialAction\":[{\"@type\":\"ReadAction\",\"target\":[\"https:\/\/eureka-tp.com\/fr\/product\/cv7taps\/\"]}]},{\"@type\":\"ImageObject\",\"inLanguage\":\"fr-FR\",\"@id\":\"https:\/\/eureka-tp.com\/fr\/product\/cv7taps\/#primaryimage\",\"url\":\"https:\/\/eureka-tp.com\/wp-content\/uploads\/2024\/11\/7tapslogoformodule.jpg\",\"contentUrl\":\"https:\/\/eureka-tp.com\/wp-content\/uploads\/2024\/11\/7tapslogoformodule.jpg\",\"width\":2475,\"height\":2475},{\"@type\":\"BreadcrumbList\",\"@id\":\"https:\/\/eureka-tp.com\/fr\/product\/cv7taps\/#breadcrumb\",\"itemListElement\":[{\"@type\":\"ListItem\",\"position\":1,\"name\":\"Home\",\"item\":\"https:\/\/eureka-tp.com\/fr\/\"},{\"@type\":\"ListItem\",\"position\":2,\"name\":\"Cr\u00e9ez une Pr\u00e9-communication Efficace, un Suivi de Formation et des Microlearnings Engageants avec 7Taps (Version Gratuite)\"}]},{\"@type\":\"WebSite\",\"@id\":\"https:\/\/eureka-tp.com\/#website\",\"url\":\"https:\/\/eureka-tp.com\/\",\"name\":\"Eureka - Train the Trainer\",\"description\":\"Training for Trainers\",\"potentialAction\":[{\"@type\":\"SearchAction\",\"target\":{\"@type\":\"EntryPoint\",\"urlTemplate\":\"https:\/\/eureka-tp.com\/?s={search_term_string}\"},\"query-input\":{\"@type\":\"PropertyValueSpecification\",\"valueRequired\":true,\"valueName\":\"search_term_string\"}}],\"inLanguage\":\"fr-FR\"}]}<\/script>\n<!-- \/ Yoast SEO plugin. -->","yoast_head_json":{"title":"Cr\u00e9ez une Pr\u00e9-communication Efficace, un Suivi de Formation et des Microlearnings Engageants avec 7Taps (Version Gratuite) - Eureka - Train the Trainer","robots":{"index":"index","follow":"follow","max-snippet":"max-snippet:-1","max-image-preview":"max-image-preview:large","max-video-preview":"max-video-preview:-1"},"canonical":"https:\/\/eureka-tp.com\/fr\/product\/cv7taps\/","og_locale":"fr_FR","og_type":"article","og_title":"Cr\u00e9ez une Pr\u00e9-communication Efficace, un Suivi de Formation et des Microlearnings Engageants avec 7Taps (Version Gratuite) - Eureka - Train the Trainer","og_description":"REPLAY - Classe Virtuelle anim\u00e9e par Christophe Peger Eureka ! (disponible DANS 72 heures)      Id\u00e9al pour les Formateurs et les Concepteurs P\u00e9dagogiques.       Dans les environnements d'apprentissage actuels, o\u00f9 tout va vite, il est plus crucial que jamais d'engager les apprenants avant, pendant et apr\u00e8s une session de formation.  Cette classe virtuelle de 90 minutes, vous propose des techniques pratiques pour maximiser l'utilisation de la version gratuite de 7Taps \u00e0 chaque \u00e9tape du processus d'apprentissage : de la pr\u00e9 communication (avant formation) interactive \u00e0 la consolidation des concepts avec le suivi, en passant par la cr\u00e9ation de modules de microlearning concis.  7Taps, c\u2019est quoi ? Un outil puissant qui vous permet de cr\u00e9er une pr\u00e9-communication efficace, un suivi de formation engageant et des modules de microlearning impactants !  Programme :   Utilisez\u00a0la version gratuite de 7Taps pour optimiser vos formations.  Impl\u00e9mentez\u00a0des id\u00e9es pour cr\u00e9er une pr\u00e9 communicatin engageante, afin de capter l\u2019attention des apprenants avant la formation.  Explorez\u00a0des strat\u00e9gies pour \u00e9laborer un suivi post-formation engageant, renfor\u00e7ant l'apprentissage et la r\u00e9tention.  Ma\u00eetrisez\u00a0l\u2019utilisation de 7Taps pour g\u00e9n\u00e9rer du microlearning avant la formation, entre 2 classes virtuelles ou 2 micolearnings, afin de maximiser l'impact de vos sessions.  Profitez pleinement\u00a0de la version gratuite de 7Taps pour rendre vos formations plus interactives et efficaces.              .  Notez que cette classe virtuelle est inclue dans l'abonnement de la Communaut\u00e9 des Formateurs Eureka !\u00a0 Si vous \u00eates un.e membre de la Communaut\u00e9 merci de visiter l\u2019espace \u00a0\u00ab Module Mensuel \u00bb.  Pour devenir membre de la Communaut\u00e9 des Formateurs Eureka !\u00a0et b\u00e9n\u00e9ficier de toutes les ressources et des formations de formateurs accessibles aux membres :   Abonnement Annuel https:\/\/eureka-tp.com\/product\/cef-abonnement-annuel\/  Abonnement Mensuel https:\/\/eureka-tp.com\/product\/cef-abonnement-mensuel\/  .","og_url":"https:\/\/eureka-tp.com\/fr\/product\/cv7taps\/","og_site_name":"Eureka - Train the Trainer","article_modified_time":"2025-02-07T07:07:54+00:00","og_image":[{"width":2475,"height":2475,"url":"https:\/\/eureka-tp.com\/wp-content\/uploads\/2024\/11\/7tapslogoformodule.jpg","type":"image\/jpeg"}],"twitter_misc":{"Est. reading time":"1 minute"},"schema":{"@context":"https:\/\/schema.org","@graph":[{"@type":"WebPage","@id":"https:\/\/eureka-tp.com\/fr\/product\/cv7taps\/","url":"https:\/\/eureka-tp.com\/fr\/product\/cv7taps\/","name":"Cr\u00e9ez une Pr\u00e9-communication Efficace, un Suivi de Formation et des Microlearnings Engageants avec 7Taps (Version Gratuite) - Eureka - Train the Trainer","isPartOf":{"@id":"https:\/\/eureka-tp.com\/#website"},"primaryImageOfPage":{"@id":"https:\/\/eureka-tp.com\/fr\/product\/cv7taps\/#primaryimage"},"image":{"@id":"https:\/\/eureka-tp.com\/fr\/product\/cv7taps\/#primaryimage"},"thumbnailUrl":"https:\/\/eureka-tp.com\/wp-content\/uploads\/2024\/11\/7tapslogoformodule.jpg","datePublished":"2024-11-23T06:32:56+00:00","dateModified":"2025-02-07T07:07:54+00:00","breadcrumb":{"@id":"https:\/\/eureka-tp.com\/fr\/product\/cv7taps\/#breadcrumb"},"inLanguage":"fr-FR","potentialAction":[{"@type":"ReadAction","target":["https:\/\/eureka-tp.com\/fr\/product\/cv7taps\/"]}]},{"@type":"ImageObject","inLanguage":"fr-FR","@id":"https:\/\/eureka-tp.com\/fr\/product\/cv7taps\/#primaryimage","url":"https:\/\/eureka-tp.com\/wp-content\/uploads\/2024\/11\/7tapslogoformodule.jpg","contentUrl":"https:\/\/eureka-tp.com\/wp-content\/uploads\/2024\/11\/7tapslogoformodule.jpg","width":2475,"height":2475},{"@type":"BreadcrumbList","@id":"https:\/\/eureka-tp.com\/fr\/product\/cv7taps\/#breadcrumb","itemListElement":[{"@type":"ListItem","position":1,"name":"Home","item":"https:\/\/eureka-tp.com\/fr\/"},{"@type":"ListItem","position":2,"name":"Cr\u00e9ez une Pr\u00e9-communication Efficace, un Suivi de Formation et des Microlearnings Engageants avec 7Taps (Version Gratuite)"}]},{"@type":"WebSite","@id":"https:\/\/eureka-tp.com\/#website","url":"https:\/\/eureka-tp.com\/","name":"Eureka - Train the Trainer","description":"Training for Trainers","potentialAction":[{"@type":"SearchAction","target":{"@type":"EntryPoint","urlTemplate":"https:\/\/eureka-tp.com\/?s={search_term_string}"},"query-input":{"@type":"PropertyValueSpecification","valueRequired":true,"valueName":"search_term_string"}}],"inLanguage":"fr-FR"}]}},"_links":{"self":[{"href":"https:\/\/eureka-tp.com\/fr\/wp-json\/wp\/v2\/product\/47748"}],"collection":[{"href":"https:\/\/eureka-tp.com\/fr\/wp-json\/wp\/v2\/product"}],"about":[{"href":"https:\/\/eureka-tp.com\/fr\/wp-json\/wp\/v2\/types\/product"}],"wp:featuredmedia":[{"embeddable":true,"href":"https:\/\/eureka-tp.com\/fr\/wp-json\/wp\/v2\/media\/47693"}],"wp:attachment":[{"href":"https:\/\/eureka-tp.com\/fr\/wp-json\/wp\/v2\/media?parent=47748"}],"wp:term":[{"taxonomy":"product_cat","embeddable":true,"href":"https:\/\/eureka-tp.com\/fr\/wp-json\/wp\/v2\/product_cat?post=47748"},{"taxonomy":"product_tag","embeddable":true,"href":"https:\/\/eureka-tp.com\/fr\/wp-json\/wp\/v2\/product_tag?post=47748"}],"curies":[{"name":"wp","href":"https:\/\/api.w.org\/{rel}","templated":true}]}}