{"id":48545,"date":"2025-01-10T13:55:39","date_gmt":"2025-01-10T13:55:39","guid":{"rendered":"https:\/\/eureka-tp.com\/?post_type=product&#038;p=48545"},"modified":"2025-02-07T08:08:56","modified_gmt":"2025-02-07T08:08:56","slug":"cvstandup","status":"publish","type":"product","link":"https:\/\/eureka-tp.com\/fr\/product\/cvstandup\/","title":{"rendered":"La Magie de la Technique \u00ab Stand Up \u00bb : Transformez le Contenu Ennuyeux en Moments d&#8217;Apprentissage Forts"},"content":{"rendered":"<div class=\"pbs-main-wrapper\"><\/div>","protected":false},"excerpt":{"rendered":"<div class=\"fl-module fl-module-heading fl-node-3mpvyeqki078\" data-node=\"3mpvyeqki078\">\n<div class=\"fl-module-content fl-node-content\">\n<h2>REPLAY &#8211; <span class=\"fl-heading-text\">Classe Virtuelle anim\u00e9e par Christophe Peger Eureka !<\/span><\/h2>\n<div class=\"fl-module fl-module-rich-text fl-node-9apykesg6xiw\" data-node=\"9apykesg6xiw\">\n<div class=\"fl-module-content fl-node-content\">\n<div class=\"fl-rich-text\">\n<div class=\"fl-module fl-module-heading fl-node-63cdajwrymxq\" data-node=\"63cdajwrymxq\">\n<div class=\"fl-module-content fl-node-content\">\n<div class=\"fl-module fl-module-heading fl-node-63cdajwrymxq\" data-node=\"63cdajwrymxq\">\n<div class=\"fl-module-content fl-node-content\">\n<h2 class=\"fl-heading\" style=\"text-align: left;\"><span class=\"fl-heading-text\">Une activit\u00e9 interactive \u00e0 int\u00e9grer facilement dans votre prochain formation ou pr\u00e9sentation<\/span><\/h2>\n<\/div>\n<\/div>\n<div class=\"fl-module fl-module-rich-text fl-node-9apykesg6xiw\" data-node=\"9apykesg6xiw\">\n<div class=\"fl-module-content fl-node-content\">\n<div class=\"fl-rich-text\">\n<p><strong>Nous avons tous des contenus de formation dits \u00ab non-sexy \u00bb<\/strong>, c&#8217;est-\u00e0-dire per\u00e7us par les apprenants comme difficiles, peu engageants ou ennuyeux.<br \/>\nSouvent, il faut bien l\u2019avouer, ces s\u00e9quences se transforment rapidement en monologues, et les apprenants d\u00e9crochent bien avant la fin de l\u2019expos\u00e9.<\/p>\n<p>Pourtant, des techniques dynamiques, engageantes et impactantes existent.<br \/>\nDans cette classe virtuelle de 75 minutes, je vous invite \u00e0\u00a0<strong>vivre la technique \u00ab Stand Up \u00bb en tant qu\u2019apprenant<\/strong>, avant de la\u00a0<strong>d\u00e9cortiquer en tant que formateur\/trice<\/strong>\u00a0pour trouver des applications concr\u00e8tes dans vos formations.<\/p>\n<p><strong>Vous repartirez avec<\/strong>\u00a0:<\/p>\n<ul>\n<li><strong>Une activit\u00e9 p\u00e9dagogique cl\u00e9 en main<\/strong>, utilisable en pr\u00e9sentiel ou \u00e0 distance, id\u00e9ale pour transmettre des contenus souvent jug\u00e9s peu attractifs ou complexes (l\u00e9gislation, principes, contexte, sp\u00e9cifications produits, jargon technique, etc.).<\/li>\n<li><strong>Des outils pour renforcer l\u2019engagement de vos apprenants<\/strong>, en int\u00e9grant interaction, collaboration, mouvement et curiosit\u00e9.<\/li>\n<li><strong>Une approche innovante<\/strong>\u00a0pour pr\u00e9senter du contenu sans recourir \u00e0 une pr\u00e9sentation classique.<\/li>\n<li><strong>Un guide pratique complet<\/strong>, de A \u00e0 Z, pour concevoir et animer des formations \u00e0 fort impact.<\/li>\n<\/ul>\n<\/div>\n<\/div>\n<\/div>\n<\/div>\n<\/div>\n<\/div>\n<\/div>\n<\/div>\n<\/div>\n<\/div>\n<div class=\"fl-module fl-module-rich-text fl-node-tr4hs2y7gbfo\" data-node=\"tr4hs2y7gbfo\">\n<div class=\"fl-module-content fl-node-content\">\n<div class=\"fl-rich-text\">\n<p><em>.<\/em><\/p>\n<p>Notez que cette classe virtuelle est inclue dans l&#8217;abonnement de la Communaut\u00e9 des Formateurs Eureka !\u00a0 Si vous \u00eates un.e membre de la Communaut\u00e9 merci de visiter l\u2019espace \u00a0<strong>\u00ab Module Mensuel \u00bb<\/strong>.<\/p>\n<p><strong>Pour devenir membre de la Communaut\u00e9 des Formateurs Eureka !<\/strong>\u00a0et b\u00e9n\u00e9ficier de toutes les ressources et des formations de formateurs accessibles aux membres :<\/p>\n<ul>\n<li>Abonnement Annuel <a href=\"https:\/\/eureka-tp.com\/product\/cef-abonnement-annuel\/\" xlink=\"href\">https:\/\/eureka-tp.com\/product\/cef-abonnement-annuel\/<\/a><\/li>\n<li>Abonnement Mensuel <a href=\"https:\/\/eureka-tp.com\/product\/cef-abonnement-mensuel\/\" xlink=\"href\">https:\/\/eureka-tp.com\/product\/cef-abonnement-mensuel\/<\/a><\/li>\n<\/ul>\n<p>.<\/p>\n<\/div>\n<\/div>\n<\/div>\n","protected":false},"featured_media":48539,"template":"","meta":{"_genesis_hide_title":false,"_genesis_hide_breadcrumbs":false,"_genesis_hide_singular_image":false,"_genesis_hide_footer_widgets":false,"_genesis_custom_body_class":"","_genesis_custom_post_class":"","_genesis_layout":"","episode_type":"","audio_file":"","cover_image":"","cover_image_id":"","duration":"","filesize":"","date_recorded":"","explicit":"","block":"","itunes_episode_number":"","itunes_title":"","itunes_season_number":"","itunes_episode_type":"","filesize_raw":""},"product_cat":[197],"product_tag":[],"class_list":{"0":"post-48545","1":"product","2":"type-product","3":"status-publish","4":"has-post-thumbnail","6":"product_cat-club-formateurs","7":"entry"},"yoast_head":"<!-- This site is optimized with the Yoast SEO plugin v23.9 - https:\/\/yoast.com\/wordpress\/plugins\/seo\/ -->\n<title>La Magie de la Technique \u00ab Stand Up \u00bb : Transformez le Contenu Ennuyeux en Moments d&#039;Apprentissage Forts - Eureka - Train the Trainer<\/title>\n<meta name=\"robots\" content=\"index, follow, max-snippet:-1, max-image-preview:large, max-video-preview:-1\" \/>\n<link rel=\"canonical\" href=\"https:\/\/eureka-tp.com\/fr\/product\/cvstandup\/\" \/>\n<meta property=\"og:locale\" content=\"fr_FR\" \/>\n<meta property=\"og:type\" content=\"article\" \/>\n<meta property=\"og:title\" content=\"La Magie de la Technique \u00ab Stand Up \u00bb : Transformez le Contenu Ennuyeux en Moments d&#039;Apprentissage Forts - Eureka - Train the Trainer\" \/>\n<meta property=\"og:description\" content=\"REPLAY - Classe Virtuelle anim\u00e9e par Christophe Peger Eureka !        Une activit\u00e9 interactive \u00e0 int\u00e9grer facilement dans votre prochain formation ou pr\u00e9sentation       Nous avons tous des contenus de formation dits \u00ab non-sexy \u00bb, c&#039;est-\u00e0-dire per\u00e7us par les apprenants comme difficiles, peu engageants ou ennuyeux. Souvent, il faut bien l\u2019avouer, ces s\u00e9quences se transforment rapidement en monologues, et les apprenants d\u00e9crochent bien avant la fin de l\u2019expos\u00e9.  Pourtant, des techniques dynamiques, engageantes et impactantes existent. Dans cette classe virtuelle de 75 minutes, je vous invite \u00e0\u00a0vivre la technique \u00ab Stand Up \u00bb en tant qu\u2019apprenant, avant de la\u00a0d\u00e9cortiquer en tant que formateur\/trice\u00a0pour trouver des applications concr\u00e8tes dans vos formations.  Vous repartirez avec\u00a0:   Une activit\u00e9 p\u00e9dagogique cl\u00e9 en main, utilisable en pr\u00e9sentiel ou \u00e0 distance, id\u00e9ale pour transmettre des contenus souvent jug\u00e9s peu attractifs ou complexes (l\u00e9gislation, principes, contexte, sp\u00e9cifications produits, jargon technique, etc.).  Des outils pour renforcer l\u2019engagement de vos apprenants, en int\u00e9grant interaction, collaboration, mouvement et curiosit\u00e9.  Une approche innovante\u00a0pour pr\u00e9senter du contenu sans recourir \u00e0 une pr\u00e9sentation classique.  Un guide pratique complet, de A \u00e0 Z, pour concevoir et animer des formations \u00e0 fort impact.                .  Notez que cette classe virtuelle est inclue dans l&#039;abonnement de la Communaut\u00e9 des Formateurs Eureka !\u00a0 Si vous \u00eates un.e membre de la Communaut\u00e9 merci de visiter l\u2019espace \u00a0\u00ab Module Mensuel \u00bb.  Pour devenir membre de la Communaut\u00e9 des Formateurs Eureka !\u00a0et b\u00e9n\u00e9ficier de toutes les ressources et des formations de formateurs accessibles aux membres :   Abonnement Annuel https:\/\/eureka-tp.com\/product\/cef-abonnement-annuel\/  Abonnement Mensuel https:\/\/eureka-tp.com\/product\/cef-abonnement-mensuel\/  .\" \/>\n<meta property=\"og:url\" content=\"https:\/\/eureka-tp.com\/fr\/product\/cvstandup\/\" \/>\n<meta property=\"og:site_name\" content=\"Eureka - Train the Trainer\" \/>\n<meta property=\"article:modified_time\" content=\"2025-02-07T08:08:56+00:00\" \/>\n<meta property=\"og:image\" content=\"https:\/\/eureka-tp.com\/wp-content\/uploads\/2025\/01\/IMG6838.jpg\" \/>\n\t<meta property=\"og:image:width\" content=\"1920\" \/>\n\t<meta property=\"og:image:height\" content=\"1440\" \/>\n\t<meta property=\"og:image:type\" content=\"image\/jpeg\" \/>\n<meta name=\"twitter:label1\" content=\"Est. reading time\" \/>\n\t<meta name=\"twitter:data1\" content=\"1 minute\" \/>\n<script type=\"application\/ld+json\" class=\"yoast-schema-graph\">{\"@context\":\"https:\/\/schema.org\",\"@graph\":[{\"@type\":\"WebPage\",\"@id\":\"https:\/\/eureka-tp.com\/fr\/product\/cvstandup\/\",\"url\":\"https:\/\/eureka-tp.com\/fr\/product\/cvstandup\/\",\"name\":\"La Magie de la Technique \u00ab Stand Up \u00bb : Transformez le Contenu Ennuyeux en Moments d'Apprentissage Forts - Eureka - Train the Trainer\",\"isPartOf\":{\"@id\":\"https:\/\/eureka-tp.com\/#website\"},\"primaryImageOfPage\":{\"@id\":\"https:\/\/eureka-tp.com\/fr\/product\/cvstandup\/#primaryimage\"},\"image\":{\"@id\":\"https:\/\/eureka-tp.com\/fr\/product\/cvstandup\/#primaryimage\"},\"thumbnailUrl\":\"https:\/\/eureka-tp.com\/wp-content\/uploads\/2025\/01\/IMG6838.jpg\",\"datePublished\":\"2025-01-10T13:55:39+00:00\",\"dateModified\":\"2025-02-07T08:08:56+00:00\",\"breadcrumb\":{\"@id\":\"https:\/\/eureka-tp.com\/fr\/product\/cvstandup\/#breadcrumb\"},\"inLanguage\":\"fr-FR\",\"potentialAction\":[{\"@type\":\"ReadAction\",\"target\":[\"https:\/\/eureka-tp.com\/fr\/product\/cvstandup\/\"]}]},{\"@type\":\"ImageObject\",\"inLanguage\":\"fr-FR\",\"@id\":\"https:\/\/eureka-tp.com\/fr\/product\/cvstandup\/#primaryimage\",\"url\":\"https:\/\/eureka-tp.com\/wp-content\/uploads\/2025\/01\/IMG6838.jpg\",\"contentUrl\":\"https:\/\/eureka-tp.com\/wp-content\/uploads\/2025\/01\/IMG6838.jpg\",\"width\":1920,\"height\":1440},{\"@type\":\"BreadcrumbList\",\"@id\":\"https:\/\/eureka-tp.com\/fr\/product\/cvstandup\/#breadcrumb\",\"itemListElement\":[{\"@type\":\"ListItem\",\"position\":1,\"name\":\"Home\",\"item\":\"https:\/\/eureka-tp.com\/fr\/\"},{\"@type\":\"ListItem\",\"position\":2,\"name\":\"La Magie de la Technique \u00ab Stand Up \u00bb : Transformez le Contenu Ennuyeux en Moments d&#8217;Apprentissage Forts\"}]},{\"@type\":\"WebSite\",\"@id\":\"https:\/\/eureka-tp.com\/#website\",\"url\":\"https:\/\/eureka-tp.com\/\",\"name\":\"Eureka - Train the Trainer\",\"description\":\"Training for Trainers\",\"potentialAction\":[{\"@type\":\"SearchAction\",\"target\":{\"@type\":\"EntryPoint\",\"urlTemplate\":\"https:\/\/eureka-tp.com\/?s={search_term_string}\"},\"query-input\":{\"@type\":\"PropertyValueSpecification\",\"valueRequired\":true,\"valueName\":\"search_term_string\"}}],\"inLanguage\":\"fr-FR\"}]}<\/script>\n<!-- \/ Yoast SEO plugin. -->","yoast_head_json":{"title":"La Magie de la Technique \u00ab Stand Up \u00bb : Transformez le Contenu Ennuyeux en Moments d'Apprentissage Forts - Eureka - Train the Trainer","robots":{"index":"index","follow":"follow","max-snippet":"max-snippet:-1","max-image-preview":"max-image-preview:large","max-video-preview":"max-video-preview:-1"},"canonical":"https:\/\/eureka-tp.com\/fr\/product\/cvstandup\/","og_locale":"fr_FR","og_type":"article","og_title":"La Magie de la Technique \u00ab Stand Up \u00bb : Transformez le Contenu Ennuyeux en Moments d'Apprentissage Forts - Eureka - Train the Trainer","og_description":"REPLAY - Classe Virtuelle anim\u00e9e par Christophe Peger Eureka !        Une activit\u00e9 interactive \u00e0 int\u00e9grer facilement dans votre prochain formation ou pr\u00e9sentation       Nous avons tous des contenus de formation dits \u00ab non-sexy \u00bb, c'est-\u00e0-dire per\u00e7us par les apprenants comme difficiles, peu engageants ou ennuyeux. Souvent, il faut bien l\u2019avouer, ces s\u00e9quences se transforment rapidement en monologues, et les apprenants d\u00e9crochent bien avant la fin de l\u2019expos\u00e9.  Pourtant, des techniques dynamiques, engageantes et impactantes existent. Dans cette classe virtuelle de 75 minutes, je vous invite \u00e0\u00a0vivre la technique \u00ab Stand Up \u00bb en tant qu\u2019apprenant, avant de la\u00a0d\u00e9cortiquer en tant que formateur\/trice\u00a0pour trouver des applications concr\u00e8tes dans vos formations.  Vous repartirez avec\u00a0:   Une activit\u00e9 p\u00e9dagogique cl\u00e9 en main, utilisable en pr\u00e9sentiel ou \u00e0 distance, id\u00e9ale pour transmettre des contenus souvent jug\u00e9s peu attractifs ou complexes (l\u00e9gislation, principes, contexte, sp\u00e9cifications produits, jargon technique, etc.).  Des outils pour renforcer l\u2019engagement de vos apprenants, en int\u00e9grant interaction, collaboration, mouvement et curiosit\u00e9.  Une approche innovante\u00a0pour pr\u00e9senter du contenu sans recourir \u00e0 une pr\u00e9sentation classique.  Un guide pratique complet, de A \u00e0 Z, pour concevoir et animer des formations \u00e0 fort impact.                .  Notez que cette classe virtuelle est inclue dans l'abonnement de la Communaut\u00e9 des Formateurs Eureka !\u00a0 Si vous \u00eates un.e membre de la Communaut\u00e9 merci de visiter l\u2019espace \u00a0\u00ab Module Mensuel \u00bb.  Pour devenir membre de la Communaut\u00e9 des Formateurs Eureka !\u00a0et b\u00e9n\u00e9ficier de toutes les ressources et des formations de formateurs accessibles aux membres :   Abonnement Annuel https:\/\/eureka-tp.com\/product\/cef-abonnement-annuel\/  Abonnement Mensuel https:\/\/eureka-tp.com\/product\/cef-abonnement-mensuel\/  .","og_url":"https:\/\/eureka-tp.com\/fr\/product\/cvstandup\/","og_site_name":"Eureka - Train the Trainer","article_modified_time":"2025-02-07T08:08:56+00:00","og_image":[{"width":1920,"height":1440,"url":"https:\/\/eureka-tp.com\/wp-content\/uploads\/2025\/01\/IMG6838.jpg","type":"image\/jpeg"}],"twitter_misc":{"Est. reading time":"1 minute"},"schema":{"@context":"https:\/\/schema.org","@graph":[{"@type":"WebPage","@id":"https:\/\/eureka-tp.com\/fr\/product\/cvstandup\/","url":"https:\/\/eureka-tp.com\/fr\/product\/cvstandup\/","name":"La Magie de la Technique \u00ab Stand Up \u00bb : Transformez le Contenu Ennuyeux en Moments d'Apprentissage Forts - Eureka - Train the Trainer","isPartOf":{"@id":"https:\/\/eureka-tp.com\/#website"},"primaryImageOfPage":{"@id":"https:\/\/eureka-tp.com\/fr\/product\/cvstandup\/#primaryimage"},"image":{"@id":"https:\/\/eureka-tp.com\/fr\/product\/cvstandup\/#primaryimage"},"thumbnailUrl":"https:\/\/eureka-tp.com\/wp-content\/uploads\/2025\/01\/IMG6838.jpg","datePublished":"2025-01-10T13:55:39+00:00","dateModified":"2025-02-07T08:08:56+00:00","breadcrumb":{"@id":"https:\/\/eureka-tp.com\/fr\/product\/cvstandup\/#breadcrumb"},"inLanguage":"fr-FR","potentialAction":[{"@type":"ReadAction","target":["https:\/\/eureka-tp.com\/fr\/product\/cvstandup\/"]}]},{"@type":"ImageObject","inLanguage":"fr-FR","@id":"https:\/\/eureka-tp.com\/fr\/product\/cvstandup\/#primaryimage","url":"https:\/\/eureka-tp.com\/wp-content\/uploads\/2025\/01\/IMG6838.jpg","contentUrl":"https:\/\/eureka-tp.com\/wp-content\/uploads\/2025\/01\/IMG6838.jpg","width":1920,"height":1440},{"@type":"BreadcrumbList","@id":"https:\/\/eureka-tp.com\/fr\/product\/cvstandup\/#breadcrumb","itemListElement":[{"@type":"ListItem","position":1,"name":"Home","item":"https:\/\/eureka-tp.com\/fr\/"},{"@type":"ListItem","position":2,"name":"La Magie de la Technique \u00ab Stand Up \u00bb : Transformez le Contenu Ennuyeux en Moments d&#8217;Apprentissage Forts"}]},{"@type":"WebSite","@id":"https:\/\/eureka-tp.com\/#website","url":"https:\/\/eureka-tp.com\/","name":"Eureka - Train the Trainer","description":"Training for Trainers","potentialAction":[{"@type":"SearchAction","target":{"@type":"EntryPoint","urlTemplate":"https:\/\/eureka-tp.com\/?s={search_term_string}"},"query-input":{"@type":"PropertyValueSpecification","valueRequired":true,"valueName":"search_term_string"}}],"inLanguage":"fr-FR"}]}},"_links":{"self":[{"href":"https:\/\/eureka-tp.com\/fr\/wp-json\/wp\/v2\/product\/48545"}],"collection":[{"href":"https:\/\/eureka-tp.com\/fr\/wp-json\/wp\/v2\/product"}],"about":[{"href":"https:\/\/eureka-tp.com\/fr\/wp-json\/wp\/v2\/types\/product"}],"wp:featuredmedia":[{"embeddable":true,"href":"https:\/\/eureka-tp.com\/fr\/wp-json\/wp\/v2\/media\/48539"}],"wp:attachment":[{"href":"https:\/\/eureka-tp.com\/fr\/wp-json\/wp\/v2\/media?parent=48545"}],"wp:term":[{"taxonomy":"product_cat","embeddable":true,"href":"https:\/\/eureka-tp.com\/fr\/wp-json\/wp\/v2\/product_cat?post=48545"},{"taxonomy":"product_tag","embeddable":true,"href":"https:\/\/eureka-tp.com\/fr\/wp-json\/wp\/v2\/product_tag?post=48545"}],"curies":[{"name":"wp","href":"https:\/\/api.w.org\/{rel}","templated":true}]}}