{"id":49386,"date":"2025-02-21T17:06:42","date_gmt":"2025-02-21T17:06:42","guid":{"rendered":"https:\/\/eureka-tp.com\/?post_type=product&#038;p=49386"},"modified":"2025-02-25T07:13:51","modified_gmt":"2025-02-25T07:13:51","slug":"cvenvelops","status":"publish","type":"product","link":"https:\/\/eureka-tp.com\/fr\/product\/cvenvelops\/","title":{"rendered":"Pliez, Scellez, Impliquez"},"content":{"rendered":"<div class=\"pbs-main-wrapper\"><\/div>","protected":false},"excerpt":{"rendered":"<div class=\"fl-module fl-module-heading fl-node-3mpvyeqki078\" data-node=\"3mpvyeqki078\">\n<div class=\"fl-module-content fl-node-content\">\n<h2><span class=\"fl-heading-text\">Classe Virtuelle anim\u00e9e par Christophe Peger Eureka !<\/span><\/h2>\n<div class=\"fl-module fl-module-rich-text fl-node-9apykesg6xiw\" data-node=\"9apykesg6xiw\">\n<div class=\"fl-module-content fl-node-content\">\n<div class=\"fl-rich-text\">\n<div class=\"fl-module fl-module-heading fl-node-63cdajwrymxq\" data-node=\"63cdajwrymxq\">\n<div class=\"fl-module-content fl-node-content\">\n<div class=\"fl-module fl-module-heading fl-node-63cdajwrymxq\" data-node=\"63cdajwrymxq\">\n<div class=\"fl-module-content fl-node-content\">D\u00e9couvrez 21 id\u00e9es originales et captivantes pour int\u00e9grer des enveloppes dans vos formations. Que ce soit pour ajouter un effet de surprise, renforcer des concepts cl\u00e9s ou apporter de la vari\u00e9t\u00e9, ces id\u00e9es d\u2019enveloppes maintiendront vos apprenants pleinement engag\u00e9s. Simples et pratiques, ces solutions ont fait leurs preuves. Vous repartirez avec des approches nouvelles et cr\u00e9atives pour dynamiser l\u2019implication de vos apprenants.<\/div>\n<\/div>\n<div class=\"fl-module fl-module-rich-text fl-node-9apykesg6xiw\" data-node=\"9apykesg6xiw\">\n<div class=\"fl-module-content fl-node-content\">\n<div class=\"fl-rich-text\">\n<p>Attendez-vous \u00e0 repartir avec\u00a0<strong>21 id\u00e9es cr\u00e9atives<\/strong>\u00a0pour int\u00e9grer des enveloppes dans vos formations, incluant (mais pas limit\u00e9 \u00e0) :<\/p>\n<ul>\n<li>Cr\u00e9er un effet de surprise et de curiosit\u00e9.<\/li>\n<li>Introduire de nouveaux contenus de mani\u00e8re diff\u00e9rente.<\/li>\n<li>R\u00e9activer des concepts appris.<\/li>\n<li>Ouvrir une nouvelle sequence de fa\u00e7on interactive.<\/li>\n<li>Utiliser l\u2019enveloppe comme outil de reactivation tout au long de la formation.<\/li>\n<li>Cl\u00f4turer vos formation de fa\u00e7on m\u00e9morable.<\/li>\n<li>Renforcer l\u2019apprentissage post-formation.<\/li>\n<\/ul>\n<\/div>\n<\/div>\n<\/div>\n<\/div>\n<\/div>\n<\/div>\n<\/div>\n<\/div>\n<\/div>\n<\/div>\n<div class=\"fl-module fl-module-rich-text fl-node-tr4hs2y7gbfo\" data-node=\"tr4hs2y7gbfo\">\n<div class=\"fl-module-content fl-node-content\">\n<div class=\"fl-rich-text\">\n<p><em>.<\/em><\/p>\n<p>Notez que cette classe virtuelle est inclue dans l&#8217;abonnement de la Communaut\u00e9 des Formateurs Eureka !\u00a0 Si vous \u00eates un.e membre de la Communaut\u00e9 merci de visiter l\u2019espace \u00a0<strong>\u00ab Module Mensuel \u00bb<\/strong>.<\/p>\n<p><strong>Pour devenir membre de la Communaut\u00e9 des Formateurs Eureka !<\/strong>\u00a0et b\u00e9n\u00e9ficier de toutes les ressources et des formations de formateurs accessibles aux membres :<\/p>\n<ul>\n<li>Abonnement Annuel <a href=\"https:\/\/eureka-tp.com\/product\/cef-abonnement-annuel\/\" xlink=\"href\">https:\/\/eureka-tp.com\/product\/cef-abonnement-annuel\/<\/a><\/li>\n<li>Abonnement Mensuel <a href=\"https:\/\/eureka-tp.com\/product\/cef-abonnement-mensuel\/\" xlink=\"href\">https:\/\/eureka-tp.com\/product\/cef-abonnement-mensuel\/<\/a><\/li>\n<\/ul>\n<p>.<\/p>\n<\/div>\n<\/div>\n<\/div>\n","protected":false},"featured_media":49063,"template":"","meta":{"_genesis_hide_title":false,"_genesis_hide_breadcrumbs":false,"_genesis_hide_singular_image":false,"_genesis_hide_footer_widgets":false,"_genesis_custom_body_class":"","_genesis_custom_post_class":"","_genesis_layout":"","episode_type":"","audio_file":"","cover_image":"","cover_image_id":"","duration":"","filesize":"","date_recorded":"","explicit":"","block":"","itunes_episode_number":"","itunes_title":"","itunes_season_number":"","itunes_episode_type":"","filesize_raw":""},"product_cat":[197],"product_tag":[],"class_list":{"0":"post-49386","1":"product","2":"type-product","3":"status-publish","4":"has-post-thumbnail","6":"product_cat-club-formateurs","7":"entry"},"yoast_head":"<!-- This site is optimized with the Yoast SEO plugin v23.9 - https:\/\/yoast.com\/wordpress\/plugins\/seo\/ -->\n<title>Pliez, Scellez, Impliquez - Eureka - Train the Trainer<\/title>\n<meta name=\"robots\" content=\"index, follow, max-snippet:-1, max-image-preview:large, max-video-preview:-1\" \/>\n<link rel=\"canonical\" href=\"https:\/\/eureka-tp.com\/fr\/product\/cvenvelops\/\" \/>\n<meta property=\"og:locale\" content=\"fr_FR\" \/>\n<meta property=\"og:type\" content=\"article\" \/>\n<meta property=\"og:title\" content=\"Pliez, Scellez, Impliquez - Eureka - Train the Trainer\" \/>\n<meta property=\"og:description\" content=\"Classe Virtuelle anim\u00e9e par Christophe Peger Eureka !       D\u00e9couvrez 21 id\u00e9es originales et captivantes pour int\u00e9grer des enveloppes dans vos formations. Que ce soit pour ajouter un effet de surprise, renforcer des concepts cl\u00e9s ou apporter de la vari\u00e9t\u00e9, ces id\u00e9es d\u2019enveloppes maintiendront vos apprenants pleinement engag\u00e9s. Simples et pratiques, ces solutions ont fait leurs preuves. Vous repartirez avec des approches nouvelles et cr\u00e9atives pour dynamiser l\u2019implication de vos apprenants.      Attendez-vous \u00e0 repartir avec\u00a021 id\u00e9es cr\u00e9atives\u00a0pour int\u00e9grer des enveloppes dans vos formations, incluant (mais pas limit\u00e9 \u00e0) :   Cr\u00e9er un effet de surprise et de curiosit\u00e9.  Introduire de nouveaux contenus de mani\u00e8re diff\u00e9rente.  R\u00e9activer des concepts appris.  Ouvrir une nouvelle sequence de fa\u00e7on interactive.  Utiliser l\u2019enveloppe comme outil de reactivation tout au long de la formation.  Cl\u00f4turer vos formation de fa\u00e7on m\u00e9morable.  Renforcer l\u2019apprentissage post-formation.                .  Notez que cette classe virtuelle est inclue dans l&#039;abonnement de la Communaut\u00e9 des Formateurs Eureka !\u00a0 Si vous \u00eates un.e membre de la Communaut\u00e9 merci de visiter l\u2019espace \u00a0\u00ab Module Mensuel \u00bb.  Pour devenir membre de la Communaut\u00e9 des Formateurs Eureka !\u00a0et b\u00e9n\u00e9ficier de toutes les ressources et des formations de formateurs accessibles aux membres :   Abonnement Annuel https:\/\/eureka-tp.com\/product\/cef-abonnement-annuel\/  Abonnement Mensuel https:\/\/eureka-tp.com\/product\/cef-abonnement-mensuel\/  .\" \/>\n<meta property=\"og:url\" content=\"https:\/\/eureka-tp.com\/fr\/product\/cvenvelops\/\" \/>\n<meta property=\"og:site_name\" content=\"Eureka - Train the Trainer\" \/>\n<meta property=\"article:modified_time\" content=\"2025-02-25T07:13:51+00:00\" \/>\n<meta property=\"og:image\" content=\"https:\/\/eureka-tp.com\/wp-content\/uploads\/2025\/02\/Enveloppe-1.jpg\" \/>\n\t<meta property=\"og:image:width\" content=\"2096\" \/>\n\t<meta property=\"og:image:height\" content=\"1883\" \/>\n\t<meta property=\"og:image:type\" content=\"image\/jpeg\" \/>\n<meta name=\"twitter:label1\" content=\"Est. reading time\" \/>\n\t<meta name=\"twitter:data1\" content=\"1 minute\" \/>\n<script type=\"application\/ld+json\" class=\"yoast-schema-graph\">{\"@context\":\"https:\/\/schema.org\",\"@graph\":[{\"@type\":\"WebPage\",\"@id\":\"https:\/\/eureka-tp.com\/fr\/product\/cvenvelops\/\",\"url\":\"https:\/\/eureka-tp.com\/fr\/product\/cvenvelops\/\",\"name\":\"Pliez, Scellez, Impliquez - Eureka - Train the Trainer\",\"isPartOf\":{\"@id\":\"https:\/\/eureka-tp.com\/#website\"},\"primaryImageOfPage\":{\"@id\":\"https:\/\/eureka-tp.com\/fr\/product\/cvenvelops\/#primaryimage\"},\"image\":{\"@id\":\"https:\/\/eureka-tp.com\/fr\/product\/cvenvelops\/#primaryimage\"},\"thumbnailUrl\":\"https:\/\/eureka-tp.com\/wp-content\/uploads\/2025\/02\/Enveloppe-1.jpg\",\"datePublished\":\"2025-02-21T17:06:42+00:00\",\"dateModified\":\"2025-02-25T07:13:51+00:00\",\"breadcrumb\":{\"@id\":\"https:\/\/eureka-tp.com\/fr\/product\/cvenvelops\/#breadcrumb\"},\"inLanguage\":\"fr-FR\",\"potentialAction\":[{\"@type\":\"ReadAction\",\"target\":[\"https:\/\/eureka-tp.com\/fr\/product\/cvenvelops\/\"]}]},{\"@type\":\"ImageObject\",\"inLanguage\":\"fr-FR\",\"@id\":\"https:\/\/eureka-tp.com\/fr\/product\/cvenvelops\/#primaryimage\",\"url\":\"https:\/\/eureka-tp.com\/wp-content\/uploads\/2025\/02\/Enveloppe-1.jpg\",\"contentUrl\":\"https:\/\/eureka-tp.com\/wp-content\/uploads\/2025\/02\/Enveloppe-1.jpg\",\"width\":2096,\"height\":1883},{\"@type\":\"BreadcrumbList\",\"@id\":\"https:\/\/eureka-tp.com\/fr\/product\/cvenvelops\/#breadcrumb\",\"itemListElement\":[{\"@type\":\"ListItem\",\"position\":1,\"name\":\"Home\",\"item\":\"https:\/\/eureka-tp.com\/fr\/\"},{\"@type\":\"ListItem\",\"position\":2,\"name\":\"Pliez, Scellez, Impliquez\"}]},{\"@type\":\"WebSite\",\"@id\":\"https:\/\/eureka-tp.com\/#website\",\"url\":\"https:\/\/eureka-tp.com\/\",\"name\":\"Eureka - Train the Trainer\",\"description\":\"Training for Trainers\",\"potentialAction\":[{\"@type\":\"SearchAction\",\"target\":{\"@type\":\"EntryPoint\",\"urlTemplate\":\"https:\/\/eureka-tp.com\/?s={search_term_string}\"},\"query-input\":{\"@type\":\"PropertyValueSpecification\",\"valueRequired\":true,\"valueName\":\"search_term_string\"}}],\"inLanguage\":\"fr-FR\"}]}<\/script>\n<!-- \/ Yoast SEO plugin. -->","yoast_head_json":{"title":"Pliez, Scellez, Impliquez - Eureka - Train the Trainer","robots":{"index":"index","follow":"follow","max-snippet":"max-snippet:-1","max-image-preview":"max-image-preview:large","max-video-preview":"max-video-preview:-1"},"canonical":"https:\/\/eureka-tp.com\/fr\/product\/cvenvelops\/","og_locale":"fr_FR","og_type":"article","og_title":"Pliez, Scellez, Impliquez - Eureka - Train the Trainer","og_description":"Classe Virtuelle anim\u00e9e par Christophe Peger Eureka !       D\u00e9couvrez 21 id\u00e9es originales et captivantes pour int\u00e9grer des enveloppes dans vos formations. Que ce soit pour ajouter un effet de surprise, renforcer des concepts cl\u00e9s ou apporter de la vari\u00e9t\u00e9, ces id\u00e9es d\u2019enveloppes maintiendront vos apprenants pleinement engag\u00e9s. Simples et pratiques, ces solutions ont fait leurs preuves. Vous repartirez avec des approches nouvelles et cr\u00e9atives pour dynamiser l\u2019implication de vos apprenants.      Attendez-vous \u00e0 repartir avec\u00a021 id\u00e9es cr\u00e9atives\u00a0pour int\u00e9grer des enveloppes dans vos formations, incluant (mais pas limit\u00e9 \u00e0) :   Cr\u00e9er un effet de surprise et de curiosit\u00e9.  Introduire de nouveaux contenus de mani\u00e8re diff\u00e9rente.  R\u00e9activer des concepts appris.  Ouvrir une nouvelle sequence de fa\u00e7on interactive.  Utiliser l\u2019enveloppe comme outil de reactivation tout au long de la formation.  Cl\u00f4turer vos formation de fa\u00e7on m\u00e9morable.  Renforcer l\u2019apprentissage post-formation.                .  Notez que cette classe virtuelle est inclue dans l'abonnement de la Communaut\u00e9 des Formateurs Eureka !\u00a0 Si vous \u00eates un.e membre de la Communaut\u00e9 merci de visiter l\u2019espace \u00a0\u00ab Module Mensuel \u00bb.  Pour devenir membre de la Communaut\u00e9 des Formateurs Eureka !\u00a0et b\u00e9n\u00e9ficier de toutes les ressources et des formations de formateurs accessibles aux membres :   Abonnement Annuel https:\/\/eureka-tp.com\/product\/cef-abonnement-annuel\/  Abonnement Mensuel https:\/\/eureka-tp.com\/product\/cef-abonnement-mensuel\/  .","og_url":"https:\/\/eureka-tp.com\/fr\/product\/cvenvelops\/","og_site_name":"Eureka - Train the Trainer","article_modified_time":"2025-02-25T07:13:51+00:00","og_image":[{"width":2096,"height":1883,"url":"https:\/\/eureka-tp.com\/wp-content\/uploads\/2025\/02\/Enveloppe-1.jpg","type":"image\/jpeg"}],"twitter_misc":{"Est. reading time":"1 minute"},"schema":{"@context":"https:\/\/schema.org","@graph":[{"@type":"WebPage","@id":"https:\/\/eureka-tp.com\/fr\/product\/cvenvelops\/","url":"https:\/\/eureka-tp.com\/fr\/product\/cvenvelops\/","name":"Pliez, Scellez, Impliquez - Eureka - Train the Trainer","isPartOf":{"@id":"https:\/\/eureka-tp.com\/#website"},"primaryImageOfPage":{"@id":"https:\/\/eureka-tp.com\/fr\/product\/cvenvelops\/#primaryimage"},"image":{"@id":"https:\/\/eureka-tp.com\/fr\/product\/cvenvelops\/#primaryimage"},"thumbnailUrl":"https:\/\/eureka-tp.com\/wp-content\/uploads\/2025\/02\/Enveloppe-1.jpg","datePublished":"2025-02-21T17:06:42+00:00","dateModified":"2025-02-25T07:13:51+00:00","breadcrumb":{"@id":"https:\/\/eureka-tp.com\/fr\/product\/cvenvelops\/#breadcrumb"},"inLanguage":"fr-FR","potentialAction":[{"@type":"ReadAction","target":["https:\/\/eureka-tp.com\/fr\/product\/cvenvelops\/"]}]},{"@type":"ImageObject","inLanguage":"fr-FR","@id":"https:\/\/eureka-tp.com\/fr\/product\/cvenvelops\/#primaryimage","url":"https:\/\/eureka-tp.com\/wp-content\/uploads\/2025\/02\/Enveloppe-1.jpg","contentUrl":"https:\/\/eureka-tp.com\/wp-content\/uploads\/2025\/02\/Enveloppe-1.jpg","width":2096,"height":1883},{"@type":"BreadcrumbList","@id":"https:\/\/eureka-tp.com\/fr\/product\/cvenvelops\/#breadcrumb","itemListElement":[{"@type":"ListItem","position":1,"name":"Home","item":"https:\/\/eureka-tp.com\/fr\/"},{"@type":"ListItem","position":2,"name":"Pliez, Scellez, Impliquez"}]},{"@type":"WebSite","@id":"https:\/\/eureka-tp.com\/#website","url":"https:\/\/eureka-tp.com\/","name":"Eureka - Train the Trainer","description":"Training for Trainers","potentialAction":[{"@type":"SearchAction","target":{"@type":"EntryPoint","urlTemplate":"https:\/\/eureka-tp.com\/?s={search_term_string}"},"query-input":{"@type":"PropertyValueSpecification","valueRequired":true,"valueName":"search_term_string"}}],"inLanguage":"fr-FR"}]}},"_links":{"self":[{"href":"https:\/\/eureka-tp.com\/fr\/wp-json\/wp\/v2\/product\/49386"}],"collection":[{"href":"https:\/\/eureka-tp.com\/fr\/wp-json\/wp\/v2\/product"}],"about":[{"href":"https:\/\/eureka-tp.com\/fr\/wp-json\/wp\/v2\/types\/product"}],"wp:featuredmedia":[{"embeddable":true,"href":"https:\/\/eureka-tp.com\/fr\/wp-json\/wp\/v2\/media\/49063"}],"wp:attachment":[{"href":"https:\/\/eureka-tp.com\/fr\/wp-json\/wp\/v2\/media?parent=49386"}],"wp:term":[{"taxonomy":"product_cat","embeddable":true,"href":"https:\/\/eureka-tp.com\/fr\/wp-json\/wp\/v2\/product_cat?post=49386"},{"taxonomy":"product_tag","embeddable":true,"href":"https:\/\/eureka-tp.com\/fr\/wp-json\/wp\/v2\/product_tag?post=49386"}],"curies":[{"name":"wp","href":"https:\/\/api.w.org\/{rel}","templated":true}]}}