{"id":49388,"date":"2025-02-21T17:12:07","date_gmt":"2025-02-21T17:12:07","guid":{"rendered":"https:\/\/eureka-tp.com\/?post_type=product&#038;p=49388"},"modified":"2025-03-25T12:19:06","modified_gmt":"2025-03-25T12:19:06","slug":"mmmars2025","status":"publish","type":"product","link":"https:\/\/eureka-tp.com\/fr\/product\/mmmars2025\/","title":{"rendered":"REPLAY &#8211; Booster vos formations gr\u00e2ce \u00e0 un s\u00e9quen\u00e7age optimal"},"content":{"rendered":"<div class=\"pbs-main-wrapper\"><\/div>","protected":false},"excerpt":{"rendered":"<div class=\"fl-module fl-module-heading fl-node-3mpvyeqki078\" data-node=\"3mpvyeqki078\">\n<div class=\"fl-module-content fl-node-content\">\n<h2 class=\"fl-heading\"><span class=\"fl-heading-text\">Programme<\/span><span class=\"fl-heading-text\"> anim\u00e9 par Christophe Peger Eureka !<\/span><\/h2>\n<p><strong>Ce module comprend :<\/strong><\/p>\n<div class=\"fl-module fl-module-rich-text fl-node-9apykesg6xiw\" data-node=\"9apykesg6xiw\">\n<div class=\"fl-module-content fl-node-content\">\n<div class=\"fl-rich-text\">\n<div class=\"fl-module fl-module-heading fl-node-63cdajwrymxq\" data-node=\"63cdajwrymxq\">\n<div class=\"fl-module-content fl-node-content\">\n<div class=\"fl-module fl-module-rich-text fl-node-9apykesg6xiw\" data-node=\"9apykesg6xiw\">\n<div class=\"fl-module-content fl-node-content\">\n<div class=\"fl-rich-text\">\n<p>\u2705 <strong>REPLAY Classe Virtuelle<\/strong>, \u00ab Boostez l&#8217;impact de vos formations : une structure cl\u00e9 pour un engagement durable et un apprentissage optimal ! \u00bb &amp; Ressources p\u00e9dagogiques associ\u00e9es.<strong><br \/>\n<\/strong>\u2705 <strong>Module Action(s)<\/strong> pour vous accompagner dans l\u2019application concr\u00e8te des apprentissages r\u00e9alis\u00e9s lors de la Classe Virtuelle comprenant 16 nouvelles activit\u00e9s p\u00e9dagogiques pour ajouter du panache \u00e0 vos s\u00e9quences.<br \/>\n\u2705 <strong>Replay Q\/A <\/strong>pour approfondir encore davantage le sujet.<br \/>\n\u2705 <strong>4 activit\u00e9s p\u00e9dagogique in\u00e9dites pr\u00eates \u00e0 l\u2019emploi <\/strong>\u00e0 inclure dans votre s\u00e9quen\u00e7age.<br \/>\n\u2705 <strong>Episode Podcast<\/strong>.<\/p>\n<\/div>\n<\/div>\n<\/div>\n<\/div>\n<\/div>\n<\/div>\n<\/div>\n<\/div>\n<\/div>\n<\/div>\n<div class=\"fl-module fl-module-rich-text fl-node-tr4hs2y7gbfo\" data-node=\"tr4hs2y7gbfo\">\n<div class=\"fl-module-content fl-node-content\">\n<div class=\"fl-rich-text\">\n<p><em>.<\/em><\/p>\n<p>Notez que cette classe virtuelle est inclue dans l&#8217;abonnement de la Communaut\u00e9 des Formateurs Eureka !\u00a0 Si vous \u00eates un.e membre de la Communaut\u00e9 merci de visiter l\u2019espace \u00a0<strong>\u00ab Module Mensuel \u00bb<\/strong>.<\/p>\n<p><strong>Pour devenir membre de la Communaut\u00e9 des Formateurs Eureka !<\/strong>\u00a0et b\u00e9n\u00e9ficier de toutes les ressources et des formations de formateurs accessibles aux membres :<\/p>\n<ul>\n<li>Abonnement Annuel <a href=\"https:\/\/eureka-tp.com\/product\/cef-abonnement-annuel\/\" xlink=\"href\">https:\/\/eureka-tp.com\/product\/cef-abonnement-annuel\/<\/a><\/li>\n<li>Abonnement Mensuel <a href=\"https:\/\/eureka-tp.com\/product\/cef-abonnement-mensuel\/\" xlink=\"href\">https:\/\/eureka-tp.com\/product\/cef-abonnement-mensuel\/<\/a><\/li>\n<\/ul>\n<p>.<\/p>\n<\/div>\n<\/div>\n<\/div>\n","protected":false},"featured_media":49435,"template":"","meta":{"_genesis_hide_title":false,"_genesis_hide_breadcrumbs":false,"_genesis_hide_singular_image":false,"_genesis_hide_footer_widgets":false,"_genesis_custom_body_class":"","_genesis_custom_post_class":"","_genesis_layout":"","episode_type":"","audio_file":"","cover_image":"","cover_image_id":"","duration":"","filesize":"","date_recorded":"","explicit":"","block":"","itunes_episode_number":"","itunes_title":"","itunes_season_number":"","itunes_episode_type":"","filesize_raw":""},"product_cat":[434],"product_tag":[],"class_list":{"0":"post-49388","1":"product","2":"type-product","3":"status-publish","4":"has-post-thumbnail","6":"product_cat-module-mensuel","7":"entry"},"yoast_head":"<!-- This site is optimized with the Yoast SEO plugin v23.9 - https:\/\/yoast.com\/wordpress\/plugins\/seo\/ -->\n<title>REPLAY - Booster vos formations gr\u00e2ce \u00e0 un s\u00e9quen\u00e7age optimal - Eureka - Train the Trainer<\/title>\n<meta name=\"robots\" content=\"index, follow, max-snippet:-1, max-image-preview:large, max-video-preview:-1\" \/>\n<link rel=\"canonical\" href=\"https:\/\/eureka-tp.com\/fr\/product\/mmmars2025\/\" \/>\n<meta property=\"og:locale\" content=\"fr_FR\" \/>\n<meta property=\"og:type\" content=\"article\" \/>\n<meta property=\"og:title\" content=\"REPLAY - Booster vos formations gr\u00e2ce \u00e0 un s\u00e9quen\u00e7age optimal - Eureka - Train the Trainer\" \/>\n<meta property=\"og:description\" content=\"Programme anim\u00e9 par Christophe Peger Eureka ! Ce module comprend :          \u2705 REPLAY Classe Virtuelle, \u00ab Boostez l&#039;impact de vos formations : une structure cl\u00e9 pour un engagement durable et un apprentissage optimal ! \u00bb &amp; Ressources p\u00e9dagogiques associ\u00e9es. \u2705 Module Action(s) pour vous accompagner dans l\u2019application concr\u00e8te des apprentissages r\u00e9alis\u00e9s lors de la Classe Virtuelle comprenant 16 nouvelles activit\u00e9s p\u00e9dagogiques pour ajouter du panache \u00e0 vos s\u00e9quences. \u2705 Replay Q\/A pour approfondir encore davantage le sujet. \u2705 4 activit\u00e9s p\u00e9dagogique in\u00e9dites pr\u00eates \u00e0 l\u2019emploi \u00e0 inclure dans votre s\u00e9quen\u00e7age. \u2705 Episode Podcast.                .  Notez que cette classe virtuelle est inclue dans l&#039;abonnement de la Communaut\u00e9 des Formateurs Eureka !\u00a0 Si vous \u00eates un.e membre de la Communaut\u00e9 merci de visiter l\u2019espace \u00a0\u00ab Module Mensuel \u00bb.  Pour devenir membre de la Communaut\u00e9 des Formateurs Eureka !\u00a0et b\u00e9n\u00e9ficier de toutes les ressources et des formations de formateurs accessibles aux membres :   Abonnement Annuel https:\/\/eureka-tp.com\/product\/cef-abonnement-annuel\/  Abonnement Mensuel https:\/\/eureka-tp.com\/product\/cef-abonnement-mensuel\/  .\" \/>\n<meta property=\"og:url\" content=\"https:\/\/eureka-tp.com\/fr\/product\/mmmars2025\/\" \/>\n<meta property=\"og:site_name\" content=\"Eureka - Train the Trainer\" \/>\n<meta property=\"article:modified_time\" content=\"2025-03-25T12:19:06+00:00\" \/>\n<meta property=\"og:image\" content=\"https:\/\/eureka-tp.com\/wp-content\/uploads\/2025\/02\/PhotoCV.jpg\" \/>\n\t<meta property=\"og:image:width\" content=\"805\" \/>\n\t<meta property=\"og:image:height\" content=\"451\" \/>\n\t<meta property=\"og:image:type\" content=\"image\/jpeg\" \/>\n<meta name=\"twitter:label1\" content=\"Est. reading time\" \/>\n\t<meta name=\"twitter:data1\" content=\"1 minute\" \/>\n<script type=\"application\/ld+json\" class=\"yoast-schema-graph\">{\"@context\":\"https:\/\/schema.org\",\"@graph\":[{\"@type\":\"WebPage\",\"@id\":\"https:\/\/eureka-tp.com\/fr\/product\/mmmars2025\/\",\"url\":\"https:\/\/eureka-tp.com\/fr\/product\/mmmars2025\/\",\"name\":\"REPLAY - Booster vos formations gr\u00e2ce \u00e0 un s\u00e9quen\u00e7age optimal - Eureka - Train the Trainer\",\"isPartOf\":{\"@id\":\"https:\/\/eureka-tp.com\/#website\"},\"primaryImageOfPage\":{\"@id\":\"https:\/\/eureka-tp.com\/fr\/product\/mmmars2025\/#primaryimage\"},\"image\":{\"@id\":\"https:\/\/eureka-tp.com\/fr\/product\/mmmars2025\/#primaryimage\"},\"thumbnailUrl\":\"https:\/\/eureka-tp.com\/wp-content\/uploads\/2025\/02\/PhotoCV.jpg\",\"datePublished\":\"2025-02-21T17:12:07+00:00\",\"dateModified\":\"2025-03-25T12:19:06+00:00\",\"breadcrumb\":{\"@id\":\"https:\/\/eureka-tp.com\/fr\/product\/mmmars2025\/#breadcrumb\"},\"inLanguage\":\"fr-FR\",\"potentialAction\":[{\"@type\":\"ReadAction\",\"target\":[\"https:\/\/eureka-tp.com\/fr\/product\/mmmars2025\/\"]}]},{\"@type\":\"ImageObject\",\"inLanguage\":\"fr-FR\",\"@id\":\"https:\/\/eureka-tp.com\/fr\/product\/mmmars2025\/#primaryimage\",\"url\":\"https:\/\/eureka-tp.com\/wp-content\/uploads\/2025\/02\/PhotoCV.jpg\",\"contentUrl\":\"https:\/\/eureka-tp.com\/wp-content\/uploads\/2025\/02\/PhotoCV.jpg\",\"width\":805,\"height\":451},{\"@type\":\"BreadcrumbList\",\"@id\":\"https:\/\/eureka-tp.com\/fr\/product\/mmmars2025\/#breadcrumb\",\"itemListElement\":[{\"@type\":\"ListItem\",\"position\":1,\"name\":\"Home\",\"item\":\"https:\/\/eureka-tp.com\/fr\/\"},{\"@type\":\"ListItem\",\"position\":2,\"name\":\"REPLAY &#8211; Booster vos formations gr\u00e2ce \u00e0 un s\u00e9quen\u00e7age optimal\"}]},{\"@type\":\"WebSite\",\"@id\":\"https:\/\/eureka-tp.com\/#website\",\"url\":\"https:\/\/eureka-tp.com\/\",\"name\":\"Eureka - Train the Trainer\",\"description\":\"Training for Trainers\",\"potentialAction\":[{\"@type\":\"SearchAction\",\"target\":{\"@type\":\"EntryPoint\",\"urlTemplate\":\"https:\/\/eureka-tp.com\/?s={search_term_string}\"},\"query-input\":{\"@type\":\"PropertyValueSpecification\",\"valueRequired\":true,\"valueName\":\"search_term_string\"}}],\"inLanguage\":\"fr-FR\"}]}<\/script>\n<!-- \/ Yoast SEO plugin. -->","yoast_head_json":{"title":"REPLAY - Booster vos formations gr\u00e2ce \u00e0 un s\u00e9quen\u00e7age optimal - Eureka - Train the Trainer","robots":{"index":"index","follow":"follow","max-snippet":"max-snippet:-1","max-image-preview":"max-image-preview:large","max-video-preview":"max-video-preview:-1"},"canonical":"https:\/\/eureka-tp.com\/fr\/product\/mmmars2025\/","og_locale":"fr_FR","og_type":"article","og_title":"REPLAY - Booster vos formations gr\u00e2ce \u00e0 un s\u00e9quen\u00e7age optimal - Eureka - Train the Trainer","og_description":"Programme anim\u00e9 par Christophe Peger Eureka ! Ce module comprend :          \u2705 REPLAY Classe Virtuelle, \u00ab Boostez l'impact de vos formations : une structure cl\u00e9 pour un engagement durable et un apprentissage optimal ! \u00bb &amp; Ressources p\u00e9dagogiques associ\u00e9es. \u2705 Module Action(s) pour vous accompagner dans l\u2019application concr\u00e8te des apprentissages r\u00e9alis\u00e9s lors de la Classe Virtuelle comprenant 16 nouvelles activit\u00e9s p\u00e9dagogiques pour ajouter du panache \u00e0 vos s\u00e9quences. \u2705 Replay Q\/A pour approfondir encore davantage le sujet. \u2705 4 activit\u00e9s p\u00e9dagogique in\u00e9dites pr\u00eates \u00e0 l\u2019emploi \u00e0 inclure dans votre s\u00e9quen\u00e7age. \u2705 Episode Podcast.                .  Notez que cette classe virtuelle est inclue dans l'abonnement de la Communaut\u00e9 des Formateurs Eureka !\u00a0 Si vous \u00eates un.e membre de la Communaut\u00e9 merci de visiter l\u2019espace \u00a0\u00ab Module Mensuel \u00bb.  Pour devenir membre de la Communaut\u00e9 des Formateurs Eureka !\u00a0et b\u00e9n\u00e9ficier de toutes les ressources et des formations de formateurs accessibles aux membres :   Abonnement Annuel https:\/\/eureka-tp.com\/product\/cef-abonnement-annuel\/  Abonnement Mensuel https:\/\/eureka-tp.com\/product\/cef-abonnement-mensuel\/  .","og_url":"https:\/\/eureka-tp.com\/fr\/product\/mmmars2025\/","og_site_name":"Eureka - Train the Trainer","article_modified_time":"2025-03-25T12:19:06+00:00","og_image":[{"width":805,"height":451,"url":"https:\/\/eureka-tp.com\/wp-content\/uploads\/2025\/02\/PhotoCV.jpg","type":"image\/jpeg"}],"twitter_misc":{"Est. reading time":"1 minute"},"schema":{"@context":"https:\/\/schema.org","@graph":[{"@type":"WebPage","@id":"https:\/\/eureka-tp.com\/fr\/product\/mmmars2025\/","url":"https:\/\/eureka-tp.com\/fr\/product\/mmmars2025\/","name":"REPLAY - Booster vos formations gr\u00e2ce \u00e0 un s\u00e9quen\u00e7age optimal - Eureka - Train the Trainer","isPartOf":{"@id":"https:\/\/eureka-tp.com\/#website"},"primaryImageOfPage":{"@id":"https:\/\/eureka-tp.com\/fr\/product\/mmmars2025\/#primaryimage"},"image":{"@id":"https:\/\/eureka-tp.com\/fr\/product\/mmmars2025\/#primaryimage"},"thumbnailUrl":"https:\/\/eureka-tp.com\/wp-content\/uploads\/2025\/02\/PhotoCV.jpg","datePublished":"2025-02-21T17:12:07+00:00","dateModified":"2025-03-25T12:19:06+00:00","breadcrumb":{"@id":"https:\/\/eureka-tp.com\/fr\/product\/mmmars2025\/#breadcrumb"},"inLanguage":"fr-FR","potentialAction":[{"@type":"ReadAction","target":["https:\/\/eureka-tp.com\/fr\/product\/mmmars2025\/"]}]},{"@type":"ImageObject","inLanguage":"fr-FR","@id":"https:\/\/eureka-tp.com\/fr\/product\/mmmars2025\/#primaryimage","url":"https:\/\/eureka-tp.com\/wp-content\/uploads\/2025\/02\/PhotoCV.jpg","contentUrl":"https:\/\/eureka-tp.com\/wp-content\/uploads\/2025\/02\/PhotoCV.jpg","width":805,"height":451},{"@type":"BreadcrumbList","@id":"https:\/\/eureka-tp.com\/fr\/product\/mmmars2025\/#breadcrumb","itemListElement":[{"@type":"ListItem","position":1,"name":"Home","item":"https:\/\/eureka-tp.com\/fr\/"},{"@type":"ListItem","position":2,"name":"REPLAY &#8211; Booster vos formations gr\u00e2ce \u00e0 un s\u00e9quen\u00e7age optimal"}]},{"@type":"WebSite","@id":"https:\/\/eureka-tp.com\/#website","url":"https:\/\/eureka-tp.com\/","name":"Eureka - Train the Trainer","description":"Training for Trainers","potentialAction":[{"@type":"SearchAction","target":{"@type":"EntryPoint","urlTemplate":"https:\/\/eureka-tp.com\/?s={search_term_string}"},"query-input":{"@type":"PropertyValueSpecification","valueRequired":true,"valueName":"search_term_string"}}],"inLanguage":"fr-FR"}]}},"_links":{"self":[{"href":"https:\/\/eureka-tp.com\/fr\/wp-json\/wp\/v2\/product\/49388"}],"collection":[{"href":"https:\/\/eureka-tp.com\/fr\/wp-json\/wp\/v2\/product"}],"about":[{"href":"https:\/\/eureka-tp.com\/fr\/wp-json\/wp\/v2\/types\/product"}],"wp:featuredmedia":[{"embeddable":true,"href":"https:\/\/eureka-tp.com\/fr\/wp-json\/wp\/v2\/media\/49435"}],"wp:attachment":[{"href":"https:\/\/eureka-tp.com\/fr\/wp-json\/wp\/v2\/media?parent=49388"}],"wp:term":[{"taxonomy":"product_cat","embeddable":true,"href":"https:\/\/eureka-tp.com\/fr\/wp-json\/wp\/v2\/product_cat?post=49388"},{"taxonomy":"product_tag","embeddable":true,"href":"https:\/\/eureka-tp.com\/fr\/wp-json\/wp\/v2\/product_tag?post=49388"}],"curies":[{"name":"wp","href":"https:\/\/api.w.org\/{rel}","templated":true}]}}