{"id":52987,"date":"2025-09-22T10:55:01","date_gmt":"2025-09-22T09:55:01","guid":{"rendered":"https:\/\/eureka-tp.com\/?post_type=product&#038;p=52987"},"modified":"2025-10-29T14:21:27","modified_gmt":"2025-10-29T14:21:27","slug":"seformerentravaillant","status":"publish","type":"product","link":"https:\/\/eureka-tp.com\/fr\/product\/seformerentravaillant\/","title":{"rendered":"Se former en travaillant"},"content":{"rendered":"<div class=\"pbs-main-wrapper\"><\/div>","protected":false},"excerpt":{"rendered":"<div class=\"fl-module fl-module-heading fl-node-3mpvyeqki078\" data-node=\"3mpvyeqki078\">\n<div class=\"fl-module-content fl-node-content\">\n<h2 class=\"fl-heading\"><span class=\"fl-heading-text\">REPLAY ONLY Ancrer l\u2019apprentissage dans l\u2019activit\u00e9 quotidienne <\/span><span style=\"font-size: 16px;\">anim\u00e9 par Christophe Peger Eureka !<\/span><\/h2>\n<div class=\"fl-module fl-module-rich-text fl-node-9apykesg6xiw\" data-node=\"9apykesg6xiw\">\n<div class=\"fl-module-content fl-node-content\">\n<div class=\"fl-rich-text\">\n<div class=\"fl-module fl-module-heading fl-node-63cdajwrymxq\" data-node=\"63cdajwrymxq\">\n<div class=\"fl-module-content fl-node-content\">\n<div class=\"fl-module fl-module-rich-text fl-node-9apykesg6xiw\" data-node=\"9apykesg6xiw\">\n<div class=\"fl-module-content fl-node-content\">\n<div class=\"fl-rich-text\">\n<p>\u2705 Classe Virtuelle, <strong><span class=\"fl-heading-text\">\u00a0<\/span><\/strong><em><span class=\"fl-heading-text\">(Replay)<\/span><\/em><span class=\"fl-heading-text\"><br \/>\n<\/span>\u2705 <strong>Module Action(s)<\/strong> pour vous accompagner dans l\u2019application concr\u00e8te des apprentissages r\u00e9alis\u00e9s lors de la Classe Virtuelle.<br \/>\n\u2705\u00a0<strong>Gagnant-Gagnant avec 4 activit\u00e9s, techniques ou suggestions<\/strong>\u00a0en lien direct avec la th\u00e9matique (du gagnant-gagnant, toujours !).<br \/>\n\u2705 Un\u00a0<strong>\u00e9pisode de podcast<\/strong>\u00a0sp\u00e9cialement con\u00e7u sur le sujet du mois.<\/p>\n<\/div>\n<\/div>\n<\/div>\n<\/div>\n<\/div>\n<\/div>\n<\/div>\n<\/div>\n<\/div>\n<\/div>\n<div class=\"fl-module fl-module-rich-text fl-node-tr4hs2y7gbfo\" data-node=\"tr4hs2y7gbfo\">\n<div class=\"fl-module-content fl-node-content\">\n<div class=\"fl-rich-text\">\n<p><em>.<\/em><\/p>\n<p><strong>Notez que cette classe virtuelle est inclue dans l&#8217;abonnement de la Communaut\u00e9 des Formateurs Eureka !<\/strong>\u00a0 Si vous \u00eates un.e membre de la Communaut\u00e9 merci de visiter l\u2019espace \u00a0<strong>\u00ab Module Mensuel \u00bb<\/strong>.<\/p>\n<p><strong>Pour devenir membre de la Communaut\u00e9 des Formateurs Eureka !<\/strong>\u00a0et b\u00e9n\u00e9ficier de toutes les ressources et des formations de formateurs accessibles aux membres :<\/p>\n<ul>\n<li>Abonnement Annuel <a href=\"https:\/\/eureka-tp.com\/product\/cef-abonnement-annuel\/\" xlink=\"href\">https:\/\/eureka-tp.com\/product\/cef-abonnement-annuel\/<\/a><\/li>\n<li>Abonnement Mensuel <a href=\"https:\/\/eureka-tp.com\/product\/cef-abonnement-mensuel\/\" xlink=\"href\">https:\/\/eureka-tp.com\/product\/cef-abonnement-mensuel\/<\/a><\/li>\n<\/ul>\n<p>.<\/p>\n<\/div>\n<\/div>\n<\/div>\n","protected":false},"featured_media":52771,"template":"","meta":{"_genesis_hide_title":false,"_genesis_hide_breadcrumbs":false,"_genesis_hide_singular_image":false,"_genesis_hide_footer_widgets":false,"_genesis_custom_body_class":"","_genesis_custom_post_class":"","_genesis_layout":"","episode_type":"","audio_file":"","cover_image":"","cover_image_id":"","duration":"","filesize":"","date_recorded":"","explicit":"","block":"","itunes_episode_number":"","itunes_title":"","itunes_season_number":"","itunes_episode_type":"","filesize_raw":""},"product_cat":[434],"product_tag":[],"class_list":{"0":"post-52987","1":"product","2":"type-product","3":"status-publish","4":"has-post-thumbnail","6":"product_cat-module-mensuel","7":"entry"},"yoast_head":"<!-- This site is optimized with the Yoast SEO plugin v23.9 - https:\/\/yoast.com\/wordpress\/plugins\/seo\/ -->\n<title>Se former en travaillant - Eureka - Train the Trainer<\/title>\n<meta name=\"robots\" content=\"index, follow, max-snippet:-1, max-image-preview:large, max-video-preview:-1\" \/>\n<link rel=\"canonical\" href=\"https:\/\/eureka-tp.com\/fr\/product\/seformerentravaillant\/\" \/>\n<meta property=\"og:locale\" content=\"fr_FR\" \/>\n<meta property=\"og:type\" content=\"article\" \/>\n<meta property=\"og:title\" content=\"Se former en travaillant - Eureka - Train the Trainer\" \/>\n<meta property=\"og:description\" content=\"REPLAY ONLY Ancrer l\u2019apprentissage dans l\u2019activit\u00e9 quotidienne anim\u00e9 par Christophe Peger Eureka !          \u2705 Classe Virtuelle, \u00a0(Replay) \u2705 Module Action(s) pour vous accompagner dans l\u2019application concr\u00e8te des apprentissages r\u00e9alis\u00e9s lors de la Classe Virtuelle. \u2705\u00a0Gagnant-Gagnant avec 4 activit\u00e9s, techniques ou suggestions\u00a0en lien direct avec la th\u00e9matique (du gagnant-gagnant, toujours !). \u2705 Un\u00a0\u00e9pisode de podcast\u00a0sp\u00e9cialement con\u00e7u sur le sujet du mois.                .  Notez que cette classe virtuelle est inclue dans l&#039;abonnement de la Communaut\u00e9 des Formateurs Eureka !\u00a0 Si vous \u00eates un.e membre de la Communaut\u00e9 merci de visiter l\u2019espace \u00a0\u00ab Module Mensuel \u00bb.  Pour devenir membre de la Communaut\u00e9 des Formateurs Eureka !\u00a0et b\u00e9n\u00e9ficier de toutes les ressources et des formations de formateurs accessibles aux membres :   Abonnement Annuel https:\/\/eureka-tp.com\/product\/cef-abonnement-annuel\/  Abonnement Mensuel https:\/\/eureka-tp.com\/product\/cef-abonnement-mensuel\/  .\" \/>\n<meta property=\"og:url\" content=\"https:\/\/eureka-tp.com\/fr\/product\/seformerentravaillant\/\" \/>\n<meta property=\"og:site_name\" content=\"Eureka - Train the Trainer\" \/>\n<meta property=\"article:modified_time\" content=\"2025-10-29T14:21:27+00:00\" \/>\n<meta property=\"og:image\" content=\"https:\/\/eureka-tp.com\/wp-content\/uploads\/2025\/09\/WorkflowLearning-Logo.jpg\" \/>\n\t<meta property=\"og:image:width\" content=\"1013\" \/>\n\t<meta property=\"og:image:height\" content=\"737\" \/>\n\t<meta property=\"og:image:type\" content=\"image\/jpeg\" \/>\n<meta name=\"twitter:label1\" content=\"Est. reading time\" \/>\n\t<meta name=\"twitter:data1\" content=\"1 minute\" \/>\n<script type=\"application\/ld+json\" class=\"yoast-schema-graph\">{\"@context\":\"https:\/\/schema.org\",\"@graph\":[{\"@type\":\"WebPage\",\"@id\":\"https:\/\/eureka-tp.com\/fr\/product\/seformerentravaillant\/\",\"url\":\"https:\/\/eureka-tp.com\/fr\/product\/seformerentravaillant\/\",\"name\":\"Se former en travaillant - Eureka - Train the Trainer\",\"isPartOf\":{\"@id\":\"https:\/\/eureka-tp.com\/#website\"},\"primaryImageOfPage\":{\"@id\":\"https:\/\/eureka-tp.com\/fr\/product\/seformerentravaillant\/#primaryimage\"},\"image\":{\"@id\":\"https:\/\/eureka-tp.com\/fr\/product\/seformerentravaillant\/#primaryimage\"},\"thumbnailUrl\":\"https:\/\/eureka-tp.com\/wp-content\/uploads\/2025\/09\/WorkflowLearning-Logo.jpg\",\"datePublished\":\"2025-09-22T09:55:01+00:00\",\"dateModified\":\"2025-10-29T14:21:27+00:00\",\"breadcrumb\":{\"@id\":\"https:\/\/eureka-tp.com\/fr\/product\/seformerentravaillant\/#breadcrumb\"},\"inLanguage\":\"fr-FR\",\"potentialAction\":[{\"@type\":\"ReadAction\",\"target\":[\"https:\/\/eureka-tp.com\/fr\/product\/seformerentravaillant\/\"]}]},{\"@type\":\"ImageObject\",\"inLanguage\":\"fr-FR\",\"@id\":\"https:\/\/eureka-tp.com\/fr\/product\/seformerentravaillant\/#primaryimage\",\"url\":\"https:\/\/eureka-tp.com\/wp-content\/uploads\/2025\/09\/WorkflowLearning-Logo.jpg\",\"contentUrl\":\"https:\/\/eureka-tp.com\/wp-content\/uploads\/2025\/09\/WorkflowLearning-Logo.jpg\",\"width\":1013,\"height\":737},{\"@type\":\"BreadcrumbList\",\"@id\":\"https:\/\/eureka-tp.com\/fr\/product\/seformerentravaillant\/#breadcrumb\",\"itemListElement\":[{\"@type\":\"ListItem\",\"position\":1,\"name\":\"Home\",\"item\":\"https:\/\/eureka-tp.com\/fr\/\"},{\"@type\":\"ListItem\",\"position\":2,\"name\":\"Se former en travaillant\"}]},{\"@type\":\"WebSite\",\"@id\":\"https:\/\/eureka-tp.com\/#website\",\"url\":\"https:\/\/eureka-tp.com\/\",\"name\":\"Eureka - Train the Trainer\",\"description\":\"Training for Trainers\",\"potentialAction\":[{\"@type\":\"SearchAction\",\"target\":{\"@type\":\"EntryPoint\",\"urlTemplate\":\"https:\/\/eureka-tp.com\/?s={search_term_string}\"},\"query-input\":{\"@type\":\"PropertyValueSpecification\",\"valueRequired\":true,\"valueName\":\"search_term_string\"}}],\"inLanguage\":\"fr-FR\"}]}<\/script>\n<!-- \/ Yoast SEO plugin. -->","yoast_head_json":{"title":"Se former en travaillant - Eureka - Train the Trainer","robots":{"index":"index","follow":"follow","max-snippet":"max-snippet:-1","max-image-preview":"max-image-preview:large","max-video-preview":"max-video-preview:-1"},"canonical":"https:\/\/eureka-tp.com\/fr\/product\/seformerentravaillant\/","og_locale":"fr_FR","og_type":"article","og_title":"Se former en travaillant - Eureka - Train the Trainer","og_description":"REPLAY ONLY Ancrer l\u2019apprentissage dans l\u2019activit\u00e9 quotidienne anim\u00e9 par Christophe Peger Eureka !          \u2705 Classe Virtuelle, \u00a0(Replay) \u2705 Module Action(s) pour vous accompagner dans l\u2019application concr\u00e8te des apprentissages r\u00e9alis\u00e9s lors de la Classe Virtuelle. \u2705\u00a0Gagnant-Gagnant avec 4 activit\u00e9s, techniques ou suggestions\u00a0en lien direct avec la th\u00e9matique (du gagnant-gagnant, toujours !). \u2705 Un\u00a0\u00e9pisode de podcast\u00a0sp\u00e9cialement con\u00e7u sur le sujet du mois.                .  Notez que cette classe virtuelle est inclue dans l'abonnement de la Communaut\u00e9 des Formateurs Eureka !\u00a0 Si vous \u00eates un.e membre de la Communaut\u00e9 merci de visiter l\u2019espace \u00a0\u00ab Module Mensuel \u00bb.  Pour devenir membre de la Communaut\u00e9 des Formateurs Eureka !\u00a0et b\u00e9n\u00e9ficier de toutes les ressources et des formations de formateurs accessibles aux membres :   Abonnement Annuel https:\/\/eureka-tp.com\/product\/cef-abonnement-annuel\/  Abonnement Mensuel https:\/\/eureka-tp.com\/product\/cef-abonnement-mensuel\/  .","og_url":"https:\/\/eureka-tp.com\/fr\/product\/seformerentravaillant\/","og_site_name":"Eureka - Train the Trainer","article_modified_time":"2025-10-29T14:21:27+00:00","og_image":[{"width":1013,"height":737,"url":"https:\/\/eureka-tp.com\/wp-content\/uploads\/2025\/09\/WorkflowLearning-Logo.jpg","type":"image\/jpeg"}],"twitter_misc":{"Est. reading time":"1 minute"},"schema":{"@context":"https:\/\/schema.org","@graph":[{"@type":"WebPage","@id":"https:\/\/eureka-tp.com\/fr\/product\/seformerentravaillant\/","url":"https:\/\/eureka-tp.com\/fr\/product\/seformerentravaillant\/","name":"Se former en travaillant - Eureka - Train the Trainer","isPartOf":{"@id":"https:\/\/eureka-tp.com\/#website"},"primaryImageOfPage":{"@id":"https:\/\/eureka-tp.com\/fr\/product\/seformerentravaillant\/#primaryimage"},"image":{"@id":"https:\/\/eureka-tp.com\/fr\/product\/seformerentravaillant\/#primaryimage"},"thumbnailUrl":"https:\/\/eureka-tp.com\/wp-content\/uploads\/2025\/09\/WorkflowLearning-Logo.jpg","datePublished":"2025-09-22T09:55:01+00:00","dateModified":"2025-10-29T14:21:27+00:00","breadcrumb":{"@id":"https:\/\/eureka-tp.com\/fr\/product\/seformerentravaillant\/#breadcrumb"},"inLanguage":"fr-FR","potentialAction":[{"@type":"ReadAction","target":["https:\/\/eureka-tp.com\/fr\/product\/seformerentravaillant\/"]}]},{"@type":"ImageObject","inLanguage":"fr-FR","@id":"https:\/\/eureka-tp.com\/fr\/product\/seformerentravaillant\/#primaryimage","url":"https:\/\/eureka-tp.com\/wp-content\/uploads\/2025\/09\/WorkflowLearning-Logo.jpg","contentUrl":"https:\/\/eureka-tp.com\/wp-content\/uploads\/2025\/09\/WorkflowLearning-Logo.jpg","width":1013,"height":737},{"@type":"BreadcrumbList","@id":"https:\/\/eureka-tp.com\/fr\/product\/seformerentravaillant\/#breadcrumb","itemListElement":[{"@type":"ListItem","position":1,"name":"Home","item":"https:\/\/eureka-tp.com\/fr\/"},{"@type":"ListItem","position":2,"name":"Se former en travaillant"}]},{"@type":"WebSite","@id":"https:\/\/eureka-tp.com\/#website","url":"https:\/\/eureka-tp.com\/","name":"Eureka - Train the Trainer","description":"Training for Trainers","potentialAction":[{"@type":"SearchAction","target":{"@type":"EntryPoint","urlTemplate":"https:\/\/eureka-tp.com\/?s={search_term_string}"},"query-input":{"@type":"PropertyValueSpecification","valueRequired":true,"valueName":"search_term_string"}}],"inLanguage":"fr-FR"}]}},"_links":{"self":[{"href":"https:\/\/eureka-tp.com\/fr\/wp-json\/wp\/v2\/product\/52987"}],"collection":[{"href":"https:\/\/eureka-tp.com\/fr\/wp-json\/wp\/v2\/product"}],"about":[{"href":"https:\/\/eureka-tp.com\/fr\/wp-json\/wp\/v2\/types\/product"}],"wp:featuredmedia":[{"embeddable":true,"href":"https:\/\/eureka-tp.com\/fr\/wp-json\/wp\/v2\/media\/52771"}],"wp:attachment":[{"href":"https:\/\/eureka-tp.com\/fr\/wp-json\/wp\/v2\/media?parent=52987"}],"wp:term":[{"taxonomy":"product_cat","embeddable":true,"href":"https:\/\/eureka-tp.com\/fr\/wp-json\/wp\/v2\/product_cat?post=52987"},{"taxonomy":"product_tag","embeddable":true,"href":"https:\/\/eureka-tp.com\/fr\/wp-json\/wp\/v2\/product_tag?post=52987"}],"curies":[{"name":"wp","href":"https:\/\/api.w.org\/{rel}","templated":true}]}}