{"id":56221,"date":"2026-04-20T07:42:37","date_gmt":"2026-04-20T06:42:37","guid":{"rendered":"https:\/\/eureka-tp.com\/?post_type=product&#038;p=56221"},"modified":"2026-04-20T07:48:53","modified_gmt":"2026-04-20T06:48:53","slug":"accessoiresforma","status":"publish","type":"product","link":"https:\/\/eureka-tp.com\/fr\/product\/accessoiresforma\/","title":{"rendered":"Engager, R\u00e9activer, Transf\u00e9rer \u00e0 l&#8217;aide d&#8217;objets du quotidien"},"content":{"rendered":"<div class=\"pbs-main-wrapper\"><\/div>","protected":false},"excerpt":{"rendered":"<div class=\"fl-module fl-module-heading fl-node-3mpvyeqki078\" data-node=\"3mpvyeqki078\">\n<div class=\"fl-module-content fl-node-content\">\n<div class=\"fl-module fl-module-rich-text fl-node-9apykesg6xiw\" data-node=\"9apykesg6xiw\">\n<div class=\"fl-module-content fl-node-content\">\n<div class=\"fl-rich-text\">\n<div class=\"fl-module fl-module-heading fl-node-63cdajwrymxq\" data-node=\"63cdajwrymxq\">\n<div class=\"fl-module-content fl-node-content\">\n<div class=\"fl-module fl-module-rich-text fl-node-9apykesg6xiw\" data-node=\"9apykesg6xiw\">\n<div class=\"fl-module-content fl-node-content\">\n<div class=\"fl-rich-text\">\n<p data-section-id=\"18lbdu4\" data-start=\"169\" data-end=\"256\"><strong>Engager, R\u00e9activer, Transf\u00e9rer \u00e0 l&#8217;aide d&#8217;objets du quotidien<\/strong><br \/>\n<em>Les accessoires de formation qui facilitent &amp; renforcent l&#8217;apprentissage<\/em><\/p>\n<p class=\"fl-heading\"><span class=\"fl-heading-text\">22 mai 2026 de 10h30 \u00e0 midi<\/span><\/p>\n<p><em>Cette inscription vous donne acc\u00e8s \u00e0 l\u2019ensemble de la Communaut\u00e9 des Formateurs Eureka pendant un mois apr\u00e8s la classe virtuelle.<\/em><br data-start=\"868\" data-end=\"871\" \/><em>Un espace pour continuer \u00e0 r\u00e9fl\u00e9chir, tester, poser vos questions et confronter vos pratiques, afin d\u2019ancrer les apprentissages dans la dur\u00e9e.<\/em><\/p>\n<p><em>.<\/em><\/p>\n<\/div>\n<\/div>\n<\/div>\n<\/div>\n<\/div>\n<\/div>\n<\/div>\n<\/div>\n<\/div>\n<\/div>\n<div class=\"fl-module fl-module-rich-text fl-node-tr4hs2y7gbfo\" data-node=\"tr4hs2y7gbfo\">\n<div class=\"fl-module-content fl-node-content\">\n<div class=\"fl-rich-text\">\n<p><strong>Notez que cette classe virtuelle est inclue dans l&#8217;abonnement de la Communaut\u00e9 des Formateurs Eureka !<\/strong>\u00a0 Si vous \u00eates un.e membre de la Communaut\u00e9 merci de visiter l\u2019espace \u00a0<strong>\u00ab Module Mensuel \u00bb<\/strong>.<\/p>\n<p><strong>Pour devenir membre de la Communaut\u00e9 des Formateurs Eureka !<\/strong>\u00a0et b\u00e9n\u00e9ficier de toutes les ressources et des formations de formateurs accessibles aux membres :<\/p>\n<ul>\n<li>Abonnement Annuel <a href=\"https:\/\/eureka-tp.com\/product\/cef-abonnement-annuel\/\" xlink=\"href\">https:\/\/eureka-tp.com\/product\/cef-abonnement-annuel\/<\/a><\/li>\n<li>Abonnement Mensuel <a href=\"https:\/\/eureka-tp.com\/product\/cef-abonnement-mensuel\/\" xlink=\"href\">https:\/\/eureka-tp.com\/product\/cef-abonnement-mensuel\/<\/a><\/li>\n<\/ul>\n<p>.<\/p>\n<\/div>\n<\/div>\n<\/div>\n","protected":false},"featured_media":56213,"template":"","meta":{"_genesis_hide_title":false,"_genesis_hide_breadcrumbs":false,"_genesis_hide_singular_image":false,"_genesis_hide_footer_widgets":false,"_genesis_custom_body_class":"","_genesis_custom_post_class":"","_genesis_layout":"","episode_type":"","audio_file":"","cover_image":"","cover_image_id":"","duration":"","filesize":"","date_recorded":"","explicit":"","block":"","itunes_episode_number":"","itunes_title":"","itunes_season_number":"","itunes_episode_type":"","filesize_raw":""},"product_cat":[434],"product_tag":[],"class_list":{"0":"post-56221","1":"product","2":"type-product","3":"status-publish","4":"has-post-thumbnail","6":"product_cat-module-mensuel","7":"entry"},"yoast_head":"<!-- This site is optimized with the Yoast SEO plugin v23.9 - https:\/\/yoast.com\/wordpress\/plugins\/seo\/ -->\n<title>Engager, R\u00e9activer, Transf\u00e9rer \u00e0 l&#039;aide d&#039;objets du quotidien - Eureka - Train the Trainer<\/title>\n<meta name=\"robots\" content=\"index, follow, max-snippet:-1, max-image-preview:large, max-video-preview:-1\" \/>\n<link rel=\"canonical\" href=\"https:\/\/eureka-tp.com\/fr\/product\/accessoiresforma\/\" \/>\n<meta property=\"og:locale\" content=\"fr_FR\" \/>\n<meta property=\"og:type\" content=\"article\" \/>\n<meta property=\"og:title\" content=\"Engager, R\u00e9activer, Transf\u00e9rer \u00e0 l&#039;aide d&#039;objets du quotidien - Eureka - Train the Trainer\" \/>\n<meta property=\"og:description\" content=\"Engager, R\u00e9activer, Transf\u00e9rer \u00e0 l&#039;aide d&#039;objets du quotidien Les accessoires de formation qui facilitent &amp; renforcent l&#039;apprentissage 22 mai 2026 de 10h30 \u00e0 midi Cette inscription vous donne acc\u00e8s \u00e0 l\u2019ensemble de la Communaut\u00e9 des Formateurs Eureka pendant un mois apr\u00e8s la classe virtuelle.Un espace pour continuer \u00e0 r\u00e9fl\u00e9chir, tester, poser vos questions et confronter vos pratiques, afin d\u2019ancrer les apprentissages dans la dur\u00e9e.  .                Notez que cette classe virtuelle est inclue dans l&#039;abonnement de la Communaut\u00e9 des Formateurs Eureka !\u00a0 Si vous \u00eates un.e membre de la Communaut\u00e9 merci de visiter l\u2019espace \u00a0\u00ab Module Mensuel \u00bb.  Pour devenir membre de la Communaut\u00e9 des Formateurs Eureka !\u00a0et b\u00e9n\u00e9ficier de toutes les ressources et des formations de formateurs accessibles aux membres :   Abonnement Annuel https:\/\/eureka-tp.com\/product\/cef-abonnement-annuel\/  Abonnement Mensuel https:\/\/eureka-tp.com\/product\/cef-abonnement-mensuel\/  .\" \/>\n<meta property=\"og:url\" content=\"https:\/\/eureka-tp.com\/fr\/product\/accessoiresforma\/\" \/>\n<meta property=\"og:site_name\" content=\"Eureka - Train the Trainer\" \/>\n<meta property=\"article:modified_time\" content=\"2026-04-20T06:48:53+00:00\" \/>\n<meta property=\"og:image\" content=\"https:\/\/eureka-tp.com\/wp-content\/uploads\/2026\/04\/LogoAccessoires.jpg\" \/>\n\t<meta property=\"og:image:width\" content=\"1249\" \/>\n\t<meta property=\"og:image:height\" content=\"829\" \/>\n\t<meta property=\"og:image:type\" content=\"image\/jpeg\" \/>\n<meta name=\"twitter:label1\" content=\"Est. reading time\" \/>\n\t<meta name=\"twitter:data1\" content=\"1 minute\" \/>\n<script type=\"application\/ld+json\" class=\"yoast-schema-graph\">{\"@context\":\"https:\/\/schema.org\",\"@graph\":[{\"@type\":\"WebPage\",\"@id\":\"https:\/\/eureka-tp.com\/fr\/product\/accessoiresforma\/\",\"url\":\"https:\/\/eureka-tp.com\/fr\/product\/accessoiresforma\/\",\"name\":\"Engager, R\u00e9activer, Transf\u00e9rer \u00e0 l'aide d'objets du quotidien - Eureka - Train the Trainer\",\"isPartOf\":{\"@id\":\"https:\/\/eureka-tp.com\/#website\"},\"primaryImageOfPage\":{\"@id\":\"https:\/\/eureka-tp.com\/fr\/product\/accessoiresforma\/#primaryimage\"},\"image\":{\"@id\":\"https:\/\/eureka-tp.com\/fr\/product\/accessoiresforma\/#primaryimage\"},\"thumbnailUrl\":\"https:\/\/eureka-tp.com\/wp-content\/uploads\/2026\/04\/LogoAccessoires.jpg\",\"datePublished\":\"2026-04-20T06:42:37+00:00\",\"dateModified\":\"2026-04-20T06:48:53+00:00\",\"breadcrumb\":{\"@id\":\"https:\/\/eureka-tp.com\/fr\/product\/accessoiresforma\/#breadcrumb\"},\"inLanguage\":\"fr-FR\",\"potentialAction\":[{\"@type\":\"ReadAction\",\"target\":[\"https:\/\/eureka-tp.com\/fr\/product\/accessoiresforma\/\"]}]},{\"@type\":\"ImageObject\",\"inLanguage\":\"fr-FR\",\"@id\":\"https:\/\/eureka-tp.com\/fr\/product\/accessoiresforma\/#primaryimage\",\"url\":\"https:\/\/eureka-tp.com\/wp-content\/uploads\/2026\/04\/LogoAccessoires.jpg\",\"contentUrl\":\"https:\/\/eureka-tp.com\/wp-content\/uploads\/2026\/04\/LogoAccessoires.jpg\",\"width\":1249,\"height\":829},{\"@type\":\"BreadcrumbList\",\"@id\":\"https:\/\/eureka-tp.com\/fr\/product\/accessoiresforma\/#breadcrumb\",\"itemListElement\":[{\"@type\":\"ListItem\",\"position\":1,\"name\":\"Home\",\"item\":\"https:\/\/eureka-tp.com\/fr\/\"},{\"@type\":\"ListItem\",\"position\":2,\"name\":\"Engager, R\u00e9activer, Transf\u00e9rer \u00e0 l&#8217;aide d&#8217;objets du quotidien\"}]},{\"@type\":\"WebSite\",\"@id\":\"https:\/\/eureka-tp.com\/#website\",\"url\":\"https:\/\/eureka-tp.com\/\",\"name\":\"Eureka - Train the Trainer\",\"description\":\"Training for Trainers\",\"potentialAction\":[{\"@type\":\"SearchAction\",\"target\":{\"@type\":\"EntryPoint\",\"urlTemplate\":\"https:\/\/eureka-tp.com\/?s={search_term_string}\"},\"query-input\":{\"@type\":\"PropertyValueSpecification\",\"valueRequired\":true,\"valueName\":\"search_term_string\"}}],\"inLanguage\":\"fr-FR\"}]}<\/script>\n<!-- \/ Yoast SEO plugin. -->","yoast_head_json":{"title":"Engager, R\u00e9activer, Transf\u00e9rer \u00e0 l'aide d'objets du quotidien - Eureka - Train the Trainer","robots":{"index":"index","follow":"follow","max-snippet":"max-snippet:-1","max-image-preview":"max-image-preview:large","max-video-preview":"max-video-preview:-1"},"canonical":"https:\/\/eureka-tp.com\/fr\/product\/accessoiresforma\/","og_locale":"fr_FR","og_type":"article","og_title":"Engager, R\u00e9activer, Transf\u00e9rer \u00e0 l'aide d'objets du quotidien - Eureka - Train the Trainer","og_description":"Engager, R\u00e9activer, Transf\u00e9rer \u00e0 l'aide d'objets du quotidien Les accessoires de formation qui facilitent &amp; renforcent l'apprentissage 22 mai 2026 de 10h30 \u00e0 midi Cette inscription vous donne acc\u00e8s \u00e0 l\u2019ensemble de la Communaut\u00e9 des Formateurs Eureka pendant un mois apr\u00e8s la classe virtuelle.Un espace pour continuer \u00e0 r\u00e9fl\u00e9chir, tester, poser vos questions et confronter vos pratiques, afin d\u2019ancrer les apprentissages dans la dur\u00e9e.  .                Notez que cette classe virtuelle est inclue dans l'abonnement de la Communaut\u00e9 des Formateurs Eureka !\u00a0 Si vous \u00eates un.e membre de la Communaut\u00e9 merci de visiter l\u2019espace \u00a0\u00ab Module Mensuel \u00bb.  Pour devenir membre de la Communaut\u00e9 des Formateurs Eureka !\u00a0et b\u00e9n\u00e9ficier de toutes les ressources et des formations de formateurs accessibles aux membres :   Abonnement Annuel https:\/\/eureka-tp.com\/product\/cef-abonnement-annuel\/  Abonnement Mensuel https:\/\/eureka-tp.com\/product\/cef-abonnement-mensuel\/  .","og_url":"https:\/\/eureka-tp.com\/fr\/product\/accessoiresforma\/","og_site_name":"Eureka - Train the Trainer","article_modified_time":"2026-04-20T06:48:53+00:00","og_image":[{"width":1249,"height":829,"url":"https:\/\/eureka-tp.com\/wp-content\/uploads\/2026\/04\/LogoAccessoires.jpg","type":"image\/jpeg"}],"twitter_misc":{"Est. reading time":"1 minute"},"schema":{"@context":"https:\/\/schema.org","@graph":[{"@type":"WebPage","@id":"https:\/\/eureka-tp.com\/fr\/product\/accessoiresforma\/","url":"https:\/\/eureka-tp.com\/fr\/product\/accessoiresforma\/","name":"Engager, R\u00e9activer, Transf\u00e9rer \u00e0 l'aide d'objets du quotidien - Eureka - Train the Trainer","isPartOf":{"@id":"https:\/\/eureka-tp.com\/#website"},"primaryImageOfPage":{"@id":"https:\/\/eureka-tp.com\/fr\/product\/accessoiresforma\/#primaryimage"},"image":{"@id":"https:\/\/eureka-tp.com\/fr\/product\/accessoiresforma\/#primaryimage"},"thumbnailUrl":"https:\/\/eureka-tp.com\/wp-content\/uploads\/2026\/04\/LogoAccessoires.jpg","datePublished":"2026-04-20T06:42:37+00:00","dateModified":"2026-04-20T06:48:53+00:00","breadcrumb":{"@id":"https:\/\/eureka-tp.com\/fr\/product\/accessoiresforma\/#breadcrumb"},"inLanguage":"fr-FR","potentialAction":[{"@type":"ReadAction","target":["https:\/\/eureka-tp.com\/fr\/product\/accessoiresforma\/"]}]},{"@type":"ImageObject","inLanguage":"fr-FR","@id":"https:\/\/eureka-tp.com\/fr\/product\/accessoiresforma\/#primaryimage","url":"https:\/\/eureka-tp.com\/wp-content\/uploads\/2026\/04\/LogoAccessoires.jpg","contentUrl":"https:\/\/eureka-tp.com\/wp-content\/uploads\/2026\/04\/LogoAccessoires.jpg","width":1249,"height":829},{"@type":"BreadcrumbList","@id":"https:\/\/eureka-tp.com\/fr\/product\/accessoiresforma\/#breadcrumb","itemListElement":[{"@type":"ListItem","position":1,"name":"Home","item":"https:\/\/eureka-tp.com\/fr\/"},{"@type":"ListItem","position":2,"name":"Engager, R\u00e9activer, Transf\u00e9rer \u00e0 l&#8217;aide d&#8217;objets du quotidien"}]},{"@type":"WebSite","@id":"https:\/\/eureka-tp.com\/#website","url":"https:\/\/eureka-tp.com\/","name":"Eureka - Train the Trainer","description":"Training for Trainers","potentialAction":[{"@type":"SearchAction","target":{"@type":"EntryPoint","urlTemplate":"https:\/\/eureka-tp.com\/?s={search_term_string}"},"query-input":{"@type":"PropertyValueSpecification","valueRequired":true,"valueName":"search_term_string"}}],"inLanguage":"fr-FR"}]}},"_links":{"self":[{"href":"https:\/\/eureka-tp.com\/fr\/wp-json\/wp\/v2\/product\/56221"}],"collection":[{"href":"https:\/\/eureka-tp.com\/fr\/wp-json\/wp\/v2\/product"}],"about":[{"href":"https:\/\/eureka-tp.com\/fr\/wp-json\/wp\/v2\/types\/product"}],"wp:featuredmedia":[{"embeddable":true,"href":"https:\/\/eureka-tp.com\/fr\/wp-json\/wp\/v2\/media\/56213"}],"wp:attachment":[{"href":"https:\/\/eureka-tp.com\/fr\/wp-json\/wp\/v2\/media?parent=56221"}],"wp:term":[{"taxonomy":"product_cat","embeddable":true,"href":"https:\/\/eureka-tp.com\/fr\/wp-json\/wp\/v2\/product_cat?post=56221"},{"taxonomy":"product_tag","embeddable":true,"href":"https:\/\/eureka-tp.com\/fr\/wp-json\/wp\/v2\/product_tag?post=56221"}],"curies":[{"name":"wp","href":"https:\/\/api.w.org\/{rel}","templated":true}]}}